{"id":13007,"date":"2022-12-28T14:33:10","date_gmt":"2022-12-28T14:33:10","guid":{"rendered":"https:\/\/harmonitydev.bogatic.rs\/guide\/"},"modified":"2023-02-20T10:27:11","modified_gmt":"2023-02-20T10:27:11","slug":"guide","status":"publish","type":"page","link":"https:\/\/bogatic.rs\/en\/guide\/","title":{"rendered":"Guide"},"content":{"rendered":"\t\t<div data-elementor-type=\"wp-page\" data-elementor-id=\"13007\" class=\"elementor elementor-13007\">\n\t\t\t\t<div class=\"elementor-element elementor-element-291a0a0 e-flex e-con-boxed e-con e-parent\" data-id=\"291a0a0\" data-element_type=\"container\" data-e-type=\"container\">\n\t\t\t\t\t<div class=\"e-con-inner\">\n\t\t<div class=\"elementor-element elementor-element-384ad65 e-con-full e-flex e-con e-parent\" data-id=\"384ad65\" data-element_type=\"container\" data-e-type=\"container\">\n\t\t\t\t<div class=\"elementor-element elementor-element-c552f3a elementor-widget elementor-widget-shortcode\" data-id=\"c552f3a\" data-element_type=\"widget\" data-e-type=\"widget\" data-widget_type=\"shortcode.default\">\n\t\t\t\t<div class=\"elementor-widget-container\">\n\t\t\t\t\t\t\t<div class=\"elementor-shortcode\">[bellows config_id=\"main\" menu=\"22\"]<\/div>\n\t\t\t\t\t\t<\/div>\n\t\t\t\t<\/div>\n\t\t\t\t<\/div>\n\t\t<div class=\"elementor-element elementor-element-649cbf3 e-con-full e-flex e-con e-parent\" data-id=\"649cbf3\" data-element_type=\"container\" data-e-type=\"container\">\n\t\t<div class=\"elementor-element elementor-element-5776d1e content-wrapper e-flex e-con-boxed e-con e-parent\" data-id=\"5776d1e\" data-element_type=\"container\" data-e-type=\"container\">\n\t\t\t\t\t<div class=\"e-con-inner\">\n\t\t<div class=\"elementor-element elementor-element-9efd4b5 e-flex e-con-boxed e-con e-parent\" data-id=\"9efd4b5\" data-element_type=\"container\" data-e-type=\"container\">\n\t\t\t\t\t<div class=\"e-con-inner\">\n\t\t\t\t<div class=\"elementor-element elementor-element-0327339 elementor-widget elementor-widget-heading\" data-id=\"0327339\" data-element_type=\"widget\" data-e-type=\"widget\" data-widget_type=\"heading.default\">\n\t\t\t\t<div class=\"elementor-widget-container\">\n\t\t\t\t\t<h2 class=\"elementor-heading-title elementor-size-default\">Guide<\/h2>\t\t\t\t<\/div>\n\t\t\t\t<\/div>\n\t\t\t\t\t<\/div>\n\t\t\t\t<\/div>\n\t\t<div class=\"elementor-element elementor-element-3301e95 e-flex e-con-boxed e-con e-parent\" data-id=\"3301e95\" data-element_type=\"container\" data-e-type=\"container\">\n\t\t\t\t\t<div class=\"e-con-inner\">\n\t\t<div class=\"elementor-element elementor-element-7816d89 e-flex e-con-boxed e-con e-parent\" data-id=\"7816d89\" data-element_type=\"container\" data-e-type=\"container\">\n\t\t\t\t\t<div class=\"e-con-inner\">\n\t\t\t\t\t<\/div>\n\t\t\t\t<\/div>\n\t\t<div class=\"elementor-element elementor-element-fae231f e-flex e-con-boxed e-con e-parent\" data-id=\"fae231f\" data-element_type=\"container\" data-e-type=\"container\" data-settings=\"{&quot;background_background&quot;:&quot;classic&quot;}\">\n\t\t\t\t\t<div class=\"e-con-inner\">\n\t\t\t\t<div class=\"elementor-element elementor-element-f2eb84e elementor-view-default elementor-widget elementor-widget-icon\" data-id=\"f2eb84e\" data-element_type=\"widget\" data-e-type=\"widget\" data-widget_type=\"icon.default\">\n\t\t\t\t<div class=\"elementor-widget-container\">\n\t\t\t\t\t\t\t<div class=\"elementor-icon-wrapper\">\n\t\t\t<a class=\"elementor-icon\" href=\"https:\/\/bogatic.rs\/vodic\/drustveni-zivot\/\">\n\t\t\t<i aria-hidden=\"true\" class=\"fas fa-file-alt\"><\/i>\t\t\t<\/a>\n\t\t<\/div>\n\t\t\t\t\t\t<\/div>\n\t\t\t\t<\/div>\n\t\t\t\t<div class=\"elementor-element elementor-element-f7a357f elementor-widget elementor-widget-heading\" data-id=\"f7a357f\" data-element_type=\"widget\" data-e-type=\"widget\" data-widget_type=\"heading.default\">\n\t\t\t\t<div class=\"elementor-widget-container\">\n\t\t\t\t\t<h2 class=\"elementor-heading-title elementor-size-default\"><a href=\"https:\/\/bogatic.rs\/vodic\/drustveni-zivot\/\">Social life<\/a><\/h2>\t\t\t\t<\/div>\n\t\t\t\t<\/div>\n\t\t\t\t\t<\/div>\n\t\t\t\t<\/div>\n\t\t<div class=\"elementor-element elementor-element-1654542 e-flex e-con-boxed e-con e-parent\" data-id=\"1654542\" data-element_type=\"container\" data-e-type=\"container\" data-settings=\"{&quot;background_background&quot;:&quot;classic&quot;}\">\n\t\t\t\t\t<div class=\"e-con-inner\">\n\t\t\t\t<div class=\"elementor-element elementor-element-6004530 elementor-view-default elementor-widget elementor-widget-icon\" data-id=\"6004530\" data-element_type=\"widget\" data-e-type=\"widget\" data-widget_type=\"icon.default\">\n\t\t\t\t<div class=\"elementor-widget-container\">\n\t\t\t\t\t\t\t<div class=\"elementor-icon-wrapper\">\n\t\t\t<a class=\"elementor-icon\" href=\"https:\/\/bogatic.rs\/vodic\/turizam\/\">\n\t\t\t<i aria-hidden=\"true\" class=\"fas fa-file-alt\"><\/i>\t\t\t<\/a>\n\t\t<\/div>\n\t\t\t\t\t\t<\/div>\n\t\t\t\t<\/div>\n\t\t\t\t<div class=\"elementor-element elementor-element-3789968 elementor-widget elementor-widget-heading\" data-id=\"3789968\" data-element_type=\"widget\" data-e-type=\"widget\" data-widget_type=\"heading.default\">\n\t\t\t\t<div class=\"elementor-widget-container\">\n\t\t\t\t\t<h2 class=\"elementor-heading-title elementor-size-default\"><a href=\"https:\/\/bogatic.rs\/vodic\/turizam\/\">Tourism<\/a><\/h2>\t\t\t\t<\/div>\n\t\t\t\t<\/div>\n\t\t\t\t\t<\/div>\n\t\t\t\t<\/div>\n\t\t<div class=\"elementor-element elementor-element-2b76c4f e-flex e-con-boxed e-con e-parent\" data-id=\"2b76c4f\" data-element_type=\"container\" data-e-type=\"container\" data-settings=\"{&quot;background_background&quot;:&quot;classic&quot;}\">\n\t\t\t\t\t<div class=\"e-con-inner\">\n\t\t\t\t<div class=\"elementor-element elementor-element-a04f077 elementor-view-default elementor-widget elementor-widget-icon\" data-id=\"a04f077\" data-element_type=\"widget\" data-e-type=\"widget\" data-widget_type=\"icon.default\">\n\t\t\t\t<div class=\"elementor-widget-container\">\n\t\t\t\t\t\t\t<div class=\"elementor-icon-wrapper\">\n\t\t\t<a class=\"elementor-icon\" href=\"https:\/\/bogatic.rs\/vodic\/vido-vodic\/\">\n\t\t\t<i aria-hidden=\"true\" class=\"fas fa-file-alt\"><\/i>\t\t\t<\/a>\n\t\t<\/div>\n\t\t\t\t\t\t<\/div>\n\t\t\t\t<\/div>\n\t\t\t\t<div class=\"elementor-element elementor-element-8c3b9a0 elementor-widget elementor-widget-heading\" data-id=\"8c3b9a0\" data-element_type=\"widget\" data-e-type=\"widget\" data-widget_type=\"heading.default\">\n\t\t\t\t<div class=\"elementor-widget-container\">\n\t\t\t\t\t<h2 class=\"elementor-heading-title elementor-size-default\"><a href=\"https:\/\/bogatic.rs\/vodic\/vido-vodic\/\">Video guide<\/a><\/h2>\t\t\t\t<\/div>\n\t\t\t\t<\/div>\n\t\t\t\t\t<\/div>\n\t\t\t\t<\/div>\n\t\t<div class=\"elementor-element elementor-element-5872e4e e-flex e-con-boxed e-con e-parent\" data-id=\"5872e4e\" data-element_type=\"container\" data-e-type=\"container\" data-settings=\"{&quot;background_background&quot;:&quot;classic&quot;}\">\n\t\t\t\t\t<div class=\"e-con-inner\">\n\t\t\t\t<div class=\"elementor-element elementor-element-bd70ced elementor-view-default elementor-widget elementor-widget-icon\" data-id=\"bd70ced\" data-element_type=\"widget\" data-e-type=\"widget\" data-widget_type=\"icon.default\">\n\t\t\t\t<div class=\"elementor-widget-container\">\n\t\t\t\t\t\t\t<div class=\"elementor-icon-wrapper\">\n\t\t\t<a class=\"elementor-icon\" href=\"https:\/\/bogatic.rs\/vodic\/poljoprivreda-i-infrastruktura\/\">\n\t\t\t<i aria-hidden=\"true\" class=\"fas fa-file-alt\"><\/i>\t\t\t<\/a>\n\t\t<\/div>\n\t\t\t\t\t\t<\/div>\n\t\t\t\t<\/div>\n\t\t\t\t<div class=\"elementor-element elementor-element-03a7d1c elementor-widget elementor-widget-heading\" data-id=\"03a7d1c\" data-element_type=\"widget\" data-e-type=\"widget\" data-widget_type=\"heading.default\">\n\t\t\t\t<div class=\"elementor-widget-container\">\n\t\t\t\t\t<h2 class=\"elementor-heading-title elementor-size-default\"><a href=\"https:\/\/bogatic.rs\/vodic\/poljoprivreda-i-infrastruktura\/\">Agriculture and infrastructure<\/a><\/h2>\t\t\t\t<\/div>\n\t\t\t\t<\/div>\n\t\t\t\t\t<\/div>\n\t\t\t\t<\/div>\n\t\t<div class=\"elementor-element elementor-element-e4882f2 e-flex e-con-boxed e-con e-parent\" data-id=\"e4882f2\" data-element_type=\"container\" data-e-type=\"container\" data-settings=\"{&quot;background_background&quot;:&quot;classic&quot;}\">\n\t\t\t\t\t<div class=\"e-con-inner\">\n\t\t\t\t<div class=\"elementor-element elementor-element-2923252 elementor-view-default elementor-widget elementor-widget-icon\" data-id=\"2923252\" data-element_type=\"widget\" data-e-type=\"widget\" data-widget_type=\"icon.default\">\n\t\t\t\t<div class=\"elementor-widget-container\">\n\t\t\t\t\t\t\t<div class=\"elementor-icon-wrapper\">\n\t\t\t<a class=\"elementor-icon\" href=\"https:\/\/bogatic.rs\/vodic\/investicione-mogucnosti\/\">\n\t\t\t<i aria-hidden=\"true\" class=\"fas fa-file-alt\"><\/i>\t\t\t<\/a>\n\t\t<\/div>\n\t\t\t\t\t\t<\/div>\n\t\t\t\t<\/div>\n\t\t\t\t<div class=\"elementor-element elementor-element-b78cc2f elementor-widget elementor-widget-heading\" data-id=\"b78cc2f\" data-element_type=\"widget\" data-e-type=\"widget\" data-widget_type=\"heading.default\">\n\t\t\t\t<div class=\"elementor-widget-container\">\n\t\t\t\t\t<h2 class=\"elementor-heading-title elementor-size-default\"><a href=\"https:\/\/bogatic.rs\/vodic\/investicione-mogucnosti\/\">Investment opportunities<\/a><\/h2>\t\t\t\t<\/div>\n\t\t\t\t<\/div>\n\t\t\t\t\t<\/div>\n\t\t\t\t<\/div>\n\t\t<div class=\"elementor-element elementor-element-8fe116c e-flex e-con-boxed e-con e-parent\" data-id=\"8fe116c\" data-element_type=\"container\" data-e-type=\"container\" data-settings=\"{&quot;background_background&quot;:&quot;classic&quot;}\">\n\t\t\t\t\t<div class=\"e-con-inner\">\n\t\t\t\t<div class=\"elementor-element elementor-element-dedef73 elementor-view-default elementor-widget elementor-widget-icon\" data-id=\"dedef73\" data-element_type=\"widget\" data-e-type=\"widget\" data-widget_type=\"icon.default\">\n\t\t\t\t<div class=\"elementor-widget-container\">\n\t\t\t\t\t\t\t<div class=\"elementor-icon-wrapper\">\n\t\t\t<a class=\"elementor-icon\" href=\"https:\/\/bogatic.rs\/vodic\/javne-ustanove\/\">\n\t\t\t<i aria-hidden=\"true\" class=\"fas fa-file-alt\"><\/i>\t\t\t<\/a>\n\t\t<\/div>\n\t\t\t\t\t\t<\/div>\n\t\t\t\t<\/div>\n\t\t\t\t<div class=\"elementor-element elementor-element-5fdc4e9 elementor-widget elementor-widget-heading\" data-id=\"5fdc4e9\" data-element_type=\"widget\" data-e-type=\"widget\" data-widget_type=\"heading.default\">\n\t\t\t\t<div class=\"elementor-widget-container\">\n\t\t\t\t\t<h2 class=\"elementor-heading-title elementor-size-default\"><a href=\"https:\/\/bogatic.rs\/vodic\/javne-ustanove\/\">Public institutions<\/a><\/h2>\t\t\t\t<\/div>\n\t\t\t\t<\/div>\n\t\t\t\t\t<\/div>\n\t\t\t\t<\/div>\n\t\t<div class=\"elementor-element elementor-element-8f43432 e-flex e-con-boxed e-con e-parent\" data-id=\"8f43432\" data-element_type=\"container\" data-e-type=\"container\" data-settings=\"{&quot;background_background&quot;:&quot;classic&quot;}\">\n\t\t\t\t\t<div class=\"e-con-inner\">\n\t\t\t\t<div class=\"elementor-element elementor-element-2053dc5 elementor-view-default elementor-widget elementor-widget-icon\" data-id=\"2053dc5\" data-element_type=\"widget\" data-e-type=\"widget\" data-widget_type=\"icon.default\">\n\t\t\t\t<div class=\"elementor-widget-container\">\n\t\t\t\t\t\t\t<div class=\"elementor-icon-wrapper\">\n\t\t\t<a class=\"elementor-icon\" href=\"https:\/\/bogatic.rs\/vodic\/sport\/\">\n\t\t\t<i aria-hidden=\"true\" class=\"fas fa-file-alt\"><\/i>\t\t\t<\/a>\n\t\t<\/div>\n\t\t\t\t\t\t<\/div>\n\t\t\t\t<\/div>\n\t\t\t\t<div class=\"elementor-element elementor-element-ea718a8 elementor-widget elementor-widget-heading\" data-id=\"ea718a8\" data-element_type=\"widget\" data-e-type=\"widget\" data-widget_type=\"heading.default\">\n\t\t\t\t<div class=\"elementor-widget-container\">\n\t\t\t\t\t<h2 class=\"elementor-heading-title elementor-size-default\"><a href=\"https:\/\/bogatic.rs\/vodic\/sport\/\">Sports<\/a><\/h2>\t\t\t\t<\/div>\n\t\t\t\t<\/div>\n\t\t\t\t\t<\/div>\n\t\t\t\t<\/div>\n\t\t\t\t\t<\/div>\n\t\t\t\t<\/div>\n\t\t\t\t\t<\/div>\n\t\t\t\t<\/div>\n\t\t\t\t<\/div>\n\t\t\t\t\t<\/div>\n\t\t\t\t<\/div>\n\t\t\t\t<\/div>\n\t\t","protected":false},"excerpt":{"rendered":"<p>[bellows config_id=&#8221;main&#8221; menu=&#8221;22&#8243;] Guide Social life Tourism Video guide Agriculture and infrastructure Investment opportunities Public institutions Sports<\/p>\n","protected":false},"author":8,"featured_media":0,"parent":0,"menu_order":0,"comment_status":"closed","ping_status":"closed","template":"","meta":{"footnotes":""},"class_list":["post-13007","page","type-page","status-publish","hentry"],"blocksy_meta":[],"yoast_head":"<!-- This site is optimized with the Yoast SEO plugin v27.1.1 - https:\/\/yoast.com\/product\/yoast-seo-wordpress\/ -->\n<title>Guide - Bogati\u0107<\/title>\n<meta name=\"description\" content=\"Bogati\u0107 - Guide\" \/>\n<meta name=\"robots\" content=\"index, follow, max-snippet:-1, max-image-preview:large, max-video-preview:-1\" \/>\n<link rel=\"canonical\" href=\"https:\/\/bogatic.rs\/vodic\/\" \/>\n<meta property=\"og:locale\" content=\"en_US\" \/>\n<meta property=\"og:type\" content=\"article\" \/>\n<meta property=\"og:title\" content=\"Guide - Bogati\u0107\" \/>\n<meta property=\"og:description\" content=\"Bogati\u0107 - Guide\" \/>\n<meta property=\"og:url\" content=\"https:\/\/bogatic.rs\/vodic\/\" \/>\n<meta property=\"og:site_name\" content=\"Bogati\u0107\" \/>\n<meta property=\"article:modified_time\" content=\"2023-02-20T10:27:11+00:00\" \/>\n<meta property=\"og:image\" content=\"https:\/\/bogatic.rs\/wp-content\/uploads\/2023\/02\/1200px-Zgrada_starog_okruznog_nacelstva_u_Bogaticu_01.jpg\" \/>\n\t<meta property=\"og:image:width\" content=\"1200\" \/>\n\t<meta property=\"og:image:height\" content=\"675\" \/>\n\t<meta property=\"og:image:type\" content=\"image\/jpeg\" \/>\n<meta name=\"twitter:card\" content=\"summary_large_image\" \/>\n<script type=\"application\/ld+json\" class=\"yoast-schema-graph\">{\"@context\":\"https:\/\/schema.org\",\"@graph\":[{\"@type\":\"WebPage\",\"@id\":\"https:\/\/bogatic.rs\/vodic\/\",\"url\":\"https:\/\/bogatic.rs\/vodic\/\",\"name\":\"Guide - Bogati\u0107\",\"isPartOf\":{\"@id\":\"https:\/\/bogatic.rs\/#website\"},\"datePublished\":\"2022-12-28T14:33:10+00:00\",\"dateModified\":\"2023-02-20T10:27:11+00:00\",\"description\":\"Bogati\u0107 - Guide\",\"breadcrumb\":{\"@id\":\"https:\/\/bogatic.rs\/vodic\/#breadcrumb\"},\"inLanguage\":\"en-US\",\"potentialAction\":[{\"@type\":\"ReadAction\",\"target\":[\"https:\/\/bogatic.rs\/vodic\/\"]}]},{\"@type\":\"BreadcrumbList\",\"@id\":\"https:\/\/bogatic.rs\/vodic\/#breadcrumb\",\"itemListElement\":[{\"@type\":\"ListItem\",\"position\":1,\"name\":\"Home\",\"item\":\"https:\/\/bogatic.rs\/\"},{\"@type\":\"ListItem\",\"position\":2,\"name\":\"Guide\"}]},{\"@type\":\"WebSite\",\"@id\":\"https:\/\/bogatic.rs\/#website\",\"url\":\"https:\/\/bogatic.rs\/\",\"name\":\"Bogati\u0107\",\"description\":\"Zvani\u010dni sajt Op\u0161tine Bogati\u0107\",\"publisher\":{\"@id\":\"https:\/\/bogatic.rs\/#organization\"},\"potentialAction\":[{\"@type\":\"SearchAction\",\"target\":{\"@type\":\"EntryPoint\",\"urlTemplate\":\"https:\/\/bogatic.rs\/?s={search_term_string}\"},\"query-input\":{\"@type\":\"PropertyValueSpecification\",\"valueRequired\":true,\"valueName\":\"search_term_string\"}}],\"inLanguage\":\"en-US\"},{\"@type\":\"Organization\",\"@id\":\"https:\/\/bogatic.rs\/#organization\",\"name\":\"Bogati\u0107\",\"url\":\"https:\/\/bogatic.rs\/\",\"logo\":{\"@type\":\"ImageObject\",\"inLanguage\":\"en-US\",\"@id\":\"https:\/\/bogatic.rs\/#\/schema\/logo\/image\/\",\"url\":\"https:\/\/bogatic.rs\/wp-content\/uploads\/2022\/12\/large-logo.png\",\"contentUrl\":\"https:\/\/bogatic.rs\/wp-content\/uploads\/2022\/12\/large-logo.png\",\"width\":700,\"height\":520,\"caption\":\"Bogati\u0107\"},\"image\":{\"@id\":\"https:\/\/bogatic.rs\/#\/schema\/logo\/image\/\"}}]}<\/script>\n<!-- \/ Yoast SEO plugin. -->","yoast_head_json":{"title":"Guide - Bogati\u0107","description":"Bogati\u0107 - Guide","robots":{"index":"index","follow":"follow","max-snippet":"max-snippet:-1","max-image-preview":"max-image-preview:large","max-video-preview":"max-video-preview:-1"},"canonical":"https:\/\/bogatic.rs\/vodic\/","og_locale":"en_US","og_type":"article","og_title":"Guide - Bogati\u0107","og_description":"Bogati\u0107 - Guide","og_url":"https:\/\/bogatic.rs\/vodic\/","og_site_name":"Bogati\u0107","article_modified_time":"2023-02-20T10:27:11+00:00","og_image":[{"width":1200,"height":675,"url":"https:\/\/bogatic.rs\/wp-content\/uploads\/2023\/02\/1200px-Zgrada_starog_okruznog_nacelstva_u_Bogaticu_01.jpg","type":"image\/jpeg"}],"twitter_card":"summary_large_image","schema":{"@context":"https:\/\/schema.org","@graph":[{"@type":"WebPage","@id":"https:\/\/bogatic.rs\/vodic\/","url":"https:\/\/bogatic.rs\/vodic\/","name":"Guide - Bogati\u0107","isPartOf":{"@id":"https:\/\/bogatic.rs\/#website"},"datePublished":"2022-12-28T14:33:10+00:00","dateModified":"2023-02-20T10:27:11+00:00","description":"Bogati\u0107 - Guide","breadcrumb":{"@id":"https:\/\/bogatic.rs\/vodic\/#breadcrumb"},"inLanguage":"en-US","potentialAction":[{"@type":"ReadAction","target":["https:\/\/bogatic.rs\/vodic\/"]}]},{"@type":"BreadcrumbList","@id":"https:\/\/bogatic.rs\/vodic\/#breadcrumb","itemListElement":[{"@type":"ListItem","position":1,"name":"Home","item":"https:\/\/bogatic.rs\/"},{"@type":"ListItem","position":2,"name":"Guide"}]},{"@type":"WebSite","@id":"https:\/\/bogatic.rs\/#website","url":"https:\/\/bogatic.rs\/","name":"Bogati\u0107","description":"Zvani\u010dni sajt Op\u0161tine Bogati\u0107","publisher":{"@id":"https:\/\/bogatic.rs\/#organization"},"potentialAction":[{"@type":"SearchAction","target":{"@type":"EntryPoint","urlTemplate":"https:\/\/bogatic.rs\/?s={search_term_string}"},"query-input":{"@type":"PropertyValueSpecification","valueRequired":true,"valueName":"search_term_string"}}],"inLanguage":"en-US"},{"@type":"Organization","@id":"https:\/\/bogatic.rs\/#organization","name":"Bogati\u0107","url":"https:\/\/bogatic.rs\/","logo":{"@type":"ImageObject","inLanguage":"en-US","@id":"https:\/\/bogatic.rs\/#\/schema\/logo\/image\/","url":"https:\/\/bogatic.rs\/wp-content\/uploads\/2022\/12\/large-logo.png","contentUrl":"https:\/\/bogatic.rs\/wp-content\/uploads\/2022\/12\/large-logo.png","width":700,"height":520,"caption":"Bogati\u0107"},"image":{"@id":"https:\/\/bogatic.rs\/#\/schema\/logo\/image\/"}}]}},"_links":{"self":[{"href":"https:\/\/bogatic.rs\/en\/wp-json\/wp\/v2\/pages\/13007","targetHints":{"allow":["GET"]}}],"collection":[{"href":"https:\/\/bogatic.rs\/en\/wp-json\/wp\/v2\/pages"}],"about":[{"href":"https:\/\/bogatic.rs\/en\/wp-json\/wp\/v2\/types\/page"}],"author":[{"embeddable":true,"href":"https:\/\/bogatic.rs\/en\/wp-json\/wp\/v2\/users\/8"}],"replies":[{"embeddable":true,"href":"https:\/\/bogatic.rs\/en\/wp-json\/wp\/v2\/comments?post=13007"}],"version-history":[{"count":0,"href":"https:\/\/bogatic.rs\/en\/wp-json\/wp\/v2\/pages\/13007\/revisions"}],"wp:attachment":[{"href":"https:\/\/bogatic.rs\/en\/wp-json\/wp\/v2\/media?parent=13007"}],"curies":[{"name":"wp","href":"https:\/\/api.w.org\/{rel}","templated":true}]}}