{"id":13040,"date":"2022-12-30T08:40:20","date_gmt":"2022-12-30T08:40:20","guid":{"rendered":"https:\/\/harmonitydev.bogatic.rs\/meet-bogatic\/general-data\/"},"modified":"2023-02-24T14:21:43","modified_gmt":"2023-02-24T14:21:43","slug":"general-data","status":"publish","type":"page","link":"https:\/\/bogatic.rs\/en\/meet-bogatic\/general-data\/","title":{"rendered":"General data"},"content":{"rendered":"\t\t<div data-elementor-type=\"wp-page\" data-elementor-id=\"13040\" class=\"elementor elementor-13040\">\n\t\t\t\t<div class=\"elementor-element elementor-element-0d65d2e e-flex e-con-boxed e-con e-parent\" data-id=\"0d65d2e\" data-element_type=\"container\" data-e-type=\"container\">\n\t\t\t\t\t<div class=\"e-con-inner\">\n\t\t<div class=\"elementor-element elementor-element-3cf7548 e-con-full e-flex e-con e-parent\" data-id=\"3cf7548\" data-element_type=\"container\" data-e-type=\"container\">\n\t\t\t\t<div class=\"elementor-element elementor-element-e7d613a elementor-widget elementor-widget-shortcode\" data-id=\"e7d613a\" data-element_type=\"widget\" data-e-type=\"widget\" data-widget_type=\"shortcode.default\">\n\t\t\t\t<div class=\"elementor-widget-container\">\n\t\t\t\t\t\t\t<div class=\"elementor-shortcode\">[bellows config_id=\"main\" menu=\"21\"]<\/div>\n\t\t\t\t\t\t<\/div>\n\t\t\t\t<\/div>\n\t\t\t\t<\/div>\n\t\t<div class=\"elementor-element elementor-element-6bbb4b6 e-con-full e-flex e-con e-parent\" data-id=\"6bbb4b6\" data-element_type=\"container\" data-e-type=\"container\">\n\t\t<div class=\"elementor-element elementor-element-049fe31 e-flex e-con-boxed e-con e-parent\" data-id=\"049fe31\" data-element_type=\"container\" data-e-type=\"container\">\n\t\t\t\t\t<div class=\"e-con-inner\">\n\t\t<div class=\"elementor-element elementor-element-d091c77 e-flex e-con-boxed e-con e-parent\" data-id=\"d091c77\" data-element_type=\"container\" data-e-type=\"container\">\n\t\t\t\t\t<div class=\"e-con-inner\">\n\t\t\t\t<div class=\"elementor-element elementor-element-f7fddae elementor-view-default elementor-widget elementor-widget-icon\" data-id=\"f7fddae\" data-element_type=\"widget\" data-e-type=\"widget\" data-widget_type=\"icon.default\">\n\t\t\t\t<div class=\"elementor-widget-container\">\n\t\t\t\t\t\t\t<div class=\"elementor-icon-wrapper\">\n\t\t\t<div class=\"elementor-icon\">\n\t\t\t<i aria-hidden=\"true\" class=\"fas fa-info-circle\"><\/i>\t\t\t<\/div>\n\t\t<\/div>\n\t\t\t\t\t\t<\/div>\n\t\t\t\t<\/div>\n\t\t\t\t<div class=\"elementor-element elementor-element-c9da272 elementor-widget elementor-widget-heading\" data-id=\"c9da272\" data-element_type=\"widget\" data-e-type=\"widget\" data-widget_type=\"heading.default\">\n\t\t\t\t<div class=\"elementor-widget-container\">\n\t\t\t\t\t<h2 class=\"elementor-heading-title elementor-size-default\">General data<\/h2>\t\t\t\t<\/div>\n\t\t\t\t<\/div>\n\t\t\t\t\t<\/div>\n\t\t\t\t<\/div>\n\t\t\t\t\t<\/div>\n\t\t\t\t<\/div>\n\t\t\t\t<div class=\"elementor-element elementor-element-90bb53d elementor-widget elementor-widget-slides\" data-id=\"90bb53d\" data-element_type=\"widget\" data-e-type=\"widget\" data-widget_type=\"slides.default\">\n\t\t\t\t<div class=\"elementor-widget-container\">\n\t\t\t\t\t \t\t\t\t<\/div>\n\t\t\t\t<\/div>\n\t\t<div class=\"elementor-element elementor-element-66c563c e-flex e-con-boxed e-con e-parent\" data-id=\"66c563c\" data-element_type=\"container\" data-e-type=\"container\">\n\t\t\t\t\t<div class=\"e-con-inner\">\n\t\t\t\t<div class=\"elementor-element elementor-element-e7f67b9 elementor-widget elementor-widget-text-editor\" data-id=\"e7f67b9\" data-element_type=\"widget\" data-e-type=\"widget\" data-widget_type=\"text-editor.default\">\n\t\t\t\t<div class=\"elementor-widget-container\">\n\t\t\t\t\t\t\t\t\t<p>&#8220;There is no greater plain in Serbia than Ma\u010dva. It stretches from Mi\u0161ar to the Drina, and from the highest peak of Cera mountain, Vidojevica, to the Sava&#8230; It is a space of twelve hours&#8217; walk. You can walk on Ma\u010dva in a long day and you will not see of a hill; everything is as flat as a pan&#8230;. She is a rich girl. Everything thrown into her black womb bears rich fruits. Her fields are beautiful when they are green, and even more beautiful when they are gilded with golden ears. She is like a stranger to you , not to be known to everyone!&#8221;<br \/>Janko Veselinovi\u0107<\/p>\n<p>The Municipality of Bogati\u0107, according to the mentioned characteristics, represents a unique unit with the Ma\u010dvan plain. It stretches between the Drina and Sava rivers, in the northwestern part of the plain. Due to the erosive action of the dam, a part of the soil in the alluvial plain of the Drina was transferred to the left bank. It belongs to the municipality of Bijeljina (Republika Srpska), so the Drina cannot be considered the absolute western border of the Municipality. There are 14 settlements on an area of 384 square kilometers: the town of Bogati\u0107; rural towns Badovinci, Glu\u0161ci, Dublje, Klenje, Crna Bara; settlements of primary rural type Banovo Polje, Beloti\u0107, Glogovac, Ma\u010dvanski Metkovi\u0107, O\u010dage, Sala\u0161 Crnobarski, Sovljak, Uzve\u0107e.<\/p>\n<p>On the territory of Bogati\u0107 Municipality, according to the 2002 census. 32,990 inhabitants live there. According to data from 2007. the total number of employees is 3364. The largest part of the population is engaged in agriculture. The population originates from Montenegro, Herzegovina, Eastern Bosnia and other areas. The national composition is distinctly Serbian (98%), and the gender structure is relatively uniform. The fact that the reproductive power of the population is increasingly weakening is worrying. This is indicated by the increase in the number of elderly residents and the decrease in the number of residents under 40 years of age.<\/p>\n<p>The location of the settlement is very favorable in terms of traffic and geography. They are connected by a network of roads 218 km long, of which 163 km are modern roads. The connection with the surrounding areas is also made possible by bridges, on the Sava near Sremska Mitrovica and \u0160abac, and on the Drina &#8220;Pavlovi\u0107a \u0107uprija&#8221;. They connect the Municipality, and the whole of Ma\u010dva, with Srem, Republika Srpska, and beyond. According to the data of the Republic Institute of Statistics (2007), there are 8,622 telephone subscribers in the territory of the municipality.<\/p>\n<p>Thanks to the fertile land, mild climate and hard-working people, agricultural production was developed. Of the total land area of 38,397 hectares, agricultural land occupies 30,724 hectares. Wheat, corn, industrial and fodder plants are mostly sown. Animal husbandry (raising pigs, cattle, sheep) and vegetable farming (growing tomatoes, peppers, cucumbers, vegetable gardens, etc.) are represented separately.<\/p>\n<p>Among the larger companies, the most significant is the mill industry &#8220;Lala Stankovi\u0107&#8221;, which has been privatized, as well as the PVC profile factory &#8220;Plastika&#8221;. The social enterprise &#8220;Ogled&#8221; was privatized through a bankruptcy sale, as was the trading enterprise &#8220;Ma\u010dva&#8221;, while the contract for the auction sale of the Agricultural Machinery and Equipment Factory &#8220;Prvi Maj&#8221; was annulled.<\/p>\n<p>Part of the bed and coastal part of the Drina today is one of the best maidans with high-quality gravel and sand. The exploitation of gravel and sand is carried out by several companies in Badovinci, Sala\u0161 Crnobarski and Crno Bara. The municipality of Bogati\u0107 mostly suffers from the exploitation of this natural wealth. Due to unplanned exploitation, the river changes its course, endangering fertile arable land on the right bank, and heavy trucks transporting gravel and sand destroy roads. Due to a lack of funds, the construction of the coastal fort was not completed, which is why settlements and fields are threatened during high water levels.<\/p>\n<p>In the early nineties of the last century, inexhaustible reserves of geothermal water were discovered in the area of the municipality of Bogati\u0107. At a depth of 450 meters, water with a temperature of 75 degrees Celsius was found, which is not yet used despite the possibilities of wide application (in agriculture, for heating, development of tourism&#8230;).<\/p>\n<p>A 17-kilometer sewage network and two relay pumping stations have been built on the territory of the municipality, and it will start functioning after the main pumping station is built, which is expected in 2009. year. The water supply network was built only in the municipal center. Water supply and other communal services are entrusted to the Public Utility Company &#8220;Bogati\u0107&#8221;. According to all analyses, the water that the residents of the town drink is of excellent quality, among the best in Serbia.<\/p>\n<p>Residents of all settlements are covered by primary health care. The health center in Bogati\u0107 was founded in 1953. years. Through the organization of services, residents of the municipality of Bogati\u0107 are provided with all necessary health services, including emergency services. Since 2009 year, the Bogati\u0107 Municipal Assembly took over the founding rights over this health facility from the Republic. Social protection is implemented through the activities of the Center for Social Work.<\/p>\n<p>In six villages there are primary primary schools, in other villages there are separate classes, and in Bogati\u0107 &#8220;Ma\u010dvanska srednja \u0161kola&#8221;. In total, about 3,500 students are enrolled in primary and secondary education. Pre-school institution &#8220;Slava Kovi\u0107&#8221; in Bogati\u0107 organizes the stay of children in kindergarten, while the preschool education program of this institution included all future elementary school students in all 14 places.<\/p>\n<p>Cultural life in the municipality of Bogati\u0107 is extremely rich, thanks to decades of organized work. As the only institution of its kind, the Cultural and Educational Center in Bogatic deals with cultural activities in the municipality. It includes the National Library, which has over 35,000 books, the &#8220;Janko Veselinovi\u0107&#8221; Theater, the Cultural Center and the Ethno-park. Particularly high achievements are constantly achieved by Pozori\u0161e, which was founded in 1950. and the &#8220;\u0110ido&#8221; Folklore Ensemble, which gathers around 200 members of all ages, original singing groups, vocal soloists, a folk orchestra and an ensemble of folklore veterans. Particularly notable results were achieved by the first folklore ensemble that won numerous awards at international shows and festivals.<\/p>\n<p>The ethno-park in the village of Sovljak has several objects of folk architecture, a significant collection of old objects and various ethnographic materials, and a permanent gallery display of the works of Ma\u010dva painters. Painters from Ma\u010dva are among the most important names in Serbian fine art (Mili\u0107 from Ma\u010dva, Dragan Martinovi\u0107, Mikan Ani\u010di\u0107, Dragan \u0110uri\u010di\u0107). Since 1998 Painting colony &#8220;Sovljak&#8221; is organized.<\/p>\n<p>In the municipality of Bogati\u0107, two significant cultural and tourist events are organized during the summer: &#8220;Iza\u017eanjac&#8221; dedicated to the end of the harvest and &#8220;Hajdu\u010dke ve\u010deri&#8221;. The traditional event &#8220;Hajdu\u010dka ve\u010deri&#8221; has been held since 1966. Mr. in Crno Bara on the Drina. The most interesting part is the bachelor&#8217;s competition to choose the Harambasha.<\/p>\n<p>There are 20 football clubs in the municipality, which compete from the municipal to the District Fencing League. There is a women&#8217;s football club in Dublje that competes in the Second League. Also, in every populated place there are organized football fields with stands, while only Banovo Polje has a very modern sports hall. Along with football, other individual and team sports were also developed. Bogati\u0107 and Ma\u010dva have also long been known for breeding good racing horses. Equestrian sport was once very developed. While the land on which the hippodrome is located was not confiscated from the Equestrian Club &#8220;Hajduk Stanko&#8221; from Bogati\u0107, several equestrian races were organized every year with the participation of elite groups from all over the country. Now horse races are organized once a year, on Christmas Day, and are watched by between two and three thousand spectators.<\/p>\n\t\t\t\t\t\t\t\t<\/div>\n\t\t\t\t<\/div>\n\t\t\t\t\t<\/div>\n\t\t\t\t<\/div>\n\t\t\t\t<\/div>\n\t\t\t\t\t<\/div>\n\t\t\t\t<\/div>\n\t\t\t\t<\/div>\n\t\t","protected":false},"excerpt":{"rendered":"<p>[bellows config_id=&#8221;main&#8221; menu=&#8221;21&#8243;] General data CenterA mapHarvestRich manSourceCommunity Health centreThe theaterEthno parkHippodromeHajdu\u010dko ve\u010de Prethodna Slede\u0107i &#8220;There is no greater plain in Serbia than Ma\u010dva. It stretches from Mi\u0161ar to the Drina, and from the highest peak of Cera mountain, Vidojevica, to the Sava&#8230; It is a space of twelve hours&#8217; walk. You can walk on [&hellip;]<\/p>\n","protected":false},"author":8,"featured_media":12746,"parent":13022,"menu_order":0,"comment_status":"closed","ping_status":"closed","template":"","meta":{"footnotes":""},"class_list":["post-13040","page","type-page","status-publish","has-post-thumbnail","hentry"],"blocksy_meta":[],"yoast_head":"<!-- This site is optimized with the Yoast SEO plugin v27.1.1 - https:\/\/yoast.com\/product\/yoast-seo-wordpress\/ -->\n<title>General data - Bogati\u0107<\/title>\n<meta name=\"description\" content=\"Bogati\u0107 - General data - Information about the municipality of Bogati\u0107, history, sights, economic potential, famous Ma\u010dvani.\" \/>\n<meta name=\"robots\" content=\"index, follow, max-snippet:-1, max-image-preview:large, max-video-preview:-1\" \/>\n<link rel=\"canonical\" href=\"https:\/\/bogatic.rs\/upoznajte-bogatic\/opsti-podaci\/\" \/>\n<meta property=\"og:locale\" content=\"en_US\" \/>\n<meta property=\"og:type\" content=\"article\" \/>\n<meta property=\"og:title\" content=\"General data - Bogati\u0107\" \/>\n<meta property=\"og:description\" content=\"Bogati\u0107 - General data - Information about the municipality of Bogati\u0107, history, sights, economic potential, famous Ma\u010dvani.\" \/>\n<meta property=\"og:url\" content=\"https:\/\/bogatic.rs\/upoznajte-bogatic\/opsti-podaci\/\" \/>\n<meta property=\"og:site_name\" content=\"Bogati\u0107\" \/>\n<meta property=\"article:modified_time\" content=\"2023-02-24T14:21:43+00:00\" \/>\n<meta property=\"og:image\" content=\"https:\/\/bogatic.rs\/wp-content\/uploads\/2023\/01\/featured_image.jpg\" \/>\n\t<meta property=\"og:image:width\" content=\"1280\" \/>\n\t<meta property=\"og:image:height\" content=\"720\" \/>\n\t<meta property=\"og:image:type\" content=\"image\/jpeg\" \/>\n<meta name=\"twitter:card\" content=\"summary_large_image\" \/>\n<meta name=\"twitter:label1\" content=\"Est. reading time\" \/>\n\t<meta name=\"twitter:data1\" content=\"7 minutes\" \/>\n<script type=\"application\/ld+json\" class=\"yoast-schema-graph\">{\"@context\":\"https:\/\/schema.org\",\"@graph\":[{\"@type\":\"WebPage\",\"@id\":\"https:\/\/bogatic.rs\/upoznajte-bogatic\/opsti-podaci\/\",\"url\":\"https:\/\/bogatic.rs\/upoznajte-bogatic\/opsti-podaci\/\",\"name\":\"General data - Bogati\u0107\",\"isPartOf\":{\"@id\":\"https:\/\/bogatic.rs\/#website\"},\"primaryImageOfPage\":{\"@id\":\"https:\/\/bogatic.rs\/upoznajte-bogatic\/opsti-podaci\/#primaryimage\"},\"image\":{\"@id\":\"https:\/\/bogatic.rs\/upoznajte-bogatic\/opsti-podaci\/#primaryimage\"},\"thumbnailUrl\":\"https:\/\/bogatic.rs\/wp-content\/uploads\/2023\/01\/featured_image.jpg\",\"datePublished\":\"2022-12-30T08:40:20+00:00\",\"dateModified\":\"2023-02-24T14:21:43+00:00\",\"description\":\"Bogati\u0107 - General data - Information about the municipality of Bogati\u0107, history, sights, economic potential, famous Ma\u010dvani.\",\"breadcrumb\":{\"@id\":\"https:\/\/bogatic.rs\/upoznajte-bogatic\/opsti-podaci\/#breadcrumb\"},\"inLanguage\":\"en-US\",\"potentialAction\":[{\"@type\":\"ReadAction\",\"target\":[\"https:\/\/bogatic.rs\/upoznajte-bogatic\/opsti-podaci\/\"]}]},{\"@type\":\"ImageObject\",\"inLanguage\":\"en-US\",\"@id\":\"https:\/\/bogatic.rs\/upoznajte-bogatic\/opsti-podaci\/#primaryimage\",\"url\":\"https:\/\/bogatic.rs\/wp-content\/uploads\/2023\/01\/featured_image.jpg\",\"contentUrl\":\"https:\/\/bogatic.rs\/wp-content\/uploads\/2023\/01\/featured_image.jpg\",\"width\":1280,\"height\":720,\"caption\":\"SONY DSC\"},{\"@type\":\"BreadcrumbList\",\"@id\":\"https:\/\/bogatic.rs\/upoznajte-bogatic\/opsti-podaci\/#breadcrumb\",\"itemListElement\":[{\"@type\":\"ListItem\",\"position\":1,\"name\":\"Home\",\"item\":\"https:\/\/bogatic.rs\/\"},{\"@type\":\"ListItem\",\"position\":2,\"name\":\"Get to know Bogatic\",\"item\":\"https:\/\/bogatic.rs\/upoznajte-bogatic\/\"},{\"@type\":\"ListItem\",\"position\":3,\"name\":\"General data\"}]},{\"@type\":\"WebSite\",\"@id\":\"https:\/\/bogatic.rs\/#website\",\"url\":\"https:\/\/bogatic.rs\/\",\"name\":\"Bogati\u0107\",\"description\":\"Zvani\u010dni sajt Op\u0161tine Bogati\u0107\",\"publisher\":{\"@id\":\"https:\/\/bogatic.rs\/#organization\"},\"potentialAction\":[{\"@type\":\"SearchAction\",\"target\":{\"@type\":\"EntryPoint\",\"urlTemplate\":\"https:\/\/bogatic.rs\/?s={search_term_string}\"},\"query-input\":{\"@type\":\"PropertyValueSpecification\",\"valueRequired\":true,\"valueName\":\"search_term_string\"}}],\"inLanguage\":\"en-US\"},{\"@type\":\"Organization\",\"@id\":\"https:\/\/bogatic.rs\/#organization\",\"name\":\"Bogati\u0107\",\"url\":\"https:\/\/bogatic.rs\/\",\"logo\":{\"@type\":\"ImageObject\",\"inLanguage\":\"en-US\",\"@id\":\"https:\/\/bogatic.rs\/#\/schema\/logo\/image\/\",\"url\":\"https:\/\/bogatic.rs\/wp-content\/uploads\/2022\/12\/large-logo.png\",\"contentUrl\":\"https:\/\/bogatic.rs\/wp-content\/uploads\/2022\/12\/large-logo.png\",\"width\":700,\"height\":520,\"caption\":\"Bogati\u0107\"},\"image\":{\"@id\":\"https:\/\/bogatic.rs\/#\/schema\/logo\/image\/\"}}]}<\/script>\n<!-- \/ Yoast SEO plugin. -->","yoast_head_json":{"title":"General data - Bogati\u0107","description":"Bogati\u0107 - General data - Information about the municipality of Bogati\u0107, history, sights, economic potential, famous Ma\u010dvani.","robots":{"index":"index","follow":"follow","max-snippet":"max-snippet:-1","max-image-preview":"max-image-preview:large","max-video-preview":"max-video-preview:-1"},"canonical":"https:\/\/bogatic.rs\/upoznajte-bogatic\/opsti-podaci\/","og_locale":"en_US","og_type":"article","og_title":"General data - Bogati\u0107","og_description":"Bogati\u0107 - General data - Information about the municipality of Bogati\u0107, history, sights, economic potential, famous Ma\u010dvani.","og_url":"https:\/\/bogatic.rs\/upoznajte-bogatic\/opsti-podaci\/","og_site_name":"Bogati\u0107","article_modified_time":"2023-02-24T14:21:43+00:00","og_image":[{"width":1280,"height":720,"url":"https:\/\/bogatic.rs\/wp-content\/uploads\/2023\/01\/featured_image.jpg","type":"image\/jpeg"}],"twitter_card":"summary_large_image","twitter_misc":{"Est. reading time":"7 minutes"},"schema":{"@context":"https:\/\/schema.org","@graph":[{"@type":"WebPage","@id":"https:\/\/bogatic.rs\/upoznajte-bogatic\/opsti-podaci\/","url":"https:\/\/bogatic.rs\/upoznajte-bogatic\/opsti-podaci\/","name":"General data - Bogati\u0107","isPartOf":{"@id":"https:\/\/bogatic.rs\/#website"},"primaryImageOfPage":{"@id":"https:\/\/bogatic.rs\/upoznajte-bogatic\/opsti-podaci\/#primaryimage"},"image":{"@id":"https:\/\/bogatic.rs\/upoznajte-bogatic\/opsti-podaci\/#primaryimage"},"thumbnailUrl":"https:\/\/bogatic.rs\/wp-content\/uploads\/2023\/01\/featured_image.jpg","datePublished":"2022-12-30T08:40:20+00:00","dateModified":"2023-02-24T14:21:43+00:00","description":"Bogati\u0107 - General data - Information about the municipality of Bogati\u0107, history, sights, economic potential, famous Ma\u010dvani.","breadcrumb":{"@id":"https:\/\/bogatic.rs\/upoznajte-bogatic\/opsti-podaci\/#breadcrumb"},"inLanguage":"en-US","potentialAction":[{"@type":"ReadAction","target":["https:\/\/bogatic.rs\/upoznajte-bogatic\/opsti-podaci\/"]}]},{"@type":"ImageObject","inLanguage":"en-US","@id":"https:\/\/bogatic.rs\/upoznajte-bogatic\/opsti-podaci\/#primaryimage","url":"https:\/\/bogatic.rs\/wp-content\/uploads\/2023\/01\/featured_image.jpg","contentUrl":"https:\/\/bogatic.rs\/wp-content\/uploads\/2023\/01\/featured_image.jpg","width":1280,"height":720,"caption":"SONY DSC"},{"@type":"BreadcrumbList","@id":"https:\/\/bogatic.rs\/upoznajte-bogatic\/opsti-podaci\/#breadcrumb","itemListElement":[{"@type":"ListItem","position":1,"name":"Home","item":"https:\/\/bogatic.rs\/"},{"@type":"ListItem","position":2,"name":"Get to know Bogatic","item":"https:\/\/bogatic.rs\/upoznajte-bogatic\/"},{"@type":"ListItem","position":3,"name":"General data"}]},{"@type":"WebSite","@id":"https:\/\/bogatic.rs\/#website","url":"https:\/\/bogatic.rs\/","name":"Bogati\u0107","description":"Zvani\u010dni sajt Op\u0161tine Bogati\u0107","publisher":{"@id":"https:\/\/bogatic.rs\/#organization"},"potentialAction":[{"@type":"SearchAction","target":{"@type":"EntryPoint","urlTemplate":"https:\/\/bogatic.rs\/?s={search_term_string}"},"query-input":{"@type":"PropertyValueSpecification","valueRequired":true,"valueName":"search_term_string"}}],"inLanguage":"en-US"},{"@type":"Organization","@id":"https:\/\/bogatic.rs\/#organization","name":"Bogati\u0107","url":"https:\/\/bogatic.rs\/","logo":{"@type":"ImageObject","inLanguage":"en-US","@id":"https:\/\/bogatic.rs\/#\/schema\/logo\/image\/","url":"https:\/\/bogatic.rs\/wp-content\/uploads\/2022\/12\/large-logo.png","contentUrl":"https:\/\/bogatic.rs\/wp-content\/uploads\/2022\/12\/large-logo.png","width":700,"height":520,"caption":"Bogati\u0107"},"image":{"@id":"https:\/\/bogatic.rs\/#\/schema\/logo\/image\/"}}]}},"_links":{"self":[{"href":"https:\/\/bogatic.rs\/en\/wp-json\/wp\/v2\/pages\/13040","targetHints":{"allow":["GET"]}}],"collection":[{"href":"https:\/\/bogatic.rs\/en\/wp-json\/wp\/v2\/pages"}],"about":[{"href":"https:\/\/bogatic.rs\/en\/wp-json\/wp\/v2\/types\/page"}],"author":[{"embeddable":true,"href":"https:\/\/bogatic.rs\/en\/wp-json\/wp\/v2\/users\/8"}],"replies":[{"embeddable":true,"href":"https:\/\/bogatic.rs\/en\/wp-json\/wp\/v2\/comments?post=13040"}],"version-history":[{"count":0,"href":"https:\/\/bogatic.rs\/en\/wp-json\/wp\/v2\/pages\/13040\/revisions"}],"up":[{"embeddable":true,"href":"https:\/\/bogatic.rs\/en\/wp-json\/wp\/v2\/pages\/13022"}],"wp:featuredmedia":[{"embeddable":true,"href":"https:\/\/bogatic.rs\/en\/wp-json\/wp\/v2\/media\/12746"}],"wp:attachment":[{"href":"https:\/\/bogatic.rs\/en\/wp-json\/wp\/v2\/media?parent=13040"}],"curies":[{"name":"wp","href":"https:\/\/api.w.org\/{rel}","templated":true}]}}