{"id":13116,"date":"2023-01-17T14:41:30","date_gmt":"2023-01-17T14:41:30","guid":{"rendered":"https:\/\/harmonitydev.bogatic.rs\/guide\/tourism\/hajducko-evening\/"},"modified":"2023-02-20T10:27:47","modified_gmt":"2023-02-20T10:27:47","slug":"hajducko-evening","status":"publish","type":"page","link":"https:\/\/bogatic.rs\/en\/guide\/public-institutions\/hajducko-evening\/","title":{"rendered":"Hajdu\u010dko evening"},"content":{"rendered":"\t\t<div data-elementor-type=\"wp-page\" data-elementor-id=\"13116\" class=\"elementor elementor-13116\">\n\t\t\t\t<div class=\"elementor-element elementor-element-61d4cf4 e-flex e-con-boxed e-con e-parent\" data-id=\"61d4cf4\" data-element_type=\"container\" data-e-type=\"container\">\n\t\t\t\t\t<div class=\"e-con-inner\">\n\t\t<div class=\"elementor-element elementor-element-1c7b2ad e-con-full e-flex e-con e-parent\" data-id=\"1c7b2ad\" data-element_type=\"container\" data-e-type=\"container\">\n\t\t\t\t<div class=\"elementor-element elementor-element-a79505b elementor-widget elementor-widget-shortcode\" data-id=\"a79505b\" data-element_type=\"widget\" data-e-type=\"widget\" data-widget_type=\"shortcode.default\">\n\t\t\t\t<div class=\"elementor-widget-container\">\n\t\t\t\t\t\t\t<div class=\"elementor-shortcode\">[bellows config_id=\"main\" menu=\"22\"]<\/div>\n\t\t\t\t\t\t<\/div>\n\t\t\t\t<\/div>\n\t\t\t\t<\/div>\n\t\t<div class=\"elementor-element elementor-element-aaa4802 e-con-full e-flex e-con e-parent\" data-id=\"aaa4802\" data-element_type=\"container\" data-e-type=\"container\">\n\t\t<div class=\"elementor-element elementor-element-3a0a766 content-wrapper e-flex e-con-boxed e-con e-parent\" data-id=\"3a0a766\" data-element_type=\"container\" data-e-type=\"container\">\n\t\t\t\t\t<div class=\"e-con-inner\">\n\t\t<div class=\"elementor-element elementor-element-b089f24 e-flex e-con-boxed e-con e-parent\" data-id=\"b089f24\" data-element_type=\"container\" data-e-type=\"container\">\n\t\t\t\t\t<div class=\"e-con-inner\">\n\t\t\t\t<div class=\"elementor-element elementor-element-ffc816e elementor-widget elementor-widget-heading\" data-id=\"ffc816e\" data-element_type=\"widget\" data-e-type=\"widget\" data-widget_type=\"heading.default\">\n\t\t\t\t<div class=\"elementor-widget-container\">\n\t\t\t\t\t<h2 class=\"elementor-heading-title elementor-size-default\">Hajdu\u010dko evening<\/h2>\t\t\t\t<\/div>\n\t\t\t\t<\/div>\n\t\t\t\t\t<\/div>\n\t\t\t\t<\/div>\n\t\t<div class=\"elementor-element elementor-element-fc56576 e-flex e-con-boxed e-con e-parent\" data-id=\"fc56576\" data-element_type=\"container\" data-e-type=\"container\">\n\t\t\t\t\t<div class=\"e-con-inner\">\n\t\t<div class=\"elementor-element elementor-element-275b564 e-con-full e-flex e-con e-parent\" data-id=\"275b564\" data-element_type=\"container\" data-e-type=\"container\">\n\t\t\t\t<div class=\"elementor-element elementor-element-cadf2ce elementor-widget elementor-widget-image\" data-id=\"cadf2ce\" data-element_type=\"widget\" data-e-type=\"widget\" data-widget_type=\"image.default\">\n\t\t\t\t<div class=\"elementor-widget-container\">\n\t\t\t\t\t\t\t\t\t\t\t\t\t\t\t\t<a href=\"https:\/\/bogatic.rs\/wp-content\/uploads\/2023\/01\/hajducko-vece-1.jpg\" data-elementor-open-lightbox=\"yes\" data-elementor-lightbox-title=\"hajducko-vece\" data-e-action-hash=\"#elementor-action%3Aaction%3Dlightbox%26settings%3DeyJpZCI6MTI3NDUsInVybCI6Imh0dHBzOlwvXC9ib2dhdGljLnJzXC93cC1jb250ZW50XC91cGxvYWRzXC8yMDIzXC8wMVwvaGFqZHVja28tdmVjZS0xLmpwZyJ9\">\n\t\t\t\t\t\t\t<img decoding=\"async\" width=\"160\" height=\"128\" src=\"https:\/\/bogatic.rs\/wp-content\/uploads\/2023\/01\/hajducko-vece-1.jpg\" class=\"attachment-large size-large wp-image-12745\" alt=\"\" \/>\t\t\t\t\t\t\t\t<\/a>\n\t\t\t\t\t\t\t\t\t\t\t\t\t\t\t<\/div>\n\t\t\t\t<\/div>\n\t\t\t\t<div class=\"elementor-element elementor-element-f201d08 elementor-widget elementor-widget-text-editor\" data-id=\"f201d08\" data-element_type=\"widget\" data-e-type=\"widget\" data-widget_type=\"text-editor.default\">\n\t\t\t\t<div class=\"elementor-widget-container\">\n\t\t\t\t\t\t\t\t\t<p style=\"text-align: center;\">Hajdu\u010dko evening<\/p>\n\t\t\t\t\t\t\t\t<\/div>\n\t\t\t\t<\/div>\n\t\t\t\t<\/div>\n\t\t<div class=\"elementor-element elementor-element-4e6f3e1 e-flex e-con-boxed e-con e-parent\" data-id=\"4e6f3e1\" data-element_type=\"container\" data-e-type=\"container\">\n\t\t\t\t\t<div class=\"e-con-inner\">\n\t\t\t\t<div class=\"elementor-element elementor-element-d5c72a3 elementor-widget elementor-widget-text-editor\" data-id=\"d5c72a3\" data-element_type=\"widget\" data-e-type=\"widget\" data-widget_type=\"text-editor.default\">\n\t\t\t\t<div class=\"elementor-widget-container\">\n\t\t\t\t\t\t\t\t\t<p>The life of the hero, described in the novel &#8220;Hajduk Stanko&#8221; by Janko Veselinovi\u0107, encouraged the boys from Crnobar to back in 1966. organize a competition for the selection of Hajduk Harambasha. This first bachelor&#8217;s competition grew into a big event of the municipality of Bogati\u0107 &#8211; &#8220;Hajdu\u010dko ve\u010de&#8221;, which is organized every year in the month of August. The main idea of this event is to remind the new generations of the life of their ancestors, to enjoy the beauty of the former life, and for the older Macvanians to remember the time of their youth, which was much closer to the old customs than today.<\/p>\n\t\t\t\t\t\t\t\t<\/div>\n\t\t\t\t<\/div>\n\t\t\t\t\t<\/div>\n\t\t\t\t<\/div>\n\t\t\t\t\t<\/div>\n\t\t\t\t<\/div>\n\t\t<div class=\"elementor-element elementor-element-028f8f3 e-flex e-con-boxed e-con e-parent\" data-id=\"028f8f3\" data-element_type=\"container\" data-e-type=\"container\">\n\t\t\t\t\t<div class=\"e-con-inner\">\n\t\t\t\t<div class=\"elementor-element elementor-element-d7019e0 elementor-widget elementor-widget-text-editor\" data-id=\"d7019e0\" data-element_type=\"widget\" data-e-type=\"widget\" data-widget_type=\"text-editor.default\">\n\t\t\t\t<div class=\"elementor-widget-container\">\n\t\t\t\t\t\t\t\t\t<p>During the program, visitors to the &#8220;Hajdu\u010dka ve\u010de&#8221; event can see a Ma\u010dva wedding, an exhibition of local handicrafts, an exhibition of the Ma\u010dva Art Village, attend an evening of poets from Ma\u010dva, a competition for the selection of a harambasha, a competition for the most beautiful carriage, and observe a cultural and artistic program performed by folkloric amateurs and entertainers. artists. Part of the program is held in Bogati\u0107 and Sovljak.<\/p>\n<p>In the afternoon, wedding guests gather at the hippodrome, &#8220;at the groom&#8217;s house&#8221;. When they have gathered, the wedding column, made up of carriages and chaises, richly decorated with towels and flowers, sets out to pick up the bride. According to the script of the program, the bride&#8217;s house is in the Ethno-park in Sovljak. At the entrance to Sovljak, the wedding procession and numerous guests are waiting for the bus from Hajduk. From Sovljak, the wedding procession moves to Crna Bara, where the bringing of the bride to her new home is shown with all appropriate details. The most interesting part of the program for visitors is the competition for the selection of the Harambasha. Youngsters compete in stump jumping, shoulder throwing, tug of war, log wrestling, tree climbing and tree climbing. Along the Drina, in a place known as Vasa&#8217;s Shib, the most dexterous, nimble and ready guy gets the hajdu saber and the title of Harambasha of the Year. A young man who wins the title three times gets the saber as permanent ownership. When handing over the saber to the Harambashi, a knife is taken out of the cagria (a case for a hanging, small knife), the cake is crossed with it, and then a piece is cut from it. One piece dipped in salt is eaten by the &#8220;harambasha&#8221;, and then he takes off the anther on which the saber is placed. At the end, the &#8220;harambasha&#8221; ceremoniously raises and kisses the saber. &#8220;&#8230; The ki\u0107enachutura is prepared, lined with thalers and tsvanciks, and one of the householders takes it, puts it in a bowl, and carries it from uzovnik to uzovnik&#8230;!<\/p>\n<p>According to Janko Veselinovi\u0107, this is how the preparations for the wedding in Ma\u010dva began. The host, usually the groom&#8217;s father, starts to call the guests with a flask as an invitation to the wedding. First, he was called the best man who marries the newlyweds, then the old man, the old woman, then the brother-in-law, and then relatives and other guests. On the day of the wedding, the wedding party gathers at the groom&#8217;s house. After the service (sweets and brandy), the wedding procession moves towards the bride. The column consists of carriages and carriages, richly decorated with white towels and flowers. At the head of the column was usually a carriage with the most beautiful horses, usually crows. The groom and the old woman were sitting in that carriage. The wedding guests wore traditional costumes, the girls wore white embroidered blouses, waistcoats and skirts with dark aprons, and the boys wore formal black pants made of porchette, white shirts and vermen (decorated waistcoat), with a scarf on their head. Everyone had ankle boots and woolen embroidered socks on their feet. There was a musician in each carriage. The sounds of old songs spread across the Ma\u010dva plain, on the way to the bride&#8217;s house. The very act of entering the courtyard of the bride&#8217;s house was characterized by extraordinary beauty, but also drama.<\/p>\n<p>In order for the wedding guests to enter, the groom had to shoot an apple with a holster, which was usually hung on a tall pole next to the big gate. Sometimes the apple would be tied with a thin wire so that it would not fall apart at the first shot of the groom. Then, the proud and stubborn bridegroom would shoot with his yokels until pieces of the apple were scattered in all directions. Only then do the wedding guests enter and sit at the tables. When the in-laws &#8220;pay&#8221; the bride, she leaves the house accompanied by her brother-in-law and her brother or brothers. The bride wore a string of ducats around her neck. The number of ducats indicated how rich her parents were. If the number of ducats is lower, the bride is rich, that is, she is a dowry. Dowager, Macvanka &#8220;brought&#8221; land, cattle and her handiwork to the new home. The fun continued with games, toasts, jokes and lunch. After lunch, the wedding party takes the bride to the wedding and then to her new home. In the first years of marriage, the newlyweds lived in a vayat. The father made a new sculpture for the son who was getting married. In front of him, the mother-in-law was welcoming her daughter-in-law. Before entering the house, the newlyweds raised their breeches. Naklece is a small male child. The bride threw wheat from the sieve, and over the house an apple with coins stuck in it. Before entering, the bride kissed the threshold of the statue. These details symbolize the happiness, health and wealth of the whole family.<\/p>\n\t\t\t\t\t\t\t\t<\/div>\n\t\t\t\t<\/div>\n\t\t\t\t\t<\/div>\n\t\t\t\t<\/div>\n\t\t\t\t\t<\/div>\n\t\t\t\t<\/div>\n\t\t\t\t<\/div>\n\t\t\t\t\t<\/div>\n\t\t\t\t<\/div>\n\t\t\t\t<\/div>\n\t\t","protected":false},"excerpt":{"rendered":"<p>[bellows config_id=&#8221;main&#8221; menu=&#8221;22&#8243;] Hajdu\u010dko evening Hajdu\u010dko evening The life of the hero, described in the novel &#8220;Hajduk Stanko&#8221; by Janko Veselinovi\u0107, encouraged the boys from Crnobar to back in 1966. organize a competition for the selection of Hajduk Harambasha. This first bachelor&#8217;s competition grew into a big event of the municipality of Bogati\u0107 &#8211; &#8220;Hajdu\u010dko [&hellip;]<\/p>\n","protected":false},"author":8,"featured_media":0,"parent":13086,"menu_order":0,"comment_status":"closed","ping_status":"closed","template":"","meta":{"footnotes":""},"class_list":["post-13116","page","type-page","status-publish","hentry"],"blocksy_meta":[],"yoast_head":"<!-- This site is optimized with the Yoast SEO plugin v27.1.1 - https:\/\/yoast.com\/product\/yoast-seo-wordpress\/ -->\n<title>Hajdu\u010dko evening - Bogati\u0107<\/title>\n<meta name=\"description\" content=\"Bogati\u0107 - Hajdu\u010dko evening\" \/>\n<meta name=\"robots\" content=\"index, follow, max-snippet:-1, max-image-preview:large, max-video-preview:-1\" \/>\n<link rel=\"canonical\" href=\"https:\/\/bogatic.rs\/en\/guide\/public-institutions\/hajducko-evening\/\" \/>\n<meta property=\"og:locale\" content=\"en_US\" \/>\n<meta property=\"og:type\" content=\"article\" \/>\n<meta property=\"og:title\" content=\"Hajdu\u010dko evening - Bogati\u0107\" \/>\n<meta property=\"og:description\" content=\"Bogati\u0107 - Hajdu\u010dko evening\" \/>\n<meta property=\"og:url\" content=\"https:\/\/bogatic.rs\/en\/guide\/public-institutions\/hajducko-evening\/\" \/>\n<meta property=\"og:site_name\" content=\"Bogati\u0107\" \/>\n<meta property=\"article:modified_time\" content=\"2023-02-20T10:27:47+00:00\" \/>\n<meta property=\"og:image\" content=\"https:\/\/bogatic.rs\/wp-content\/uploads\/2023\/01\/hajducko-vece-1.jpg\" \/>\n<meta name=\"twitter:card\" content=\"summary_large_image\" \/>\n<meta name=\"twitter:label1\" content=\"Est. reading time\" \/>\n\t<meta name=\"twitter:data1\" content=\"5 minutes\" \/>\n<script type=\"application\/ld+json\" class=\"yoast-schema-graph\">{\"@context\":\"https:\/\/schema.org\",\"@graph\":[{\"@type\":\"WebPage\",\"@id\":\"https:\/\/bogatic.rs\/en\/guide\/public-institutions\/hajducko-evening\/\",\"url\":\"https:\/\/bogatic.rs\/en\/guide\/public-institutions\/hajducko-evening\/\",\"name\":\"Hajdu\u010dko evening - Bogati\u0107\",\"isPartOf\":{\"@id\":\"https:\/\/bogatic.rs\/#website\"},\"primaryImageOfPage\":{\"@id\":\"https:\/\/bogatic.rs\/en\/guide\/public-institutions\/hajducko-evening\/#primaryimage\"},\"image\":{\"@id\":\"https:\/\/bogatic.rs\/en\/guide\/public-institutions\/hajducko-evening\/#primaryimage\"},\"thumbnailUrl\":\"https:\/\/bogatic.rs\/wp-content\/uploads\/2023\/01\/hajducko-vece-1.jpg\",\"datePublished\":\"2023-01-17T14:41:30+00:00\",\"dateModified\":\"2023-02-20T10:27:47+00:00\",\"description\":\"Bogati\u0107 - Hajdu\u010dko evening\",\"breadcrumb\":{\"@id\":\"https:\/\/bogatic.rs\/en\/guide\/public-institutions\/hajducko-evening\/#breadcrumb\"},\"inLanguage\":\"en-US\",\"potentialAction\":[{\"@type\":\"ReadAction\",\"target\":[\"https:\/\/bogatic.rs\/en\/guide\/public-institutions\/hajducko-evening\/\"]}]},{\"@type\":\"ImageObject\",\"inLanguage\":\"en-US\",\"@id\":\"https:\/\/bogatic.rs\/en\/guide\/public-institutions\/hajducko-evening\/#primaryimage\",\"url\":\"https:\/\/bogatic.rs\/wp-content\/uploads\/2023\/01\/hajducko-vece-1.jpg\",\"contentUrl\":\"https:\/\/bogatic.rs\/wp-content\/uploads\/2023\/01\/hajducko-vece-1.jpg\"},{\"@type\":\"BreadcrumbList\",\"@id\":\"https:\/\/bogatic.rs\/en\/guide\/public-institutions\/hajducko-evening\/#breadcrumb\",\"itemListElement\":[{\"@type\":\"ListItem\",\"position\":1,\"name\":\"Home\",\"item\":\"https:\/\/bogatic.rs\/\"},{\"@type\":\"ListItem\",\"position\":2,\"name\":\"Guide\",\"item\":\"https:\/\/bogatic.rs\/vodic\/\"},{\"@type\":\"ListItem\",\"position\":3,\"name\":\"Public institutions\",\"item\":\"https:\/\/bogatic.rs\/vodic\/javne-ustanove\/\"},{\"@type\":\"ListItem\",\"position\":4,\"name\":\"Hajdu\u010dko evening\"}]},{\"@type\":\"WebSite\",\"@id\":\"https:\/\/bogatic.rs\/#website\",\"url\":\"https:\/\/bogatic.rs\/\",\"name\":\"Bogati\u0107\",\"description\":\"Zvani\u010dni sajt Op\u0161tine Bogati\u0107\",\"publisher\":{\"@id\":\"https:\/\/bogatic.rs\/#organization\"},\"potentialAction\":[{\"@type\":\"SearchAction\",\"target\":{\"@type\":\"EntryPoint\",\"urlTemplate\":\"https:\/\/bogatic.rs\/?s={search_term_string}\"},\"query-input\":{\"@type\":\"PropertyValueSpecification\",\"valueRequired\":true,\"valueName\":\"search_term_string\"}}],\"inLanguage\":\"en-US\"},{\"@type\":\"Organization\",\"@id\":\"https:\/\/bogatic.rs\/#organization\",\"name\":\"Bogati\u0107\",\"url\":\"https:\/\/bogatic.rs\/\",\"logo\":{\"@type\":\"ImageObject\",\"inLanguage\":\"en-US\",\"@id\":\"https:\/\/bogatic.rs\/#\/schema\/logo\/image\/\",\"url\":\"https:\/\/bogatic.rs\/wp-content\/uploads\/2022\/12\/large-logo.png\",\"contentUrl\":\"https:\/\/bogatic.rs\/wp-content\/uploads\/2022\/12\/large-logo.png\",\"width\":700,\"height\":520,\"caption\":\"Bogati\u0107\"},\"image\":{\"@id\":\"https:\/\/bogatic.rs\/#\/schema\/logo\/image\/\"}}]}<\/script>\n<!-- \/ Yoast SEO plugin. -->","yoast_head_json":{"title":"Hajdu\u010dko evening - Bogati\u0107","description":"Bogati\u0107 - Hajdu\u010dko evening","robots":{"index":"index","follow":"follow","max-snippet":"max-snippet:-1","max-image-preview":"max-image-preview:large","max-video-preview":"max-video-preview:-1"},"canonical":"https:\/\/bogatic.rs\/en\/guide\/public-institutions\/hajducko-evening\/","og_locale":"en_US","og_type":"article","og_title":"Hajdu\u010dko evening - Bogati\u0107","og_description":"Bogati\u0107 - Hajdu\u010dko evening","og_url":"https:\/\/bogatic.rs\/en\/guide\/public-institutions\/hajducko-evening\/","og_site_name":"Bogati\u0107","article_modified_time":"2023-02-20T10:27:47+00:00","og_image":[{"url":"https:\/\/bogatic.rs\/wp-content\/uploads\/2023\/01\/hajducko-vece-1.jpg","type":"","width":"","height":""}],"twitter_card":"summary_large_image","twitter_misc":{"Est. reading time":"5 minutes"},"schema":{"@context":"https:\/\/schema.org","@graph":[{"@type":"WebPage","@id":"https:\/\/bogatic.rs\/en\/guide\/public-institutions\/hajducko-evening\/","url":"https:\/\/bogatic.rs\/en\/guide\/public-institutions\/hajducko-evening\/","name":"Hajdu\u010dko evening - Bogati\u0107","isPartOf":{"@id":"https:\/\/bogatic.rs\/#website"},"primaryImageOfPage":{"@id":"https:\/\/bogatic.rs\/en\/guide\/public-institutions\/hajducko-evening\/#primaryimage"},"image":{"@id":"https:\/\/bogatic.rs\/en\/guide\/public-institutions\/hajducko-evening\/#primaryimage"},"thumbnailUrl":"https:\/\/bogatic.rs\/wp-content\/uploads\/2023\/01\/hajducko-vece-1.jpg","datePublished":"2023-01-17T14:41:30+00:00","dateModified":"2023-02-20T10:27:47+00:00","description":"Bogati\u0107 - Hajdu\u010dko evening","breadcrumb":{"@id":"https:\/\/bogatic.rs\/en\/guide\/public-institutions\/hajducko-evening\/#breadcrumb"},"inLanguage":"en-US","potentialAction":[{"@type":"ReadAction","target":["https:\/\/bogatic.rs\/en\/guide\/public-institutions\/hajducko-evening\/"]}]},{"@type":"ImageObject","inLanguage":"en-US","@id":"https:\/\/bogatic.rs\/en\/guide\/public-institutions\/hajducko-evening\/#primaryimage","url":"https:\/\/bogatic.rs\/wp-content\/uploads\/2023\/01\/hajducko-vece-1.jpg","contentUrl":"https:\/\/bogatic.rs\/wp-content\/uploads\/2023\/01\/hajducko-vece-1.jpg"},{"@type":"BreadcrumbList","@id":"https:\/\/bogatic.rs\/en\/guide\/public-institutions\/hajducko-evening\/#breadcrumb","itemListElement":[{"@type":"ListItem","position":1,"name":"Home","item":"https:\/\/bogatic.rs\/"},{"@type":"ListItem","position":2,"name":"Guide","item":"https:\/\/bogatic.rs\/vodic\/"},{"@type":"ListItem","position":3,"name":"Public institutions","item":"https:\/\/bogatic.rs\/vodic\/javne-ustanove\/"},{"@type":"ListItem","position":4,"name":"Hajdu\u010dko evening"}]},{"@type":"WebSite","@id":"https:\/\/bogatic.rs\/#website","url":"https:\/\/bogatic.rs\/","name":"Bogati\u0107","description":"Zvani\u010dni sajt Op\u0161tine Bogati\u0107","publisher":{"@id":"https:\/\/bogatic.rs\/#organization"},"potentialAction":[{"@type":"SearchAction","target":{"@type":"EntryPoint","urlTemplate":"https:\/\/bogatic.rs\/?s={search_term_string}"},"query-input":{"@type":"PropertyValueSpecification","valueRequired":true,"valueName":"search_term_string"}}],"inLanguage":"en-US"},{"@type":"Organization","@id":"https:\/\/bogatic.rs\/#organization","name":"Bogati\u0107","url":"https:\/\/bogatic.rs\/","logo":{"@type":"ImageObject","inLanguage":"en-US","@id":"https:\/\/bogatic.rs\/#\/schema\/logo\/image\/","url":"https:\/\/bogatic.rs\/wp-content\/uploads\/2022\/12\/large-logo.png","contentUrl":"https:\/\/bogatic.rs\/wp-content\/uploads\/2022\/12\/large-logo.png","width":700,"height":520,"caption":"Bogati\u0107"},"image":{"@id":"https:\/\/bogatic.rs\/#\/schema\/logo\/image\/"}}]}},"_links":{"self":[{"href":"https:\/\/bogatic.rs\/en\/wp-json\/wp\/v2\/pages\/13116","targetHints":{"allow":["GET"]}}],"collection":[{"href":"https:\/\/bogatic.rs\/en\/wp-json\/wp\/v2\/pages"}],"about":[{"href":"https:\/\/bogatic.rs\/en\/wp-json\/wp\/v2\/types\/page"}],"author":[{"embeddable":true,"href":"https:\/\/bogatic.rs\/en\/wp-json\/wp\/v2\/users\/8"}],"replies":[{"embeddable":true,"href":"https:\/\/bogatic.rs\/en\/wp-json\/wp\/v2\/comments?post=13116"}],"version-history":[{"count":0,"href":"https:\/\/bogatic.rs\/en\/wp-json\/wp\/v2\/pages\/13116\/revisions"}],"up":[{"embeddable":true,"href":"https:\/\/bogatic.rs\/en\/wp-json\/wp\/v2\/pages\/13086"}],"wp:attachment":[{"href":"https:\/\/bogatic.rs\/en\/wp-json\/wp\/v2\/media?parent=13116"}],"curies":[{"name":"wp","href":"https:\/\/api.w.org\/{rel}","templated":true}]}}