{"id":13149,"date":"2023-01-18T15:15:53","date_gmt":"2023-01-18T15:15:53","guid":{"rendered":"https:\/\/harmonitydev.bogatic.rs\/natural-resources-of-geothermal-waters\/"},"modified":"2023-02-20T10:27:58","modified_gmt":"2023-02-20T10:27:58","slug":"natural-resources-of-geothermal-waters","status":"publish","type":"page","link":"https:\/\/bogatic.rs\/en\/natural-resources-of-geothermal-waters\/","title":{"rendered":"Natural resources of geothermal waters"},"content":{"rendered":"\t\t<div data-elementor-type=\"wp-page\" data-elementor-id=\"13149\" class=\"elementor elementor-13149\">\n\t\t\t\t<div class=\"elementor-element elementor-element-198fd06 e-flex e-con-boxed e-con e-parent\" data-id=\"198fd06\" data-element_type=\"container\" data-e-type=\"container\">\n\t\t\t\t\t<div class=\"e-con-inner\">\n\t\t\t\t<div class=\"elementor-element elementor-element-0f8aa8e elementor-widget elementor-widget-shortcode\" data-id=\"0f8aa8e\" data-element_type=\"widget\" data-e-type=\"widget\" data-widget_type=\"shortcode.default\">\n\t\t\t\t<div class=\"elementor-widget-container\">\n\t\t\t\t\t\t\t<div class=\"elementor-shortcode\"><\/div>\n\t\t\t\t\t\t<\/div>\n\t\t\t\t<\/div>\n\t\t\t\t\t<\/div>\n\t\t\t\t<\/div>\n\t\t<div class=\"elementor-element elementor-element-7ba5cb5 e-flex e-con-boxed e-con e-parent\" data-id=\"7ba5cb5\" data-element_type=\"container\" data-e-type=\"container\">\n\t\t\t\t\t<div class=\"e-con-inner\">\n\t\t\t\t<div class=\"elementor-element elementor-element-7acec48 elementor-widget elementor-widget-heading\" data-id=\"7acec48\" data-element_type=\"widget\" data-e-type=\"widget\" data-widget_type=\"heading.default\">\n\t\t\t\t<div class=\"elementor-widget-container\">\n\t\t\t\t\t<h2 class=\"elementor-heading-title elementor-size-default\">NATURAL RESOURCES OF GEOTHERMAL WATERS<\/h2>\t\t\t\t<\/div>\n\t\t\t\t<\/div>\n\t\t\t\t\t<\/div>\n\t\t\t\t<\/div>\n\t\t<div class=\"elementor-element elementor-element-3a32d0d e-flex e-con-boxed e-con e-parent\" data-id=\"3a32d0d\" data-element_type=\"container\" data-e-type=\"container\">\n\t\t\t\t\t<div class=\"e-con-inner\">\n\t\t\t\t<div class=\"elementor-element elementor-element-48090cb elementor-widget elementor-widget-text-editor\" data-id=\"48090cb\" data-element_type=\"widget\" data-e-type=\"widget\" data-widget_type=\"text-editor.default\">\n\t\t\t\t<div class=\"elementor-widget-container\">\n\t\t\t\t\t\t\t\t\t<p><a href=\"https:\/\/bogatic.rs\/wp-content\/uploads\/2023\/01\/geotermalne-vode.jpg\"><img decoding=\"async\" class=\"alignleft wp-image-6932 size-full\" src=\"https:\/\/bogatic.rs\/wp-content\/uploads\/2023\/01\/geotermalne-vode.jpg\" alt=\"\" width=\"160\" height=\"128\"><\/a>The Ma\u010dva hydrogeothermal system was discovered in 1982. when a large conductive geothermal anomaly was discovered in the Neogene sediments in Dublje, i.e. in the central part of Ma\u010dva. At that time, hydrogeothermal research began, but it has not yet been completed. Their results show that the low-temperature convective hydrogeothermal system &#8220;Ma\u010dva&#8221; is part of a large regional same system, which extends below Ma\u010dva, Semberija and Srem on about 2000 km2. The results obtained so far are very interesting.<\/p>\n<p>Beneath the Neogene sediments is a karst reservoir in Triassic limestones from which intensive exploitation of geothermal energy is possible for heating settlements, food production and for use in industry. Above the reservoir in the central part of Ma\u010dva, the most intense conductive geothermal anomaly in the entire Pannonian Basin was discovered, because thermal water with a temperature of 75C was discovered in a well at a depth of 412 m. That is why Ma\u010dva represents the Yugoslav and Serbian &#8220;Red Spot&#8221;, like the Pannonian Basin in Europe. The results of preliminary tests performed in exploratory wells, as well as the results obtained by hydrogeothermal modeling show that the exploitation of geothermal energy with a thermal power of at least 150 MW is possible in Bogati\u0107, but its use has not yet begun.<\/p>\n\t\t\t\t\t\t\t\t<\/div>\n\t\t\t\t<\/div>\n\t\t\t\t\t<\/div>\n\t\t\t\t<\/div>\n\t\t\t\t<\/div>\n\t\t","protected":false},"excerpt":{"rendered":"<p>NATURAL RESOURCES OF GEOTHERMAL WATERS The Ma\u010dva hydrogeothermal system was discovered in 1982. when a large conductive geothermal anomaly was discovered in the Neogene sediments in Dublje, i.e. in the central part of Ma\u010dva. At that time, hydrogeothermal research began, but it has not yet been completed. Their results show that the low-temperature convective hydrogeothermal [&hellip;]<\/p>\n","protected":false},"author":8,"featured_media":0,"parent":0,"menu_order":0,"comment_status":"closed","ping_status":"closed","template":"","meta":{"footnotes":""},"class_list":["post-13149","page","type-page","status-publish","hentry"],"blocksy_meta":[],"yoast_head":"<!-- This site is optimized with the Yoast SEO plugin v27.1.1 - https:\/\/yoast.com\/product\/yoast-seo-wordpress\/ -->\n<title>Natural resources of geothermal waters - Bogati\u0107<\/title>\n<meta name=\"description\" content=\"Bogati\u0107 - Natural resources of geothermal waters\" \/>\n<meta name=\"robots\" content=\"index, follow, max-snippet:-1, max-image-preview:large, max-video-preview:-1\" \/>\n<link rel=\"canonical\" href=\"https:\/\/bogatic.rs\/prirodni-resursi-geotermalnih-voda\/\" \/>\n<meta property=\"og:locale\" content=\"en_US\" \/>\n<meta property=\"og:type\" content=\"article\" \/>\n<meta property=\"og:title\" content=\"Natural resources of geothermal waters - Bogati\u0107\" \/>\n<meta property=\"og:description\" content=\"Bogati\u0107 - Natural resources of geothermal waters\" \/>\n<meta property=\"og:url\" content=\"https:\/\/bogatic.rs\/prirodni-resursi-geotermalnih-voda\/\" \/>\n<meta property=\"og:site_name\" content=\"Bogati\u0107\" \/>\n<meta property=\"article:modified_time\" content=\"2023-02-20T10:27:58+00:00\" \/>\n<meta property=\"og:image\" content=\"https:\/\/bogatic.rs\/wp-content\/uploads\/2023\/01\/geotermalne-vode.jpg\" \/>\n<meta name=\"twitter:card\" content=\"summary_large_image\" \/>\n<meta name=\"twitter:label1\" content=\"Est. reading time\" \/>\n\t<meta name=\"twitter:data1\" content=\"1 minute\" \/>\n<script type=\"application\/ld+json\" class=\"yoast-schema-graph\">{\"@context\":\"https:\/\/schema.org\",\"@graph\":[{\"@type\":\"WebPage\",\"@id\":\"https:\/\/bogatic.rs\/prirodni-resursi-geotermalnih-voda\/\",\"url\":\"https:\/\/bogatic.rs\/prirodni-resursi-geotermalnih-voda\/\",\"name\":\"Natural resources of geothermal waters - Bogati\u0107\",\"isPartOf\":{\"@id\":\"https:\/\/bogatic.rs\/#website\"},\"primaryImageOfPage\":{\"@id\":\"https:\/\/bogatic.rs\/prirodni-resursi-geotermalnih-voda\/#primaryimage\"},\"image\":{\"@id\":\"https:\/\/bogatic.rs\/prirodni-resursi-geotermalnih-voda\/#primaryimage\"},\"thumbnailUrl\":\"https:\/\/bogatic.rs\/wp-content\/uploads\/2023\/01\/geotermalne-vode.jpg\",\"datePublished\":\"2023-01-18T15:15:53+00:00\",\"dateModified\":\"2023-02-20T10:27:58+00:00\",\"description\":\"Bogati\u0107 - Natural resources of geothermal waters\",\"breadcrumb\":{\"@id\":\"https:\/\/bogatic.rs\/prirodni-resursi-geotermalnih-voda\/#breadcrumb\"},\"inLanguage\":\"en-US\",\"potentialAction\":[{\"@type\":\"ReadAction\",\"target\":[\"https:\/\/bogatic.rs\/prirodni-resursi-geotermalnih-voda\/\"]}]},{\"@type\":\"ImageObject\",\"inLanguage\":\"en-US\",\"@id\":\"https:\/\/bogatic.rs\/prirodni-resursi-geotermalnih-voda\/#primaryimage\",\"url\":\"https:\/\/bogatic.rs\/wp-content\/uploads\/2023\/01\/geotermalne-vode.jpg\",\"contentUrl\":\"https:\/\/bogatic.rs\/wp-content\/uploads\/2023\/01\/geotermalne-vode.jpg\"},{\"@type\":\"BreadcrumbList\",\"@id\":\"https:\/\/bogatic.rs\/prirodni-resursi-geotermalnih-voda\/#breadcrumb\",\"itemListElement\":[{\"@type\":\"ListItem\",\"position\":1,\"name\":\"Home\",\"item\":\"https:\/\/bogatic.rs\/\"},{\"@type\":\"ListItem\",\"position\":2,\"name\":\"Natural resources of geothermal waters\"}]},{\"@type\":\"WebSite\",\"@id\":\"https:\/\/bogatic.rs\/#website\",\"url\":\"https:\/\/bogatic.rs\/\",\"name\":\"Bogati\u0107\",\"description\":\"Zvani\u010dni sajt Op\u0161tine Bogati\u0107\",\"publisher\":{\"@id\":\"https:\/\/bogatic.rs\/#organization\"},\"potentialAction\":[{\"@type\":\"SearchAction\",\"target\":{\"@type\":\"EntryPoint\",\"urlTemplate\":\"https:\/\/bogatic.rs\/?s={search_term_string}\"},\"query-input\":{\"@type\":\"PropertyValueSpecification\",\"valueRequired\":true,\"valueName\":\"search_term_string\"}}],\"inLanguage\":\"en-US\"},{\"@type\":\"Organization\",\"@id\":\"https:\/\/bogatic.rs\/#organization\",\"name\":\"Bogati\u0107\",\"url\":\"https:\/\/bogatic.rs\/\",\"logo\":{\"@type\":\"ImageObject\",\"inLanguage\":\"en-US\",\"@id\":\"https:\/\/bogatic.rs\/#\/schema\/logo\/image\/\",\"url\":\"https:\/\/bogatic.rs\/wp-content\/uploads\/2022\/12\/large-logo.png\",\"contentUrl\":\"https:\/\/bogatic.rs\/wp-content\/uploads\/2022\/12\/large-logo.png\",\"width\":700,\"height\":520,\"caption\":\"Bogati\u0107\"},\"image\":{\"@id\":\"https:\/\/bogatic.rs\/#\/schema\/logo\/image\/\"}}]}<\/script>\n<!-- \/ Yoast SEO plugin. -->","yoast_head_json":{"title":"Natural resources of geothermal waters - Bogati\u0107","description":"Bogati\u0107 - Natural resources of geothermal waters","robots":{"index":"index","follow":"follow","max-snippet":"max-snippet:-1","max-image-preview":"max-image-preview:large","max-video-preview":"max-video-preview:-1"},"canonical":"https:\/\/bogatic.rs\/prirodni-resursi-geotermalnih-voda\/","og_locale":"en_US","og_type":"article","og_title":"Natural resources of geothermal waters - Bogati\u0107","og_description":"Bogati\u0107 - Natural resources of geothermal waters","og_url":"https:\/\/bogatic.rs\/prirodni-resursi-geotermalnih-voda\/","og_site_name":"Bogati\u0107","article_modified_time":"2023-02-20T10:27:58+00:00","og_image":[{"url":"https:\/\/bogatic.rs\/wp-content\/uploads\/2023\/01\/geotermalne-vode.jpg","type":"","width":"","height":""}],"twitter_card":"summary_large_image","twitter_misc":{"Est. reading time":"1 minute"},"schema":{"@context":"https:\/\/schema.org","@graph":[{"@type":"WebPage","@id":"https:\/\/bogatic.rs\/prirodni-resursi-geotermalnih-voda\/","url":"https:\/\/bogatic.rs\/prirodni-resursi-geotermalnih-voda\/","name":"Natural resources of geothermal waters - Bogati\u0107","isPartOf":{"@id":"https:\/\/bogatic.rs\/#website"},"primaryImageOfPage":{"@id":"https:\/\/bogatic.rs\/prirodni-resursi-geotermalnih-voda\/#primaryimage"},"image":{"@id":"https:\/\/bogatic.rs\/prirodni-resursi-geotermalnih-voda\/#primaryimage"},"thumbnailUrl":"https:\/\/bogatic.rs\/wp-content\/uploads\/2023\/01\/geotermalne-vode.jpg","datePublished":"2023-01-18T15:15:53+00:00","dateModified":"2023-02-20T10:27:58+00:00","description":"Bogati\u0107 - Natural resources of geothermal waters","breadcrumb":{"@id":"https:\/\/bogatic.rs\/prirodni-resursi-geotermalnih-voda\/#breadcrumb"},"inLanguage":"en-US","potentialAction":[{"@type":"ReadAction","target":["https:\/\/bogatic.rs\/prirodni-resursi-geotermalnih-voda\/"]}]},{"@type":"ImageObject","inLanguage":"en-US","@id":"https:\/\/bogatic.rs\/prirodni-resursi-geotermalnih-voda\/#primaryimage","url":"https:\/\/bogatic.rs\/wp-content\/uploads\/2023\/01\/geotermalne-vode.jpg","contentUrl":"https:\/\/bogatic.rs\/wp-content\/uploads\/2023\/01\/geotermalne-vode.jpg"},{"@type":"BreadcrumbList","@id":"https:\/\/bogatic.rs\/prirodni-resursi-geotermalnih-voda\/#breadcrumb","itemListElement":[{"@type":"ListItem","position":1,"name":"Home","item":"https:\/\/bogatic.rs\/"},{"@type":"ListItem","position":2,"name":"Natural resources of geothermal waters"}]},{"@type":"WebSite","@id":"https:\/\/bogatic.rs\/#website","url":"https:\/\/bogatic.rs\/","name":"Bogati\u0107","description":"Zvani\u010dni sajt Op\u0161tine Bogati\u0107","publisher":{"@id":"https:\/\/bogatic.rs\/#organization"},"potentialAction":[{"@type":"SearchAction","target":{"@type":"EntryPoint","urlTemplate":"https:\/\/bogatic.rs\/?s={search_term_string}"},"query-input":{"@type":"PropertyValueSpecification","valueRequired":true,"valueName":"search_term_string"}}],"inLanguage":"en-US"},{"@type":"Organization","@id":"https:\/\/bogatic.rs\/#organization","name":"Bogati\u0107","url":"https:\/\/bogatic.rs\/","logo":{"@type":"ImageObject","inLanguage":"en-US","@id":"https:\/\/bogatic.rs\/#\/schema\/logo\/image\/","url":"https:\/\/bogatic.rs\/wp-content\/uploads\/2022\/12\/large-logo.png","contentUrl":"https:\/\/bogatic.rs\/wp-content\/uploads\/2022\/12\/large-logo.png","width":700,"height":520,"caption":"Bogati\u0107"},"image":{"@id":"https:\/\/bogatic.rs\/#\/schema\/logo\/image\/"}}]}},"_links":{"self":[{"href":"https:\/\/bogatic.rs\/en\/wp-json\/wp\/v2\/pages\/13149","targetHints":{"allow":["GET"]}}],"collection":[{"href":"https:\/\/bogatic.rs\/en\/wp-json\/wp\/v2\/pages"}],"about":[{"href":"https:\/\/bogatic.rs\/en\/wp-json\/wp\/v2\/types\/page"}],"author":[{"embeddable":true,"href":"https:\/\/bogatic.rs\/en\/wp-json\/wp\/v2\/users\/8"}],"replies":[{"embeddable":true,"href":"https:\/\/bogatic.rs\/en\/wp-json\/wp\/v2\/comments?post=13149"}],"version-history":[{"count":0,"href":"https:\/\/bogatic.rs\/en\/wp-json\/wp\/v2\/pages\/13149\/revisions"}],"wp:attachment":[{"href":"https:\/\/bogatic.rs\/en\/wp-json\/wp\/v2\/media?parent=13149"}],"curies":[{"name":"wp","href":"https:\/\/api.w.org\/{rel}","templated":true}]}}