{"id":13196,"date":"2023-01-20T08:56:47","date_gmt":"2023-01-20T08:56:47","guid":{"rendered":"https:\/\/harmonitydev.bogatic.rs\/local-government\/municipal-administration\/municipal-service-center\/"},"modified":"2023-02-20T10:28:13","modified_gmt":"2023-02-20T10:28:13","slug":"municipal-service-center","status":"publish","type":"page","link":"https:\/\/bogatic.rs\/en\/local-government\/municipal-administration-of-bogatic-municipality\/municipal-service-center\/","title":{"rendered":"Municipal service center"},"content":{"rendered":"\t\t<div data-elementor-type=\"wp-page\" data-elementor-id=\"13196\" class=\"elementor elementor-13196\">\n\t\t\t\t<div class=\"elementor-element elementor-element-b6ca0cd e-flex e-con-boxed e-con e-parent\" data-id=\"b6ca0cd\" data-element_type=\"container\" data-e-type=\"container\">\n\t\t\t\t\t<div class=\"e-con-inner\">\n\t\t<div class=\"elementor-element elementor-element-5ca7ef8 e-con-full e-flex e-con e-parent\" data-id=\"5ca7ef8\" data-element_type=\"container\" data-e-type=\"container\">\n\t\t\t\t<div class=\"elementor-element elementor-element-b928f8a elementor-widget elementor-widget-shortcode\" data-id=\"b928f8a\" data-element_type=\"widget\" data-e-type=\"widget\" data-widget_type=\"shortcode.default\">\n\t\t\t\t<div class=\"elementor-widget-container\">\n\t\t\t\t\t\t\t<div class=\"elementor-shortcode\">[bellows config_id=\"main\" menu=\"23\"]<\/div>\n\t\t\t\t\t\t<\/div>\n\t\t\t\t<\/div>\n\t\t\t\t<\/div>\n\t\t<div class=\"elementor-element elementor-element-7a65213 e-con-full e-flex e-con e-parent\" data-id=\"7a65213\" data-element_type=\"container\" data-e-type=\"container\">\n\t\t<div class=\"elementor-element elementor-element-f747fe6 content-wrapper e-flex e-con-boxed e-con e-parent\" data-id=\"f747fe6\" data-element_type=\"container\" data-e-type=\"container\">\n\t\t\t\t\t<div class=\"e-con-inner\">\n\t\t<div class=\"elementor-element elementor-element-a3819a5 e-flex e-con-boxed e-con e-parent\" data-id=\"a3819a5\" data-element_type=\"container\" data-e-type=\"container\">\n\t\t\t\t\t<div class=\"e-con-inner\">\n\t\t\t\t<div class=\"elementor-element elementor-element-eb68e77 elementor-widget elementor-widget-heading\" data-id=\"eb68e77\" data-element_type=\"widget\" data-e-type=\"widget\" data-widget_type=\"heading.default\">\n\t\t\t\t<div class=\"elementor-widget-container\">\n\t\t\t\t\t<h2 class=\"elementor-heading-title elementor-size-default\">Municipal service center<\/h2>\t\t\t\t<\/div>\n\t\t\t\t<\/div>\n\t\t\t\t\t<\/div>\n\t\t\t\t<\/div>\n\t\t<div class=\"elementor-element elementor-element-5778f43 e-flex e-con-boxed e-con e-parent\" data-id=\"5778f43\" data-element_type=\"container\" data-e-type=\"container\">\n\t\t\t\t\t<div class=\"e-con-inner\">\n\t\t<div class=\"elementor-element elementor-element-6fe6d1a e-flex e-con-boxed e-con e-parent\" data-id=\"6fe6d1a\" data-element_type=\"container\" data-e-type=\"container\">\n\t\t\t\t\t<div class=\"e-con-inner\">\n\t\t\t\t<div class=\"elementor-element elementor-element-4395bdc elementor-widget elementor-widget-text-editor\" data-id=\"4395bdc\" data-element_type=\"widget\" data-e-type=\"widget\" data-widget_type=\"text-editor.default\">\n\t\t\t\t<div class=\"elementor-widget-container\">\n\t\t\t\t\t\t\t\t\t<p>It is located on the ground floor of the SO Bogati\u0107 building.<br \/>Within the municipal service center, citizens can get all the necessary information about the work of the local self-government and help in solving problems related to the services provided by the local self-government.<\/p>\n<p>The municipal service center is the first step in creating a modern, efficient and transparent local government that successfully meets the needs of citizens.<\/p>\n<p>There are four counters in the service center, namely:<\/p>\n<ul>\n<li>Counter No. 1 &#8211; Office, receipt of cases, verification of signatures and verification of the voter list<\/li>\n<li>Counters no. 2 and 3 &#8211; Registry Office<\/li>\n<li>Counter No. 4 &#8211; Verification of manuscripts and transcripts and issuance of work booklets<\/li>\n<li>Counters no. 5 and 6 \u2013 Parental allowance<\/li>\n<li>Counters 7 and 8 &#8211; Reception of tax returns of legal and natural persons<\/li>\n<\/ul>\n<p>Phone. 7413 &#8211; 018<\/p>\n\t\t\t\t\t\t\t\t<\/div>\n\t\t\t\t<\/div>\n\t\t\t\t\t<\/div>\n\t\t\t\t<\/div>\n\t\t\t\t\t<\/div>\n\t\t\t\t<\/div>\n\t\t\t\t\t<\/div>\n\t\t\t\t<\/div>\n\t\t\t\t<\/div>\n\t\t\t\t\t<\/div>\n\t\t\t\t<\/div>\n\t\t\t\t<\/div>\n\t\t","protected":false},"excerpt":{"rendered":"<p>[bellows config_id=&#8221;main&#8221; menu=&#8221;23&#8243;] Municipal service center It is located on the ground floor of the SO Bogati\u0107 building.Within the municipal service center, citizens can get all the necessary information about the work of the local self-government and help in solving problems related to the services provided by the local self-government. The municipal service center is [&hellip;]<\/p>\n","protected":false},"author":8,"featured_media":0,"parent":13201,"menu_order":0,"comment_status":"closed","ping_status":"closed","template":"","meta":{"footnotes":""},"class_list":["post-13196","page","type-page","status-publish","hentry"],"blocksy_meta":[],"yoast_head":"<!-- This site is optimized with the Yoast SEO plugin v27.1.1 - https:\/\/yoast.com\/product\/yoast-seo-wordpress\/ -->\n<title>Municipal service center - Bogati\u0107<\/title>\n<meta name=\"description\" content=\"Bogati\u0107 - Municipal service center\" \/>\n<meta name=\"robots\" content=\"index, follow, max-snippet:-1, max-image-preview:large, max-video-preview:-1\" \/>\n<link rel=\"canonical\" href=\"https:\/\/bogatic.rs\/en\/local-government\/municipal-administration-of-bogatic-municipality\/municipal-service-center\/\" \/>\n<meta property=\"og:locale\" content=\"en_US\" \/>\n<meta property=\"og:type\" content=\"article\" \/>\n<meta property=\"og:title\" content=\"Municipal service center - Bogati\u0107\" \/>\n<meta property=\"og:description\" content=\"Bogati\u0107 - Municipal service center\" \/>\n<meta property=\"og:url\" content=\"https:\/\/bogatic.rs\/en\/local-government\/municipal-administration-of-bogatic-municipality\/municipal-service-center\/\" \/>\n<meta property=\"og:site_name\" content=\"Bogati\u0107\" \/>\n<meta property=\"article:modified_time\" content=\"2023-02-20T10:28:13+00:00\" \/>\n<meta property=\"og:image\" content=\"https:\/\/bogatic.rs\/wp-content\/uploads\/2023\/02\/1200px-Zgrada_starog_okruznog_nacelstva_u_Bogaticu_01.jpg\" \/>\n\t<meta property=\"og:image:width\" content=\"1200\" \/>\n\t<meta property=\"og:image:height\" content=\"675\" \/>\n\t<meta property=\"og:image:type\" content=\"image\/jpeg\" \/>\n<meta name=\"twitter:card\" content=\"summary_large_image\" \/>\n<meta name=\"twitter:label1\" content=\"Est. reading time\" \/>\n\t<meta name=\"twitter:data1\" content=\"1 minute\" \/>\n<script type=\"application\/ld+json\" class=\"yoast-schema-graph\">{\"@context\":\"https:\/\/schema.org\",\"@graph\":[{\"@type\":\"WebPage\",\"@id\":\"https:\/\/bogatic.rs\/en\/local-government\/municipal-administration-of-bogatic-municipality\/municipal-service-center\/\",\"url\":\"https:\/\/bogatic.rs\/en\/local-government\/municipal-administration-of-bogatic-municipality\/municipal-service-center\/\",\"name\":\"Municipal service center - Bogati\u0107\",\"isPartOf\":{\"@id\":\"https:\/\/bogatic.rs\/#website\"},\"datePublished\":\"2023-01-20T08:56:47+00:00\",\"dateModified\":\"2023-02-20T10:28:13+00:00\",\"description\":\"Bogati\u0107 - Municipal service center\",\"breadcrumb\":{\"@id\":\"https:\/\/bogatic.rs\/en\/local-government\/municipal-administration-of-bogatic-municipality\/municipal-service-center\/#breadcrumb\"},\"inLanguage\":\"en-US\",\"potentialAction\":[{\"@type\":\"ReadAction\",\"target\":[\"https:\/\/bogatic.rs\/en\/local-government\/municipal-administration-of-bogatic-municipality\/municipal-service-center\/\"]}]},{\"@type\":\"BreadcrumbList\",\"@id\":\"https:\/\/bogatic.rs\/en\/local-government\/municipal-administration-of-bogatic-municipality\/municipal-service-center\/#breadcrumb\",\"itemListElement\":[{\"@type\":\"ListItem\",\"position\":1,\"name\":\"Home\",\"item\":\"https:\/\/bogatic.rs\/\"},{\"@type\":\"ListItem\",\"position\":2,\"name\":\"Local government\",\"item\":\"https:\/\/bogatic.rs\/lokalna-samouprava\/\"},{\"@type\":\"ListItem\",\"position\":3,\"name\":\"Municipal administration of Bogati\u0107 municipality\",\"item\":\"https:\/\/bogatic.rs\/en\/local-government\/municipal-administration-of-bogatic-municipality\/\"},{\"@type\":\"ListItem\",\"position\":4,\"name\":\"Municipal service center\"}]},{\"@type\":\"WebSite\",\"@id\":\"https:\/\/bogatic.rs\/#website\",\"url\":\"https:\/\/bogatic.rs\/\",\"name\":\"Bogati\u0107\",\"description\":\"Zvani\u010dni sajt Op\u0161tine Bogati\u0107\",\"publisher\":{\"@id\":\"https:\/\/bogatic.rs\/#organization\"},\"potentialAction\":[{\"@type\":\"SearchAction\",\"target\":{\"@type\":\"EntryPoint\",\"urlTemplate\":\"https:\/\/bogatic.rs\/?s={search_term_string}\"},\"query-input\":{\"@type\":\"PropertyValueSpecification\",\"valueRequired\":true,\"valueName\":\"search_term_string\"}}],\"inLanguage\":\"en-US\"},{\"@type\":\"Organization\",\"@id\":\"https:\/\/bogatic.rs\/#organization\",\"name\":\"Bogati\u0107\",\"url\":\"https:\/\/bogatic.rs\/\",\"logo\":{\"@type\":\"ImageObject\",\"inLanguage\":\"en-US\",\"@id\":\"https:\/\/bogatic.rs\/#\/schema\/logo\/image\/\",\"url\":\"https:\/\/bogatic.rs\/wp-content\/uploads\/2022\/12\/large-logo.png\",\"contentUrl\":\"https:\/\/bogatic.rs\/wp-content\/uploads\/2022\/12\/large-logo.png\",\"width\":700,\"height\":520,\"caption\":\"Bogati\u0107\"},\"image\":{\"@id\":\"https:\/\/bogatic.rs\/#\/schema\/logo\/image\/\"}}]}<\/script>\n<!-- \/ Yoast SEO plugin. -->","yoast_head_json":{"title":"Municipal service center - Bogati\u0107","description":"Bogati\u0107 - Municipal service center","robots":{"index":"index","follow":"follow","max-snippet":"max-snippet:-1","max-image-preview":"max-image-preview:large","max-video-preview":"max-video-preview:-1"},"canonical":"https:\/\/bogatic.rs\/en\/local-government\/municipal-administration-of-bogatic-municipality\/municipal-service-center\/","og_locale":"en_US","og_type":"article","og_title":"Municipal service center - Bogati\u0107","og_description":"Bogati\u0107 - Municipal service center","og_url":"https:\/\/bogatic.rs\/en\/local-government\/municipal-administration-of-bogatic-municipality\/municipal-service-center\/","og_site_name":"Bogati\u0107","article_modified_time":"2023-02-20T10:28:13+00:00","og_image":[{"width":1200,"height":675,"url":"https:\/\/bogatic.rs\/wp-content\/uploads\/2023\/02\/1200px-Zgrada_starog_okruznog_nacelstva_u_Bogaticu_01.jpg","type":"image\/jpeg"}],"twitter_card":"summary_large_image","twitter_misc":{"Est. reading time":"1 minute"},"schema":{"@context":"https:\/\/schema.org","@graph":[{"@type":"WebPage","@id":"https:\/\/bogatic.rs\/en\/local-government\/municipal-administration-of-bogatic-municipality\/municipal-service-center\/","url":"https:\/\/bogatic.rs\/en\/local-government\/municipal-administration-of-bogatic-municipality\/municipal-service-center\/","name":"Municipal service center - Bogati\u0107","isPartOf":{"@id":"https:\/\/bogatic.rs\/#website"},"datePublished":"2023-01-20T08:56:47+00:00","dateModified":"2023-02-20T10:28:13+00:00","description":"Bogati\u0107 - Municipal service center","breadcrumb":{"@id":"https:\/\/bogatic.rs\/en\/local-government\/municipal-administration-of-bogatic-municipality\/municipal-service-center\/#breadcrumb"},"inLanguage":"en-US","potentialAction":[{"@type":"ReadAction","target":["https:\/\/bogatic.rs\/en\/local-government\/municipal-administration-of-bogatic-municipality\/municipal-service-center\/"]}]},{"@type":"BreadcrumbList","@id":"https:\/\/bogatic.rs\/en\/local-government\/municipal-administration-of-bogatic-municipality\/municipal-service-center\/#breadcrumb","itemListElement":[{"@type":"ListItem","position":1,"name":"Home","item":"https:\/\/bogatic.rs\/"},{"@type":"ListItem","position":2,"name":"Local government","item":"https:\/\/bogatic.rs\/lokalna-samouprava\/"},{"@type":"ListItem","position":3,"name":"Municipal administration of Bogati\u0107 municipality","item":"https:\/\/bogatic.rs\/en\/local-government\/municipal-administration-of-bogatic-municipality\/"},{"@type":"ListItem","position":4,"name":"Municipal service center"}]},{"@type":"WebSite","@id":"https:\/\/bogatic.rs\/#website","url":"https:\/\/bogatic.rs\/","name":"Bogati\u0107","description":"Zvani\u010dni sajt Op\u0161tine Bogati\u0107","publisher":{"@id":"https:\/\/bogatic.rs\/#organization"},"potentialAction":[{"@type":"SearchAction","target":{"@type":"EntryPoint","urlTemplate":"https:\/\/bogatic.rs\/?s={search_term_string}"},"query-input":{"@type":"PropertyValueSpecification","valueRequired":true,"valueName":"search_term_string"}}],"inLanguage":"en-US"},{"@type":"Organization","@id":"https:\/\/bogatic.rs\/#organization","name":"Bogati\u0107","url":"https:\/\/bogatic.rs\/","logo":{"@type":"ImageObject","inLanguage":"en-US","@id":"https:\/\/bogatic.rs\/#\/schema\/logo\/image\/","url":"https:\/\/bogatic.rs\/wp-content\/uploads\/2022\/12\/large-logo.png","contentUrl":"https:\/\/bogatic.rs\/wp-content\/uploads\/2022\/12\/large-logo.png","width":700,"height":520,"caption":"Bogati\u0107"},"image":{"@id":"https:\/\/bogatic.rs\/#\/schema\/logo\/image\/"}}]}},"_links":{"self":[{"href":"https:\/\/bogatic.rs\/en\/wp-json\/wp\/v2\/pages\/13196","targetHints":{"allow":["GET"]}}],"collection":[{"href":"https:\/\/bogatic.rs\/en\/wp-json\/wp\/v2\/pages"}],"about":[{"href":"https:\/\/bogatic.rs\/en\/wp-json\/wp\/v2\/types\/page"}],"author":[{"embeddable":true,"href":"https:\/\/bogatic.rs\/en\/wp-json\/wp\/v2\/users\/8"}],"replies":[{"embeddable":true,"href":"https:\/\/bogatic.rs\/en\/wp-json\/wp\/v2\/comments?post=13196"}],"version-history":[{"count":0,"href":"https:\/\/bogatic.rs\/en\/wp-json\/wp\/v2\/pages\/13196\/revisions"}],"up":[{"embeddable":true,"href":"https:\/\/bogatic.rs\/en\/wp-json\/wp\/v2\/pages\/13201"}],"wp:attachment":[{"href":"https:\/\/bogatic.rs\/en\/wp-json\/wp\/v2\/media?parent=13196"}],"curies":[{"name":"wp","href":"https:\/\/api.w.org\/{rel}","templated":true}]}}