{"id":13201,"date":"2023-01-20T08:49:28","date_gmt":"2023-01-20T08:49:28","guid":{"rendered":"https:\/\/harmonitydev.bogatic.rs\/local-government\/municipal-administration\/municipal-administration-of-bogatic-municipality\/"},"modified":"2023-02-20T10:28:14","modified_gmt":"2023-02-20T10:28:14","slug":"municipal-administration-of-bogatic-municipality","status":"publish","type":"page","link":"https:\/\/bogatic.rs\/en\/local-government\/municipal-administration-of-bogatic-municipality\/","title":{"rendered":"Municipal administration of Bogati\u0107 municipality"},"content":{"rendered":"\t\t<div data-elementor-type=\"wp-page\" data-elementor-id=\"13201\" class=\"elementor elementor-13201\">\n\t\t\t\t<div class=\"elementor-element elementor-element-9a4d1ba e-flex e-con-boxed e-con e-parent\" data-id=\"9a4d1ba\" data-element_type=\"container\" data-e-type=\"container\">\n\t\t\t\t\t<div class=\"e-con-inner\">\n\t\t<div class=\"elementor-element elementor-element-55f0487 e-con-full e-flex e-con e-parent\" data-id=\"55f0487\" data-element_type=\"container\" data-e-type=\"container\">\n\t\t\t\t<div class=\"elementor-element elementor-element-6251095 elementor-widget elementor-widget-shortcode\" data-id=\"6251095\" data-element_type=\"widget\" data-e-type=\"widget\" data-widget_type=\"shortcode.default\">\n\t\t\t\t<div class=\"elementor-widget-container\">\n\t\t\t\t\t\t\t<div class=\"elementor-shortcode\">[bellows config_id=\"main\" menu=\"23\"]<\/div>\n\t\t\t\t\t\t<\/div>\n\t\t\t\t<\/div>\n\t\t\t\t<\/div>\n\t\t<div class=\"elementor-element elementor-element-24ef7e2 e-con-full e-flex e-con e-parent\" data-id=\"24ef7e2\" data-element_type=\"container\" data-e-type=\"container\">\n\t\t<div class=\"elementor-element elementor-element-184128b e-flex e-con-boxed e-con e-parent\" data-id=\"184128b\" data-element_type=\"container\" data-e-type=\"container\">\n\t\t\t\t\t<div class=\"e-con-inner\">\n\t\t<div class=\"elementor-element elementor-element-b0b8471 e-flex e-con-boxed e-con e-parent\" data-id=\"b0b8471\" data-element_type=\"container\" data-e-type=\"container\">\n\t\t\t\t\t<div class=\"e-con-inner\">\n\t\t\t\t<div class=\"elementor-element elementor-element-2d823d0 elementor-widget elementor-widget-heading\" data-id=\"2d823d0\" data-element_type=\"widget\" data-e-type=\"widget\" data-widget_type=\"heading.default\">\n\t\t\t\t<div class=\"elementor-widget-container\">\n\t\t\t\t\t<h2 class=\"elementor-heading-title elementor-size-default\">Municipal administration of Bogati\u0107 municipality<\/h2>\t\t\t\t<\/div>\n\t\t\t\t<\/div>\n\t\t\t\t\t<\/div>\n\t\t\t\t<\/div>\n\t\t<div class=\"elementor-element elementor-element-0d281b2 e-flex e-con-boxed e-con e-parent\" data-id=\"0d281b2\" data-element_type=\"container\" data-e-type=\"container\">\n\t\t\t\t\t<div class=\"e-con-inner\">\n\t\t<div class=\"elementor-element elementor-element-d93cb62 e-flex e-con-boxed e-con e-parent\" data-id=\"d93cb62\" data-element_type=\"container\" data-e-type=\"container\">\n\t\t\t\t\t<div class=\"e-con-inner\">\n\t\t\t\t<div class=\"elementor-element elementor-element-8869b36 elementor-widget elementor-widget-text-editor\" data-id=\"8869b36\" data-element_type=\"widget\" data-e-type=\"widget\" data-widget_type=\"text-editor.default\">\n\t\t\t\t<div class=\"elementor-widget-container\">\n\t\t\t\t\t\t\t\t\t<p><strong>Competences of the municipal administration<\/strong><\/p>\n\t\t\t\t\t\t\t\t<\/div>\n\t\t\t\t<\/div>\n\t\t<div class=\"elementor-element elementor-element-634be06 e-flex e-con-boxed e-con e-parent\" data-id=\"634be06\" data-element_type=\"container\" data-e-type=\"container\">\n\t\t\t\t\t<div class=\"e-con-inner\">\n\t\t\t\t<div class=\"elementor-element elementor-element-c7573e5 elementor-widget elementor-widget-text-editor\" data-id=\"c7573e5\" data-element_type=\"widget\" data-e-type=\"widget\" data-widget_type=\"text-editor.default\">\n\t\t\t\t<div class=\"elementor-widget-container\">\n\t\t\t\t\t\t\t\t\t<ul>\n<li style=\"text-align: left;\">prepares regulations and other acts adopted by the Municipal Assembly, the President of the Municipality and the Council;<\/li>\n<li style=\"text-align: left;\">executes decisions and other acts of the Municipal Assembly, the president of the municipality and the council;<\/li>\n<li style=\"text-align: left;\">decides in the administrative procedure in the first instance about the rights and duties of citizens, companies, institutions and other organizations in administrative matters under the jurisdiction of the municipality;<\/li>\n<li style=\"text-align: left;\">performs duties of administrative supervision over the execution of regulations and other general acts of the Municipal Assembly;<\/li>\n<li style=\"text-align: left;\">executes laws and other regulations whose implementation is entrusted to the municipality;<\/li>\n<li style=\"text-align: left;\">performs professional and other duties determined by the Municipal Assembly, the President of the Municipality and the Council;<\/li>\n<li style=\"text-align: left;\">submits a report on his work on the execution of tasks under the jurisdiction of the municipality and tasks entrusted to him, to the president of the municipality, the council and the municipal assembly as necessary, and at least twice a year.<\/li>\n<\/ul>\n\t\t\t\t\t\t\t\t<\/div>\n\t\t\t\t<\/div>\n\t\t\t\t\t<\/div>\n\t\t\t\t<\/div>\n\t\t\t\t\t<\/div>\n\t\t\t\t<\/div>\n\t\t\t\t<div class=\"elementor-element elementor-element-910d436 elementor-widget elementor-widget-text-editor\" data-id=\"910d436\" data-element_type=\"widget\" data-e-type=\"widget\" data-widget_type=\"text-editor.default\">\n\t\t\t\t<div class=\"elementor-widget-container\">\n\t\t\t\t\t\t\t\t\t<p>The municipal administration is managed by the mayor. The head of the Administration can be appointed by a person who has graduated from the Faculty of Law, passed the exam for working in state administration bodies and has at least five years of work experience in the service.<br \/>The head of the administration is appointed by the council, on the basis of a public announcement, for five years.<br \/>The head of administration has a deputy who replaces him in case of his absence or inability to perform his duties. The deputy head is appointed in the same way and under the same conditions as the head.<br \/>The mayor is responsible for his work and the work of the administration to the Municipal Assembly and Council in accordance with the law and the Municipal Statute.<\/p>\n\t\t\t\t\t\t\t\t<\/div>\n\t\t\t\t<\/div>\n\t\t\t\t\t<\/div>\n\t\t\t\t<\/div>\n\t\t\t\t\t<\/div>\n\t\t\t\t<\/div>\n\t\t\t\t<\/div>\n\t\t\t\t\t<\/div>\n\t\t\t\t<\/div>\n\t\t\t\t<\/div>\n\t\t","protected":false},"excerpt":{"rendered":"<p>[bellows config_id=&#8221;main&#8221; menu=&#8221;23&#8243;] Municipal administration of Bogati\u0107 municipality Competences of the municipal administration prepares regulations and other acts adopted by the Municipal Assembly, the President of the Municipality and the Council; executes decisions and other acts of the Municipal Assembly, the president of the municipality and the council; decides in the administrative procedure in the [&hellip;]<\/p>\n","protected":false},"author":8,"featured_media":0,"parent":13008,"menu_order":0,"comment_status":"closed","ping_status":"closed","template":"","meta":{"footnotes":""},"class_list":["post-13201","page","type-page","status-publish","hentry"],"blocksy_meta":[],"yoast_head":"<!-- This site is optimized with the Yoast SEO plugin v27.1.1 - https:\/\/yoast.com\/product\/yoast-seo-wordpress\/ -->\n<title>Municipal administration of Bogati\u0107 municipality - Bogati\u0107<\/title>\n<meta name=\"description\" content=\"Bogati\u0107 - Municipal administration of Bogati\u0107 municipality\" \/>\n<meta name=\"robots\" content=\"index, follow, max-snippet:-1, max-image-preview:large, max-video-preview:-1\" \/>\n<link rel=\"canonical\" href=\"https:\/\/bogatic.rs\/en\/local-government\/municipal-administration-of-bogatic-municipality\/\" \/>\n<meta property=\"og:locale\" content=\"en_US\" \/>\n<meta property=\"og:type\" content=\"article\" \/>\n<meta property=\"og:title\" content=\"Municipal administration of Bogati\u0107 municipality - Bogati\u0107\" \/>\n<meta property=\"og:description\" content=\"Bogati\u0107 - Municipal administration of Bogati\u0107 municipality\" \/>\n<meta property=\"og:url\" content=\"https:\/\/bogatic.rs\/en\/local-government\/municipal-administration-of-bogatic-municipality\/\" \/>\n<meta property=\"og:site_name\" content=\"Bogati\u0107\" \/>\n<meta property=\"article:modified_time\" content=\"2023-02-20T10:28:14+00:00\" \/>\n<meta property=\"og:image\" content=\"https:\/\/bogatic.rs\/wp-content\/uploads\/2023\/02\/1200px-Zgrada_starog_okruznog_nacelstva_u_Bogaticu_01.jpg\" \/>\n\t<meta property=\"og:image:width\" content=\"1200\" \/>\n\t<meta property=\"og:image:height\" content=\"675\" \/>\n\t<meta property=\"og:image:type\" content=\"image\/jpeg\" \/>\n<meta name=\"twitter:card\" content=\"summary_large_image\" \/>\n<meta name=\"twitter:label1\" content=\"Est. reading time\" \/>\n\t<meta name=\"twitter:data1\" content=\"2 minutes\" \/>\n<script type=\"application\/ld+json\" class=\"yoast-schema-graph\">{\"@context\":\"https:\/\/schema.org\",\"@graph\":[{\"@type\":\"WebPage\",\"@id\":\"https:\/\/bogatic.rs\/en\/local-government\/municipal-administration-of-bogatic-municipality\/\",\"url\":\"https:\/\/bogatic.rs\/en\/local-government\/municipal-administration-of-bogatic-municipality\/\",\"name\":\"Municipal administration of Bogati\u0107 municipality - Bogati\u0107\",\"isPartOf\":{\"@id\":\"https:\/\/bogatic.rs\/#website\"},\"datePublished\":\"2023-01-20T08:49:28+00:00\",\"dateModified\":\"2023-02-20T10:28:14+00:00\",\"description\":\"Bogati\u0107 - Municipal administration of Bogati\u0107 municipality\",\"breadcrumb\":{\"@id\":\"https:\/\/bogatic.rs\/en\/local-government\/municipal-administration-of-bogatic-municipality\/#breadcrumb\"},\"inLanguage\":\"en-US\",\"potentialAction\":[{\"@type\":\"ReadAction\",\"target\":[\"https:\/\/bogatic.rs\/en\/local-government\/municipal-administration-of-bogatic-municipality\/\"]}]},{\"@type\":\"BreadcrumbList\",\"@id\":\"https:\/\/bogatic.rs\/en\/local-government\/municipal-administration-of-bogatic-municipality\/#breadcrumb\",\"itemListElement\":[{\"@type\":\"ListItem\",\"position\":1,\"name\":\"Home\",\"item\":\"https:\/\/bogatic.rs\/\"},{\"@type\":\"ListItem\",\"position\":2,\"name\":\"Local government\",\"item\":\"https:\/\/bogatic.rs\/lokalna-samouprava\/\"},{\"@type\":\"ListItem\",\"position\":3,\"name\":\"Municipal administration of Bogati\u0107 municipality\"}]},{\"@type\":\"WebSite\",\"@id\":\"https:\/\/bogatic.rs\/#website\",\"url\":\"https:\/\/bogatic.rs\/\",\"name\":\"Bogati\u0107\",\"description\":\"Zvani\u010dni sajt Op\u0161tine Bogati\u0107\",\"publisher\":{\"@id\":\"https:\/\/bogatic.rs\/#organization\"},\"potentialAction\":[{\"@type\":\"SearchAction\",\"target\":{\"@type\":\"EntryPoint\",\"urlTemplate\":\"https:\/\/bogatic.rs\/?s={search_term_string}\"},\"query-input\":{\"@type\":\"PropertyValueSpecification\",\"valueRequired\":true,\"valueName\":\"search_term_string\"}}],\"inLanguage\":\"en-US\"},{\"@type\":\"Organization\",\"@id\":\"https:\/\/bogatic.rs\/#organization\",\"name\":\"Bogati\u0107\",\"url\":\"https:\/\/bogatic.rs\/\",\"logo\":{\"@type\":\"ImageObject\",\"inLanguage\":\"en-US\",\"@id\":\"https:\/\/bogatic.rs\/#\/schema\/logo\/image\/\",\"url\":\"https:\/\/bogatic.rs\/wp-content\/uploads\/2022\/12\/large-logo.png\",\"contentUrl\":\"https:\/\/bogatic.rs\/wp-content\/uploads\/2022\/12\/large-logo.png\",\"width\":700,\"height\":520,\"caption\":\"Bogati\u0107\"},\"image\":{\"@id\":\"https:\/\/bogatic.rs\/#\/schema\/logo\/image\/\"}}]}<\/script>\n<!-- \/ Yoast SEO plugin. -->","yoast_head_json":{"title":"Municipal administration of Bogati\u0107 municipality - Bogati\u0107","description":"Bogati\u0107 - Municipal administration of Bogati\u0107 municipality","robots":{"index":"index","follow":"follow","max-snippet":"max-snippet:-1","max-image-preview":"max-image-preview:large","max-video-preview":"max-video-preview:-1"},"canonical":"https:\/\/bogatic.rs\/en\/local-government\/municipal-administration-of-bogatic-municipality\/","og_locale":"en_US","og_type":"article","og_title":"Municipal administration of Bogati\u0107 municipality - Bogati\u0107","og_description":"Bogati\u0107 - Municipal administration of Bogati\u0107 municipality","og_url":"https:\/\/bogatic.rs\/en\/local-government\/municipal-administration-of-bogatic-municipality\/","og_site_name":"Bogati\u0107","article_modified_time":"2023-02-20T10:28:14+00:00","og_image":[{"width":1200,"height":675,"url":"https:\/\/bogatic.rs\/wp-content\/uploads\/2023\/02\/1200px-Zgrada_starog_okruznog_nacelstva_u_Bogaticu_01.jpg","type":"image\/jpeg"}],"twitter_card":"summary_large_image","twitter_misc":{"Est. reading time":"2 minutes"},"schema":{"@context":"https:\/\/schema.org","@graph":[{"@type":"WebPage","@id":"https:\/\/bogatic.rs\/en\/local-government\/municipal-administration-of-bogatic-municipality\/","url":"https:\/\/bogatic.rs\/en\/local-government\/municipal-administration-of-bogatic-municipality\/","name":"Municipal administration of Bogati\u0107 municipality - Bogati\u0107","isPartOf":{"@id":"https:\/\/bogatic.rs\/#website"},"datePublished":"2023-01-20T08:49:28+00:00","dateModified":"2023-02-20T10:28:14+00:00","description":"Bogati\u0107 - Municipal administration of Bogati\u0107 municipality","breadcrumb":{"@id":"https:\/\/bogatic.rs\/en\/local-government\/municipal-administration-of-bogatic-municipality\/#breadcrumb"},"inLanguage":"en-US","potentialAction":[{"@type":"ReadAction","target":["https:\/\/bogatic.rs\/en\/local-government\/municipal-administration-of-bogatic-municipality\/"]}]},{"@type":"BreadcrumbList","@id":"https:\/\/bogatic.rs\/en\/local-government\/municipal-administration-of-bogatic-municipality\/#breadcrumb","itemListElement":[{"@type":"ListItem","position":1,"name":"Home","item":"https:\/\/bogatic.rs\/"},{"@type":"ListItem","position":2,"name":"Local government","item":"https:\/\/bogatic.rs\/lokalna-samouprava\/"},{"@type":"ListItem","position":3,"name":"Municipal administration of Bogati\u0107 municipality"}]},{"@type":"WebSite","@id":"https:\/\/bogatic.rs\/#website","url":"https:\/\/bogatic.rs\/","name":"Bogati\u0107","description":"Zvani\u010dni sajt Op\u0161tine Bogati\u0107","publisher":{"@id":"https:\/\/bogatic.rs\/#organization"},"potentialAction":[{"@type":"SearchAction","target":{"@type":"EntryPoint","urlTemplate":"https:\/\/bogatic.rs\/?s={search_term_string}"},"query-input":{"@type":"PropertyValueSpecification","valueRequired":true,"valueName":"search_term_string"}}],"inLanguage":"en-US"},{"@type":"Organization","@id":"https:\/\/bogatic.rs\/#organization","name":"Bogati\u0107","url":"https:\/\/bogatic.rs\/","logo":{"@type":"ImageObject","inLanguage":"en-US","@id":"https:\/\/bogatic.rs\/#\/schema\/logo\/image\/","url":"https:\/\/bogatic.rs\/wp-content\/uploads\/2022\/12\/large-logo.png","contentUrl":"https:\/\/bogatic.rs\/wp-content\/uploads\/2022\/12\/large-logo.png","width":700,"height":520,"caption":"Bogati\u0107"},"image":{"@id":"https:\/\/bogatic.rs\/#\/schema\/logo\/image\/"}}]}},"_links":{"self":[{"href":"https:\/\/bogatic.rs\/en\/wp-json\/wp\/v2\/pages\/13201","targetHints":{"allow":["GET"]}}],"collection":[{"href":"https:\/\/bogatic.rs\/en\/wp-json\/wp\/v2\/pages"}],"about":[{"href":"https:\/\/bogatic.rs\/en\/wp-json\/wp\/v2\/types\/page"}],"author":[{"embeddable":true,"href":"https:\/\/bogatic.rs\/en\/wp-json\/wp\/v2\/users\/8"}],"replies":[{"embeddable":true,"href":"https:\/\/bogatic.rs\/en\/wp-json\/wp\/v2\/comments?post=13201"}],"version-history":[{"count":0,"href":"https:\/\/bogatic.rs\/en\/wp-json\/wp\/v2\/pages\/13201\/revisions"}],"up":[{"embeddable":true,"href":"https:\/\/bogatic.rs\/en\/wp-json\/wp\/v2\/pages\/13008"}],"wp:attachment":[{"href":"https:\/\/bogatic.rs\/en\/wp-json\/wp\/v2\/media?parent=13201"}],"curies":[{"name":"wp","href":"https:\/\/api.w.org\/{rel}","templated":true}]}}