{"id":13209,"date":"2023-01-18T10:06:06","date_gmt":"2023-01-18T10:06:06","guid":{"rendered":"https:\/\/harmonitydev.bogatic.rs\/guide\/public-institutions\/tourist-organization-of-the-municipality\/"},"modified":"2023-02-20T10:36:35","modified_gmt":"2023-02-20T10:36:35","slug":"tourist-organization-of-the-municipality","status":"publish","type":"page","link":"https:\/\/bogatic.rs\/en\/guide\/public-institutions\/tourist-organization-of-the-municipality\/","title":{"rendered":"Tourist organization of the municipality"},"content":{"rendered":"\t\t<div data-elementor-type=\"wp-page\" data-elementor-id=\"13209\" class=\"elementor elementor-13209\">\n\t\t\t\t<div class=\"elementor-element elementor-element-39fcb6f e-flex e-con-boxed e-con e-parent\" data-id=\"39fcb6f\" data-element_type=\"container\" data-e-type=\"container\">\n\t\t\t\t\t<div class=\"e-con-inner\">\n\t\t<div class=\"elementor-element elementor-element-cd13ba4 e-con-full e-flex e-con e-parent\" data-id=\"cd13ba4\" data-element_type=\"container\" data-e-type=\"container\">\n\t\t\t\t<div class=\"elementor-element elementor-element-182271d elementor-widget elementor-widget-shortcode\" data-id=\"182271d\" data-element_type=\"widget\" data-e-type=\"widget\" data-widget_type=\"shortcode.default\">\n\t\t\t\t<div class=\"elementor-widget-container\">\n\t\t\t\t\t\t\t<div class=\"elementor-shortcode\">[bellows config_id=\"main\" menu=\"22\"]<\/div>\n\t\t\t\t\t\t<\/div>\n\t\t\t\t<\/div>\n\t\t\t\t<\/div>\n\t\t<div class=\"elementor-element elementor-element-4957733 e-con-full e-flex e-con e-parent\" data-id=\"4957733\" data-element_type=\"container\" data-e-type=\"container\">\n\t\t<div class=\"elementor-element elementor-element-fbe0035 content-wrapper e-flex e-con-boxed e-con e-parent\" data-id=\"fbe0035\" data-element_type=\"container\" data-e-type=\"container\">\n\t\t\t\t\t<div class=\"e-con-inner\">\n\t\t<div class=\"elementor-element elementor-element-8388d06 e-flex e-con-boxed e-con e-parent\" data-id=\"8388d06\" data-element_type=\"container\" data-e-type=\"container\">\n\t\t\t\t\t<div class=\"e-con-inner\">\n\t\t\t\t<div class=\"elementor-element elementor-element-ac8b6da elementor-widget elementor-widget-heading\" data-id=\"ac8b6da\" data-element_type=\"widget\" data-e-type=\"widget\" data-widget_type=\"heading.default\">\n\t\t\t\t<div class=\"elementor-widget-container\">\n\t\t\t\t\t<h2 class=\"elementor-heading-title elementor-size-default\">Tourist Organization<\/h2>\t\t\t\t<\/div>\n\t\t\t\t<\/div>\n\t\t\t\t\t<\/div>\n\t\t\t\t<\/div>\n\t\t<div class=\"elementor-element elementor-element-1ca2246 e-flex e-con-boxed e-con e-parent\" data-id=\"1ca2246\" data-element_type=\"container\" data-e-type=\"container\">\n\t\t\t\t\t<div class=\"e-con-inner\">\n\t\t<div class=\"elementor-element elementor-element-fa456e9 e-con-full e-flex e-con e-parent\" data-id=\"fa456e9\" data-element_type=\"container\" data-e-type=\"container\">\n\t\t\t\t<div class=\"elementor-element elementor-element-a5d50a8 elementor-widget elementor-widget-image\" data-id=\"a5d50a8\" data-element_type=\"widget\" data-e-type=\"widget\" data-widget_type=\"image.default\">\n\t\t\t\t<div class=\"elementor-widget-container\">\n\t\t\t\t\t\t\t\t\t\t\t\t\t\t\t\t<a href=\"https:\/\/bogatic.rs\/wp-content\/uploads\/2023\/01\/TOOB-logo.jpg\" data-elementor-open-lightbox=\"yes\" data-elementor-lightbox-title=\"TOOB logo\" data-e-action-hash=\"#elementor-action%3Aaction%3Dlightbox%26settings%3DeyJpZCI6MTI3NTYsInVybCI6Imh0dHBzOlwvXC9ib2dhdGljLnJzXC93cC1jb250ZW50XC91cGxvYWRzXC8yMDIzXC8wMVwvVE9PQi1sb2dvLmpwZyJ9\">\n\t\t\t\t\t\t\t<img decoding=\"async\" width=\"200\" height=\"132\" src=\"https:\/\/bogatic.rs\/wp-content\/uploads\/2023\/01\/TOOB-logo.jpg\" class=\"attachment-large size-large wp-image-12756\" alt=\"\" \/>\t\t\t\t\t\t\t\t<\/a>\n\t\t\t\t\t\t\t\t\t\t\t\t\t\t\t<\/div>\n\t\t\t\t<\/div>\n\t\t\t\t<div class=\"elementor-element elementor-element-4b031a2 elementor-widget elementor-widget-text-editor\" data-id=\"4b031a2\" data-element_type=\"widget\" data-e-type=\"widget\" data-widget_type=\"text-editor.default\">\n\t\t\t\t<div class=\"elementor-widget-container\">\n\t\t\t\t\t\t\t\t\t<p style=\"text-align: center;\">TOOB logo<\/p>\n\t\t\t\t\t\t\t\t<\/div>\n\t\t\t\t<\/div>\n\t\t\t\t<div class=\"elementor-element elementor-element-40834e9 elementor-widget elementor-widget-image\" data-id=\"40834e9\" data-element_type=\"widget\" data-e-type=\"widget\" data-widget_type=\"image.default\">\n\t\t\t\t<div class=\"elementor-widget-container\">\n\t\t\t\t\t\t\t\t\t\t\t\t\t\t\t\t<a href=\"https:\/\/bogatic.rs\/wp-content\/uploads\/2023\/01\/Hajdueka-regata.jpg\" data-elementor-open-lightbox=\"yes\" data-elementor-lightbox-title=\"Hajdu\u00e8ka regata\" data-e-action-hash=\"#elementor-action%3Aaction%3Dlightbox%26settings%3DeyJpZCI6MTI3NTcsInVybCI6Imh0dHBzOlwvXC9ib2dhdGljLnJzXC93cC1jb250ZW50XC91cGxvYWRzXC8yMDIzXC8wMVwvSGFqZHVla2EtcmVnYXRhLmpwZyJ9\">\n\t\t\t\t\t\t\t<img fetchpriority=\"high\" decoding=\"async\" width=\"640\" height=\"480\" src=\"https:\/\/bogatic.rs\/wp-content\/uploads\/2023\/01\/Hajdueka-regata.jpg\" class=\"attachment-large size-large wp-image-12757\" alt=\"\" srcset=\"https:\/\/bogatic.rs\/wp-content\/uploads\/2023\/01\/Hajdueka-regata.jpg 640w, https:\/\/bogatic.rs\/wp-content\/uploads\/2023\/01\/Hajdueka-regata-300x225.jpg 300w\" sizes=\"(max-width: 640px) 100vw, 640px\" \/>\t\t\t\t\t\t\t\t<\/a>\n\t\t\t\t\t\t\t\t\t\t\t\t\t\t\t<\/div>\n\t\t\t\t<\/div>\n\t\t\t\t<div class=\"elementor-element elementor-element-0b5166b elementor-widget elementor-widget-text-editor\" data-id=\"0b5166b\" data-element_type=\"widget\" data-e-type=\"widget\" data-widget_type=\"text-editor.default\">\n\t\t\t\t<div class=\"elementor-widget-container\">\n\t\t\t\t\t\t\t\t\t<p style=\"text-align: center;\">Hajdu\u010dka regatta<\/p>\n\t\t\t\t\t\t\t\t<\/div>\n\t\t\t\t<\/div>\n\t\t\t\t<div class=\"elementor-element elementor-element-4ea38e7 elementor-widget elementor-widget-image\" data-id=\"4ea38e7\" data-element_type=\"widget\" data-e-type=\"widget\" data-widget_type=\"image.default\">\n\t\t\t\t<div class=\"elementor-widget-container\">\n\t\t\t\t\t\t\t\t\t\t\t\t\t\t\t\t<a href=\"https:\/\/bogatic.rs\/wp-content\/uploads\/2023\/01\/Stand-TOOB-a.jpg\" data-elementor-open-lightbox=\"yes\" data-elementor-lightbox-title=\"\u0160tand TOOB-a\" data-e-action-hash=\"#elementor-action%3Aaction%3Dlightbox%26settings%3DeyJpZCI6MTI3NTgsInVybCI6Imh0dHBzOlwvXC9ib2dhdGljLnJzXC93cC1jb250ZW50XC91cGxvYWRzXC8yMDIzXC8wMVwvU3RhbmQtVE9PQi1hLmpwZyJ9\">\n\t\t\t\t\t\t\t<img decoding=\"async\" width=\"160\" height=\"198\" src=\"https:\/\/bogatic.rs\/wp-content\/uploads\/2023\/01\/Stand-TOOB-a.jpg\" class=\"attachment-large size-large wp-image-12758\" alt=\"\" \/>\t\t\t\t\t\t\t\t<\/a>\n\t\t\t\t\t\t\t\t\t\t\t\t\t\t\t<\/div>\n\t\t\t\t<\/div>\n\t\t\t\t<div class=\"elementor-element elementor-element-471aac4 elementor-widget elementor-widget-text-editor\" data-id=\"471aac4\" data-element_type=\"widget\" data-e-type=\"widget\" data-widget_type=\"text-editor.default\">\n\t\t\t\t<div class=\"elementor-widget-container\">\n\t\t\t\t\t\t\t\t\t<p style=\"text-align: center;\">TOOB stand<\/p>\n\t\t\t\t\t\t\t\t<\/div>\n\t\t\t\t<\/div>\n\t\t\t\t<\/div>\n\t\t<div class=\"elementor-element elementor-element-003d93d e-flex e-con-boxed e-con e-parent\" data-id=\"003d93d\" data-element_type=\"container\" data-e-type=\"container\">\n\t\t\t\t\t<div class=\"e-con-inner\">\n\t\t\t\t<div class=\"elementor-element elementor-element-dee2e12 elementor-widget elementor-widget-text-editor\" data-id=\"dee2e12\" data-element_type=\"widget\" data-e-type=\"widget\" data-widget_type=\"text-editor.default\">\n\t\t\t\t<div class=\"elementor-widget-container\">\n\t\t\t\t\t\t\t\t\t<p><strong>web:<\/strong> <a href=\"http:\/\/www.bogatic-tourism.com\/\" target=\"_blank\" rel=\"noopener\">www.bogatic-tourism.com<\/a><\/p>\n<p>The Tourist Organization of the Municipality of Bogati\u0107 (TOOB) was founded by the Assembly of the Municipality of Bogati\u0107 and started its work on June 14, 2011.<\/p>\n<p>In order to valorize, develop and improve tourism and the tourist offer, preserve and protect tourist values in the territory of the municipality of Bogati\u0107, it performs the following tasks:<\/p>\n<ul>\n<li>improvement of tourism in the municipality;<\/li>\n<li>development of tourism development programs and corresponding planning acts<\/li>\n<li>organization of tourist information activities, cultural, sports and other events of interest for the improvement of tourism in the municipality;<\/li>\n<li>improvement and promotion of original values (tradition, customs, ethnological treasures, etc.) of the tourist area to which the municipality belongs and creation of conditions for its use;<\/li>\n<li>organizes cultural, sports and other manifestations of interest for the improvement of tourism in the territory of the municipality; <\/li>\n<\/ul>\n<p>The tourist organization of the municipality of Bogati\u0107 cooperates with the tourist organizations of cities and municipalities (In\u0111ija, Novi Sad, \u0160abac, Loznica, Ljubovija,&#8230;) Spa Kovilja\u010da, &#8220;Drina for the third millennium&#8221; &#8211; Sun\u010dana Reka, Tourism Fair &#8211; Novi Sad).<\/p>\n\t\t\t\t\t\t\t\t<\/div>\n\t\t\t\t<\/div>\n\t\t\t\t\t<\/div>\n\t\t\t\t<\/div>\n\t\t\t\t\t<\/div>\n\t\t\t\t<\/div>\n\t\t<div class=\"elementor-element elementor-element-75d0d35 e-flex e-con-boxed e-con e-parent\" data-id=\"75d0d35\" data-element_type=\"container\" data-e-type=\"container\">\n\t\t\t\t\t<div class=\"e-con-inner\">\n\t\t\t\t<div class=\"elementor-element elementor-element-8291005 elementor-widget elementor-widget-text-editor\" data-id=\"8291005\" data-element_type=\"widget\" data-e-type=\"widget\" data-widget_type=\"text-editor.default\">\n\t\t\t\t<div class=\"elementor-widget-container\">\n\t\t\t\t\t\t\t\t\t<p>Immediately after its establishment, TOOB took on a large part of the work in organizing and promoting the traditional event &#8220;Hajdu\u010dko vece&#8221;. With intensive promotion on the ground and in the media, this manifestation has significantly improved in terms of attendance and content enrichment.<br \/>As part of the event, a motorcycle rally was held, and TOOB, with the great help of the Town Administration of the town of \u0160abac and the Tourist Organization of the town of \u0160abac, organized a regatta called the &#8220;Hajdu\u010dka regatta&#8221; for the first time in this region, in which he participated about 28 vessels with over 200 participants.<\/p>\n<p>Currently, with the project called &#8220;Development of tourism and tourist organization of Bogati\u0107 municipality&#8221;, she applied for funds from the Ministry of Economy and Regional Development, tourism sector, from the Ministry&#8217;s fund intended for co-financing.<br \/>The creation of the TOOB website, as well as the creation of the websites of some of the ethno-complexes from the territory of the municipality, the installation of tourist signage and city lights, is in progress.<\/p>\n<p>TOOB will by the end of 2011. participate and realize promotional performances at the following fairs and tourist exchanges: Tourism Fair in Novi Sad, Tourist Exchange in Kragujevac and Regional Tourist Exchange in Zagreb. The goal of the participation of TO Bogati\u0107 is the promotion of its own tourism potential, the affirmation and promotion of the Municipality and the Tourist Organization, as well as the establishment of contacts in Serbia and the Balkan region. As part of promotions, special emphasis would be placed on tourism journalists and owners of travel agencies.<\/p>\n<p>Our values are represented more in the form of potential, and the prerequisites for converting potential into an offer already exist, it is necessary to promote these resources in order to create awareness of their existence among potential visitors. In accordance with the above, the general goal is the general popularization of resources in order to increase attendance and shape the tourist offer, but also to create clear strategic guidelines for the development of tourism in the municipality of Bogati\u0107.<br \/>In accordance with that, the work on the inventory and creation of the Development Action Plan was started.<\/p>\n<p><strong>Contacts:<\/strong><\/p>\n<p>Phone\/fax: 015\/7787-505<br \/>e-mail: <a>turist.bogatic@gmail. com<\/a><br \/>web: <a href=\"http:\/\/bogatic-tourism.com\/\" target=\"_blank\" rel=\"noopener\">bogatic-tourism.com<\/a><br \/>director: Darko Ma\u0161i\u0107<\/p>\n\t\t\t\t\t\t\t\t<\/div>\n\t\t\t\t<\/div>\n\t\t\t\t\t<\/div>\n\t\t\t\t<\/div>\n\t\t\t\t\t<\/div>\n\t\t\t\t<\/div>\n\t\t\t\t<\/div>\n\t\t\t\t\t<\/div>\n\t\t\t\t<\/div>\n\t\t\t\t<\/div>\n\t\t","protected":false},"excerpt":{"rendered":"<p>[bellows config_id=&#8221;main&#8221; menu=&#8221;22&#8243;] Tourist Organization TOOB logo Hajdu\u010dka regatta TOOB stand web: www.bogatic-tourism.com The Tourist Organization of the Municipality of Bogati\u0107 (TOOB) was founded by the Assembly of the Municipality of Bogati\u0107 and started its work on June 14, 2011. In order to valorize, develop and improve tourism and the tourist offer, preserve and protect [&hellip;]<\/p>\n","protected":false},"author":8,"featured_media":0,"parent":13086,"menu_order":0,"comment_status":"closed","ping_status":"closed","template":"","meta":{"footnotes":""},"class_list":["post-13209","page","type-page","status-publish","hentry"],"blocksy_meta":[],"yoast_head":"<!-- This site is optimized with the Yoast SEO plugin v27.1.1 - https:\/\/yoast.com\/product\/yoast-seo-wordpress\/ -->\n<title>Tourist organization of the municipality - Bogati\u0107<\/title>\n<meta name=\"description\" content=\"Bogati\u0107 - Tourist organization of the municipality\" \/>\n<meta name=\"robots\" content=\"index, follow, max-snippet:-1, max-image-preview:large, max-video-preview:-1\" \/>\n<link rel=\"canonical\" href=\"https:\/\/bogatic.rs\/vodic\/javne-ustanove\/turisticka-organizacija-opstine\/\" \/>\n<meta property=\"og:locale\" content=\"en_US\" \/>\n<meta property=\"og:type\" content=\"article\" \/>\n<meta property=\"og:title\" content=\"Tourist organization of the municipality - Bogati\u0107\" \/>\n<meta property=\"og:description\" content=\"Bogati\u0107 - Tourist organization of the municipality\" \/>\n<meta property=\"og:url\" content=\"https:\/\/bogatic.rs\/vodic\/javne-ustanove\/turisticka-organizacija-opstine\/\" \/>\n<meta property=\"og:site_name\" content=\"Bogati\u0107\" \/>\n<meta property=\"article:modified_time\" content=\"2023-02-20T10:36:35+00:00\" \/>\n<meta property=\"og:image\" content=\"https:\/\/bogatic.rs\/wp-content\/uploads\/2023\/01\/TOOB-logo.jpg\" \/>\n<meta name=\"twitter:card\" content=\"summary_large_image\" \/>\n<meta name=\"twitter:label1\" content=\"Est. reading time\" \/>\n\t<meta name=\"twitter:data1\" content=\"3 minutes\" \/>\n<script type=\"application\/ld+json\" class=\"yoast-schema-graph\">{\"@context\":\"https:\/\/schema.org\",\"@graph\":[{\"@type\":\"WebPage\",\"@id\":\"https:\/\/bogatic.rs\/vodic\/javne-ustanove\/turisticka-organizacija-opstine\/\",\"url\":\"https:\/\/bogatic.rs\/vodic\/javne-ustanove\/turisticka-organizacija-opstine\/\",\"name\":\"Tourist organization of the municipality - Bogati\u0107\",\"isPartOf\":{\"@id\":\"https:\/\/bogatic.rs\/#website\"},\"primaryImageOfPage\":{\"@id\":\"https:\/\/bogatic.rs\/vodic\/javne-ustanove\/turisticka-organizacija-opstine\/#primaryimage\"},\"image\":{\"@id\":\"https:\/\/bogatic.rs\/vodic\/javne-ustanove\/turisticka-organizacija-opstine\/#primaryimage\"},\"thumbnailUrl\":\"https:\/\/bogatic.rs\/wp-content\/uploads\/2023\/01\/TOOB-logo.jpg\",\"datePublished\":\"2023-01-18T10:06:06+00:00\",\"dateModified\":\"2023-02-20T10:36:35+00:00\",\"description\":\"Bogati\u0107 - Tourist organization of the municipality\",\"breadcrumb\":{\"@id\":\"https:\/\/bogatic.rs\/vodic\/javne-ustanove\/turisticka-organizacija-opstine\/#breadcrumb\"},\"inLanguage\":\"en-US\",\"potentialAction\":[{\"@type\":\"ReadAction\",\"target\":[\"https:\/\/bogatic.rs\/vodic\/javne-ustanove\/turisticka-organizacija-opstine\/\"]}]},{\"@type\":\"ImageObject\",\"inLanguage\":\"en-US\",\"@id\":\"https:\/\/bogatic.rs\/vodic\/javne-ustanove\/turisticka-organizacija-opstine\/#primaryimage\",\"url\":\"https:\/\/bogatic.rs\/wp-content\/uploads\/2023\/01\/TOOB-logo.jpg\",\"contentUrl\":\"https:\/\/bogatic.rs\/wp-content\/uploads\/2023\/01\/TOOB-logo.jpg\"},{\"@type\":\"BreadcrumbList\",\"@id\":\"https:\/\/bogatic.rs\/vodic\/javne-ustanove\/turisticka-organizacija-opstine\/#breadcrumb\",\"itemListElement\":[{\"@type\":\"ListItem\",\"position\":1,\"name\":\"Home\",\"item\":\"https:\/\/bogatic.rs\/\"},{\"@type\":\"ListItem\",\"position\":2,\"name\":\"Guide\",\"item\":\"https:\/\/bogatic.rs\/vodic\/\"},{\"@type\":\"ListItem\",\"position\":3,\"name\":\"Public institutions\",\"item\":\"https:\/\/bogatic.rs\/vodic\/javne-ustanove\/\"},{\"@type\":\"ListItem\",\"position\":4,\"name\":\"Tourist organization of the municipality\"}]},{\"@type\":\"WebSite\",\"@id\":\"https:\/\/bogatic.rs\/#website\",\"url\":\"https:\/\/bogatic.rs\/\",\"name\":\"Bogati\u0107\",\"description\":\"Zvani\u010dni sajt Op\u0161tine Bogati\u0107\",\"publisher\":{\"@id\":\"https:\/\/bogatic.rs\/#organization\"},\"potentialAction\":[{\"@type\":\"SearchAction\",\"target\":{\"@type\":\"EntryPoint\",\"urlTemplate\":\"https:\/\/bogatic.rs\/?s={search_term_string}\"},\"query-input\":{\"@type\":\"PropertyValueSpecification\",\"valueRequired\":true,\"valueName\":\"search_term_string\"}}],\"inLanguage\":\"en-US\"},{\"@type\":\"Organization\",\"@id\":\"https:\/\/bogatic.rs\/#organization\",\"name\":\"Bogati\u0107\",\"url\":\"https:\/\/bogatic.rs\/\",\"logo\":{\"@type\":\"ImageObject\",\"inLanguage\":\"en-US\",\"@id\":\"https:\/\/bogatic.rs\/#\/schema\/logo\/image\/\",\"url\":\"https:\/\/bogatic.rs\/wp-content\/uploads\/2022\/12\/large-logo.png\",\"contentUrl\":\"https:\/\/bogatic.rs\/wp-content\/uploads\/2022\/12\/large-logo.png\",\"width\":700,\"height\":520,\"caption\":\"Bogati\u0107\"},\"image\":{\"@id\":\"https:\/\/bogatic.rs\/#\/schema\/logo\/image\/\"}}]}<\/script>\n<!-- \/ Yoast SEO plugin. -->","yoast_head_json":{"title":"Tourist organization of the municipality - Bogati\u0107","description":"Bogati\u0107 - Tourist organization of the municipality","robots":{"index":"index","follow":"follow","max-snippet":"max-snippet:-1","max-image-preview":"max-image-preview:large","max-video-preview":"max-video-preview:-1"},"canonical":"https:\/\/bogatic.rs\/vodic\/javne-ustanove\/turisticka-organizacija-opstine\/","og_locale":"en_US","og_type":"article","og_title":"Tourist organization of the municipality - Bogati\u0107","og_description":"Bogati\u0107 - Tourist organization of the municipality","og_url":"https:\/\/bogatic.rs\/vodic\/javne-ustanove\/turisticka-organizacija-opstine\/","og_site_name":"Bogati\u0107","article_modified_time":"2023-02-20T10:36:35+00:00","og_image":[{"url":"https:\/\/bogatic.rs\/wp-content\/uploads\/2023\/01\/TOOB-logo.jpg","type":"","width":"","height":""}],"twitter_card":"summary_large_image","twitter_misc":{"Est. reading time":"3 minutes"},"schema":{"@context":"https:\/\/schema.org","@graph":[{"@type":"WebPage","@id":"https:\/\/bogatic.rs\/vodic\/javne-ustanove\/turisticka-organizacija-opstine\/","url":"https:\/\/bogatic.rs\/vodic\/javne-ustanove\/turisticka-organizacija-opstine\/","name":"Tourist organization of the municipality - Bogati\u0107","isPartOf":{"@id":"https:\/\/bogatic.rs\/#website"},"primaryImageOfPage":{"@id":"https:\/\/bogatic.rs\/vodic\/javne-ustanove\/turisticka-organizacija-opstine\/#primaryimage"},"image":{"@id":"https:\/\/bogatic.rs\/vodic\/javne-ustanove\/turisticka-organizacija-opstine\/#primaryimage"},"thumbnailUrl":"https:\/\/bogatic.rs\/wp-content\/uploads\/2023\/01\/TOOB-logo.jpg","datePublished":"2023-01-18T10:06:06+00:00","dateModified":"2023-02-20T10:36:35+00:00","description":"Bogati\u0107 - Tourist organization of the municipality","breadcrumb":{"@id":"https:\/\/bogatic.rs\/vodic\/javne-ustanove\/turisticka-organizacija-opstine\/#breadcrumb"},"inLanguage":"en-US","potentialAction":[{"@type":"ReadAction","target":["https:\/\/bogatic.rs\/vodic\/javne-ustanove\/turisticka-organizacija-opstine\/"]}]},{"@type":"ImageObject","inLanguage":"en-US","@id":"https:\/\/bogatic.rs\/vodic\/javne-ustanove\/turisticka-organizacija-opstine\/#primaryimage","url":"https:\/\/bogatic.rs\/wp-content\/uploads\/2023\/01\/TOOB-logo.jpg","contentUrl":"https:\/\/bogatic.rs\/wp-content\/uploads\/2023\/01\/TOOB-logo.jpg"},{"@type":"BreadcrumbList","@id":"https:\/\/bogatic.rs\/vodic\/javne-ustanove\/turisticka-organizacija-opstine\/#breadcrumb","itemListElement":[{"@type":"ListItem","position":1,"name":"Home","item":"https:\/\/bogatic.rs\/"},{"@type":"ListItem","position":2,"name":"Guide","item":"https:\/\/bogatic.rs\/vodic\/"},{"@type":"ListItem","position":3,"name":"Public institutions","item":"https:\/\/bogatic.rs\/vodic\/javne-ustanove\/"},{"@type":"ListItem","position":4,"name":"Tourist organization of the municipality"}]},{"@type":"WebSite","@id":"https:\/\/bogatic.rs\/#website","url":"https:\/\/bogatic.rs\/","name":"Bogati\u0107","description":"Zvani\u010dni sajt Op\u0161tine Bogati\u0107","publisher":{"@id":"https:\/\/bogatic.rs\/#organization"},"potentialAction":[{"@type":"SearchAction","target":{"@type":"EntryPoint","urlTemplate":"https:\/\/bogatic.rs\/?s={search_term_string}"},"query-input":{"@type":"PropertyValueSpecification","valueRequired":true,"valueName":"search_term_string"}}],"inLanguage":"en-US"},{"@type":"Organization","@id":"https:\/\/bogatic.rs\/#organization","name":"Bogati\u0107","url":"https:\/\/bogatic.rs\/","logo":{"@type":"ImageObject","inLanguage":"en-US","@id":"https:\/\/bogatic.rs\/#\/schema\/logo\/image\/","url":"https:\/\/bogatic.rs\/wp-content\/uploads\/2022\/12\/large-logo.png","contentUrl":"https:\/\/bogatic.rs\/wp-content\/uploads\/2022\/12\/large-logo.png","width":700,"height":520,"caption":"Bogati\u0107"},"image":{"@id":"https:\/\/bogatic.rs\/#\/schema\/logo\/image\/"}}]}},"_links":{"self":[{"href":"https:\/\/bogatic.rs\/en\/wp-json\/wp\/v2\/pages\/13209","targetHints":{"allow":["GET"]}}],"collection":[{"href":"https:\/\/bogatic.rs\/en\/wp-json\/wp\/v2\/pages"}],"about":[{"href":"https:\/\/bogatic.rs\/en\/wp-json\/wp\/v2\/types\/page"}],"author":[{"embeddable":true,"href":"https:\/\/bogatic.rs\/en\/wp-json\/wp\/v2\/users\/8"}],"replies":[{"embeddable":true,"href":"https:\/\/bogatic.rs\/en\/wp-json\/wp\/v2\/comments?post=13209"}],"version-history":[{"count":0,"href":"https:\/\/bogatic.rs\/en\/wp-json\/wp\/v2\/pages\/13209\/revisions"}],"up":[{"embeddable":true,"href":"https:\/\/bogatic.rs\/en\/wp-json\/wp\/v2\/pages\/13086"}],"wp:attachment":[{"href":"https:\/\/bogatic.rs\/en\/wp-json\/wp\/v2\/media?parent=13209"}],"curies":[{"name":"wp","href":"https:\/\/api.w.org\/{rel}","templated":true}]}}