{"id":13211,"date":"2023-01-18T10:05:05","date_gmt":"2023-01-18T10:05:05","guid":{"rendered":"https:\/\/harmonitydev.bogatic.rs\/guide\/public-institutions\/national-library\/"},"modified":"2023-02-20T10:36:35","modified_gmt":"2023-02-20T10:36:35","slug":"national-library","status":"publish","type":"page","link":"https:\/\/bogatic.rs\/en\/guide\/public-institutions\/national-library\/","title":{"rendered":"National Library"},"content":{"rendered":"\t\t<div data-elementor-type=\"wp-page\" data-elementor-id=\"13211\" class=\"elementor elementor-13211\">\n\t\t\t\t<div class=\"elementor-element elementor-element-92f7bfc e-flex e-con-boxed e-con e-parent\" data-id=\"92f7bfc\" data-element_type=\"container\" data-e-type=\"container\">\n\t\t\t\t\t<div class=\"e-con-inner\">\n\t\t<div class=\"elementor-element elementor-element-340db88 e-con-full e-flex e-con e-parent\" data-id=\"340db88\" data-element_type=\"container\" data-e-type=\"container\">\n\t\t\t\t<div class=\"elementor-element elementor-element-65d3d78 elementor-widget elementor-widget-shortcode\" data-id=\"65d3d78\" data-element_type=\"widget\" data-e-type=\"widget\" data-widget_type=\"shortcode.default\">\n\t\t\t\t<div class=\"elementor-widget-container\">\n\t\t\t\t\t\t\t<div class=\"elementor-shortcode\">[bellows config_id=\"main\" menu=\"22\"]<\/div>\n\t\t\t\t\t\t<\/div>\n\t\t\t\t<\/div>\n\t\t\t\t<\/div>\n\t\t<div class=\"elementor-element elementor-element-3efa56d e-con-full e-flex e-con e-parent\" data-id=\"3efa56d\" data-element_type=\"container\" data-e-type=\"container\">\n\t\t<div class=\"elementor-element elementor-element-71c0845 content-wrapper e-flex e-con-boxed e-con e-parent\" data-id=\"71c0845\" data-element_type=\"container\" data-e-type=\"container\">\n\t\t\t\t\t<div class=\"e-con-inner\">\n\t\t<div class=\"elementor-element elementor-element-01fd9e9 e-flex e-con-boxed e-con e-parent\" data-id=\"01fd9e9\" data-element_type=\"container\" data-e-type=\"container\">\n\t\t\t\t\t<div class=\"e-con-inner\">\n\t\t\t\t<div class=\"elementor-element elementor-element-a43227a elementor-widget elementor-widget-heading\" data-id=\"a43227a\" data-element_type=\"widget\" data-e-type=\"widget\" data-widget_type=\"heading.default\">\n\t\t\t\t<div class=\"elementor-widget-container\">\n\t\t\t\t\t<h2 class=\"elementor-heading-title elementor-size-default\">National Library<\/h2>\t\t\t\t<\/div>\n\t\t\t\t<\/div>\n\t\t\t\t\t<\/div>\n\t\t\t\t<\/div>\n\t\t<div class=\"elementor-element elementor-element-3b16bf3 e-flex e-con-boxed e-con e-parent\" data-id=\"3b16bf3\" data-element_type=\"container\" data-e-type=\"container\">\n\t\t\t\t\t<div class=\"e-con-inner\">\n\t\t<div class=\"elementor-element elementor-element-446d8cd e-flex e-con-boxed e-con e-parent\" data-id=\"446d8cd\" data-element_type=\"container\" data-e-type=\"container\">\n\t\t\t\t\t<div class=\"e-con-inner\">\n\t\t<div class=\"elementor-element elementor-element-c39aecf e-con-full e-flex e-con e-parent\" data-id=\"c39aecf\" data-element_type=\"container\" data-e-type=\"container\">\n\t\t\t\t<div class=\"elementor-element elementor-element-fee0f5a elementor-widget elementor-widget-image\" data-id=\"fee0f5a\" data-element_type=\"widget\" data-e-type=\"widget\" data-widget_type=\"image.default\">\n\t\t\t\t<div class=\"elementor-widget-container\">\n\t\t\t\t\t\t\t\t\t\t\t\t\t\t\t\t<a href=\"https:\/\/bogatic.rs\/wp-content\/uploads\/2023\/01\/Biblioteka-Janko-Veselinovic-Bogatic.jpg\" data-elementor-open-lightbox=\"yes\" data-elementor-lightbox-title=\"Biblioteka Janko Veselinovi\u0107 - Bogati\u0107\" data-e-action-hash=\"#elementor-action%3Aaction%3Dlightbox%26settings%3DeyJpZCI6MTI3NTUsInVybCI6Imh0dHBzOlwvXC9ib2dhdGljLnJzXC93cC1jb250ZW50XC91cGxvYWRzXC8yMDIzXC8wMVwvQmlibGlvdGVrYS1KYW5rby1WZXNlbGlub3ZpYy1Cb2dhdGljLmpwZyJ9\">\n\t\t\t\t\t\t\t<img decoding=\"async\" width=\"194\" height=\"180\" src=\"https:\/\/bogatic.rs\/wp-content\/uploads\/2023\/01\/Biblioteka-Janko-Veselinovic-Bogatic.jpg\" class=\"attachment-large size-large wp-image-12755\" alt=\"\" \/>\t\t\t\t\t\t\t\t<\/a>\n\t\t\t\t\t\t\t\t\t\t\t\t\t\t\t<\/div>\n\t\t\t\t<\/div>\n\t\t\t\t<div class=\"elementor-element elementor-element-3fad3d8 elementor-widget elementor-widget-text-editor\" data-id=\"3fad3d8\" data-element_type=\"widget\" data-e-type=\"widget\" data-widget_type=\"text-editor.default\">\n\t\t\t\t<div class=\"elementor-widget-container\">\n\t\t\t\t\t\t\t\t\t<p>Library Janko Veselinovi\u0107 &#8211; Bogati\u0107<\/p>\n\t\t\t\t\t\t\t\t<\/div>\n\t\t\t\t<\/div>\n\t\t\t\t<\/div>\n\t\t<div class=\"elementor-element elementor-element-807c52d e-flex e-con-boxed e-con e-parent\" data-id=\"807c52d\" data-element_type=\"container\" data-e-type=\"container\">\n\t\t\t\t\t<div class=\"e-con-inner\">\n\t\t\t\t<div class=\"elementor-element elementor-element-aa150b7 elementor-widget elementor-widget-text-editor\" data-id=\"aa150b7\" data-element_type=\"widget\" data-e-type=\"widget\" data-widget_type=\"text-editor.default\">\n\t\t\t\t<div class=\"elementor-widget-container\">\n\t\t\t\t\t\t\t\t\t<p><strong>web:<\/strong> <a href=\"http:\/\/www.bibliotekajanko.rs\/\" target=\"_blank\" rel=\"noopener\">www.bibliotekajanko.rs<\/a><\/p>\n<p>The beginning of the work of the National Library and Reading Room &#8220;Janko Veselinovi\u0107&#8221; dates from the time after World War II, more precisely from 1946. years. The books were collected and brought by the locals of Sreza Ma\u010dvanski and the entire work was on a voluntary basis. It is interesting that the premises of the library at that time were located across the street from the Elementary School, on the site of today&#8217;s cafe &#8220;Havana&#8221;. They were moved in 1950. in Mika Vitomirovi\u0107a Street, where they are still located, and it was named &#8220;Janko Veselinovi\u0107&#8221; National Library in 1960. Unfortunately, that year this institution lost its independence and became part of the Cultural and Educational Center, later called the Community of Culture Houses (in 1970), i.e. the present Cultural and Educational Center (since 1977).<\/p>\n\t\t\t\t\t\t\t\t<\/div>\n\t\t\t\t<\/div>\n\t\t\t\t\t<\/div>\n\t\t\t\t<\/div>\n\t\t\t\t\t<\/div>\n\t\t\t\t<\/div>\n\t\t<div class=\"elementor-element elementor-element-1414531 e-flex e-con-boxed e-con e-parent\" data-id=\"1414531\" data-element_type=\"container\" data-e-type=\"container\">\n\t\t\t\t\t<div class=\"e-con-inner\">\n\t\t\t\t<div class=\"elementor-element elementor-element-50014af elementor-widget elementor-widget-text-editor\" data-id=\"50014af\" data-element_type=\"widget\" data-e-type=\"widget\" data-widget_type=\"text-editor.default\">\n\t\t\t\t<div class=\"elementor-widget-container\">\n\t\t\t\t\t\t\t\t\t<p><span style=\"color: var( --e-global-color-text ); font-family: var( --e-global-typography-text-font-family ), Sans-serif; font-weight: var( --e-global-typography-text-font-weight ); text-align: var(--text-align); font-size: 1rem;\">Library activity has been the primary branch of all these public institutions for all these years, and as a natural consequence of such thinking, the 18. In February 2011, the National Library &#8220;Janko Veselinovi\u0107&#8221; from Bogati\u0107 became independent again.<\/span><\/p>\n<p>This cultural institution is currently in the phase of reorganization, arrangement of rooms and library materials. From what dynamics will these works proceed, in the spring of 2012 at the latest. year, the library will work in two shifts (07:00-20:00), and already three departments are operating within it:<\/p>\n<ul>\n<li>Children&#8217;s<\/li>\n<li>Department for adults<\/li>\n<li>Department for acquisition and processing of library materials, and now there is a reading room within the library.<\/li>\n<\/ul><div><br><\/div>\n<p>The municipality of Bogati\u0107 will use its resources to ensure that this, now public institution, gets the much-needed computers and printers and ensure comfortable work for all users and employees of this institution. In the coming period, the library will try to animate as many people as possible in order to return to books and cultural values by organizing poetry and literary evenings, literary forums, and recitation sections.<\/p>\n<p>Even if the National Library &#8220;Janko Veselinovi\u0107&#8221; does not have adequate rooms, they contain over 35,000 books, some of which are priceless. One of those rarities is the &#8220;Serbian Dictionary&#8221;, an original work from 1898. Vuk Stefanovi\u0107 Karad\u017ei\u0107. Here, too, you can find all the reading material for elementary and high school students, books on national and world history, classics, modern writers, encyclopedias, religious, philosophical, sociological works.<\/p>\n<p>Our and Your library has around 400 members, and that is the multi-year average for the municipality of Bogati\u0107. The membership fee for the unemployed is 300 din, for schoolchildren and students 400 din, while for the employed part of the population it is 500 din.<br>In the era of computers, mobile phones and other &#8220;miracles&#8221; of modern technology, the book is increasingly becoming a &#8220;forgotten category&#8221;. We, with your help, cannot allow this to happen and invite you to write to us at <a>bibliotekajanko@gmail.com<\/a> , or even better, to visit our premises at Mike Vitomirovi\u0107a Street 6. and tell us your suggestions and ideas about the future work of the library. Finally, we will end with a rarely quoted saying &#8220;Wear an old coat, buy a new book&#8221;.<\/p>\n<p>PS&nbsp; <em>We owe our gratitude to the people without whom this library would not be what it is today: Miladin Stanojevi\u0107 (the first Director), Dragoljub \u0110enadi\u0107 &#8211; \u0110enet, Nevena Bo\u0161kovi\u0107, Petar Beri\u0107.<\/em><\/p>\t\t\t\t\t\t\t\t<\/div>\n\t\t\t\t<\/div>\n\t\t\t\t\t<\/div>\n\t\t\t\t<\/div>\n\t\t\t\t\t<\/div>\n\t\t\t\t<\/div>\n\t\t\t\t\t<\/div>\n\t\t\t\t<\/div>\n\t\t\t\t<\/div>\n\t\t\t\t\t<\/div>\n\t\t\t\t<\/div>\n\t\t\t\t<\/div>\n\t\t","protected":false},"excerpt":{"rendered":"<p>[bellows config_id=&#8221;main&#8221; menu=&#8221;22&#8243;] National Library Library Janko Veselinovi\u0107 &#8211; Bogati\u0107 web: www.bibliotekajanko.rs The beginning of the work of the National Library and Reading Room &#8220;Janko Veselinovi\u0107&#8221; dates from the time after World War II, more precisely from 1946. years. The books were collected and brought by the locals of Sreza Ma\u010dvanski and the entire work [&hellip;]<\/p>\n","protected":false},"author":8,"featured_media":0,"parent":13086,"menu_order":0,"comment_status":"closed","ping_status":"closed","template":"","meta":{"footnotes":""},"class_list":["post-13211","page","type-page","status-publish","hentry"],"blocksy_meta":[],"yoast_head":"<!-- This site is optimized with the Yoast SEO plugin v27.1.1 - https:\/\/yoast.com\/product\/yoast-seo-wordpress\/ -->\n<title>National Library - Bogati\u0107<\/title>\n<meta name=\"description\" content=\"Bogati\u0107 - National Library\" \/>\n<meta name=\"robots\" content=\"index, follow, max-snippet:-1, max-image-preview:large, max-video-preview:-1\" \/>\n<link rel=\"canonical\" href=\"https:\/\/bogatic.rs\/vodic\/javne-ustanove\/narodna-biblioteka\/\" \/>\n<meta property=\"og:locale\" content=\"en_US\" \/>\n<meta property=\"og:type\" content=\"article\" \/>\n<meta property=\"og:title\" content=\"National Library - Bogati\u0107\" \/>\n<meta property=\"og:description\" content=\"Bogati\u0107 - National Library\" \/>\n<meta property=\"og:url\" content=\"https:\/\/bogatic.rs\/vodic\/javne-ustanove\/narodna-biblioteka\/\" \/>\n<meta property=\"og:site_name\" content=\"Bogati\u0107\" \/>\n<meta property=\"article:modified_time\" content=\"2023-02-20T10:36:35+00:00\" \/>\n<meta property=\"og:image\" content=\"https:\/\/bogatic.rs\/wp-content\/uploads\/2023\/01\/Biblioteka-Janko-Veselinovic-Bogatic.jpg\" \/>\n<meta name=\"twitter:card\" content=\"summary_large_image\" \/>\n<meta name=\"twitter:label1\" content=\"Est. reading time\" \/>\n\t<meta name=\"twitter:data1\" content=\"3 minutes\" \/>\n<script type=\"application\/ld+json\" class=\"yoast-schema-graph\">{\"@context\":\"https:\/\/schema.org\",\"@graph\":[{\"@type\":\"WebPage\",\"@id\":\"https:\/\/bogatic.rs\/vodic\/javne-ustanove\/narodna-biblioteka\/\",\"url\":\"https:\/\/bogatic.rs\/vodic\/javne-ustanove\/narodna-biblioteka\/\",\"name\":\"National Library - Bogati\u0107\",\"isPartOf\":{\"@id\":\"https:\/\/bogatic.rs\/#website\"},\"primaryImageOfPage\":{\"@id\":\"https:\/\/bogatic.rs\/vodic\/javne-ustanove\/narodna-biblioteka\/#primaryimage\"},\"image\":{\"@id\":\"https:\/\/bogatic.rs\/vodic\/javne-ustanove\/narodna-biblioteka\/#primaryimage\"},\"thumbnailUrl\":\"https:\/\/bogatic.rs\/wp-content\/uploads\/2023\/01\/Biblioteka-Janko-Veselinovic-Bogatic.jpg\",\"datePublished\":\"2023-01-18T10:05:05+00:00\",\"dateModified\":\"2023-02-20T10:36:35+00:00\",\"description\":\"Bogati\u0107 - National Library\",\"breadcrumb\":{\"@id\":\"https:\/\/bogatic.rs\/vodic\/javne-ustanove\/narodna-biblioteka\/#breadcrumb\"},\"inLanguage\":\"en-US\",\"potentialAction\":[{\"@type\":\"ReadAction\",\"target\":[\"https:\/\/bogatic.rs\/vodic\/javne-ustanove\/narodna-biblioteka\/\"]}]},{\"@type\":\"ImageObject\",\"inLanguage\":\"en-US\",\"@id\":\"https:\/\/bogatic.rs\/vodic\/javne-ustanove\/narodna-biblioteka\/#primaryimage\",\"url\":\"https:\/\/bogatic.rs\/wp-content\/uploads\/2023\/01\/Biblioteka-Janko-Veselinovic-Bogatic.jpg\",\"contentUrl\":\"https:\/\/bogatic.rs\/wp-content\/uploads\/2023\/01\/Biblioteka-Janko-Veselinovic-Bogatic.jpg\"},{\"@type\":\"BreadcrumbList\",\"@id\":\"https:\/\/bogatic.rs\/vodic\/javne-ustanove\/narodna-biblioteka\/#breadcrumb\",\"itemListElement\":[{\"@type\":\"ListItem\",\"position\":1,\"name\":\"Home\",\"item\":\"https:\/\/bogatic.rs\/\"},{\"@type\":\"ListItem\",\"position\":2,\"name\":\"Guide\",\"item\":\"https:\/\/bogatic.rs\/vodic\/\"},{\"@type\":\"ListItem\",\"position\":3,\"name\":\"Public institutions\",\"item\":\"https:\/\/bogatic.rs\/vodic\/javne-ustanove\/\"},{\"@type\":\"ListItem\",\"position\":4,\"name\":\"National Library\"}]},{\"@type\":\"WebSite\",\"@id\":\"https:\/\/bogatic.rs\/#website\",\"url\":\"https:\/\/bogatic.rs\/\",\"name\":\"Bogati\u0107\",\"description\":\"Zvani\u010dni sajt Op\u0161tine Bogati\u0107\",\"publisher\":{\"@id\":\"https:\/\/bogatic.rs\/#organization\"},\"potentialAction\":[{\"@type\":\"SearchAction\",\"target\":{\"@type\":\"EntryPoint\",\"urlTemplate\":\"https:\/\/bogatic.rs\/?s={search_term_string}\"},\"query-input\":{\"@type\":\"PropertyValueSpecification\",\"valueRequired\":true,\"valueName\":\"search_term_string\"}}],\"inLanguage\":\"en-US\"},{\"@type\":\"Organization\",\"@id\":\"https:\/\/bogatic.rs\/#organization\",\"name\":\"Bogati\u0107\",\"url\":\"https:\/\/bogatic.rs\/\",\"logo\":{\"@type\":\"ImageObject\",\"inLanguage\":\"en-US\",\"@id\":\"https:\/\/bogatic.rs\/#\/schema\/logo\/image\/\",\"url\":\"https:\/\/bogatic.rs\/wp-content\/uploads\/2022\/12\/large-logo.png\",\"contentUrl\":\"https:\/\/bogatic.rs\/wp-content\/uploads\/2022\/12\/large-logo.png\",\"width\":700,\"height\":520,\"caption\":\"Bogati\u0107\"},\"image\":{\"@id\":\"https:\/\/bogatic.rs\/#\/schema\/logo\/image\/\"}}]}<\/script>\n<!-- \/ Yoast SEO plugin. -->","yoast_head_json":{"title":"National Library - Bogati\u0107","description":"Bogati\u0107 - National Library","robots":{"index":"index","follow":"follow","max-snippet":"max-snippet:-1","max-image-preview":"max-image-preview:large","max-video-preview":"max-video-preview:-1"},"canonical":"https:\/\/bogatic.rs\/vodic\/javne-ustanove\/narodna-biblioteka\/","og_locale":"en_US","og_type":"article","og_title":"National Library - Bogati\u0107","og_description":"Bogati\u0107 - National Library","og_url":"https:\/\/bogatic.rs\/vodic\/javne-ustanove\/narodna-biblioteka\/","og_site_name":"Bogati\u0107","article_modified_time":"2023-02-20T10:36:35+00:00","og_image":[{"url":"https:\/\/bogatic.rs\/wp-content\/uploads\/2023\/01\/Biblioteka-Janko-Veselinovic-Bogatic.jpg","type":"","width":"","height":""}],"twitter_card":"summary_large_image","twitter_misc":{"Est. reading time":"3 minutes"},"schema":{"@context":"https:\/\/schema.org","@graph":[{"@type":"WebPage","@id":"https:\/\/bogatic.rs\/vodic\/javne-ustanove\/narodna-biblioteka\/","url":"https:\/\/bogatic.rs\/vodic\/javne-ustanove\/narodna-biblioteka\/","name":"National Library - Bogati\u0107","isPartOf":{"@id":"https:\/\/bogatic.rs\/#website"},"primaryImageOfPage":{"@id":"https:\/\/bogatic.rs\/vodic\/javne-ustanove\/narodna-biblioteka\/#primaryimage"},"image":{"@id":"https:\/\/bogatic.rs\/vodic\/javne-ustanove\/narodna-biblioteka\/#primaryimage"},"thumbnailUrl":"https:\/\/bogatic.rs\/wp-content\/uploads\/2023\/01\/Biblioteka-Janko-Veselinovic-Bogatic.jpg","datePublished":"2023-01-18T10:05:05+00:00","dateModified":"2023-02-20T10:36:35+00:00","description":"Bogati\u0107 - National Library","breadcrumb":{"@id":"https:\/\/bogatic.rs\/vodic\/javne-ustanove\/narodna-biblioteka\/#breadcrumb"},"inLanguage":"en-US","potentialAction":[{"@type":"ReadAction","target":["https:\/\/bogatic.rs\/vodic\/javne-ustanove\/narodna-biblioteka\/"]}]},{"@type":"ImageObject","inLanguage":"en-US","@id":"https:\/\/bogatic.rs\/vodic\/javne-ustanove\/narodna-biblioteka\/#primaryimage","url":"https:\/\/bogatic.rs\/wp-content\/uploads\/2023\/01\/Biblioteka-Janko-Veselinovic-Bogatic.jpg","contentUrl":"https:\/\/bogatic.rs\/wp-content\/uploads\/2023\/01\/Biblioteka-Janko-Veselinovic-Bogatic.jpg"},{"@type":"BreadcrumbList","@id":"https:\/\/bogatic.rs\/vodic\/javne-ustanove\/narodna-biblioteka\/#breadcrumb","itemListElement":[{"@type":"ListItem","position":1,"name":"Home","item":"https:\/\/bogatic.rs\/"},{"@type":"ListItem","position":2,"name":"Guide","item":"https:\/\/bogatic.rs\/vodic\/"},{"@type":"ListItem","position":3,"name":"Public institutions","item":"https:\/\/bogatic.rs\/vodic\/javne-ustanove\/"},{"@type":"ListItem","position":4,"name":"National Library"}]},{"@type":"WebSite","@id":"https:\/\/bogatic.rs\/#website","url":"https:\/\/bogatic.rs\/","name":"Bogati\u0107","description":"Zvani\u010dni sajt Op\u0161tine Bogati\u0107","publisher":{"@id":"https:\/\/bogatic.rs\/#organization"},"potentialAction":[{"@type":"SearchAction","target":{"@type":"EntryPoint","urlTemplate":"https:\/\/bogatic.rs\/?s={search_term_string}"},"query-input":{"@type":"PropertyValueSpecification","valueRequired":true,"valueName":"search_term_string"}}],"inLanguage":"en-US"},{"@type":"Organization","@id":"https:\/\/bogatic.rs\/#organization","name":"Bogati\u0107","url":"https:\/\/bogatic.rs\/","logo":{"@type":"ImageObject","inLanguage":"en-US","@id":"https:\/\/bogatic.rs\/#\/schema\/logo\/image\/","url":"https:\/\/bogatic.rs\/wp-content\/uploads\/2022\/12\/large-logo.png","contentUrl":"https:\/\/bogatic.rs\/wp-content\/uploads\/2022\/12\/large-logo.png","width":700,"height":520,"caption":"Bogati\u0107"},"image":{"@id":"https:\/\/bogatic.rs\/#\/schema\/logo\/image\/"}}]}},"_links":{"self":[{"href":"https:\/\/bogatic.rs\/en\/wp-json\/wp\/v2\/pages\/13211","targetHints":{"allow":["GET"]}}],"collection":[{"href":"https:\/\/bogatic.rs\/en\/wp-json\/wp\/v2\/pages"}],"about":[{"href":"https:\/\/bogatic.rs\/en\/wp-json\/wp\/v2\/types\/page"}],"author":[{"embeddable":true,"href":"https:\/\/bogatic.rs\/en\/wp-json\/wp\/v2\/users\/8"}],"replies":[{"embeddable":true,"href":"https:\/\/bogatic.rs\/en\/wp-json\/wp\/v2\/comments?post=13211"}],"version-history":[{"count":0,"href":"https:\/\/bogatic.rs\/en\/wp-json\/wp\/v2\/pages\/13211\/revisions"}],"up":[{"embeddable":true,"href":"https:\/\/bogatic.rs\/en\/wp-json\/wp\/v2\/pages\/13086"}],"wp:attachment":[{"href":"https:\/\/bogatic.rs\/en\/wp-json\/wp\/v2\/media?parent=13211"}],"curies":[{"name":"wp","href":"https:\/\/api.w.org\/{rel}","templated":true}]}}