{"id":13214,"date":"2023-01-19T11:24:44","date_gmt":"2023-01-19T11:24:44","guid":{"rendered":"https:\/\/harmonitydev.bogatic.rs\/municipality-of-bogatic\/"},"modified":"2023-02-20T10:36:35","modified_gmt":"2023-02-20T10:36:35","slug":"municipality-of-bogatic","status":"publish","type":"page","link":"https:\/\/bogatic.rs\/en\/local-government\/bogatic-municipality-assembly\/municipality-of-bogatic\/","title":{"rendered":"Municipality of Bogati\u0107"},"content":{"rendered":"\t\t<div data-elementor-type=\"wp-page\" data-elementor-id=\"13214\" class=\"elementor elementor-13214\">\n\t\t\t\t<div class=\"elementor-element elementor-element-09b3187 e-flex e-con-boxed e-con e-parent\" data-id=\"09b3187\" data-element_type=\"container\" data-e-type=\"container\">\n\t\t\t\t\t<div class=\"e-con-inner\">\n\t\t<div class=\"elementor-element elementor-element-7f1ac99 e-con-full e-flex e-con e-parent\" data-id=\"7f1ac99\" data-element_type=\"container\" data-e-type=\"container\">\n\t\t\t\t<div class=\"elementor-element elementor-element-2e3eacb elementor-widget elementor-widget-shortcode\" data-id=\"2e3eacb\" data-element_type=\"widget\" data-e-type=\"widget\" data-widget_type=\"shortcode.default\">\n\t\t\t\t<div class=\"elementor-widget-container\">\n\t\t\t\t\t\t\t<div class=\"elementor-shortcode\">[bellows config_id=\"main\" menu=\"23\"]<\/div>\n\t\t\t\t\t\t<\/div>\n\t\t\t\t<\/div>\n\t\t\t\t<\/div>\n\t\t<div class=\"elementor-element elementor-element-cd1e433 e-con-full e-flex e-con e-parent\" data-id=\"cd1e433\" data-element_type=\"container\" data-e-type=\"container\">\n\t\t<div class=\"elementor-element elementor-element-e3042a7 e-flex e-con-boxed e-con e-parent\" data-id=\"e3042a7\" data-element_type=\"container\" data-e-type=\"container\">\n\t\t\t\t\t<div class=\"e-con-inner\">\n\t\t<div class=\"elementor-element elementor-element-44d38aa e-flex e-con-boxed e-con e-parent\" data-id=\"44d38aa\" data-element_type=\"container\" data-e-type=\"container\">\n\t\t\t\t\t<div class=\"e-con-inner\">\n\t\t\t\t<div class=\"elementor-element elementor-element-eb7534f elementor-widget elementor-widget-heading\" data-id=\"eb7534f\" data-element_type=\"widget\" data-e-type=\"widget\" data-widget_type=\"heading.default\">\n\t\t\t\t<div class=\"elementor-widget-container\">\n\t\t\t\t\t<h2 class=\"elementor-heading-title elementor-size-default\">Municipality of Bogati\u0107<\/h2>\t\t\t\t<\/div>\n\t\t\t\t<\/div>\n\t\t\t\t\t<\/div>\n\t\t\t\t<\/div>\n\t\t<div class=\"elementor-element elementor-element-64ab753 e-flex e-con-boxed e-con e-parent\" data-id=\"64ab753\" data-element_type=\"container\" data-e-type=\"container\">\n\t\t\t\t\t<div class=\"e-con-inner\">\n\t\t\t\t<div class=\"elementor-element elementor-element-992e15d elementor-widget elementor-widget-text-editor\" data-id=\"992e15d\" data-element_type=\"widget\" data-e-type=\"widget\" data-widget_type=\"text-editor.default\">\n\t\t\t\t<div class=\"elementor-widget-container\">\n\t\t\t\t\t\t\t\t\t<p>The municipality of Bogati\u0107 is a territorial unit in which citizens exercise the right to local self-government in accordance with the Constitution, the law and the Statute of the municipality, through citizens&#8217; initiatives, assemblies of citizens, referendums, other forms of citizen participation in the performance of the affairs of the Municipality of Bogati\u0107 and through their councilors in the Municipal Assembly.<\/p>\n<p>The territory of the municipality of Bogati\u0107 includes populated places, i.e. the areas of cadastral municipalities: Bogati\u0107, Badovinci, Klenje, O\u010dage, Sala\u0161 Crnobarski, Crna Bara, Glogovac, Sovljak, Banovo Polje, Ma\u010dvanski Metkovi\u0107, Glu\u0161ci, Uzve\u0107e, Beloti\u0107, Dublje.<\/p>\n<p>The seat of the municipality is in Bogati\u0107.<\/p>\n<p>Municipality Day is the 10th. September.<\/p>\n<p>The municipality of Bogati\u0107 conducts affairs with its competences established by the Constitution and the law, as well as affairs within the framework of the rights and duties of the Republic that are entrusted by law.<\/p>\n<p>The affairs of the municipality of Bogati\u0107 are managed by the municipal authorities within the scope of their competence established by law and the Municipal Statute. The work of the organ is public.<\/p>\n<p>The bodies of the municipality of Bogati\u0107 are the Municipal Assembly, the executive bodies of the municipality (president of the municipality and the municipal council) and the municipal administration.<\/p>\n\t\t\t\t\t\t\t\t<\/div>\n\t\t\t\t<\/div>\n\t\t\t\t\t<\/div>\n\t\t\t\t<\/div>\n\t\t\t\t\t<\/div>\n\t\t\t\t<\/div>\n\t\t\t\t<\/div>\n\t\t\t\t\t<\/div>\n\t\t\t\t<\/div>\n\t\t\t\t<\/div>\n\t\t","protected":false},"excerpt":{"rendered":"<p>[bellows config_id=&#8221;main&#8221; menu=&#8221;23&#8243;] Municipality of Bogati\u0107 The municipality of Bogati\u0107 is a territorial unit in which citizens exercise the right to local self-government in accordance with the Constitution, the law and the Statute of the municipality, through citizens&#8217; initiatives, assemblies of citizens, referendums, other forms of citizen participation in the performance of the affairs of [&hellip;]<\/p>\n","protected":false},"author":8,"featured_media":12746,"parent":13239,"menu_order":0,"comment_status":"closed","ping_status":"closed","template":"","meta":{"footnotes":""},"class_list":["post-13214","page","type-page","status-publish","has-post-thumbnail","hentry"],"blocksy_meta":[],"yoast_head":"<!-- This site is optimized with the Yoast SEO plugin v27.1.1 - https:\/\/yoast.com\/product\/yoast-seo-wordpress\/ -->\n<title>Municipality of Bogati\u0107 - Bogati\u0107<\/title>\n<meta name=\"description\" content=\"Bogati\u0107 - Municipality of Bogati\u0107\" \/>\n<meta name=\"robots\" content=\"index, follow, max-snippet:-1, max-image-preview:large, max-video-preview:-1\" \/>\n<link rel=\"canonical\" href=\"https:\/\/bogatic.rs\/en\/local-government\/bogatic-municipality-assembly\/municipality-of-bogatic\/\" \/>\n<meta property=\"og:locale\" content=\"en_US\" \/>\n<meta property=\"og:type\" content=\"article\" \/>\n<meta property=\"og:title\" content=\"Municipality of Bogati\u0107 - Bogati\u0107\" \/>\n<meta property=\"og:description\" content=\"Bogati\u0107 - Municipality of Bogati\u0107\" \/>\n<meta property=\"og:url\" content=\"https:\/\/bogatic.rs\/en\/local-government\/bogatic-municipality-assembly\/municipality-of-bogatic\/\" \/>\n<meta property=\"og:site_name\" content=\"Bogati\u0107\" \/>\n<meta property=\"article:modified_time\" content=\"2023-02-20T10:36:35+00:00\" \/>\n<meta property=\"og:image\" content=\"https:\/\/bogatic.rs\/wp-content\/uploads\/2023\/01\/featured_image.jpg\" \/>\n\t<meta property=\"og:image:width\" content=\"1280\" \/>\n\t<meta property=\"og:image:height\" content=\"720\" \/>\n\t<meta property=\"og:image:type\" content=\"image\/jpeg\" \/>\n<meta name=\"twitter:card\" content=\"summary_large_image\" \/>\n<meta name=\"twitter:label1\" content=\"Est. reading time\" \/>\n\t<meta name=\"twitter:data1\" content=\"1 minute\" \/>\n<script type=\"application\/ld+json\" class=\"yoast-schema-graph\">{\"@context\":\"https:\/\/schema.org\",\"@graph\":[{\"@type\":\"WebPage\",\"@id\":\"https:\/\/bogatic.rs\/en\/local-government\/bogatic-municipality-assembly\/municipality-of-bogatic\/\",\"url\":\"https:\/\/bogatic.rs\/en\/local-government\/bogatic-municipality-assembly\/municipality-of-bogatic\/\",\"name\":\"Municipality of Bogati\u0107 - Bogati\u0107\",\"isPartOf\":{\"@id\":\"https:\/\/bogatic.rs\/#website\"},\"primaryImageOfPage\":{\"@id\":\"https:\/\/bogatic.rs\/en\/local-government\/bogatic-municipality-assembly\/municipality-of-bogatic\/#primaryimage\"},\"image\":{\"@id\":\"https:\/\/bogatic.rs\/en\/local-government\/bogatic-municipality-assembly\/municipality-of-bogatic\/#primaryimage\"},\"thumbnailUrl\":\"https:\/\/bogatic.rs\/wp-content\/uploads\/2023\/01\/featured_image.jpg\",\"datePublished\":\"2023-01-19T11:24:44+00:00\",\"dateModified\":\"2023-02-20T10:36:35+00:00\",\"description\":\"Bogati\u0107 - Municipality of Bogati\u0107\",\"breadcrumb\":{\"@id\":\"https:\/\/bogatic.rs\/en\/local-government\/bogatic-municipality-assembly\/municipality-of-bogatic\/#breadcrumb\"},\"inLanguage\":\"en-US\",\"potentialAction\":[{\"@type\":\"ReadAction\",\"target\":[\"https:\/\/bogatic.rs\/en\/local-government\/bogatic-municipality-assembly\/municipality-of-bogatic\/\"]}]},{\"@type\":\"ImageObject\",\"inLanguage\":\"en-US\",\"@id\":\"https:\/\/bogatic.rs\/en\/local-government\/bogatic-municipality-assembly\/municipality-of-bogatic\/#primaryimage\",\"url\":\"https:\/\/bogatic.rs\/wp-content\/uploads\/2023\/01\/featured_image.jpg\",\"contentUrl\":\"https:\/\/bogatic.rs\/wp-content\/uploads\/2023\/01\/featured_image.jpg\",\"width\":1280,\"height\":720,\"caption\":\"SONY DSC\"},{\"@type\":\"BreadcrumbList\",\"@id\":\"https:\/\/bogatic.rs\/en\/local-government\/bogatic-municipality-assembly\/municipality-of-bogatic\/#breadcrumb\",\"itemListElement\":[{\"@type\":\"ListItem\",\"position\":1,\"name\":\"Home\",\"item\":\"https:\/\/bogatic.rs\/\"},{\"@type\":\"ListItem\",\"position\":2,\"name\":\"Local government\",\"item\":\"https:\/\/bogatic.rs\/lokalna-samouprava\/\"},{\"@type\":\"ListItem\",\"position\":3,\"name\":\"Bogati\u0107 Municipality Assembly\",\"item\":\"https:\/\/bogatic.rs\/en\/local-government\/bogatic-municipality-assembly\/\"},{\"@type\":\"ListItem\",\"position\":4,\"name\":\"Municipality of Bogati\u0107\"}]},{\"@type\":\"WebSite\",\"@id\":\"https:\/\/bogatic.rs\/#website\",\"url\":\"https:\/\/bogatic.rs\/\",\"name\":\"Bogati\u0107\",\"description\":\"Zvani\u010dni sajt Op\u0161tine Bogati\u0107\",\"publisher\":{\"@id\":\"https:\/\/bogatic.rs\/#organization\"},\"potentialAction\":[{\"@type\":\"SearchAction\",\"target\":{\"@type\":\"EntryPoint\",\"urlTemplate\":\"https:\/\/bogatic.rs\/?s={search_term_string}\"},\"query-input\":{\"@type\":\"PropertyValueSpecification\",\"valueRequired\":true,\"valueName\":\"search_term_string\"}}],\"inLanguage\":\"en-US\"},{\"@type\":\"Organization\",\"@id\":\"https:\/\/bogatic.rs\/#organization\",\"name\":\"Bogati\u0107\",\"url\":\"https:\/\/bogatic.rs\/\",\"logo\":{\"@type\":\"ImageObject\",\"inLanguage\":\"en-US\",\"@id\":\"https:\/\/bogatic.rs\/#\/schema\/logo\/image\/\",\"url\":\"https:\/\/bogatic.rs\/wp-content\/uploads\/2022\/12\/large-logo.png\",\"contentUrl\":\"https:\/\/bogatic.rs\/wp-content\/uploads\/2022\/12\/large-logo.png\",\"width\":700,\"height\":520,\"caption\":\"Bogati\u0107\"},\"image\":{\"@id\":\"https:\/\/bogatic.rs\/#\/schema\/logo\/image\/\"}}]}<\/script>\n<!-- \/ Yoast SEO plugin. -->","yoast_head_json":{"title":"Municipality of Bogati\u0107 - Bogati\u0107","description":"Bogati\u0107 - Municipality of Bogati\u0107","robots":{"index":"index","follow":"follow","max-snippet":"max-snippet:-1","max-image-preview":"max-image-preview:large","max-video-preview":"max-video-preview:-1"},"canonical":"https:\/\/bogatic.rs\/en\/local-government\/bogatic-municipality-assembly\/municipality-of-bogatic\/","og_locale":"en_US","og_type":"article","og_title":"Municipality of Bogati\u0107 - Bogati\u0107","og_description":"Bogati\u0107 - Municipality of Bogati\u0107","og_url":"https:\/\/bogatic.rs\/en\/local-government\/bogatic-municipality-assembly\/municipality-of-bogatic\/","og_site_name":"Bogati\u0107","article_modified_time":"2023-02-20T10:36:35+00:00","og_image":[{"width":1280,"height":720,"url":"https:\/\/bogatic.rs\/wp-content\/uploads\/2023\/01\/featured_image.jpg","type":"image\/jpeg"}],"twitter_card":"summary_large_image","twitter_misc":{"Est. reading time":"1 minute"},"schema":{"@context":"https:\/\/schema.org","@graph":[{"@type":"WebPage","@id":"https:\/\/bogatic.rs\/en\/local-government\/bogatic-municipality-assembly\/municipality-of-bogatic\/","url":"https:\/\/bogatic.rs\/en\/local-government\/bogatic-municipality-assembly\/municipality-of-bogatic\/","name":"Municipality of Bogati\u0107 - Bogati\u0107","isPartOf":{"@id":"https:\/\/bogatic.rs\/#website"},"primaryImageOfPage":{"@id":"https:\/\/bogatic.rs\/en\/local-government\/bogatic-municipality-assembly\/municipality-of-bogatic\/#primaryimage"},"image":{"@id":"https:\/\/bogatic.rs\/en\/local-government\/bogatic-municipality-assembly\/municipality-of-bogatic\/#primaryimage"},"thumbnailUrl":"https:\/\/bogatic.rs\/wp-content\/uploads\/2023\/01\/featured_image.jpg","datePublished":"2023-01-19T11:24:44+00:00","dateModified":"2023-02-20T10:36:35+00:00","description":"Bogati\u0107 - Municipality of Bogati\u0107","breadcrumb":{"@id":"https:\/\/bogatic.rs\/en\/local-government\/bogatic-municipality-assembly\/municipality-of-bogatic\/#breadcrumb"},"inLanguage":"en-US","potentialAction":[{"@type":"ReadAction","target":["https:\/\/bogatic.rs\/en\/local-government\/bogatic-municipality-assembly\/municipality-of-bogatic\/"]}]},{"@type":"ImageObject","inLanguage":"en-US","@id":"https:\/\/bogatic.rs\/en\/local-government\/bogatic-municipality-assembly\/municipality-of-bogatic\/#primaryimage","url":"https:\/\/bogatic.rs\/wp-content\/uploads\/2023\/01\/featured_image.jpg","contentUrl":"https:\/\/bogatic.rs\/wp-content\/uploads\/2023\/01\/featured_image.jpg","width":1280,"height":720,"caption":"SONY DSC"},{"@type":"BreadcrumbList","@id":"https:\/\/bogatic.rs\/en\/local-government\/bogatic-municipality-assembly\/municipality-of-bogatic\/#breadcrumb","itemListElement":[{"@type":"ListItem","position":1,"name":"Home","item":"https:\/\/bogatic.rs\/"},{"@type":"ListItem","position":2,"name":"Local government","item":"https:\/\/bogatic.rs\/lokalna-samouprava\/"},{"@type":"ListItem","position":3,"name":"Bogati\u0107 Municipality Assembly","item":"https:\/\/bogatic.rs\/en\/local-government\/bogatic-municipality-assembly\/"},{"@type":"ListItem","position":4,"name":"Municipality of Bogati\u0107"}]},{"@type":"WebSite","@id":"https:\/\/bogatic.rs\/#website","url":"https:\/\/bogatic.rs\/","name":"Bogati\u0107","description":"Zvani\u010dni sajt Op\u0161tine Bogati\u0107","publisher":{"@id":"https:\/\/bogatic.rs\/#organization"},"potentialAction":[{"@type":"SearchAction","target":{"@type":"EntryPoint","urlTemplate":"https:\/\/bogatic.rs\/?s={search_term_string}"},"query-input":{"@type":"PropertyValueSpecification","valueRequired":true,"valueName":"search_term_string"}}],"inLanguage":"en-US"},{"@type":"Organization","@id":"https:\/\/bogatic.rs\/#organization","name":"Bogati\u0107","url":"https:\/\/bogatic.rs\/","logo":{"@type":"ImageObject","inLanguage":"en-US","@id":"https:\/\/bogatic.rs\/#\/schema\/logo\/image\/","url":"https:\/\/bogatic.rs\/wp-content\/uploads\/2022\/12\/large-logo.png","contentUrl":"https:\/\/bogatic.rs\/wp-content\/uploads\/2022\/12\/large-logo.png","width":700,"height":520,"caption":"Bogati\u0107"},"image":{"@id":"https:\/\/bogatic.rs\/#\/schema\/logo\/image\/"}}]}},"_links":{"self":[{"href":"https:\/\/bogatic.rs\/en\/wp-json\/wp\/v2\/pages\/13214","targetHints":{"allow":["GET"]}}],"collection":[{"href":"https:\/\/bogatic.rs\/en\/wp-json\/wp\/v2\/pages"}],"about":[{"href":"https:\/\/bogatic.rs\/en\/wp-json\/wp\/v2\/types\/page"}],"author":[{"embeddable":true,"href":"https:\/\/bogatic.rs\/en\/wp-json\/wp\/v2\/users\/8"}],"replies":[{"embeddable":true,"href":"https:\/\/bogatic.rs\/en\/wp-json\/wp\/v2\/comments?post=13214"}],"version-history":[{"count":0,"href":"https:\/\/bogatic.rs\/en\/wp-json\/wp\/v2\/pages\/13214\/revisions"}],"up":[{"embeddable":true,"href":"https:\/\/bogatic.rs\/en\/wp-json\/wp\/v2\/pages\/13239"}],"wp:featuredmedia":[{"embeddable":true,"href":"https:\/\/bogatic.rs\/en\/wp-json\/wp\/v2\/media\/12746"}],"wp:attachment":[{"href":"https:\/\/bogatic.rs\/en\/wp-json\/wp\/v2\/media?parent=13214"}],"curies":[{"name":"wp","href":"https:\/\/api.w.org\/{rel}","templated":true}]}}