{"id":13225,"date":"2023-01-19T11:25:12","date_gmt":"2023-01-19T11:25:12","guid":{"rendered":"https:\/\/harmonitydev.bogatic.rs\/president-of-bogatic-municipality-milan-damnjanovic\/"},"modified":"2023-02-20T10:38:08","modified_gmt":"2023-02-20T10:38:08","slug":"president-of-bogatic-municipality-milan-damnjanovic","status":"publish","type":"page","link":"https:\/\/bogatic.rs\/en\/local-government\/bogatic-municipality-assembly\/president-of-bogatic-municipality-milan-damnjanovic\/","title":{"rendered":"President of Bogati\u0107 Municipality &#8211; Milan Damnjanovi\u0107"},"content":{"rendered":"\t\t<div data-elementor-type=\"wp-page\" data-elementor-id=\"13225\" class=\"elementor elementor-13225\">\n\t\t\t\t<div class=\"elementor-element elementor-element-6125e48 e-flex e-con-boxed e-con e-parent\" data-id=\"6125e48\" data-element_type=\"container\" data-e-type=\"container\">\n\t\t\t\t\t<div class=\"e-con-inner\">\n\t\t<div class=\"elementor-element elementor-element-065ecb9 e-con-full e-flex e-con e-parent\" data-id=\"065ecb9\" data-element_type=\"container\" data-e-type=\"container\">\n\t\t\t\t<div class=\"elementor-element elementor-element-7906563 elementor-widget elementor-widget-shortcode\" data-id=\"7906563\" data-element_type=\"widget\" data-e-type=\"widget\" data-widget_type=\"shortcode.default\">\n\t\t\t\t<div class=\"elementor-widget-container\">\n\t\t\t\t\t\t\t<div class=\"elementor-shortcode\">[bellows config_id=\"main\" menu=\"23\"]<\/div>\n\t\t\t\t\t\t<\/div>\n\t\t\t\t<\/div>\n\t\t\t\t<\/div>\n\t\t<div class=\"elementor-element elementor-element-4303ee7 e-con-full e-flex e-con e-parent\" data-id=\"4303ee7\" data-element_type=\"container\" data-e-type=\"container\">\n\t\t<div class=\"elementor-element elementor-element-c70d8bf content-wrapper e-flex e-con-boxed e-con e-parent\" data-id=\"c70d8bf\" data-element_type=\"container\" data-e-type=\"container\">\n\t\t\t\t\t<div class=\"e-con-inner\">\n\t\t<div class=\"elementor-element elementor-element-0875d91 e-flex e-con-boxed e-con e-parent\" data-id=\"0875d91\" data-element_type=\"container\" data-e-type=\"container\">\n\t\t\t\t\t<div class=\"e-con-inner\">\n\t\t\t\t<div class=\"elementor-element elementor-element-6cef894 elementor-widget elementor-widget-heading\" data-id=\"6cef894\" data-element_type=\"widget\" data-e-type=\"widget\" data-widget_type=\"heading.default\">\n\t\t\t\t<div class=\"elementor-widget-container\">\n\t\t\t\t\t<h2 class=\"elementor-heading-title elementor-size-default\">President of Bogati\u0107 Municipality - Milan Damnjanovi\u0107<\/h2>\t\t\t\t<\/div>\n\t\t\t\t<\/div>\n\t\t\t\t\t<\/div>\n\t\t\t\t<\/div>\n\t\t<div class=\"elementor-element elementor-element-95ea93e e-flex e-con-boxed e-con e-parent\" data-id=\"95ea93e\" data-element_type=\"container\" data-e-type=\"container\">\n\t\t\t\t\t<div class=\"e-con-inner\">\n\t\t<div class=\"elementor-element elementor-element-7eb1790 e-con-full e-flex e-con e-parent\" data-id=\"7eb1790\" data-element_type=\"container\" data-e-type=\"container\">\n\t\t\t\t<div class=\"elementor-element elementor-element-5a33c96 elementor-widget elementor-widget-image\" data-id=\"5a33c96\" data-element_type=\"widget\" data-e-type=\"widget\" data-widget_type=\"image.default\">\n\t\t\t\t<div class=\"elementor-widget-container\">\n\t\t\t\t\t\t\t\t\t\t\t\t\t\t\t\t<a href=\"https:\/\/bogatic.rs\/wp-content\/uploads\/2023\/01\/Milan-Damnjanovic.jpg\" data-elementor-open-lightbox=\"yes\" data-elementor-lightbox-title=\"Milan Damnjanovic\" data-e-action-hash=\"#elementor-action%3Aaction%3Dlightbox%26settings%3DeyJpZCI6MTI3NDcsInVybCI6Imh0dHBzOlwvXC9ib2dhdGljLnJzXC93cC1jb250ZW50XC91cGxvYWRzXC8yMDIzXC8wMVwvTWlsYW4tRGFtbmphbm92aWMuanBnIn0%3D\">\n\t\t\t\t\t\t\t<img fetchpriority=\"high\" decoding=\"async\" width=\"846\" height=\"1024\" src=\"https:\/\/bogatic.rs\/wp-content\/uploads\/2023\/01\/Milan-Damnjanovic-846x1024.jpg\" class=\"attachment-large size-large wp-image-12747\" alt=\"\" srcset=\"https:\/\/bogatic.rs\/wp-content\/uploads\/2023\/01\/Milan-Damnjanovic-846x1024.jpg 846w, https:\/\/bogatic.rs\/wp-content\/uploads\/2023\/01\/Milan-Damnjanovic-248x300.jpg 248w, https:\/\/bogatic.rs\/wp-content\/uploads\/2023\/01\/Milan-Damnjanovic-768x930.jpg 768w, https:\/\/bogatic.rs\/wp-content\/uploads\/2023\/01\/Milan-Damnjanovic-1269x1536.jpg 1269w, https:\/\/bogatic.rs\/wp-content\/uploads\/2023\/01\/Milan-Damnjanovic.jpg 1672w\" sizes=\"(max-width: 846px) 100vw, 846px\" \/>\t\t\t\t\t\t\t\t<\/a>\n\t\t\t\t\t\t\t\t\t\t\t\t\t\t\t<\/div>\n\t\t\t\t<\/div>\n\t\t\t\t<div class=\"elementor-element elementor-element-7b185cb elementor-widget elementor-widget-text-editor\" data-id=\"7b185cb\" data-element_type=\"widget\" data-e-type=\"widget\" data-widget_type=\"text-editor.default\">\n\t\t\t\t<div class=\"elementor-widget-container\">\n\t\t\t\t\t\t\t\t\t<p style=\"text-align: center;\">Milan Damnjanovi\u0107<\/p>\n\t\t\t\t\t\t\t\t<\/div>\n\t\t\t\t<\/div>\n\t\t\t\t<\/div>\n\t\t<div class=\"elementor-element elementor-element-c1a0b3c e-flex e-con-boxed e-con e-parent\" data-id=\"c1a0b3c\" data-element_type=\"container\" data-e-type=\"container\">\n\t\t\t\t\t<div class=\"e-con-inner\">\n\t\t\t\t<div class=\"elementor-element elementor-element-c4a5a8f elementor-widget elementor-widget-text-editor\" data-id=\"c4a5a8f\" data-element_type=\"widget\" data-e-type=\"widget\" data-widget_type=\"text-editor.default\">\n\t\t\t\t<div class=\"elementor-widget-container\">\n\t\t\t\t\t\t\t\t\t<p>The municipal president is elected by the municipal assembly, from among councilors, for a period of four years, by secret ballot, with a majority of votes from the total number of councilors of the municipal assembly. The mayor of the municipality has a deputy who replaces him in case of his absence and inability to perform his duties.<\/p>\n<p>The President of the Municipal Assembly proposes a candidate for the President of the Municipality. The candidate for the municipal president proposes a candidate for the deputy municipal president from among the councilors, who is elected by the Municipal Assembly in the same way as the municipal president.<\/p>\n<p>The municipal president and deputy municipal president&#8217;s mandate as councilors in the Municipal Assembly ends upon election to these positions. The mayor and the deputy mayor are permanently employed in the municipality.<\/p>\n\t\t\t\t\t\t\t\t<\/div>\n\t\t\t\t<\/div>\n\t\t\t\t\t<\/div>\n\t\t\t\t<\/div>\n\t\t\t\t\t<\/div>\n\t\t\t\t<\/div>\n\t\t<div class=\"elementor-element elementor-element-a053634 e-flex e-con-boxed e-con e-parent\" data-id=\"a053634\" data-element_type=\"container\" data-e-type=\"container\">\n\t\t\t\t\t<div class=\"e-con-inner\">\n\t\t<div class=\"elementor-element elementor-element-d54fa41 e-flex e-con-boxed e-con e-parent\" data-id=\"d54fa41\" data-element_type=\"container\" data-e-type=\"container\">\n\t\t\t\t\t<div class=\"e-con-inner\">\n\t\t\t\t<div class=\"elementor-element elementor-element-10e4cc2 elementor-widget elementor-widget-text-editor\" data-id=\"10e4cc2\" data-element_type=\"widget\" data-e-type=\"widget\" data-widget_type=\"text-editor.default\">\n\t\t\t\t<div class=\"elementor-widget-container\">\n\t\t\t\t\t\t\t\t\t<p><strong>The responsibilities of the President of the Municipality are:<\/strong><\/p>\n\t\t\t\t\t\t\t\t<\/div>\n\t\t\t\t<\/div>\n\t\t\t\t\t<\/div>\n\t\t\t\t<\/div>\n\t\t<div class=\"elementor-element elementor-element-8a784c3 e-flex e-con-boxed e-con e-parent\" data-id=\"8a784c3\" data-element_type=\"container\" data-e-type=\"container\">\n\t\t\t\t\t<div class=\"e-con-inner\">\n\t\t\t\t<div class=\"elementor-element elementor-element-f457b51 elementor-widget elementor-widget-text-editor\" data-id=\"f457b51\" data-element_type=\"widget\" data-e-type=\"widget\" data-widget_type=\"text-editor.default\">\n\t\t\t\t<div class=\"elementor-widget-container\">\n\t\t\t\t\t\t\t\t\t<ul>\n<li>represents and represents the municipality;<\/li>\n<li>directly executes and takes care of the execution of decisions and other acts of the municipality;<\/li>\n<li>proposes a way of solving issues decided by the Municipal Assembly;<\/li>\n<li>the ordering party is for the execution of the budget;<\/li>\n<li>directs and coordinates the work of the Administration;<\/li>\n<li>passes individual and other acts for which he is authorized by law, city regulation, Statute or decision of the Municipal Assembly;<\/li>\n<li>conclude collective agreements on behalf of the municipality for institutions, companies and other public services founded by the municipality;<\/li>\n<li>appoints and dismisses the municipal president&#8217;s assistants;<\/li>\n<li>organizes the work of the body and assigns specific tasks to the members of the body and appoints members for permanent work in the municipality;<\/li>\n<li>adopts the rulebook on salaries and other incomes of elected, appointed and appointed persons in municipal bodies;<\/li>\n<li>determines prices, that is, gives consent to the prices of products and services within the jurisdiction of the municipality in accordance with the law;<\/li>\n<li>gives consent to general acts of organizations whose work is financed from the municipal budget, which regulate the number and structure of employees and gives consent to the number and structure of employees and other persons engaged in the implementation of programs or parts of programs of beneficiaries of the municipal budget, in accordance with the law;<\/li>\n<li>rules on letting for use, that is, on lease, as well as on the cancellation of the contract on letting for use, that is, on lease and placing a mortgage on immovable property used by municipal authorities, in accordance with the law;<\/li>\n<li>informs the public about its work;<\/li>\n<li>forms expert advisory working bodies for individual tasks within its jurisdiction;<\/li>\n<li>performs other duties determined by the Statute and other acts of the municipality.<\/li>\n<\/ul>\n\t\t\t\t\t\t\t\t<\/div>\n\t\t\t\t<\/div>\n\t\t<div class=\"elementor-element elementor-element-1f4eeac e-flex e-con-boxed e-con e-parent\" data-id=\"1f4eeac\" data-element_type=\"container\" data-e-type=\"container\">\n\t\t\t\t\t<div class=\"e-con-inner\">\n\t\t\t\t<div class=\"elementor-element elementor-element-1c06f9e elementor-widget elementor-widget-text-editor\" data-id=\"1c06f9e\" data-element_type=\"widget\" data-e-type=\"widget\" data-widget_type=\"text-editor.default\">\n\t\t\t\t<div class=\"elementor-widget-container\">\n\t\t\t\t\t\t\t\t\t<p><strong>Milan Damnjanovi\u0107<\/strong><\/p>\n\t\t\t\t\t\t\t\t<\/div>\n\t\t\t\t<\/div>\n\t\t\t\t\t<\/div>\n\t\t\t\t<\/div>\n\t\t<div class=\"elementor-element elementor-element-997a113 e-flex e-con-boxed e-con e-parent\" data-id=\"997a113\" data-element_type=\"container\" data-e-type=\"container\">\n\t\t\t\t\t<div class=\"e-con-inner\">\n\t\t\t\t<div class=\"elementor-element elementor-element-fa69e8f elementor-widget elementor-widget-text-editor\" data-id=\"fa69e8f\" data-element_type=\"widget\" data-e-type=\"widget\" data-widget_type=\"text-editor.default\">\n\t\t\t\t<div class=\"elementor-widget-container\">\n\t\t\t\t\t\t\t\t\t<p>Milan Damnjanovi\u0107 was born on 17 August 1971 years. He finished secondary technical school, &#8220;Vujo Mati\u0107&#8221;, Loznica, and then the Faculty of Management and obtained the title &#8211; graduate engineer of management. He has been engaged in entrepreneurship since 1992. year, through several different service activities. Bogai\u0107 held the position of deputy mayor of the municipality since August 2010. until June 2012. year, and he held the position of assistant to the mayor of the Bogati\u0107 municipality since June 2012. year to date, with a job description in the field of education, tourism, culture, sports, entrepreneurship and social protection. In August 2020 year, by the decision of the Municipal Assembly, Bogati\u0107 was elected as the president of the municipality of Bogati\u0107.<\/p>\n\t\t\t\t\t\t\t\t<\/div>\n\t\t\t\t<\/div>\n\t\t\t\t\t<\/div>\n\t\t\t\t<\/div>\n\t\t<div class=\"elementor-element elementor-element-f7842b2 e-flex e-con-boxed e-con e-parent\" data-id=\"f7842b2\" data-element_type=\"container\" data-e-type=\"container\">\n\t\t\t\t\t<div class=\"e-con-inner\">\n\t\t\t\t<div class=\"elementor-element elementor-element-4596669 elementor-widget elementor-widget-text-editor\" data-id=\"4596669\" data-element_type=\"widget\" data-e-type=\"widget\" data-widget_type=\"text-editor.default\">\n\t\t\t\t<div class=\"elementor-widget-container\">\n\t\t\t\t\t\t\t\t\t<p>He is one of the three trustees of the municipal board of the Serbian Progressive Party in Bogatic. Married, father of four children.<\/p>\n\t\t\t\t\t\t\t\t<\/div>\n\t\t\t\t<\/div>\n\t\t\t\t\t<\/div>\n\t\t\t\t<\/div>\n\t\t\t\t\t<\/div>\n\t\t\t\t<\/div>\n\t\t\t\t\t<\/div>\n\t\t\t\t<\/div>\n\t\t\t\t\t<\/div>\n\t\t\t\t<\/div>\n\t\t\t\t<\/div>\n\t\t\t\t\t<\/div>\n\t\t\t\t<\/div>\n\t\t\t\t<\/div>\n\t\t","protected":false},"excerpt":{"rendered":"<p>[bellows config_id=&#8221;main&#8221; menu=&#8221;23&#8243;] President of Bogati\u0107 Municipality &#8211; Milan Damnjanovi\u0107 Milan Damnjanovi\u0107 The municipal president is elected by the municipal assembly, from among councilors, for a period of four years, by secret ballot, with a majority of votes from the total number of councilors of the municipal assembly. The mayor of the municipality has a [&hellip;]<\/p>\n","protected":false},"author":8,"featured_media":0,"parent":13239,"menu_order":0,"comment_status":"closed","ping_status":"closed","template":"","meta":{"footnotes":""},"class_list":["post-13225","page","type-page","status-publish","hentry"],"blocksy_meta":[],"yoast_head":"<!-- This site is optimized with the Yoast SEO plugin v27.1.1 - https:\/\/yoast.com\/product\/yoast-seo-wordpress\/ -->\n<title>President of Bogati\u0107 Municipality - Milan Damnjanovi\u0107 - Bogati\u0107<\/title>\n<meta name=\"description\" content=\"Bogati\u0107 - President of Bogati\u0107 Municipality - Milan Damnjanovi\u0107\" \/>\n<meta name=\"robots\" content=\"index, follow, max-snippet:-1, max-image-preview:large, max-video-preview:-1\" \/>\n<link rel=\"canonical\" href=\"https:\/\/bogatic.rs\/en\/local-government\/bogatic-municipality-assembly\/president-of-bogatic-municipality-milan-damnjanovic\/\" \/>\n<meta property=\"og:locale\" content=\"en_US\" \/>\n<meta property=\"og:type\" content=\"article\" \/>\n<meta property=\"og:title\" content=\"President of Bogati\u0107 Municipality - Milan Damnjanovi\u0107 - Bogati\u0107\" \/>\n<meta property=\"og:description\" content=\"Bogati\u0107 - President of Bogati\u0107 Municipality - Milan Damnjanovi\u0107\" \/>\n<meta property=\"og:url\" content=\"https:\/\/bogatic.rs\/en\/local-government\/bogatic-municipality-assembly\/president-of-bogatic-municipality-milan-damnjanovic\/\" \/>\n<meta property=\"og:site_name\" content=\"Bogati\u0107\" \/>\n<meta property=\"article:modified_time\" content=\"2023-02-20T10:38:08+00:00\" \/>\n<meta property=\"og:image\" content=\"https:\/\/bogatic.rs\/wp-content\/uploads\/2023\/01\/Milan-Damnjanovic-846x1024.jpg\" \/>\n<meta name=\"twitter:card\" content=\"summary_large_image\" \/>\n<meta name=\"twitter:label1\" content=\"Est. reading time\" \/>\n\t<meta name=\"twitter:data1\" content=\"3 minutes\" \/>\n<script type=\"application\/ld+json\" class=\"yoast-schema-graph\">{\"@context\":\"https:\/\/schema.org\",\"@graph\":[{\"@type\":\"WebPage\",\"@id\":\"https:\/\/bogatic.rs\/en\/local-government\/bogatic-municipality-assembly\/president-of-bogatic-municipality-milan-damnjanovic\/\",\"url\":\"https:\/\/bogatic.rs\/en\/local-government\/bogatic-municipality-assembly\/president-of-bogatic-municipality-milan-damnjanovic\/\",\"name\":\"President of Bogati\u0107 Municipality - Milan Damnjanovi\u0107 - Bogati\u0107\",\"isPartOf\":{\"@id\":\"https:\/\/bogatic.rs\/#website\"},\"primaryImageOfPage\":{\"@id\":\"https:\/\/bogatic.rs\/en\/local-government\/bogatic-municipality-assembly\/president-of-bogatic-municipality-milan-damnjanovic\/#primaryimage\"},\"image\":{\"@id\":\"https:\/\/bogatic.rs\/en\/local-government\/bogatic-municipality-assembly\/president-of-bogatic-municipality-milan-damnjanovic\/#primaryimage\"},\"thumbnailUrl\":\"https:\/\/bogatic.rs\/wp-content\/uploads\/2023\/01\/Milan-Damnjanovic-846x1024.jpg\",\"datePublished\":\"2023-01-19T11:25:12+00:00\",\"dateModified\":\"2023-02-20T10:38:08+00:00\",\"description\":\"Bogati\u0107 - President of Bogati\u0107 Municipality - Milan Damnjanovi\u0107\",\"breadcrumb\":{\"@id\":\"https:\/\/bogatic.rs\/en\/local-government\/bogatic-municipality-assembly\/president-of-bogatic-municipality-milan-damnjanovic\/#breadcrumb\"},\"inLanguage\":\"en-US\",\"potentialAction\":[{\"@type\":\"ReadAction\",\"target\":[\"https:\/\/bogatic.rs\/en\/local-government\/bogatic-municipality-assembly\/president-of-bogatic-municipality-milan-damnjanovic\/\"]}]},{\"@type\":\"ImageObject\",\"inLanguage\":\"en-US\",\"@id\":\"https:\/\/bogatic.rs\/en\/local-government\/bogatic-municipality-assembly\/president-of-bogatic-municipality-milan-damnjanovic\/#primaryimage\",\"url\":\"https:\/\/bogatic.rs\/wp-content\/uploads\/2023\/01\/Milan-Damnjanovic-846x1024.jpg\",\"contentUrl\":\"https:\/\/bogatic.rs\/wp-content\/uploads\/2023\/01\/Milan-Damnjanovic-846x1024.jpg\"},{\"@type\":\"BreadcrumbList\",\"@id\":\"https:\/\/bogatic.rs\/en\/local-government\/bogatic-municipality-assembly\/president-of-bogatic-municipality-milan-damnjanovic\/#breadcrumb\",\"itemListElement\":[{\"@type\":\"ListItem\",\"position\":1,\"name\":\"Home\",\"item\":\"https:\/\/bogatic.rs\/\"},{\"@type\":\"ListItem\",\"position\":2,\"name\":\"Local government\",\"item\":\"https:\/\/bogatic.rs\/lokalna-samouprava\/\"},{\"@type\":\"ListItem\",\"position\":3,\"name\":\"Bogati\u0107 Municipality Assembly\",\"item\":\"https:\/\/bogatic.rs\/en\/local-government\/bogatic-municipality-assembly\/\"},{\"@type\":\"ListItem\",\"position\":4,\"name\":\"President of Bogati\u0107 Municipality &#8211; Milan Damnjanovi\u0107\"}]},{\"@type\":\"WebSite\",\"@id\":\"https:\/\/bogatic.rs\/#website\",\"url\":\"https:\/\/bogatic.rs\/\",\"name\":\"Bogati\u0107\",\"description\":\"Zvani\u010dni sajt Op\u0161tine Bogati\u0107\",\"publisher\":{\"@id\":\"https:\/\/bogatic.rs\/#organization\"},\"potentialAction\":[{\"@type\":\"SearchAction\",\"target\":{\"@type\":\"EntryPoint\",\"urlTemplate\":\"https:\/\/bogatic.rs\/?s={search_term_string}\"},\"query-input\":{\"@type\":\"PropertyValueSpecification\",\"valueRequired\":true,\"valueName\":\"search_term_string\"}}],\"inLanguage\":\"en-US\"},{\"@type\":\"Organization\",\"@id\":\"https:\/\/bogatic.rs\/#organization\",\"name\":\"Bogati\u0107\",\"url\":\"https:\/\/bogatic.rs\/\",\"logo\":{\"@type\":\"ImageObject\",\"inLanguage\":\"en-US\",\"@id\":\"https:\/\/bogatic.rs\/#\/schema\/logo\/image\/\",\"url\":\"https:\/\/bogatic.rs\/wp-content\/uploads\/2022\/12\/large-logo.png\",\"contentUrl\":\"https:\/\/bogatic.rs\/wp-content\/uploads\/2022\/12\/large-logo.png\",\"width\":700,\"height\":520,\"caption\":\"Bogati\u0107\"},\"image\":{\"@id\":\"https:\/\/bogatic.rs\/#\/schema\/logo\/image\/\"}}]}<\/script>\n<!-- \/ Yoast SEO plugin. -->","yoast_head_json":{"title":"President of Bogati\u0107 Municipality - Milan Damnjanovi\u0107 - Bogati\u0107","description":"Bogati\u0107 - President of Bogati\u0107 Municipality - Milan Damnjanovi\u0107","robots":{"index":"index","follow":"follow","max-snippet":"max-snippet:-1","max-image-preview":"max-image-preview:large","max-video-preview":"max-video-preview:-1"},"canonical":"https:\/\/bogatic.rs\/en\/local-government\/bogatic-municipality-assembly\/president-of-bogatic-municipality-milan-damnjanovic\/","og_locale":"en_US","og_type":"article","og_title":"President of Bogati\u0107 Municipality - Milan Damnjanovi\u0107 - Bogati\u0107","og_description":"Bogati\u0107 - President of Bogati\u0107 Municipality - Milan Damnjanovi\u0107","og_url":"https:\/\/bogatic.rs\/en\/local-government\/bogatic-municipality-assembly\/president-of-bogatic-municipality-milan-damnjanovic\/","og_site_name":"Bogati\u0107","article_modified_time":"2023-02-20T10:38:08+00:00","og_image":[{"url":"https:\/\/bogatic.rs\/wp-content\/uploads\/2023\/01\/Milan-Damnjanovic-846x1024.jpg","type":"","width":"","height":""}],"twitter_card":"summary_large_image","twitter_misc":{"Est. reading time":"3 minutes"},"schema":{"@context":"https:\/\/schema.org","@graph":[{"@type":"WebPage","@id":"https:\/\/bogatic.rs\/en\/local-government\/bogatic-municipality-assembly\/president-of-bogatic-municipality-milan-damnjanovic\/","url":"https:\/\/bogatic.rs\/en\/local-government\/bogatic-municipality-assembly\/president-of-bogatic-municipality-milan-damnjanovic\/","name":"President of Bogati\u0107 Municipality - Milan Damnjanovi\u0107 - Bogati\u0107","isPartOf":{"@id":"https:\/\/bogatic.rs\/#website"},"primaryImageOfPage":{"@id":"https:\/\/bogatic.rs\/en\/local-government\/bogatic-municipality-assembly\/president-of-bogatic-municipality-milan-damnjanovic\/#primaryimage"},"image":{"@id":"https:\/\/bogatic.rs\/en\/local-government\/bogatic-municipality-assembly\/president-of-bogatic-municipality-milan-damnjanovic\/#primaryimage"},"thumbnailUrl":"https:\/\/bogatic.rs\/wp-content\/uploads\/2023\/01\/Milan-Damnjanovic-846x1024.jpg","datePublished":"2023-01-19T11:25:12+00:00","dateModified":"2023-02-20T10:38:08+00:00","description":"Bogati\u0107 - President of Bogati\u0107 Municipality - Milan Damnjanovi\u0107","breadcrumb":{"@id":"https:\/\/bogatic.rs\/en\/local-government\/bogatic-municipality-assembly\/president-of-bogatic-municipality-milan-damnjanovic\/#breadcrumb"},"inLanguage":"en-US","potentialAction":[{"@type":"ReadAction","target":["https:\/\/bogatic.rs\/en\/local-government\/bogatic-municipality-assembly\/president-of-bogatic-municipality-milan-damnjanovic\/"]}]},{"@type":"ImageObject","inLanguage":"en-US","@id":"https:\/\/bogatic.rs\/en\/local-government\/bogatic-municipality-assembly\/president-of-bogatic-municipality-milan-damnjanovic\/#primaryimage","url":"https:\/\/bogatic.rs\/wp-content\/uploads\/2023\/01\/Milan-Damnjanovic-846x1024.jpg","contentUrl":"https:\/\/bogatic.rs\/wp-content\/uploads\/2023\/01\/Milan-Damnjanovic-846x1024.jpg"},{"@type":"BreadcrumbList","@id":"https:\/\/bogatic.rs\/en\/local-government\/bogatic-municipality-assembly\/president-of-bogatic-municipality-milan-damnjanovic\/#breadcrumb","itemListElement":[{"@type":"ListItem","position":1,"name":"Home","item":"https:\/\/bogatic.rs\/"},{"@type":"ListItem","position":2,"name":"Local government","item":"https:\/\/bogatic.rs\/lokalna-samouprava\/"},{"@type":"ListItem","position":3,"name":"Bogati\u0107 Municipality Assembly","item":"https:\/\/bogatic.rs\/en\/local-government\/bogatic-municipality-assembly\/"},{"@type":"ListItem","position":4,"name":"President of Bogati\u0107 Municipality &#8211; Milan Damnjanovi\u0107"}]},{"@type":"WebSite","@id":"https:\/\/bogatic.rs\/#website","url":"https:\/\/bogatic.rs\/","name":"Bogati\u0107","description":"Zvani\u010dni sajt Op\u0161tine Bogati\u0107","publisher":{"@id":"https:\/\/bogatic.rs\/#organization"},"potentialAction":[{"@type":"SearchAction","target":{"@type":"EntryPoint","urlTemplate":"https:\/\/bogatic.rs\/?s={search_term_string}"},"query-input":{"@type":"PropertyValueSpecification","valueRequired":true,"valueName":"search_term_string"}}],"inLanguage":"en-US"},{"@type":"Organization","@id":"https:\/\/bogatic.rs\/#organization","name":"Bogati\u0107","url":"https:\/\/bogatic.rs\/","logo":{"@type":"ImageObject","inLanguage":"en-US","@id":"https:\/\/bogatic.rs\/#\/schema\/logo\/image\/","url":"https:\/\/bogatic.rs\/wp-content\/uploads\/2022\/12\/large-logo.png","contentUrl":"https:\/\/bogatic.rs\/wp-content\/uploads\/2022\/12\/large-logo.png","width":700,"height":520,"caption":"Bogati\u0107"},"image":{"@id":"https:\/\/bogatic.rs\/#\/schema\/logo\/image\/"}}]}},"_links":{"self":[{"href":"https:\/\/bogatic.rs\/en\/wp-json\/wp\/v2\/pages\/13225","targetHints":{"allow":["GET"]}}],"collection":[{"href":"https:\/\/bogatic.rs\/en\/wp-json\/wp\/v2\/pages"}],"about":[{"href":"https:\/\/bogatic.rs\/en\/wp-json\/wp\/v2\/types\/page"}],"author":[{"embeddable":true,"href":"https:\/\/bogatic.rs\/en\/wp-json\/wp\/v2\/users\/8"}],"replies":[{"embeddable":true,"href":"https:\/\/bogatic.rs\/en\/wp-json\/wp\/v2\/comments?post=13225"}],"version-history":[{"count":0,"href":"https:\/\/bogatic.rs\/en\/wp-json\/wp\/v2\/pages\/13225\/revisions"}],"up":[{"embeddable":true,"href":"https:\/\/bogatic.rs\/en\/wp-json\/wp\/v2\/pages\/13239"}],"wp:attachment":[{"href":"https:\/\/bogatic.rs\/en\/wp-json\/wp\/v2\/media?parent=13225"}],"curies":[{"name":"wp","href":"https:\/\/api.w.org\/{rel}","templated":true}]}}