{"id":13227,"date":"2023-01-19T11:25:44","date_gmt":"2023-01-19T11:25:44","guid":{"rendered":"https:\/\/harmonitydev.bogatic.rs\/deputy-mayor-of-bogatic-municipality-teodor-teodorovic\/"},"modified":"2023-02-20T10:38:08","modified_gmt":"2023-02-20T10:38:08","slug":"deputy-mayor-of-bogatic-municipality-teodor-teodorovic","status":"publish","type":"page","link":"https:\/\/bogatic.rs\/en\/local-government\/bogatic-municipality-assembly\/deputy-mayor-of-bogatic-municipality-teodor-teodorovic\/","title":{"rendered":"Deputy Mayor of Bogati\u0107 Municipality &#8211; Teodor Teodorovi\u0107"},"content":{"rendered":"\t\t<div data-elementor-type=\"wp-page\" data-elementor-id=\"13227\" class=\"elementor elementor-13227\">\n\t\t\t\t<div class=\"elementor-element elementor-element-2db4aaa e-flex e-con-boxed e-con e-parent\" data-id=\"2db4aaa\" data-element_type=\"container\" data-e-type=\"container\">\n\t\t\t\t\t<div class=\"e-con-inner\">\n\t\t<div class=\"elementor-element elementor-element-5985016 e-con-full e-flex e-con e-parent\" data-id=\"5985016\" data-element_type=\"container\" data-e-type=\"container\">\n\t\t\t\t<div class=\"elementor-element elementor-element-fa6a2b1 elementor-widget elementor-widget-shortcode\" data-id=\"fa6a2b1\" data-element_type=\"widget\" data-e-type=\"widget\" data-widget_type=\"shortcode.default\">\n\t\t\t\t<div class=\"elementor-widget-container\">\n\t\t\t\t\t\t\t<div class=\"elementor-shortcode\">[bellows config_id=\"main\" menu=\"23\"]<\/div>\n\t\t\t\t\t\t<\/div>\n\t\t\t\t<\/div>\n\t\t\t\t<\/div>\n\t\t<div class=\"elementor-element elementor-element-47ea51c e-con-full e-flex e-con e-parent\" data-id=\"47ea51c\" data-element_type=\"container\" data-e-type=\"container\">\n\t\t<div class=\"elementor-element elementor-element-5caa3fc content-wrapper e-flex e-con-boxed e-con e-parent\" data-id=\"5caa3fc\" data-element_type=\"container\" data-e-type=\"container\">\n\t\t\t\t\t<div class=\"e-con-inner\">\n\t\t<div class=\"elementor-element elementor-element-4ba67aa e-flex e-con-boxed e-con e-parent\" data-id=\"4ba67aa\" data-element_type=\"container\" data-e-type=\"container\">\n\t\t\t\t\t<div class=\"e-con-inner\">\n\t\t\t\t<div class=\"elementor-element elementor-element-41a3bea elementor-widget elementor-widget-heading\" data-id=\"41a3bea\" data-element_type=\"widget\" data-e-type=\"widget\" data-widget_type=\"heading.default\">\n\t\t\t\t<div class=\"elementor-widget-container\">\n\t\t\t\t\t<h2 class=\"elementor-heading-title elementor-size-default\">Deputy Mayor of Bogati\u0107 - Teodor Teodorovi\u0107<\/h2>\t\t\t\t<\/div>\n\t\t\t\t<\/div>\n\t\t\t\t\t<\/div>\n\t\t\t\t<\/div>\n\t\t<div class=\"elementor-element elementor-element-0feb980 e-flex e-con-boxed e-con e-parent\" data-id=\"0feb980\" data-element_type=\"container\" data-e-type=\"container\">\n\t\t\t\t\t<div class=\"e-con-inner\">\n\t\t<div class=\"elementor-element elementor-element-8680fb9 e-con-full e-flex e-con e-parent\" data-id=\"8680fb9\" data-element_type=\"container\" data-e-type=\"container\">\n\t\t\t\t<div class=\"elementor-element elementor-element-fa0558e elementor-widget elementor-widget-image\" data-id=\"fa0558e\" data-element_type=\"widget\" data-e-type=\"widget\" data-widget_type=\"image.default\">\n\t\t\t\t<div class=\"elementor-widget-container\">\n\t\t\t\t\t\t\t\t\t\t\t\t\t\t\t\t<a href=\"https:\/\/bogatic.rs\/wp-content\/uploads\/2023\/01\/Zamenik-Predsednika-Opstine-Teodor-Teodorovic.jpg\" data-elementor-open-lightbox=\"yes\" data-elementor-lightbox-title=\"Zamenik Predsednika Op\u0161tine Teodor Teodorovi\u0107\" data-e-action-hash=\"#elementor-action%3Aaction%3Dlightbox%26settings%3DeyJpZCI6MTI3NDksInVybCI6Imh0dHBzOlwvXC9ib2dhdGljLnJzXC93cC1jb250ZW50XC91cGxvYWRzXC8yMDIzXC8wMVwvWmFtZW5pay1QcmVkc2VkbmlrYS1PcHN0aW5lLVRlb2Rvci1UZW9kb3JvdmljLmpwZyJ9\">\n\t\t\t\t\t\t\t<img fetchpriority=\"high\" decoding=\"async\" width=\"1024\" height=\"742\" src=\"https:\/\/bogatic.rs\/wp-content\/uploads\/2023\/01\/Zamenik-Predsednika-Opstine-Teodor-Teodorovic-1024x742.jpg\" class=\"attachment-large size-large wp-image-12749\" alt=\"\" srcset=\"https:\/\/bogatic.rs\/wp-content\/uploads\/2023\/01\/Zamenik-Predsednika-Opstine-Teodor-Teodorovic-1024x742.jpg 1024w, https:\/\/bogatic.rs\/wp-content\/uploads\/2023\/01\/Zamenik-Predsednika-Opstine-Teodor-Teodorovic-300x218.jpg 300w, https:\/\/bogatic.rs\/wp-content\/uploads\/2023\/01\/Zamenik-Predsednika-Opstine-Teodor-Teodorovic-768x557.jpg 768w, https:\/\/bogatic.rs\/wp-content\/uploads\/2023\/01\/Zamenik-Predsednika-Opstine-Teodor-Teodorovic-1536x1114.jpg 1536w, https:\/\/bogatic.rs\/wp-content\/uploads\/2023\/01\/Zamenik-Predsednika-Opstine-Teodor-Teodorovic.jpg 1600w\" sizes=\"(max-width: 1024px) 100vw, 1024px\" \/>\t\t\t\t\t\t\t\t<\/a>\n\t\t\t\t\t\t\t\t\t\t\t\t\t\t\t<\/div>\n\t\t\t\t<\/div>\n\t\t\t\t<div class=\"elementor-element elementor-element-eb17712 elementor-widget elementor-widget-text-editor\" data-id=\"eb17712\" data-element_type=\"widget\" data-e-type=\"widget\" data-widget_type=\"text-editor.default\">\n\t\t\t\t<div class=\"elementor-widget-container\">\n\t\t\t\t\t\t\t\t\t<p style=\"text-align: center;\">Deputy Mayor of Bogati\u0107 &#8211; Teodor Teodorovi\u0107<\/p>\n\t\t\t\t\t\t\t\t<\/div>\n\t\t\t\t<\/div>\n\t\t\t\t<\/div>\n\t\t<div class=\"elementor-element elementor-element-1d3c021 e-flex e-con-boxed e-con e-parent\" data-id=\"1d3c021\" data-element_type=\"container\" data-e-type=\"container\">\n\t\t\t\t\t<div class=\"e-con-inner\">\n\t\t\t\t<div class=\"elementor-element elementor-element-d00d8e4 elementor-widget elementor-widget-text-editor\" data-id=\"d00d8e4\" data-element_type=\"widget\" data-e-type=\"widget\" data-widget_type=\"text-editor.default\">\n\t\t\t\t<div class=\"elementor-widget-container\">\n\t\t\t\t\t\t\t\t\t<p><strong>Responsibilities:<\/strong><\/p>\n<p>The Deputy President of the Municipality replaces the President of the Municipality in case of his absence and inability to perform his duties.<\/p>\n<p><strong>Teodor Teodorovic<\/strong><\/p>\n<p>Teodor Teodorovi\u0107 was born on 01 October 1989 in \u0160abac. He is a specialist in engineering management by profession. Since 2013 until 2014 was an intern in the municipal administration of Bogati\u0107 municipality. Since 2014 until 2017 He was employed in the Directorate for Agriculture and the Village of the Municipality of Bogati\u0107. Since 2017 until March 2020. In 2010, he worked in the company &#8220;M Biogas&#8221; on the construction of a biogas plant as a responsible person. <\/p>\n\t\t\t\t\t\t\t\t<\/div>\n\t\t\t\t<\/div>\n\t\t\t\t\t<\/div>\n\t\t\t\t<\/div>\n\t\t\t\t\t<\/div>\n\t\t\t\t<\/div>\n\t\t<div class=\"elementor-element elementor-element-ccabc00 e-flex e-con-boxed e-con e-parent\" data-id=\"ccabc00\" data-element_type=\"container\" data-e-type=\"container\">\n\t\t\t\t\t<div class=\"e-con-inner\">\n\t\t\t\t<div class=\"elementor-element elementor-element-ac4d5f6 elementor-widget elementor-widget-text-editor\" data-id=\"ac4d5f6\" data-element_type=\"widget\" data-e-type=\"widget\" data-widget_type=\"text-editor.default\">\n\t\t\t\t<div class=\"elementor-widget-container\">\n\t\t\t\t\t\t\t\t\t<p>In August 2020 By the decision of the Bogati\u0107 Municipal Assembly, he was elected as the Deputy President of the Bogati\u0107 Municipality.<\/p>\n<p>He is one of the three trustees of the Municipal Committee of the Serbian Progressive Party in Bogatic and a trustee of the Local Committee of the Serbian Progressive Party in Sala\u0161 Crnobarski.<\/p>\n\t\t\t\t\t\t\t\t<\/div>\n\t\t\t\t<\/div>\n\t\t\t\t\t<\/div>\n\t\t\t\t<\/div>\n\t\t\t\t\t<\/div>\n\t\t\t\t<\/div>\n\t\t\t\t<\/div>\n\t\t\t\t\t<\/div>\n\t\t\t\t<\/div>\n\t\t\t\t<\/div>\n\t\t","protected":false},"excerpt":{"rendered":"<p>[bellows config_id=&#8221;main&#8221; menu=&#8221;23&#8243;] Deputy Mayor of Bogati\u0107 &#8211; Teodor Teodorovi\u0107 Deputy Mayor of Bogati\u0107 &#8211; Teodor Teodorovi\u0107 Responsibilities: The Deputy President of the Municipality replaces the President of the Municipality in case of his absence and inability to perform his duties. Teodor Teodorovic Teodor Teodorovi\u0107 was born on 01 October 1989 in \u0160abac. He is [&hellip;]<\/p>\n","protected":false},"author":8,"featured_media":0,"parent":13239,"menu_order":0,"comment_status":"closed","ping_status":"closed","template":"","meta":{"footnotes":""},"class_list":["post-13227","page","type-page","status-publish","hentry"],"blocksy_meta":[],"yoast_head":"<!-- This site is optimized with the Yoast SEO plugin v27.1.1 - https:\/\/yoast.com\/product\/yoast-seo-wordpress\/ -->\n<title>Deputy Mayor of Bogati\u0107 Municipality - Teodor Teodorovi\u0107 - Bogati\u0107<\/title>\n<meta name=\"description\" content=\"Bogati\u0107 - Deputy Mayor of Bogati\u0107 Municipality - Teodor Teodorovi\u0107\" \/>\n<meta name=\"robots\" content=\"index, follow, max-snippet:-1, max-image-preview:large, max-video-preview:-1\" \/>\n<link rel=\"canonical\" href=\"https:\/\/bogatic.rs\/en\/local-government\/bogatic-municipality-assembly\/deputy-mayor-of-bogatic-municipality-teodor-teodorovic\/\" \/>\n<meta property=\"og:locale\" content=\"en_US\" \/>\n<meta property=\"og:type\" content=\"article\" \/>\n<meta property=\"og:title\" content=\"Deputy Mayor of Bogati\u0107 Municipality - Teodor Teodorovi\u0107 - Bogati\u0107\" \/>\n<meta property=\"og:description\" content=\"Bogati\u0107 - Deputy Mayor of Bogati\u0107 Municipality - Teodor Teodorovi\u0107\" \/>\n<meta property=\"og:url\" content=\"https:\/\/bogatic.rs\/en\/local-government\/bogatic-municipality-assembly\/deputy-mayor-of-bogatic-municipality-teodor-teodorovic\/\" \/>\n<meta property=\"og:site_name\" content=\"Bogati\u0107\" \/>\n<meta property=\"article:modified_time\" content=\"2023-02-20T10:38:08+00:00\" \/>\n<meta property=\"og:image\" content=\"https:\/\/bogatic.rs\/wp-content\/uploads\/2023\/01\/Zamenik-Predsednika-Opstine-Teodor-Teodorovic-1024x742.jpg\" \/>\n<meta name=\"twitter:card\" content=\"summary_large_image\" \/>\n<meta name=\"twitter:label1\" content=\"Est. reading time\" \/>\n\t<meta name=\"twitter:data1\" content=\"1 minute\" \/>\n<script type=\"application\/ld+json\" class=\"yoast-schema-graph\">{\"@context\":\"https:\/\/schema.org\",\"@graph\":[{\"@type\":\"WebPage\",\"@id\":\"https:\/\/bogatic.rs\/en\/local-government\/bogatic-municipality-assembly\/deputy-mayor-of-bogatic-municipality-teodor-teodorovic\/\",\"url\":\"https:\/\/bogatic.rs\/en\/local-government\/bogatic-municipality-assembly\/deputy-mayor-of-bogatic-municipality-teodor-teodorovic\/\",\"name\":\"Deputy Mayor of Bogati\u0107 Municipality - Teodor Teodorovi\u0107 - Bogati\u0107\",\"isPartOf\":{\"@id\":\"https:\/\/bogatic.rs\/#website\"},\"primaryImageOfPage\":{\"@id\":\"https:\/\/bogatic.rs\/en\/local-government\/bogatic-municipality-assembly\/deputy-mayor-of-bogatic-municipality-teodor-teodorovic\/#primaryimage\"},\"image\":{\"@id\":\"https:\/\/bogatic.rs\/en\/local-government\/bogatic-municipality-assembly\/deputy-mayor-of-bogatic-municipality-teodor-teodorovic\/#primaryimage\"},\"thumbnailUrl\":\"https:\/\/bogatic.rs\/wp-content\/uploads\/2023\/01\/Zamenik-Predsednika-Opstine-Teodor-Teodorovic-1024x742.jpg\",\"datePublished\":\"2023-01-19T11:25:44+00:00\",\"dateModified\":\"2023-02-20T10:38:08+00:00\",\"description\":\"Bogati\u0107 - Deputy Mayor of Bogati\u0107 Municipality - Teodor Teodorovi\u0107\",\"breadcrumb\":{\"@id\":\"https:\/\/bogatic.rs\/en\/local-government\/bogatic-municipality-assembly\/deputy-mayor-of-bogatic-municipality-teodor-teodorovic\/#breadcrumb\"},\"inLanguage\":\"en-US\",\"potentialAction\":[{\"@type\":\"ReadAction\",\"target\":[\"https:\/\/bogatic.rs\/en\/local-government\/bogatic-municipality-assembly\/deputy-mayor-of-bogatic-municipality-teodor-teodorovic\/\"]}]},{\"@type\":\"ImageObject\",\"inLanguage\":\"en-US\",\"@id\":\"https:\/\/bogatic.rs\/en\/local-government\/bogatic-municipality-assembly\/deputy-mayor-of-bogatic-municipality-teodor-teodorovic\/#primaryimage\",\"url\":\"https:\/\/bogatic.rs\/wp-content\/uploads\/2023\/01\/Zamenik-Predsednika-Opstine-Teodor-Teodorovic-1024x742.jpg\",\"contentUrl\":\"https:\/\/bogatic.rs\/wp-content\/uploads\/2023\/01\/Zamenik-Predsednika-Opstine-Teodor-Teodorovic-1024x742.jpg\"},{\"@type\":\"BreadcrumbList\",\"@id\":\"https:\/\/bogatic.rs\/en\/local-government\/bogatic-municipality-assembly\/deputy-mayor-of-bogatic-municipality-teodor-teodorovic\/#breadcrumb\",\"itemListElement\":[{\"@type\":\"ListItem\",\"position\":1,\"name\":\"Home\",\"item\":\"https:\/\/bogatic.rs\/\"},{\"@type\":\"ListItem\",\"position\":2,\"name\":\"Local government\",\"item\":\"https:\/\/bogatic.rs\/lokalna-samouprava\/\"},{\"@type\":\"ListItem\",\"position\":3,\"name\":\"Bogati\u0107 Municipality Assembly\",\"item\":\"https:\/\/bogatic.rs\/en\/local-government\/bogatic-municipality-assembly\/\"},{\"@type\":\"ListItem\",\"position\":4,\"name\":\"Deputy Mayor of Bogati\u0107 Municipality &#8211; Teodor Teodorovi\u0107\"}]},{\"@type\":\"WebSite\",\"@id\":\"https:\/\/bogatic.rs\/#website\",\"url\":\"https:\/\/bogatic.rs\/\",\"name\":\"Bogati\u0107\",\"description\":\"Zvani\u010dni sajt Op\u0161tine Bogati\u0107\",\"publisher\":{\"@id\":\"https:\/\/bogatic.rs\/#organization\"},\"potentialAction\":[{\"@type\":\"SearchAction\",\"target\":{\"@type\":\"EntryPoint\",\"urlTemplate\":\"https:\/\/bogatic.rs\/?s={search_term_string}\"},\"query-input\":{\"@type\":\"PropertyValueSpecification\",\"valueRequired\":true,\"valueName\":\"search_term_string\"}}],\"inLanguage\":\"en-US\"},{\"@type\":\"Organization\",\"@id\":\"https:\/\/bogatic.rs\/#organization\",\"name\":\"Bogati\u0107\",\"url\":\"https:\/\/bogatic.rs\/\",\"logo\":{\"@type\":\"ImageObject\",\"inLanguage\":\"en-US\",\"@id\":\"https:\/\/bogatic.rs\/#\/schema\/logo\/image\/\",\"url\":\"https:\/\/bogatic.rs\/wp-content\/uploads\/2022\/12\/large-logo.png\",\"contentUrl\":\"https:\/\/bogatic.rs\/wp-content\/uploads\/2022\/12\/large-logo.png\",\"width\":700,\"height\":520,\"caption\":\"Bogati\u0107\"},\"image\":{\"@id\":\"https:\/\/bogatic.rs\/#\/schema\/logo\/image\/\"}}]}<\/script>\n<!-- \/ Yoast SEO plugin. -->","yoast_head_json":{"title":"Deputy Mayor of Bogati\u0107 Municipality - Teodor Teodorovi\u0107 - Bogati\u0107","description":"Bogati\u0107 - Deputy Mayor of Bogati\u0107 Municipality - Teodor Teodorovi\u0107","robots":{"index":"index","follow":"follow","max-snippet":"max-snippet:-1","max-image-preview":"max-image-preview:large","max-video-preview":"max-video-preview:-1"},"canonical":"https:\/\/bogatic.rs\/en\/local-government\/bogatic-municipality-assembly\/deputy-mayor-of-bogatic-municipality-teodor-teodorovic\/","og_locale":"en_US","og_type":"article","og_title":"Deputy Mayor of Bogati\u0107 Municipality - Teodor Teodorovi\u0107 - Bogati\u0107","og_description":"Bogati\u0107 - Deputy Mayor of Bogati\u0107 Municipality - Teodor Teodorovi\u0107","og_url":"https:\/\/bogatic.rs\/en\/local-government\/bogatic-municipality-assembly\/deputy-mayor-of-bogatic-municipality-teodor-teodorovic\/","og_site_name":"Bogati\u0107","article_modified_time":"2023-02-20T10:38:08+00:00","og_image":[{"url":"https:\/\/bogatic.rs\/wp-content\/uploads\/2023\/01\/Zamenik-Predsednika-Opstine-Teodor-Teodorovic-1024x742.jpg","type":"","width":"","height":""}],"twitter_card":"summary_large_image","twitter_misc":{"Est. reading time":"1 minute"},"schema":{"@context":"https:\/\/schema.org","@graph":[{"@type":"WebPage","@id":"https:\/\/bogatic.rs\/en\/local-government\/bogatic-municipality-assembly\/deputy-mayor-of-bogatic-municipality-teodor-teodorovic\/","url":"https:\/\/bogatic.rs\/en\/local-government\/bogatic-municipality-assembly\/deputy-mayor-of-bogatic-municipality-teodor-teodorovic\/","name":"Deputy Mayor of Bogati\u0107 Municipality - Teodor Teodorovi\u0107 - Bogati\u0107","isPartOf":{"@id":"https:\/\/bogatic.rs\/#website"},"primaryImageOfPage":{"@id":"https:\/\/bogatic.rs\/en\/local-government\/bogatic-municipality-assembly\/deputy-mayor-of-bogatic-municipality-teodor-teodorovic\/#primaryimage"},"image":{"@id":"https:\/\/bogatic.rs\/en\/local-government\/bogatic-municipality-assembly\/deputy-mayor-of-bogatic-municipality-teodor-teodorovic\/#primaryimage"},"thumbnailUrl":"https:\/\/bogatic.rs\/wp-content\/uploads\/2023\/01\/Zamenik-Predsednika-Opstine-Teodor-Teodorovic-1024x742.jpg","datePublished":"2023-01-19T11:25:44+00:00","dateModified":"2023-02-20T10:38:08+00:00","description":"Bogati\u0107 - Deputy Mayor of Bogati\u0107 Municipality - Teodor Teodorovi\u0107","breadcrumb":{"@id":"https:\/\/bogatic.rs\/en\/local-government\/bogatic-municipality-assembly\/deputy-mayor-of-bogatic-municipality-teodor-teodorovic\/#breadcrumb"},"inLanguage":"en-US","potentialAction":[{"@type":"ReadAction","target":["https:\/\/bogatic.rs\/en\/local-government\/bogatic-municipality-assembly\/deputy-mayor-of-bogatic-municipality-teodor-teodorovic\/"]}]},{"@type":"ImageObject","inLanguage":"en-US","@id":"https:\/\/bogatic.rs\/en\/local-government\/bogatic-municipality-assembly\/deputy-mayor-of-bogatic-municipality-teodor-teodorovic\/#primaryimage","url":"https:\/\/bogatic.rs\/wp-content\/uploads\/2023\/01\/Zamenik-Predsednika-Opstine-Teodor-Teodorovic-1024x742.jpg","contentUrl":"https:\/\/bogatic.rs\/wp-content\/uploads\/2023\/01\/Zamenik-Predsednika-Opstine-Teodor-Teodorovic-1024x742.jpg"},{"@type":"BreadcrumbList","@id":"https:\/\/bogatic.rs\/en\/local-government\/bogatic-municipality-assembly\/deputy-mayor-of-bogatic-municipality-teodor-teodorovic\/#breadcrumb","itemListElement":[{"@type":"ListItem","position":1,"name":"Home","item":"https:\/\/bogatic.rs\/"},{"@type":"ListItem","position":2,"name":"Local government","item":"https:\/\/bogatic.rs\/lokalna-samouprava\/"},{"@type":"ListItem","position":3,"name":"Bogati\u0107 Municipality Assembly","item":"https:\/\/bogatic.rs\/en\/local-government\/bogatic-municipality-assembly\/"},{"@type":"ListItem","position":4,"name":"Deputy Mayor of Bogati\u0107 Municipality &#8211; Teodor Teodorovi\u0107"}]},{"@type":"WebSite","@id":"https:\/\/bogatic.rs\/#website","url":"https:\/\/bogatic.rs\/","name":"Bogati\u0107","description":"Zvani\u010dni sajt Op\u0161tine Bogati\u0107","publisher":{"@id":"https:\/\/bogatic.rs\/#organization"},"potentialAction":[{"@type":"SearchAction","target":{"@type":"EntryPoint","urlTemplate":"https:\/\/bogatic.rs\/?s={search_term_string}"},"query-input":{"@type":"PropertyValueSpecification","valueRequired":true,"valueName":"search_term_string"}}],"inLanguage":"en-US"},{"@type":"Organization","@id":"https:\/\/bogatic.rs\/#organization","name":"Bogati\u0107","url":"https:\/\/bogatic.rs\/","logo":{"@type":"ImageObject","inLanguage":"en-US","@id":"https:\/\/bogatic.rs\/#\/schema\/logo\/image\/","url":"https:\/\/bogatic.rs\/wp-content\/uploads\/2022\/12\/large-logo.png","contentUrl":"https:\/\/bogatic.rs\/wp-content\/uploads\/2022\/12\/large-logo.png","width":700,"height":520,"caption":"Bogati\u0107"},"image":{"@id":"https:\/\/bogatic.rs\/#\/schema\/logo\/image\/"}}]}},"_links":{"self":[{"href":"https:\/\/bogatic.rs\/en\/wp-json\/wp\/v2\/pages\/13227","targetHints":{"allow":["GET"]}}],"collection":[{"href":"https:\/\/bogatic.rs\/en\/wp-json\/wp\/v2\/pages"}],"about":[{"href":"https:\/\/bogatic.rs\/en\/wp-json\/wp\/v2\/types\/page"}],"author":[{"embeddable":true,"href":"https:\/\/bogatic.rs\/en\/wp-json\/wp\/v2\/users\/8"}],"replies":[{"embeddable":true,"href":"https:\/\/bogatic.rs\/en\/wp-json\/wp\/v2\/comments?post=13227"}],"version-history":[{"count":0,"href":"https:\/\/bogatic.rs\/en\/wp-json\/wp\/v2\/pages\/13227\/revisions"}],"up":[{"embeddable":true,"href":"https:\/\/bogatic.rs\/en\/wp-json\/wp\/v2\/pages\/13239"}],"wp:attachment":[{"href":"https:\/\/bogatic.rs\/en\/wp-json\/wp\/v2\/media?parent=13227"}],"curies":[{"name":"wp","href":"https:\/\/api.w.org\/{rel}","templated":true}]}}