{"id":13239,"date":"2023-01-19T11:26:41","date_gmt":"2023-01-19T11:26:41","guid":{"rendered":"https:\/\/harmonitydev.bogatic.rs\/bogatic-municipality-assembly\/"},"modified":"2023-02-27T09:45:15","modified_gmt":"2023-02-27T09:45:15","slug":"bogatic-municipality-assembly","status":"publish","type":"page","link":"https:\/\/bogatic.rs\/en\/local-government\/bogatic-municipality-assembly\/","title":{"rendered":"Bogati\u0107 Municipality Assembly"},"content":{"rendered":"\t\t<div data-elementor-type=\"wp-page\" data-elementor-id=\"13239\" class=\"elementor elementor-13239\">\n\t\t\t\t<div class=\"elementor-element elementor-element-eadc9c3 e-flex e-con-boxed e-con e-parent\" data-id=\"eadc9c3\" data-element_type=\"container\" data-e-type=\"container\">\n\t\t\t\t\t<div class=\"e-con-inner\">\n\t\t<div class=\"elementor-element elementor-element-95fe6a6 e-con-full e-flex e-con e-parent\" data-id=\"95fe6a6\" data-element_type=\"container\" data-e-type=\"container\">\n\t\t\t\t<div class=\"elementor-element elementor-element-4201bc7 elementor-widget elementor-widget-shortcode\" data-id=\"4201bc7\" data-element_type=\"widget\" data-e-type=\"widget\" data-widget_type=\"shortcode.default\">\n\t\t\t\t<div class=\"elementor-widget-container\">\n\t\t\t\t\t\t\t<div class=\"elementor-shortcode\">[bellows config_id=\"main\" menu=\"23\"]<\/div>\n\t\t\t\t\t\t<\/div>\n\t\t\t\t<\/div>\n\t\t\t\t<\/div>\n\t\t<div class=\"elementor-element elementor-element-f07ee64 e-con-full e-flex e-con e-parent\" data-id=\"f07ee64\" data-element_type=\"container\" data-e-type=\"container\">\n\t\t<div class=\"elementor-element elementor-element-85d33c6 content-wrapper e-flex e-con-boxed e-con e-parent\" data-id=\"85d33c6\" data-element_type=\"container\" data-e-type=\"container\">\n\t\t\t\t\t<div class=\"e-con-inner\">\n\t\t<div class=\"elementor-element elementor-element-549ed64 e-flex e-con-boxed e-con e-parent\" data-id=\"549ed64\" data-element_type=\"container\" data-e-type=\"container\">\n\t\t\t\t\t<div class=\"e-con-inner\">\n\t\t\t\t<div class=\"elementor-element elementor-element-c707b62 elementor-widget elementor-widget-heading\" data-id=\"c707b62\" data-element_type=\"widget\" data-e-type=\"widget\" data-widget_type=\"heading.default\">\n\t\t\t\t<div class=\"elementor-widget-container\">\n\t\t\t\t\t<h2 class=\"elementor-heading-title elementor-size-default\">Bogati\u0107 Municipality Assembly<\/h2>\t\t\t\t<\/div>\n\t\t\t\t<\/div>\n\t\t\t\t\t<\/div>\n\t\t\t\t<\/div>\n\t\t<div class=\"elementor-element elementor-element-5f9db99 e-flex e-con-boxed e-con e-parent\" data-id=\"5f9db99\" data-element_type=\"container\" data-e-type=\"container\">\n\t\t\t\t\t<div class=\"e-con-inner\">\n\t\t<div class=\"elementor-element elementor-element-8172732 e-flex e-con-boxed e-con e-parent\" data-id=\"8172732\" data-element_type=\"container\" data-e-type=\"container\">\n\t\t\t\t\t<div class=\"e-con-inner\">\n\t\t\t\t<div class=\"elementor-element elementor-element-d39fd84 elementor-widget elementor-widget-text-editor\" data-id=\"d39fd84\" data-element_type=\"widget\" data-e-type=\"widget\" data-widget_type=\"text-editor.default\">\n\t\t\t\t<div class=\"elementor-widget-container\">\n\t\t\t\t\t\t\t\t\t<p>The Municipal Assembly is the highest authority that performs the basic functions of local government, established by the Constitution, the law and the Statute.<\/p>\n<p>The Bogati\u0107 Municipal Assembly consists of 31 councilors, who are elected by citizens in direct elections, by secret ballot, in accordance with the law and the Statute. Decisions are made by the majority of votes of the councilors present, unless the law or the Statute stipulates otherwise.<\/p>\n<p>The Municipal Assembly is considered constituted by the election of the President of the Municipal Assembly and the appointment of the Secretary of the Municipal Assembly.<\/p>\n<p><strong>Powers of the Assembly<\/strong><\/p>\n<p>Municipal Assembly in accordance with the law<\/p>\n<ul>\n<li>adopts the Municipal Statute and the Rules of Procedure of the Municipal Assembly;<\/li>\n<li>passes the budget and approves the final account of the municipality,<\/li>\n<li>determines the rates of source revenues of the municipality, as well as the method and criteria for determining the amount of local taxes and fees,<\/li>\n<li>brings development programs of the municipality and individual activities,<\/li>\n<li>adopts the Urban Plan of the municipality and regulates the use of construction land,<\/li>\n<li>passes regulations and other acts,<\/li>\n<li>calls a municipal referendum for the whole or part of the municipality, declares itself on the proposals contained in the citizens&#8217; initiative and determines the proposed decision on self-contribution,<\/li>\n<li>establishes services, public companies, institutions and organizations, determined by the Statute and supervises their work, appoints and dismisses the Management and Supervisory Boards, appoints and dismisses the directors of public companies, institutions, organizations, offices whose founders and approves their Statutes, in in accordance with the law<\/li>\n<li>elects and dismisses the President of the Assembly and the Deputy President of the Assembly, appoints and dismisses the Secretary of the Assembly,<\/li>\n<li>elects and dismisses the president of the municipality, and on the proposal of the president of the municipality, elects the deputy president of the municipality and members of the municipal council,<\/li>\n<li>determines municipal taxes and other local revenues that belong to the municipality by law,<\/li>\n<li>determines the fees for the arrangement and use of Gadjevina land,<\/li>\n<li>alienation and disposal of immovable property in the public ownership of the municipality,<\/li>\n<li>in accordance with the law, passes acts on the public settlement of the municipality, in accordance with the law regulating the public debt,<\/li>\n<li>prescribes the working hours of catering, trade and craft establishments,<\/li>\n<li>gives an opinion on the republican and regional spatial plan,<\/li>\n<li>gives an opinion on the laws regulating issues of interest to the municipality,<\/li>\n<li>gives consent to the use of the name, coat of arms and other symbols of the municipality,<\/li>\n<li>performs other duties established by law and the Statute.<\/li>\n<\/ul>\t\t\t\t\t\t\t\t<\/div>\n\t\t\t\t<\/div>\n\t\t\t\t\t<\/div>\n\t\t\t\t<\/div>\n\t\t\t\t\t<\/div>\n\t\t\t\t<\/div>\n\t\t\t\t\t<\/div>\n\t\t\t\t<\/div>\n\t\t\t\t<\/div>\n\t\t\t\t\t<\/div>\n\t\t\t\t<\/div>\n\t\t\t\t<\/div>\n\t\t","protected":false},"excerpt":{"rendered":"<p>[bellows config_id=&#8221;main&#8221; menu=&#8221;23&#8243;] Bogati\u0107 Municipality Assembly The Municipal Assembly is the highest authority that performs the basic functions of local government, established by the Constitution, the law and the Statute. The Bogati\u0107 Municipal Assembly consists of 31 councilors, who are elected by citizens in direct elections, by secret ballot, in accordance with the law and [&hellip;]<\/p>\n","protected":false},"author":8,"featured_media":0,"parent":13008,"menu_order":0,"comment_status":"closed","ping_status":"closed","template":"","meta":{"footnotes":""},"class_list":["post-13239","page","type-page","status-publish","hentry"],"blocksy_meta":[],"yoast_head":"<!-- This site is optimized with the Yoast SEO plugin v27.1.1 - https:\/\/yoast.com\/product\/yoast-seo-wordpress\/ -->\n<title>Bogati\u0107 Municipality Assembly - Bogati\u0107<\/title>\n<meta name=\"description\" content=\"Bogati\u0107 - Bogati\u0107 Municipality Assembly\" \/>\n<meta name=\"robots\" content=\"index, follow, max-snippet:-1, max-image-preview:large, max-video-preview:-1\" \/>\n<link rel=\"canonical\" href=\"https:\/\/bogatic.rs\/en\/local-government\/bogatic-municipality-assembly\/\" \/>\n<meta property=\"og:locale\" content=\"en_US\" \/>\n<meta property=\"og:type\" content=\"article\" \/>\n<meta property=\"og:title\" content=\"Bogati\u0107 Municipality Assembly - Bogati\u0107\" \/>\n<meta property=\"og:description\" content=\"Bogati\u0107 - Bogati\u0107 Municipality Assembly\" \/>\n<meta property=\"og:url\" content=\"https:\/\/bogatic.rs\/en\/local-government\/bogatic-municipality-assembly\/\" \/>\n<meta property=\"og:site_name\" content=\"Bogati\u0107\" \/>\n<meta property=\"article:modified_time\" content=\"2023-02-27T09:45:15+00:00\" \/>\n<meta property=\"og:image\" content=\"https:\/\/bogatic.rs\/wp-content\/uploads\/2023\/02\/1200px-Zgrada_starog_okruznog_nacelstva_u_Bogaticu_01.jpg\" \/>\n\t<meta property=\"og:image:width\" content=\"1200\" \/>\n\t<meta property=\"og:image:height\" content=\"675\" \/>\n\t<meta property=\"og:image:type\" content=\"image\/jpeg\" \/>\n<meta name=\"twitter:card\" content=\"summary_large_image\" \/>\n<meta name=\"twitter:label1\" content=\"Est. reading time\" \/>\n\t<meta name=\"twitter:data1\" content=\"2 minutes\" \/>\n<script type=\"application\/ld+json\" class=\"yoast-schema-graph\">{\"@context\":\"https:\/\/schema.org\",\"@graph\":[{\"@type\":\"WebPage\",\"@id\":\"https:\/\/bogatic.rs\/en\/local-government\/bogatic-municipality-assembly\/\",\"url\":\"https:\/\/bogatic.rs\/en\/local-government\/bogatic-municipality-assembly\/\",\"name\":\"Bogati\u0107 Municipality Assembly - Bogati\u0107\",\"isPartOf\":{\"@id\":\"https:\/\/bogatic.rs\/#website\"},\"datePublished\":\"2023-01-19T11:26:41+00:00\",\"dateModified\":\"2023-02-27T09:45:15+00:00\",\"description\":\"Bogati\u0107 - Bogati\u0107 Municipality Assembly\",\"breadcrumb\":{\"@id\":\"https:\/\/bogatic.rs\/en\/local-government\/bogatic-municipality-assembly\/#breadcrumb\"},\"inLanguage\":\"en-US\",\"potentialAction\":[{\"@type\":\"ReadAction\",\"target\":[\"https:\/\/bogatic.rs\/en\/local-government\/bogatic-municipality-assembly\/\"]}]},{\"@type\":\"BreadcrumbList\",\"@id\":\"https:\/\/bogatic.rs\/en\/local-government\/bogatic-municipality-assembly\/#breadcrumb\",\"itemListElement\":[{\"@type\":\"ListItem\",\"position\":1,\"name\":\"Home\",\"item\":\"https:\/\/bogatic.rs\/\"},{\"@type\":\"ListItem\",\"position\":2,\"name\":\"Local government\",\"item\":\"https:\/\/bogatic.rs\/lokalna-samouprava\/\"},{\"@type\":\"ListItem\",\"position\":3,\"name\":\"Bogati\u0107 Municipality Assembly\"}]},{\"@type\":\"WebSite\",\"@id\":\"https:\/\/bogatic.rs\/#website\",\"url\":\"https:\/\/bogatic.rs\/\",\"name\":\"Bogati\u0107\",\"description\":\"Zvani\u010dni sajt Op\u0161tine Bogati\u0107\",\"publisher\":{\"@id\":\"https:\/\/bogatic.rs\/#organization\"},\"potentialAction\":[{\"@type\":\"SearchAction\",\"target\":{\"@type\":\"EntryPoint\",\"urlTemplate\":\"https:\/\/bogatic.rs\/?s={search_term_string}\"},\"query-input\":{\"@type\":\"PropertyValueSpecification\",\"valueRequired\":true,\"valueName\":\"search_term_string\"}}],\"inLanguage\":\"en-US\"},{\"@type\":\"Organization\",\"@id\":\"https:\/\/bogatic.rs\/#organization\",\"name\":\"Bogati\u0107\",\"url\":\"https:\/\/bogatic.rs\/\",\"logo\":{\"@type\":\"ImageObject\",\"inLanguage\":\"en-US\",\"@id\":\"https:\/\/bogatic.rs\/#\/schema\/logo\/image\/\",\"url\":\"https:\/\/bogatic.rs\/wp-content\/uploads\/2022\/12\/large-logo.png\",\"contentUrl\":\"https:\/\/bogatic.rs\/wp-content\/uploads\/2022\/12\/large-logo.png\",\"width\":700,\"height\":520,\"caption\":\"Bogati\u0107\"},\"image\":{\"@id\":\"https:\/\/bogatic.rs\/#\/schema\/logo\/image\/\"}}]}<\/script>\n<!-- \/ Yoast SEO plugin. -->","yoast_head_json":{"title":"Bogati\u0107 Municipality Assembly - Bogati\u0107","description":"Bogati\u0107 - Bogati\u0107 Municipality Assembly","robots":{"index":"index","follow":"follow","max-snippet":"max-snippet:-1","max-image-preview":"max-image-preview:large","max-video-preview":"max-video-preview:-1"},"canonical":"https:\/\/bogatic.rs\/en\/local-government\/bogatic-municipality-assembly\/","og_locale":"en_US","og_type":"article","og_title":"Bogati\u0107 Municipality Assembly - Bogati\u0107","og_description":"Bogati\u0107 - Bogati\u0107 Municipality Assembly","og_url":"https:\/\/bogatic.rs\/en\/local-government\/bogatic-municipality-assembly\/","og_site_name":"Bogati\u0107","article_modified_time":"2023-02-27T09:45:15+00:00","og_image":[{"width":1200,"height":675,"url":"https:\/\/bogatic.rs\/wp-content\/uploads\/2023\/02\/1200px-Zgrada_starog_okruznog_nacelstva_u_Bogaticu_01.jpg","type":"image\/jpeg"}],"twitter_card":"summary_large_image","twitter_misc":{"Est. reading time":"2 minutes"},"schema":{"@context":"https:\/\/schema.org","@graph":[{"@type":"WebPage","@id":"https:\/\/bogatic.rs\/en\/local-government\/bogatic-municipality-assembly\/","url":"https:\/\/bogatic.rs\/en\/local-government\/bogatic-municipality-assembly\/","name":"Bogati\u0107 Municipality Assembly - Bogati\u0107","isPartOf":{"@id":"https:\/\/bogatic.rs\/#website"},"datePublished":"2023-01-19T11:26:41+00:00","dateModified":"2023-02-27T09:45:15+00:00","description":"Bogati\u0107 - Bogati\u0107 Municipality Assembly","breadcrumb":{"@id":"https:\/\/bogatic.rs\/en\/local-government\/bogatic-municipality-assembly\/#breadcrumb"},"inLanguage":"en-US","potentialAction":[{"@type":"ReadAction","target":["https:\/\/bogatic.rs\/en\/local-government\/bogatic-municipality-assembly\/"]}]},{"@type":"BreadcrumbList","@id":"https:\/\/bogatic.rs\/en\/local-government\/bogatic-municipality-assembly\/#breadcrumb","itemListElement":[{"@type":"ListItem","position":1,"name":"Home","item":"https:\/\/bogatic.rs\/"},{"@type":"ListItem","position":2,"name":"Local government","item":"https:\/\/bogatic.rs\/lokalna-samouprava\/"},{"@type":"ListItem","position":3,"name":"Bogati\u0107 Municipality Assembly"}]},{"@type":"WebSite","@id":"https:\/\/bogatic.rs\/#website","url":"https:\/\/bogatic.rs\/","name":"Bogati\u0107","description":"Zvani\u010dni sajt Op\u0161tine Bogati\u0107","publisher":{"@id":"https:\/\/bogatic.rs\/#organization"},"potentialAction":[{"@type":"SearchAction","target":{"@type":"EntryPoint","urlTemplate":"https:\/\/bogatic.rs\/?s={search_term_string}"},"query-input":{"@type":"PropertyValueSpecification","valueRequired":true,"valueName":"search_term_string"}}],"inLanguage":"en-US"},{"@type":"Organization","@id":"https:\/\/bogatic.rs\/#organization","name":"Bogati\u0107","url":"https:\/\/bogatic.rs\/","logo":{"@type":"ImageObject","inLanguage":"en-US","@id":"https:\/\/bogatic.rs\/#\/schema\/logo\/image\/","url":"https:\/\/bogatic.rs\/wp-content\/uploads\/2022\/12\/large-logo.png","contentUrl":"https:\/\/bogatic.rs\/wp-content\/uploads\/2022\/12\/large-logo.png","width":700,"height":520,"caption":"Bogati\u0107"},"image":{"@id":"https:\/\/bogatic.rs\/#\/schema\/logo\/image\/"}}]}},"_links":{"self":[{"href":"https:\/\/bogatic.rs\/en\/wp-json\/wp\/v2\/pages\/13239","targetHints":{"allow":["GET"]}}],"collection":[{"href":"https:\/\/bogatic.rs\/en\/wp-json\/wp\/v2\/pages"}],"about":[{"href":"https:\/\/bogatic.rs\/en\/wp-json\/wp\/v2\/types\/page"}],"author":[{"embeddable":true,"href":"https:\/\/bogatic.rs\/en\/wp-json\/wp\/v2\/users\/8"}],"replies":[{"embeddable":true,"href":"https:\/\/bogatic.rs\/en\/wp-json\/wp\/v2\/comments?post=13239"}],"version-history":[{"count":0,"href":"https:\/\/bogatic.rs\/en\/wp-json\/wp\/v2\/pages\/13239\/revisions"}],"up":[{"embeddable":true,"href":"https:\/\/bogatic.rs\/en\/wp-json\/wp\/v2\/pages\/13008"}],"wp:attachment":[{"href":"https:\/\/bogatic.rs\/en\/wp-json\/wp\/v2\/media?parent=13239"}],"curies":[{"name":"wp","href":"https:\/\/api.w.org\/{rel}","templated":true}]}}