{"id":13251,"date":"2023-01-19T11:26:57","date_gmt":"2023-01-19T11:26:57","guid":{"rendered":"https:\/\/harmonitydev.bogatic.rs\/president-of-the-municipal-assembly-sinisa-puzic\/"},"modified":"2023-02-20T10:37:08","modified_gmt":"2023-02-20T10:37:08","slug":"president-of-the-municipal-assembly-sinisa-puzic","status":"publish","type":"page","link":"https:\/\/bogatic.rs\/en\/local-government\/bogatic-municipality-assembly\/president-of-the-municipal-assembly-sinisa-puzic\/","title":{"rendered":"President of the Municipal Assembly &#8211; Sini\u0161a Puzi\u0107"},"content":{"rendered":"<p>[bellows config_id=&#8221;main&#8221; menu=&#8221;23&#8243;]\t\t<\/p>\n<h2>President of the Municipal Assembly &#8211; Sini\u0161a Puzi\u0107<\/h2>\n<p>\t\t\t\t\t\t\t\t\t\t\t\t\t\t\t\t<a href=\"https:\/\/bogatic.rs\/wp-content\/uploads\/2023\/01\/Predsednik-Skupstine-opstine-Sinisa-Puzic.jpg\" data-elementor-open-lightbox=\"yes\" data-elementor-lightbox-title=\"Predsednik Skup\u0161tine op\u0161tine - Sini\u0161a Puzi\u0107\" data-e-action-hash=\"#elementor-action%3Aaction%3Dlightbox%26settings%3DeyJpZCI6OTY3MSwidXJsIjoiaHR0cHM6XC9cL2hhcm1vbml0eWRldi5ib2dhdGljLnJzXC93cC1jb250ZW50XC91cGxvYWRzXC8yMDIzXC8wMVwvUHJlZHNlZG5pay1Ta3Vwc3RpbmUtb3BzdGluZS1TaW5pc2EtUHV6aWMuanBnIn0%3D\"><br \/>\n\t\t\t\t\t\t\t<img loading=\"lazy\" decoding=\"async\" width=\"800\" height=\"805\" src=\"https:\/\/bogatic.rs\/wp-content\/uploads\/2023\/01\/Predsednik-Skupstine-opstine-Sinisa-Puzic.jpg\" alt=\"\" loading=\"lazy\" srcset=\"https:\/\/bogatic.rs\/wp-content\/uploads\/2023\/01\/Predsednik-Skupstine-opstine-Sinisa-Puzic.jpg 929w, https:\/\/bogatic.rs\/wp-content\/uploads\/2023\/01\/Predsednik-Skupstine-opstine-Sinisa-Puzic-298x300.jpg 298w, https:\/\/bogatic.rs\/wp-content\/uploads\/2023\/01\/Predsednik-Skupstine-opstine-Sinisa-Puzic-150x150.jpg 150w, https:\/\/bogatic.rs\/wp-content\/uploads\/2023\/01\/Predsednik-Skupstine-opstine-Sinisa-Puzic-768x773.jpg 768w\" sizes=\"auto, (max-width: 800px) 100vw, 800px\" \/>\t\t\t\t\t\t\t\t<\/a><\/p>\n<p style=\"text-align: center;\">President of the Municipal Assembly &#8211; Sini\u0161a Puzi\u0107<\/p>\n<p><strong>Responsibilities:<\/strong><\/p>\n<p>The President of the Municipal Assembly organizes the work of the Municipal Assembly, convenes and presides over its sessions, proposes the agenda, cooperates with the President of the Municipality and the Council, takes care of publicizing the work, signs the acts passed by the Municipal Assembly and performs other tasks determined by the Statute of the Municipal Assembly and the Rules of Procedure .<\/p>\n<p>The President of the Municipal Assembly is elected from among the councilors, on the proposal of at least a third of the councilors, for a period of four years, by secret ballot, with a majority of votes from the total number of councilors of the Municipal Assembly.<\/p>\n<p>The President of the Municipal Assembly can work permanently in the Municipality.<\/p>\n<p><strong>Sini\u0161a Puzi\u0107<\/strong><\/p>\n<p>He was born on the 21st. July 1957 in Bogati\u0107. He is a professional mechanical engineer by profession. He is married and the father of two children.<\/p>\n<p>He has many years of political experience, during which the citizens elected him as councilor of the Bogati\u0107 Municipal Assembly in five mandates. He also held several extremely important positions in the municipality of Bogati\u0107. Among other things, he was the director of the Public Enterprise &#8220;Directorate for Construction, Land, Roads and Construction&#8221;, as well as the deputy mayor of Bogati\u0107 municipality since 2017. until 2020 years. At the constituent session of the Bogati\u0107 Municipality Assembly, held on 17 August 2020 year, he was elected by the votes of the majority of councilors as the president of the Bogati\u0107 Municipal Assembly.<\/p>\n","protected":false},"excerpt":{"rendered":"<p>[bellows config_id=&#8221;main&#8221; menu=&#8221;23&#8243;] President of the Municipal Assembly &#8211; Sini\u0161a Puzi\u0107 President of the Municipal Assembly &#8211; Sini\u0161a Puzi\u0107 Responsibilities: The President of the Municipal Assembly organizes the work of the Municipal Assembly, convenes and presides over its sessions, proposes the agenda, cooperates with the President of the Municipality and the Council, takes care of [&hellip;]<\/p>\n","protected":false},"author":8,"featured_media":0,"parent":13239,"menu_order":0,"comment_status":"closed","ping_status":"closed","template":"","meta":{"footnotes":""},"class_list":["post-13251","page","type-page","status-publish","hentry"],"blocksy_meta":[],"yoast_head":"<!-- This site is optimized with the Yoast SEO plugin v27.1.1 - https:\/\/yoast.com\/product\/yoast-seo-wordpress\/ -->\n<title>President of the Municipal Assembly - Sini\u0161a Puzi\u0107 - Bogati\u0107<\/title>\n<meta name=\"description\" content=\"Bogati\u0107 - President of the Municipal Assembly - Sini\u0161a Puzi\u0107\" \/>\n<meta name=\"robots\" content=\"index, follow, max-snippet:-1, max-image-preview:large, max-video-preview:-1\" \/>\n<link rel=\"canonical\" href=\"https:\/\/bogatic.rs\/en\/local-government\/bogatic-municipality-assembly\/president-of-the-municipal-assembly-sinisa-puzic\/\" \/>\n<meta property=\"og:locale\" content=\"en_US\" \/>\n<meta property=\"og:type\" content=\"article\" \/>\n<meta property=\"og:title\" content=\"President of the Municipal Assembly - Sini\u0161a Puzi\u0107 - Bogati\u0107\" \/>\n<meta property=\"og:description\" content=\"Bogati\u0107 - President of the Municipal Assembly - Sini\u0161a Puzi\u0107\" \/>\n<meta property=\"og:url\" content=\"https:\/\/bogatic.rs\/en\/local-government\/bogatic-municipality-assembly\/president-of-the-municipal-assembly-sinisa-puzic\/\" \/>\n<meta property=\"og:site_name\" content=\"Bogati\u0107\" \/>\n<meta property=\"article:modified_time\" content=\"2023-02-20T10:37:08+00:00\" \/>\n<meta property=\"og:image\" content=\"https:\/\/bogatic.rs\/wp-content\/uploads\/2023\/01\/Predsednik-Skupstine-opstine-Sinisa-Puzic.jpg\" \/>\n<meta name=\"twitter:card\" content=\"summary_large_image\" \/>\n<meta name=\"twitter:label1\" content=\"Est. reading time\" \/>\n\t<meta name=\"twitter:data1\" content=\"1 minute\" \/>\n<script type=\"application\/ld+json\" class=\"yoast-schema-graph\">{\"@context\":\"https:\/\/schema.org\",\"@graph\":[{\"@type\":\"WebPage\",\"@id\":\"https:\/\/bogatic.rs\/en\/local-government\/bogatic-municipality-assembly\/president-of-the-municipal-assembly-sinisa-puzic\/\",\"url\":\"https:\/\/bogatic.rs\/en\/local-government\/bogatic-municipality-assembly\/president-of-the-municipal-assembly-sinisa-puzic\/\",\"name\":\"President of the Municipal Assembly - Sini\u0161a Puzi\u0107 - Bogati\u0107\",\"isPartOf\":{\"@id\":\"https:\/\/bogatic.rs\/#website\"},\"primaryImageOfPage\":{\"@id\":\"https:\/\/bogatic.rs\/en\/local-government\/bogatic-municipality-assembly\/president-of-the-municipal-assembly-sinisa-puzic\/#primaryimage\"},\"image\":{\"@id\":\"https:\/\/bogatic.rs\/en\/local-government\/bogatic-municipality-assembly\/president-of-the-municipal-assembly-sinisa-puzic\/#primaryimage\"},\"thumbnailUrl\":\"https:\/\/bogatic.rs\/wp-content\/uploads\/2023\/01\/Predsednik-Skupstine-opstine-Sinisa-Puzic.jpg\",\"datePublished\":\"2023-01-19T11:26:57+00:00\",\"dateModified\":\"2023-02-20T10:37:08+00:00\",\"description\":\"Bogati\u0107 - President of the Municipal Assembly - Sini\u0161a Puzi\u0107\",\"breadcrumb\":{\"@id\":\"https:\/\/bogatic.rs\/en\/local-government\/bogatic-municipality-assembly\/president-of-the-municipal-assembly-sinisa-puzic\/#breadcrumb\"},\"inLanguage\":\"en-US\",\"potentialAction\":[{\"@type\":\"ReadAction\",\"target\":[\"https:\/\/bogatic.rs\/en\/local-government\/bogatic-municipality-assembly\/president-of-the-municipal-assembly-sinisa-puzic\/\"]}]},{\"@type\":\"ImageObject\",\"inLanguage\":\"en-US\",\"@id\":\"https:\/\/bogatic.rs\/en\/local-government\/bogatic-municipality-assembly\/president-of-the-municipal-assembly-sinisa-puzic\/#primaryimage\",\"url\":\"https:\/\/bogatic.rs\/wp-content\/uploads\/2023\/01\/Predsednik-Skupstine-opstine-Sinisa-Puzic.jpg\",\"contentUrl\":\"https:\/\/bogatic.rs\/wp-content\/uploads\/2023\/01\/Predsednik-Skupstine-opstine-Sinisa-Puzic.jpg\"},{\"@type\":\"BreadcrumbList\",\"@id\":\"https:\/\/bogatic.rs\/en\/local-government\/bogatic-municipality-assembly\/president-of-the-municipal-assembly-sinisa-puzic\/#breadcrumb\",\"itemListElement\":[{\"@type\":\"ListItem\",\"position\":1,\"name\":\"Home\",\"item\":\"https:\/\/bogatic.rs\/\"},{\"@type\":\"ListItem\",\"position\":2,\"name\":\"Local government\",\"item\":\"https:\/\/bogatic.rs\/lokalna-samouprava\/\"},{\"@type\":\"ListItem\",\"position\":3,\"name\":\"Bogati\u0107 Municipality Assembly\",\"item\":\"https:\/\/bogatic.rs\/en\/local-government\/bogatic-municipality-assembly\/\"},{\"@type\":\"ListItem\",\"position\":4,\"name\":\"President of the Municipal Assembly &#8211; Sini\u0161a Puzi\u0107\"}]},{\"@type\":\"WebSite\",\"@id\":\"https:\/\/bogatic.rs\/#website\",\"url\":\"https:\/\/bogatic.rs\/\",\"name\":\"Bogati\u0107\",\"description\":\"Zvani\u010dni sajt Op\u0161tine Bogati\u0107\",\"publisher\":{\"@id\":\"https:\/\/bogatic.rs\/#organization\"},\"potentialAction\":[{\"@type\":\"SearchAction\",\"target\":{\"@type\":\"EntryPoint\",\"urlTemplate\":\"https:\/\/bogatic.rs\/?s={search_term_string}\"},\"query-input\":{\"@type\":\"PropertyValueSpecification\",\"valueRequired\":true,\"valueName\":\"search_term_string\"}}],\"inLanguage\":\"en-US\"},{\"@type\":\"Organization\",\"@id\":\"https:\/\/bogatic.rs\/#organization\",\"name\":\"Bogati\u0107\",\"url\":\"https:\/\/bogatic.rs\/\",\"logo\":{\"@type\":\"ImageObject\",\"inLanguage\":\"en-US\",\"@id\":\"https:\/\/bogatic.rs\/#\/schema\/logo\/image\/\",\"url\":\"https:\/\/bogatic.rs\/wp-content\/uploads\/2022\/12\/large-logo.png\",\"contentUrl\":\"https:\/\/bogatic.rs\/wp-content\/uploads\/2022\/12\/large-logo.png\",\"width\":700,\"height\":520,\"caption\":\"Bogati\u0107\"},\"image\":{\"@id\":\"https:\/\/bogatic.rs\/#\/schema\/logo\/image\/\"}}]}<\/script>\n<!-- \/ Yoast SEO plugin. -->","yoast_head_json":{"title":"President of the Municipal Assembly - Sini\u0161a Puzi\u0107 - Bogati\u0107","description":"Bogati\u0107 - President of the Municipal Assembly - Sini\u0161a Puzi\u0107","robots":{"index":"index","follow":"follow","max-snippet":"max-snippet:-1","max-image-preview":"max-image-preview:large","max-video-preview":"max-video-preview:-1"},"canonical":"https:\/\/bogatic.rs\/en\/local-government\/bogatic-municipality-assembly\/president-of-the-municipal-assembly-sinisa-puzic\/","og_locale":"en_US","og_type":"article","og_title":"President of the Municipal Assembly - Sini\u0161a Puzi\u0107 - Bogati\u0107","og_description":"Bogati\u0107 - President of the Municipal Assembly - Sini\u0161a Puzi\u0107","og_url":"https:\/\/bogatic.rs\/en\/local-government\/bogatic-municipality-assembly\/president-of-the-municipal-assembly-sinisa-puzic\/","og_site_name":"Bogati\u0107","article_modified_time":"2023-02-20T10:37:08+00:00","og_image":[{"url":"https:\/\/bogatic.rs\/wp-content\/uploads\/2023\/01\/Predsednik-Skupstine-opstine-Sinisa-Puzic.jpg","type":"","width":"","height":""}],"twitter_card":"summary_large_image","twitter_misc":{"Est. reading time":"1 minute"},"schema":{"@context":"https:\/\/schema.org","@graph":[{"@type":"WebPage","@id":"https:\/\/bogatic.rs\/en\/local-government\/bogatic-municipality-assembly\/president-of-the-municipal-assembly-sinisa-puzic\/","url":"https:\/\/bogatic.rs\/en\/local-government\/bogatic-municipality-assembly\/president-of-the-municipal-assembly-sinisa-puzic\/","name":"President of the Municipal Assembly - Sini\u0161a Puzi\u0107 - Bogati\u0107","isPartOf":{"@id":"https:\/\/bogatic.rs\/#website"},"primaryImageOfPage":{"@id":"https:\/\/bogatic.rs\/en\/local-government\/bogatic-municipality-assembly\/president-of-the-municipal-assembly-sinisa-puzic\/#primaryimage"},"image":{"@id":"https:\/\/bogatic.rs\/en\/local-government\/bogatic-municipality-assembly\/president-of-the-municipal-assembly-sinisa-puzic\/#primaryimage"},"thumbnailUrl":"https:\/\/bogatic.rs\/wp-content\/uploads\/2023\/01\/Predsednik-Skupstine-opstine-Sinisa-Puzic.jpg","datePublished":"2023-01-19T11:26:57+00:00","dateModified":"2023-02-20T10:37:08+00:00","description":"Bogati\u0107 - President of the Municipal Assembly - Sini\u0161a Puzi\u0107","breadcrumb":{"@id":"https:\/\/bogatic.rs\/en\/local-government\/bogatic-municipality-assembly\/president-of-the-municipal-assembly-sinisa-puzic\/#breadcrumb"},"inLanguage":"en-US","potentialAction":[{"@type":"ReadAction","target":["https:\/\/bogatic.rs\/en\/local-government\/bogatic-municipality-assembly\/president-of-the-municipal-assembly-sinisa-puzic\/"]}]},{"@type":"ImageObject","inLanguage":"en-US","@id":"https:\/\/bogatic.rs\/en\/local-government\/bogatic-municipality-assembly\/president-of-the-municipal-assembly-sinisa-puzic\/#primaryimage","url":"https:\/\/bogatic.rs\/wp-content\/uploads\/2023\/01\/Predsednik-Skupstine-opstine-Sinisa-Puzic.jpg","contentUrl":"https:\/\/bogatic.rs\/wp-content\/uploads\/2023\/01\/Predsednik-Skupstine-opstine-Sinisa-Puzic.jpg"},{"@type":"BreadcrumbList","@id":"https:\/\/bogatic.rs\/en\/local-government\/bogatic-municipality-assembly\/president-of-the-municipal-assembly-sinisa-puzic\/#breadcrumb","itemListElement":[{"@type":"ListItem","position":1,"name":"Home","item":"https:\/\/bogatic.rs\/"},{"@type":"ListItem","position":2,"name":"Local government","item":"https:\/\/bogatic.rs\/lokalna-samouprava\/"},{"@type":"ListItem","position":3,"name":"Bogati\u0107 Municipality Assembly","item":"https:\/\/bogatic.rs\/en\/local-government\/bogatic-municipality-assembly\/"},{"@type":"ListItem","position":4,"name":"President of the Municipal Assembly &#8211; Sini\u0161a Puzi\u0107"}]},{"@type":"WebSite","@id":"https:\/\/bogatic.rs\/#website","url":"https:\/\/bogatic.rs\/","name":"Bogati\u0107","description":"Zvani\u010dni sajt Op\u0161tine Bogati\u0107","publisher":{"@id":"https:\/\/bogatic.rs\/#organization"},"potentialAction":[{"@type":"SearchAction","target":{"@type":"EntryPoint","urlTemplate":"https:\/\/bogatic.rs\/?s={search_term_string}"},"query-input":{"@type":"PropertyValueSpecification","valueRequired":true,"valueName":"search_term_string"}}],"inLanguage":"en-US"},{"@type":"Organization","@id":"https:\/\/bogatic.rs\/#organization","name":"Bogati\u0107","url":"https:\/\/bogatic.rs\/","logo":{"@type":"ImageObject","inLanguage":"en-US","@id":"https:\/\/bogatic.rs\/#\/schema\/logo\/image\/","url":"https:\/\/bogatic.rs\/wp-content\/uploads\/2022\/12\/large-logo.png","contentUrl":"https:\/\/bogatic.rs\/wp-content\/uploads\/2022\/12\/large-logo.png","width":700,"height":520,"caption":"Bogati\u0107"},"image":{"@id":"https:\/\/bogatic.rs\/#\/schema\/logo\/image\/"}}]}},"_links":{"self":[{"href":"https:\/\/bogatic.rs\/en\/wp-json\/wp\/v2\/pages\/13251","targetHints":{"allow":["GET"]}}],"collection":[{"href":"https:\/\/bogatic.rs\/en\/wp-json\/wp\/v2\/pages"}],"about":[{"href":"https:\/\/bogatic.rs\/en\/wp-json\/wp\/v2\/types\/page"}],"author":[{"embeddable":true,"href":"https:\/\/bogatic.rs\/en\/wp-json\/wp\/v2\/users\/8"}],"replies":[{"embeddable":true,"href":"https:\/\/bogatic.rs\/en\/wp-json\/wp\/v2\/comments?post=13251"}],"version-history":[{"count":0,"href":"https:\/\/bogatic.rs\/en\/wp-json\/wp\/v2\/pages\/13251\/revisions"}],"up":[{"embeddable":true,"href":"https:\/\/bogatic.rs\/en\/wp-json\/wp\/v2\/pages\/13239"}],"wp:attachment":[{"href":"https:\/\/bogatic.rs\/en\/wp-json\/wp\/v2\/media?parent=13251"}],"curies":[{"name":"wp","href":"https:\/\/api.w.org\/{rel}","templated":true}]}}