{"id":13276,"date":"2023-01-19T11:27:32","date_gmt":"2023-01-19T11:27:32","guid":{"rendered":"https:\/\/harmonitydev.bogatic.rs\/secretary-of-the-municipal-assembly-marija-durdevic\/"},"modified":"2023-02-20T10:37:09","modified_gmt":"2023-02-20T10:37:09","slug":"secretary-of-the-municipal-assembly-marija-durdevic","status":"publish","type":"page","link":"https:\/\/bogatic.rs\/en\/local-government\/bogatic-municipality-assembly\/secretary-of-the-municipal-assembly-marija-durdevic\/","title":{"rendered":"Secretary of the Municipal Assembly &#8211; Marija \u0110ur\u0111evi\u0107"},"content":{"rendered":"\t\t<div data-elementor-type=\"wp-page\" data-elementor-id=\"13276\" class=\"elementor elementor-13276\">\n\t\t\t\t<div class=\"elementor-element elementor-element-93b218e e-flex e-con-boxed e-con e-parent\" data-id=\"93b218e\" data-element_type=\"container\" data-e-type=\"container\">\n\t\t\t\t\t<div class=\"e-con-inner\">\n\t\t<div class=\"elementor-element elementor-element-579826b e-con-full e-flex e-con e-parent\" data-id=\"579826b\" data-element_type=\"container\" data-e-type=\"container\">\n\t\t\t\t<div class=\"elementor-element elementor-element-e562684 elementor-widget elementor-widget-shortcode\" data-id=\"e562684\" data-element_type=\"widget\" data-e-type=\"widget\" data-widget_type=\"shortcode.default\">\n\t\t\t\t<div class=\"elementor-widget-container\">\n\t\t\t\t\t\t\t<div class=\"elementor-shortcode\">[bellows config_id=\"main\" menu=\"23\"]<\/div>\n\t\t\t\t\t\t<\/div>\n\t\t\t\t<\/div>\n\t\t\t\t<\/div>\n\t\t<div class=\"elementor-element elementor-element-9fdef25 e-con-full e-flex e-con e-parent\" data-id=\"9fdef25\" data-element_type=\"container\" data-e-type=\"container\">\n\t\t<div class=\"elementor-element elementor-element-3b22308 content-wrapper e-flex e-con-boxed e-con e-parent\" data-id=\"3b22308\" data-element_type=\"container\" data-e-type=\"container\">\n\t\t\t\t\t<div class=\"e-con-inner\">\n\t\t<div class=\"elementor-element elementor-element-c1f98ec e-flex e-con-boxed e-con e-parent\" data-id=\"c1f98ec\" data-element_type=\"container\" data-e-type=\"container\">\n\t\t\t\t\t<div class=\"e-con-inner\">\n\t\t\t\t<div class=\"elementor-element elementor-element-c9ef3e6 elementor-widget elementor-widget-heading\" data-id=\"c9ef3e6\" data-element_type=\"widget\" data-e-type=\"widget\" data-widget_type=\"heading.default\">\n\t\t\t\t<div class=\"elementor-widget-container\">\n\t\t\t\t\t<h2 class=\"elementor-heading-title elementor-size-default\">Secretary of the Municipal Assembly - Marija \u0110ur\u0111evi\u0107<\/h2>\t\t\t\t<\/div>\n\t\t\t\t<\/div>\n\t\t\t\t\t<\/div>\n\t\t\t\t<\/div>\n\t\t<div class=\"elementor-element elementor-element-8406d51 e-flex e-con-boxed e-con e-parent\" data-id=\"8406d51\" data-element_type=\"container\" data-e-type=\"container\">\n\t\t\t\t\t<div class=\"e-con-inner\">\n\t\t<div class=\"elementor-element elementor-element-c3a6211 e-con-full e-flex e-con e-parent\" data-id=\"c3a6211\" data-element_type=\"container\" data-e-type=\"container\">\n\t\t\t\t<div class=\"elementor-element elementor-element-bef227f elementor-widget elementor-widget-image\" data-id=\"bef227f\" data-element_type=\"widget\" data-e-type=\"widget\" data-widget_type=\"image.default\">\n\t\t\t\t<div class=\"elementor-widget-container\">\n\t\t\t\t\t\t\t\t\t\t\t\t\t\t\t\t<a href=\"https:\/\/bogatic.rs\/wp-content\/uploads\/2023\/01\/Sekretar-Skupstine-opstine-\u2013-Marija-Durdevic.jpg\" data-elementor-open-lightbox=\"yes\" data-elementor-lightbox-title=\"Sekretar Skup\u0161tine op\u0161tine \u2013 Marija \u0110ur\u0111evi\u0107\" data-e-action-hash=\"#elementor-action%3Aaction%3Dlightbox%26settings%3DeyJpZCI6MTI3NTQsInVybCI6Imh0dHBzOlwvXC9ib2dhdGljLnJzXC93cC1jb250ZW50XC91cGxvYWRzXC8yMDIzXC8wMVwvU2VrcmV0YXItU2t1cHN0aW5lLW9wc3RpbmUtXHUyMDEzLU1hcmlqYS1EdXJkZXZpYy5qcGcifQ%3D%3D\">\n\t\t\t\t\t\t\t<img fetchpriority=\"high\" decoding=\"async\" width=\"1024\" height=\"768\" src=\"https:\/\/bogatic.rs\/wp-content\/uploads\/2023\/01\/Sekretar-Skupstine-opstine-\u2013-Marija-Durdevic-1024x768.jpg\" class=\"attachment-large size-large wp-image-12754\" alt=\"\" srcset=\"https:\/\/bogatic.rs\/wp-content\/uploads\/2023\/01\/Sekretar-Skupstine-opstine-\u2013-Marija-Durdevic-1024x768.jpg 1024w, https:\/\/bogatic.rs\/wp-content\/uploads\/2023\/01\/Sekretar-Skupstine-opstine-\u2013-Marija-Durdevic-300x225.jpg 300w, https:\/\/bogatic.rs\/wp-content\/uploads\/2023\/01\/Sekretar-Skupstine-opstine-\u2013-Marija-Durdevic-768x576.jpg 768w, https:\/\/bogatic.rs\/wp-content\/uploads\/2023\/01\/Sekretar-Skupstine-opstine-\u2013-Marija-Durdevic-1536x1152.jpg 1536w, https:\/\/bogatic.rs\/wp-content\/uploads\/2023\/01\/Sekretar-Skupstine-opstine-\u2013-Marija-Durdevic.jpg 1600w\" sizes=\"(max-width: 1024px) 100vw, 1024px\" \/>\t\t\t\t\t\t\t\t<\/a>\n\t\t\t\t\t\t\t\t\t\t\t\t\t\t\t<\/div>\n\t\t\t\t<\/div>\n\t\t\t\t<div class=\"elementor-element elementor-element-14373ad elementor-widget elementor-widget-text-editor\" data-id=\"14373ad\" data-element_type=\"widget\" data-e-type=\"widget\" data-widget_type=\"text-editor.default\">\n\t\t\t\t<div class=\"elementor-widget-container\">\n\t\t\t\t\t\t\t\t\t<p style=\"text-align: center;\">Secretary of the Municipal Assembly &#8211; Marija \u0110ur\u0111evi\u0107<\/p>\n\t\t\t\t\t\t\t\t<\/div>\n\t\t\t\t<\/div>\n\t\t\t\t<\/div>\n\t\t<div class=\"elementor-element elementor-element-8aaf0c4 e-flex e-con-boxed e-con e-parent\" data-id=\"8aaf0c4\" data-element_type=\"container\" data-e-type=\"container\">\n\t\t\t\t\t<div class=\"e-con-inner\">\n\t\t\t\t<div class=\"elementor-element elementor-element-6b40e1e elementor-widget elementor-widget-text-editor\" data-id=\"6b40e1e\" data-element_type=\"widget\" data-e-type=\"widget\" data-widget_type=\"text-editor.default\">\n\t\t\t\t<div class=\"elementor-widget-container\">\n\t\t\t\t\t\t\t\t\t<p>The Municipal Assembly has a Secretary who takes care of performing professional tasks related to convening and holding sessions of the Municipal Assembly and its working bodies and manages administrative tasks related to their work.<\/p>\n<p>The Secretary of the Municipal Assembly is appointed for four years, at the proposal of the President of the Municipal Assembly, and may be reappointed.<\/p>\n<p>The Secretary of the Municipal Assembly may be appointed by a person who has graduated from the Faculty of Law, passed the professional exam for working in administrative bodies and has at least three years of work experience.<\/p>\n<p>The secretary may have a deputy, who replaces him in the event of his absence and inability to perform his duties, and who is appointed and dismissed in the same manner and under the same conditions as the secretary.<\/p>\n\t\t\t\t\t\t\t\t<\/div>\n\t\t\t\t<\/div>\n\t\t\t\t\t<\/div>\n\t\t\t\t<\/div>\n\t\t\t\t\t<\/div>\n\t\t\t\t<\/div>\n\t\t<div class=\"elementor-element elementor-element-9b184cf e-flex e-con-boxed e-con e-parent\" data-id=\"9b184cf\" data-element_type=\"container\" data-e-type=\"container\">\n\t\t\t\t\t<div class=\"e-con-inner\">\n\t\t\t\t<div class=\"elementor-element elementor-element-f96e501 elementor-widget elementor-widget-text-editor\" data-id=\"f96e501\" data-element_type=\"widget\" data-e-type=\"widget\" data-widget_type=\"text-editor.default\">\n\t\t\t\t<div class=\"elementor-widget-container\">\n\t\t\t\t\t\t\t\t\t<p><strong>Marija \u0110ur\u0111evi\u0107<\/strong><\/p>\n<p>Marija \u0110ur\u0111evi\u0107 was born on 10 September 1981 in \u0160abac. She graduated from the &#8220;Nikola Tesla&#8221; elementary school in Dublje, and the &#8220;Dr. Andra Jovanovi\u0107&#8221; secondary medical school in \u0160abac &#8211; holder of the &#8220;Vuk Karad\u017ei\u0107&#8221; diploma. She graduated from the Faculty of Law of the University of Novi Sad in 2007. years. Since 2007 until 2008 worked as a volunteer intern in the Basic Court in \u0160abac &#8211; judicial unit in Bogati\u0107.<br \/>Since November 2013 until the 30 November 2016 was employed in the Public Enterprise &#8220;Directorate for Construction Land, Roads and Construction of the Municipality of Bogati\u0107&#8221;, JP Bogati\u0107. From 01.06.2017. until 17.08.2020. was employed in the Municipal Administration of the Municipality of Bogati\u0107 in the position of labor relations and civil conditions. At the session of the Bogati\u0107 Municipal Assembly on August 17, 2020. she was appointed Secretary of the Bogati\u0107 Municipal Assembly.<\/p>\n<p>Work experience in the field of labor relations, civil conditions, public procurement, election processes, drafting of legal acts. He has passed the state professional exam for work in administrative bodies, speaks English &#8211; conversational level and Italian &#8211; basic level. Long-time technical secretary of the Municipal Board of the Serbian Progressive Party in Bogatic.<\/p>\n<p>Married, mother of two children.<\/p>\n\t\t\t\t\t\t\t\t<\/div>\n\t\t\t\t<\/div>\n\t\t\t\t\t<\/div>\n\t\t\t\t<\/div>\n\t\t\t\t\t<\/div>\n\t\t\t\t<\/div>\n\t\t\t\t<\/div>\n\t\t\t\t\t<\/div>\n\t\t\t\t<\/div>\n\t\t\t\t<\/div>\n\t\t","protected":false},"excerpt":{"rendered":"<p>[bellows config_id=&#8221;main&#8221; menu=&#8221;23&#8243;] Secretary of the Municipal Assembly &#8211; Marija \u0110ur\u0111evi\u0107 Secretary of the Municipal Assembly &#8211; Marija \u0110ur\u0111evi\u0107 The Municipal Assembly has a Secretary who takes care of performing professional tasks related to convening and holding sessions of the Municipal Assembly and its working bodies and manages administrative tasks related to their work. The [&hellip;]<\/p>\n","protected":false},"author":8,"featured_media":0,"parent":13239,"menu_order":0,"comment_status":"closed","ping_status":"closed","template":"","meta":{"footnotes":""},"class_list":["post-13276","page","type-page","status-publish","hentry"],"blocksy_meta":[],"yoast_head":"<!-- This site is optimized with the Yoast SEO plugin v27.1.1 - https:\/\/yoast.com\/product\/yoast-seo-wordpress\/ -->\n<title>Secretary of the Municipal Assembly - Marija \u0110ur\u0111evi\u0107 - Bogati\u0107<\/title>\n<meta name=\"description\" content=\"Bogati\u0107 - Secretary of the Municipal Assembly - Marija \u0110ur\u0111evi\u0107\" \/>\n<meta name=\"robots\" content=\"index, follow, max-snippet:-1, max-image-preview:large, max-video-preview:-1\" \/>\n<link rel=\"canonical\" href=\"https:\/\/bogatic.rs\/en\/local-government\/bogatic-municipality-assembly\/secretary-of-the-municipal-assembly-marija-durdevic\/\" \/>\n<meta property=\"og:locale\" content=\"en_US\" \/>\n<meta property=\"og:type\" content=\"article\" \/>\n<meta property=\"og:title\" content=\"Secretary of the Municipal Assembly - Marija \u0110ur\u0111evi\u0107 - Bogati\u0107\" \/>\n<meta property=\"og:description\" content=\"Bogati\u0107 - Secretary of the Municipal Assembly - Marija \u0110ur\u0111evi\u0107\" \/>\n<meta property=\"og:url\" content=\"https:\/\/bogatic.rs\/en\/local-government\/bogatic-municipality-assembly\/secretary-of-the-municipal-assembly-marija-durdevic\/\" \/>\n<meta property=\"og:site_name\" content=\"Bogati\u0107\" \/>\n<meta property=\"article:modified_time\" content=\"2023-02-20T10:37:09+00:00\" \/>\n<meta property=\"og:image\" content=\"https:\/\/bogatic.rs\/wp-content\/uploads\/2023\/02\/1200px-Zgrada_starog_okruznog_nacelstva_u_Bogaticu_01.jpg\" \/>\n\t<meta property=\"og:image:width\" content=\"1200\" \/>\n\t<meta property=\"og:image:height\" content=\"675\" \/>\n\t<meta property=\"og:image:type\" content=\"image\/jpeg\" \/>\n<meta name=\"twitter:card\" content=\"summary_large_image\" \/>\n<meta name=\"twitter:label1\" content=\"Est. reading time\" \/>\n\t<meta name=\"twitter:data1\" content=\"2 minutes\" \/>\n<script type=\"application\/ld+json\" class=\"yoast-schema-graph\">{\"@context\":\"https:\/\/schema.org\",\"@graph\":[{\"@type\":\"WebPage\",\"@id\":\"https:\/\/bogatic.rs\/en\/local-government\/bogatic-municipality-assembly\/secretary-of-the-municipal-assembly-marija-durdevic\/\",\"url\":\"https:\/\/bogatic.rs\/en\/local-government\/bogatic-municipality-assembly\/secretary-of-the-municipal-assembly-marija-durdevic\/\",\"name\":\"Secretary of the Municipal Assembly - Marija \u0110ur\u0111evi\u0107 - Bogati\u0107\",\"isPartOf\":{\"@id\":\"https:\/\/bogatic.rs\/#website\"},\"datePublished\":\"2023-01-19T11:27:32+00:00\",\"dateModified\":\"2023-02-20T10:37:09+00:00\",\"description\":\"Bogati\u0107 - Secretary of the Municipal Assembly - Marija \u0110ur\u0111evi\u0107\",\"breadcrumb\":{\"@id\":\"https:\/\/bogatic.rs\/en\/local-government\/bogatic-municipality-assembly\/secretary-of-the-municipal-assembly-marija-durdevic\/#breadcrumb\"},\"inLanguage\":\"en-US\",\"potentialAction\":[{\"@type\":\"ReadAction\",\"target\":[\"https:\/\/bogatic.rs\/en\/local-government\/bogatic-municipality-assembly\/secretary-of-the-municipal-assembly-marija-durdevic\/\"]}]},{\"@type\":\"BreadcrumbList\",\"@id\":\"https:\/\/bogatic.rs\/en\/local-government\/bogatic-municipality-assembly\/secretary-of-the-municipal-assembly-marija-durdevic\/#breadcrumb\",\"itemListElement\":[{\"@type\":\"ListItem\",\"position\":1,\"name\":\"Home\",\"item\":\"https:\/\/bogatic.rs\/\"},{\"@type\":\"ListItem\",\"position\":2,\"name\":\"Local government\",\"item\":\"https:\/\/bogatic.rs\/lokalna-samouprava\/\"},{\"@type\":\"ListItem\",\"position\":3,\"name\":\"Bogati\u0107 Municipality Assembly\",\"item\":\"https:\/\/bogatic.rs\/en\/local-government\/bogatic-municipality-assembly\/\"},{\"@type\":\"ListItem\",\"position\":4,\"name\":\"Secretary of the Municipal Assembly &#8211; Marija \u0110ur\u0111evi\u0107\"}]},{\"@type\":\"WebSite\",\"@id\":\"https:\/\/bogatic.rs\/#website\",\"url\":\"https:\/\/bogatic.rs\/\",\"name\":\"Bogati\u0107\",\"description\":\"Zvani\u010dni sajt Op\u0161tine Bogati\u0107\",\"publisher\":{\"@id\":\"https:\/\/bogatic.rs\/#organization\"},\"potentialAction\":[{\"@type\":\"SearchAction\",\"target\":{\"@type\":\"EntryPoint\",\"urlTemplate\":\"https:\/\/bogatic.rs\/?s={search_term_string}\"},\"query-input\":{\"@type\":\"PropertyValueSpecification\",\"valueRequired\":true,\"valueName\":\"search_term_string\"}}],\"inLanguage\":\"en-US\"},{\"@type\":\"Organization\",\"@id\":\"https:\/\/bogatic.rs\/#organization\",\"name\":\"Bogati\u0107\",\"url\":\"https:\/\/bogatic.rs\/\",\"logo\":{\"@type\":\"ImageObject\",\"inLanguage\":\"en-US\",\"@id\":\"https:\/\/bogatic.rs\/#\/schema\/logo\/image\/\",\"url\":\"https:\/\/bogatic.rs\/wp-content\/uploads\/2022\/12\/large-logo.png\",\"contentUrl\":\"https:\/\/bogatic.rs\/wp-content\/uploads\/2022\/12\/large-logo.png\",\"width\":700,\"height\":520,\"caption\":\"Bogati\u0107\"},\"image\":{\"@id\":\"https:\/\/bogatic.rs\/#\/schema\/logo\/image\/\"}}]}<\/script>\n<!-- \/ Yoast SEO plugin. -->","yoast_head_json":{"title":"Secretary of the Municipal Assembly - Marija \u0110ur\u0111evi\u0107 - Bogati\u0107","description":"Bogati\u0107 - Secretary of the Municipal Assembly - Marija \u0110ur\u0111evi\u0107","robots":{"index":"index","follow":"follow","max-snippet":"max-snippet:-1","max-image-preview":"max-image-preview:large","max-video-preview":"max-video-preview:-1"},"canonical":"https:\/\/bogatic.rs\/en\/local-government\/bogatic-municipality-assembly\/secretary-of-the-municipal-assembly-marija-durdevic\/","og_locale":"en_US","og_type":"article","og_title":"Secretary of the Municipal Assembly - Marija \u0110ur\u0111evi\u0107 - Bogati\u0107","og_description":"Bogati\u0107 - Secretary of the Municipal Assembly - Marija \u0110ur\u0111evi\u0107","og_url":"https:\/\/bogatic.rs\/en\/local-government\/bogatic-municipality-assembly\/secretary-of-the-municipal-assembly-marija-durdevic\/","og_site_name":"Bogati\u0107","article_modified_time":"2023-02-20T10:37:09+00:00","og_image":[{"width":1200,"height":675,"url":"https:\/\/bogatic.rs\/wp-content\/uploads\/2023\/02\/1200px-Zgrada_starog_okruznog_nacelstva_u_Bogaticu_01.jpg","type":"image\/jpeg"}],"twitter_card":"summary_large_image","twitter_misc":{"Est. reading time":"2 minutes"},"schema":{"@context":"https:\/\/schema.org","@graph":[{"@type":"WebPage","@id":"https:\/\/bogatic.rs\/en\/local-government\/bogatic-municipality-assembly\/secretary-of-the-municipal-assembly-marija-durdevic\/","url":"https:\/\/bogatic.rs\/en\/local-government\/bogatic-municipality-assembly\/secretary-of-the-municipal-assembly-marija-durdevic\/","name":"Secretary of the Municipal Assembly - Marija \u0110ur\u0111evi\u0107 - Bogati\u0107","isPartOf":{"@id":"https:\/\/bogatic.rs\/#website"},"datePublished":"2023-01-19T11:27:32+00:00","dateModified":"2023-02-20T10:37:09+00:00","description":"Bogati\u0107 - Secretary of the Municipal Assembly - Marija \u0110ur\u0111evi\u0107","breadcrumb":{"@id":"https:\/\/bogatic.rs\/en\/local-government\/bogatic-municipality-assembly\/secretary-of-the-municipal-assembly-marija-durdevic\/#breadcrumb"},"inLanguage":"en-US","potentialAction":[{"@type":"ReadAction","target":["https:\/\/bogatic.rs\/en\/local-government\/bogatic-municipality-assembly\/secretary-of-the-municipal-assembly-marija-durdevic\/"]}]},{"@type":"BreadcrumbList","@id":"https:\/\/bogatic.rs\/en\/local-government\/bogatic-municipality-assembly\/secretary-of-the-municipal-assembly-marija-durdevic\/#breadcrumb","itemListElement":[{"@type":"ListItem","position":1,"name":"Home","item":"https:\/\/bogatic.rs\/"},{"@type":"ListItem","position":2,"name":"Local government","item":"https:\/\/bogatic.rs\/lokalna-samouprava\/"},{"@type":"ListItem","position":3,"name":"Bogati\u0107 Municipality Assembly","item":"https:\/\/bogatic.rs\/en\/local-government\/bogatic-municipality-assembly\/"},{"@type":"ListItem","position":4,"name":"Secretary of the Municipal Assembly &#8211; Marija \u0110ur\u0111evi\u0107"}]},{"@type":"WebSite","@id":"https:\/\/bogatic.rs\/#website","url":"https:\/\/bogatic.rs\/","name":"Bogati\u0107","description":"Zvani\u010dni sajt Op\u0161tine Bogati\u0107","publisher":{"@id":"https:\/\/bogatic.rs\/#organization"},"potentialAction":[{"@type":"SearchAction","target":{"@type":"EntryPoint","urlTemplate":"https:\/\/bogatic.rs\/?s={search_term_string}"},"query-input":{"@type":"PropertyValueSpecification","valueRequired":true,"valueName":"search_term_string"}}],"inLanguage":"en-US"},{"@type":"Organization","@id":"https:\/\/bogatic.rs\/#organization","name":"Bogati\u0107","url":"https:\/\/bogatic.rs\/","logo":{"@type":"ImageObject","inLanguage":"en-US","@id":"https:\/\/bogatic.rs\/#\/schema\/logo\/image\/","url":"https:\/\/bogatic.rs\/wp-content\/uploads\/2022\/12\/large-logo.png","contentUrl":"https:\/\/bogatic.rs\/wp-content\/uploads\/2022\/12\/large-logo.png","width":700,"height":520,"caption":"Bogati\u0107"},"image":{"@id":"https:\/\/bogatic.rs\/#\/schema\/logo\/image\/"}}]}},"_links":{"self":[{"href":"https:\/\/bogatic.rs\/en\/wp-json\/wp\/v2\/pages\/13276","targetHints":{"allow":["GET"]}}],"collection":[{"href":"https:\/\/bogatic.rs\/en\/wp-json\/wp\/v2\/pages"}],"about":[{"href":"https:\/\/bogatic.rs\/en\/wp-json\/wp\/v2\/types\/page"}],"author":[{"embeddable":true,"href":"https:\/\/bogatic.rs\/en\/wp-json\/wp\/v2\/users\/8"}],"replies":[{"embeddable":true,"href":"https:\/\/bogatic.rs\/en\/wp-json\/wp\/v2\/comments?post=13276"}],"version-history":[{"count":0,"href":"https:\/\/bogatic.rs\/en\/wp-json\/wp\/v2\/pages\/13276\/revisions"}],"up":[{"embeddable":true,"href":"https:\/\/bogatic.rs\/en\/wp-json\/wp\/v2\/pages\/13239"}],"wp:attachment":[{"href":"https:\/\/bogatic.rs\/en\/wp-json\/wp\/v2\/media?parent=13276"}],"curies":[{"name":"wp","href":"https:\/\/api.w.org\/{rel}","templated":true}]}}