{"id":13291,"date":"2023-01-19T11:27:48","date_gmt":"2023-01-19T11:27:48","guid":{"rendered":"https:\/\/harmonitydev.bogatic.rs\/list-of-councilors-of-the-bogatic-municipal-assembly\/"},"modified":"2023-02-20T10:36:50","modified_gmt":"2023-02-20T10:36:50","slug":"list-of-councilors-of-the-bogatic-municipal-assembly","status":"publish","type":"page","link":"https:\/\/bogatic.rs\/en\/local-government\/bogatic-municipality-assembly\/list-of-councilors-of-the-bogatic-municipal-assembly\/","title":{"rendered":"List of Councilors of the Bogati\u0107 Municipal Assembly"},"content":{"rendered":"\t\t<div data-elementor-type=\"wp-page\" data-elementor-id=\"13291\" class=\"elementor elementor-13291\">\n\t\t\t\t<div class=\"elementor-element elementor-element-05a5a16 e-flex e-con-boxed e-con e-parent\" data-id=\"05a5a16\" data-element_type=\"container\" data-e-type=\"container\">\n\t\t\t\t\t<div class=\"e-con-inner\">\n\t\t<div class=\"elementor-element elementor-element-0802a50 e-con-full e-flex e-con e-parent\" data-id=\"0802a50\" data-element_type=\"container\" data-e-type=\"container\">\n\t\t\t\t<div class=\"elementor-element elementor-element-48f39cc elementor-widget elementor-widget-shortcode\" data-id=\"48f39cc\" data-element_type=\"widget\" data-e-type=\"widget\" data-widget_type=\"shortcode.default\">\n\t\t\t\t<div class=\"elementor-widget-container\">\n\t\t\t\t\t\t\t<div class=\"elementor-shortcode\">[bellows config_id=\"main\" menu=\"23\"]<\/div>\n\t\t\t\t\t\t<\/div>\n\t\t\t\t<\/div>\n\t\t\t\t<\/div>\n\t\t<div class=\"elementor-element elementor-element-8472974 e-con-full e-flex e-con e-parent\" data-id=\"8472974\" data-element_type=\"container\" data-e-type=\"container\">\n\t\t<div class=\"elementor-element elementor-element-2d744fc content-wrapper e-flex e-con-boxed e-con e-parent\" data-id=\"2d744fc\" data-element_type=\"container\" data-e-type=\"container\">\n\t\t\t\t\t<div class=\"e-con-inner\">\n\t\t<div class=\"elementor-element elementor-element-ac59860 e-flex e-con-boxed e-con e-parent\" data-id=\"ac59860\" data-element_type=\"container\" data-e-type=\"container\">\n\t\t\t\t\t<div class=\"e-con-inner\">\n\t\t\t\t<div class=\"elementor-element elementor-element-da418cb elementor-widget elementor-widget-heading\" data-id=\"da418cb\" data-element_type=\"widget\" data-e-type=\"widget\" data-widget_type=\"heading.default\">\n\t\t\t\t<div class=\"elementor-widget-container\">\n\t\t\t\t\t<h2 class=\"elementor-heading-title elementor-size-default\">List of Councilors of the Bogati\u0107 Municipal Assembly<\/h2>\t\t\t\t<\/div>\n\t\t\t\t<\/div>\n\t\t\t\t\t<\/div>\n\t\t\t\t<\/div>\n\t\t<div class=\"elementor-element elementor-element-418aae6 e-flex e-con-boxed e-con e-parent\" data-id=\"418aae6\" data-element_type=\"container\" data-e-type=\"container\">\n\t\t\t\t\t<div class=\"e-con-inner\">\n\t\t<div class=\"elementor-element elementor-element-0956eb9 e-flex e-con-boxed e-con e-parent\" data-id=\"0956eb9\" data-element_type=\"container\" data-e-type=\"container\">\n\t\t\t\t\t<div class=\"e-con-inner\">\n\t\t\t\t<div class=\"elementor-element elementor-element-05b4caf elementor-widget elementor-widget-text-editor\" data-id=\"05b4caf\" data-element_type=\"widget\" data-e-type=\"widget\" data-widget_type=\"text-editor.default\">\n\t\t\t\t<div class=\"elementor-widget-container\">\n\t\t\t\t\t\t\t\t\t<p><strong>Electoral list &#8220;Aleksandar Vu\u010di\u0107 &#8211; For our children&#8221;<\/strong><\/p>\n<p>1. Sini\u0161a Puzi\u0107<br \/>2. Du\u0161ica \u0110uri\u010di\u0107<br \/>3. Dragana Radovanovi\u0107<br \/>4. Sini\u0161a Sevi\u0107<br \/>5. Aleksandar Ilija\u0161evi\u0107<br \/>6. Dragoslav Josipovi\u0107<br \/>7. Dragana Vitorovi\u0107<br \/>8. Ivana Tovilovi\u0107<br \/>9. Zoran \u0110urkovi\u0107<br \/>10. Zeljko Kojic<br \/>11. Miroslav Eric<br \/>12. Borisav Tanasi\u0107<br \/>13. Jelena Maletic<br \/>14. Miroslav \u0160esti\u0107<br \/>15. Aleksandar Vukovi\u0107<br \/>16. Ivana Ignjatovi\u0107<br \/>17. Tatjana Beri\u0107<\/p>\n<p><strong>Election list of Ivica Dacic &#8211; &#8220;Socialist Party of Serbia (SPS)&#8221;<\/strong><\/p>\n<p>1. Nenad Beserovac<br \/>2. Milo\u0161 Simi\u0107<br \/>3. Slobodan Rosic<br \/>4. Tijana Pejovi\u0107<br \/>5. Goran Makun\u010devi\u0107<br \/>6. Miroslav Dabi\u0107<br \/>7. An\u0111elko Uglje\u0161i\u0107<br \/>8. \u017deljka Zivanovi\u0107<br \/>9. Julijana Tovilovi\u0107<br \/>10. Branislav Juri\u0161i\u0107<br \/>11. Marica Nikoli\u0107<\/p>\n<p><strong>Electoral list Dr. VOJISLAV SE\u0160ELj-SERBIAN RADICAL PARTY<\/strong><\/p>\n<p>1. Dragan Acimovi\u0107<br \/>2. Aleksandar Ve\u0161i\u0107<\/p>\n<p><strong>Electoral list of B.Sc. Aleksandar Firaunovi\u0107 \u2013 EUROPEAN GREEN PARTY<\/strong><\/p>\n<p>1. Aleksandar Firaunovi\u0107<\/p>\n\t\t\t\t\t\t\t\t<\/div>\n\t\t\t\t<\/div>\n\t\t\t\t\t<\/div>\n\t\t\t\t<\/div>\n\t\t\t\t\t<\/div>\n\t\t\t\t<\/div>\n\t\t\t\t\t<\/div>\n\t\t\t\t<\/div>\n\t\t\t\t<\/div>\n\t\t\t\t\t<\/div>\n\t\t\t\t<\/div>\n\t\t\t\t<\/div>\n\t\t","protected":false},"excerpt":{"rendered":"<p>[bellows config_id=&#8221;main&#8221; menu=&#8221;23&#8243;] List of Councilors of the Bogati\u0107 Municipal Assembly Electoral list &#8220;Aleksandar Vu\u010di\u0107 &#8211; For our children&#8221; 1. Sini\u0161a Puzi\u01072. Du\u0161ica \u0110uri\u010di\u01073. Dragana Radovanovi\u01074. Sini\u0161a Sevi\u01075. Aleksandar Ilija\u0161evi\u01076. Dragoslav Josipovi\u01077. Dragana Vitorovi\u01078. Ivana Tovilovi\u01079. Zoran \u0110urkovi\u010710. Zeljko Kojic11. Miroslav Eric12. Borisav Tanasi\u010713. Jelena Maletic14. Miroslav \u0160esti\u010715. Aleksandar Vukovi\u010716. Ivana Ignjatovi\u010717. Tatjana Beri\u0107 Election [&hellip;]<\/p>\n","protected":false},"author":8,"featured_media":0,"parent":13239,"menu_order":0,"comment_status":"closed","ping_status":"closed","template":"","meta":{"footnotes":""},"class_list":["post-13291","page","type-page","status-publish","hentry"],"blocksy_meta":[],"yoast_head":"<!-- This site is optimized with the Yoast SEO plugin v27.1.1 - https:\/\/yoast.com\/product\/yoast-seo-wordpress\/ -->\n<title>List of Councilors of the Bogati\u0107 Municipal Assembly - Bogati\u0107<\/title>\n<meta name=\"description\" content=\"Bogati\u0107 - List of Councilors of the Bogati\u0107 Municipal Assembly\" \/>\n<meta name=\"robots\" content=\"index, follow, max-snippet:-1, max-image-preview:large, max-video-preview:-1\" \/>\n<link rel=\"canonical\" href=\"https:\/\/bogatic.rs\/en\/local-government\/bogatic-municipality-assembly\/list-of-councilors-of-the-bogatic-municipal-assembly\/\" \/>\n<meta property=\"og:locale\" content=\"en_US\" \/>\n<meta property=\"og:type\" content=\"article\" \/>\n<meta property=\"og:title\" content=\"List of Councilors of the Bogati\u0107 Municipal Assembly - Bogati\u0107\" \/>\n<meta property=\"og:description\" content=\"Bogati\u0107 - List of Councilors of the Bogati\u0107 Municipal Assembly\" \/>\n<meta property=\"og:url\" content=\"https:\/\/bogatic.rs\/en\/local-government\/bogatic-municipality-assembly\/list-of-councilors-of-the-bogatic-municipal-assembly\/\" \/>\n<meta property=\"og:site_name\" content=\"Bogati\u0107\" \/>\n<meta property=\"article:modified_time\" content=\"2023-02-20T10:36:50+00:00\" \/>\n<meta property=\"og:image\" content=\"https:\/\/bogatic.rs\/wp-content\/uploads\/2023\/02\/1200px-Zgrada_starog_okruznog_nacelstva_u_Bogaticu_01.jpg\" \/>\n\t<meta property=\"og:image:width\" content=\"1200\" \/>\n\t<meta property=\"og:image:height\" content=\"675\" \/>\n\t<meta property=\"og:image:type\" content=\"image\/jpeg\" \/>\n<meta name=\"twitter:card\" content=\"summary_large_image\" \/>\n<meta name=\"twitter:label1\" content=\"Est. reading time\" \/>\n\t<meta name=\"twitter:data1\" content=\"1 minute\" \/>\n<script type=\"application\/ld+json\" class=\"yoast-schema-graph\">{\"@context\":\"https:\/\/schema.org\",\"@graph\":[{\"@type\":\"WebPage\",\"@id\":\"https:\/\/bogatic.rs\/en\/local-government\/bogatic-municipality-assembly\/list-of-councilors-of-the-bogatic-municipal-assembly\/\",\"url\":\"https:\/\/bogatic.rs\/en\/local-government\/bogatic-municipality-assembly\/list-of-councilors-of-the-bogatic-municipal-assembly\/\",\"name\":\"List of Councilors of the Bogati\u0107 Municipal Assembly - Bogati\u0107\",\"isPartOf\":{\"@id\":\"https:\/\/bogatic.rs\/#website\"},\"datePublished\":\"2023-01-19T11:27:48+00:00\",\"dateModified\":\"2023-02-20T10:36:50+00:00\",\"description\":\"Bogati\u0107 - List of Councilors of the Bogati\u0107 Municipal Assembly\",\"breadcrumb\":{\"@id\":\"https:\/\/bogatic.rs\/en\/local-government\/bogatic-municipality-assembly\/list-of-councilors-of-the-bogatic-municipal-assembly\/#breadcrumb\"},\"inLanguage\":\"en-US\",\"potentialAction\":[{\"@type\":\"ReadAction\",\"target\":[\"https:\/\/bogatic.rs\/en\/local-government\/bogatic-municipality-assembly\/list-of-councilors-of-the-bogatic-municipal-assembly\/\"]}]},{\"@type\":\"BreadcrumbList\",\"@id\":\"https:\/\/bogatic.rs\/en\/local-government\/bogatic-municipality-assembly\/list-of-councilors-of-the-bogatic-municipal-assembly\/#breadcrumb\",\"itemListElement\":[{\"@type\":\"ListItem\",\"position\":1,\"name\":\"Home\",\"item\":\"https:\/\/bogatic.rs\/\"},{\"@type\":\"ListItem\",\"position\":2,\"name\":\"Local government\",\"item\":\"https:\/\/bogatic.rs\/lokalna-samouprava\/\"},{\"@type\":\"ListItem\",\"position\":3,\"name\":\"Bogati\u0107 Municipality Assembly\",\"item\":\"https:\/\/bogatic.rs\/en\/local-government\/bogatic-municipality-assembly\/\"},{\"@type\":\"ListItem\",\"position\":4,\"name\":\"List of Councilors of the Bogati\u0107 Municipal Assembly\"}]},{\"@type\":\"WebSite\",\"@id\":\"https:\/\/bogatic.rs\/#website\",\"url\":\"https:\/\/bogatic.rs\/\",\"name\":\"Bogati\u0107\",\"description\":\"Zvani\u010dni sajt Op\u0161tine Bogati\u0107\",\"publisher\":{\"@id\":\"https:\/\/bogatic.rs\/#organization\"},\"potentialAction\":[{\"@type\":\"SearchAction\",\"target\":{\"@type\":\"EntryPoint\",\"urlTemplate\":\"https:\/\/bogatic.rs\/?s={search_term_string}\"},\"query-input\":{\"@type\":\"PropertyValueSpecification\",\"valueRequired\":true,\"valueName\":\"search_term_string\"}}],\"inLanguage\":\"en-US\"},{\"@type\":\"Organization\",\"@id\":\"https:\/\/bogatic.rs\/#organization\",\"name\":\"Bogati\u0107\",\"url\":\"https:\/\/bogatic.rs\/\",\"logo\":{\"@type\":\"ImageObject\",\"inLanguage\":\"en-US\",\"@id\":\"https:\/\/bogatic.rs\/#\/schema\/logo\/image\/\",\"url\":\"https:\/\/bogatic.rs\/wp-content\/uploads\/2022\/12\/large-logo.png\",\"contentUrl\":\"https:\/\/bogatic.rs\/wp-content\/uploads\/2022\/12\/large-logo.png\",\"width\":700,\"height\":520,\"caption\":\"Bogati\u0107\"},\"image\":{\"@id\":\"https:\/\/bogatic.rs\/#\/schema\/logo\/image\/\"}}]}<\/script>\n<!-- \/ Yoast SEO plugin. -->","yoast_head_json":{"title":"List of Councilors of the Bogati\u0107 Municipal Assembly - Bogati\u0107","description":"Bogati\u0107 - List of Councilors of the Bogati\u0107 Municipal Assembly","robots":{"index":"index","follow":"follow","max-snippet":"max-snippet:-1","max-image-preview":"max-image-preview:large","max-video-preview":"max-video-preview:-1"},"canonical":"https:\/\/bogatic.rs\/en\/local-government\/bogatic-municipality-assembly\/list-of-councilors-of-the-bogatic-municipal-assembly\/","og_locale":"en_US","og_type":"article","og_title":"List of Councilors of the Bogati\u0107 Municipal Assembly - Bogati\u0107","og_description":"Bogati\u0107 - List of Councilors of the Bogati\u0107 Municipal Assembly","og_url":"https:\/\/bogatic.rs\/en\/local-government\/bogatic-municipality-assembly\/list-of-councilors-of-the-bogatic-municipal-assembly\/","og_site_name":"Bogati\u0107","article_modified_time":"2023-02-20T10:36:50+00:00","og_image":[{"width":1200,"height":675,"url":"https:\/\/bogatic.rs\/wp-content\/uploads\/2023\/02\/1200px-Zgrada_starog_okruznog_nacelstva_u_Bogaticu_01.jpg","type":"image\/jpeg"}],"twitter_card":"summary_large_image","twitter_misc":{"Est. reading time":"1 minute"},"schema":{"@context":"https:\/\/schema.org","@graph":[{"@type":"WebPage","@id":"https:\/\/bogatic.rs\/en\/local-government\/bogatic-municipality-assembly\/list-of-councilors-of-the-bogatic-municipal-assembly\/","url":"https:\/\/bogatic.rs\/en\/local-government\/bogatic-municipality-assembly\/list-of-councilors-of-the-bogatic-municipal-assembly\/","name":"List of Councilors of the Bogati\u0107 Municipal Assembly - Bogati\u0107","isPartOf":{"@id":"https:\/\/bogatic.rs\/#website"},"datePublished":"2023-01-19T11:27:48+00:00","dateModified":"2023-02-20T10:36:50+00:00","description":"Bogati\u0107 - List of Councilors of the Bogati\u0107 Municipal Assembly","breadcrumb":{"@id":"https:\/\/bogatic.rs\/en\/local-government\/bogatic-municipality-assembly\/list-of-councilors-of-the-bogatic-municipal-assembly\/#breadcrumb"},"inLanguage":"en-US","potentialAction":[{"@type":"ReadAction","target":["https:\/\/bogatic.rs\/en\/local-government\/bogatic-municipality-assembly\/list-of-councilors-of-the-bogatic-municipal-assembly\/"]}]},{"@type":"BreadcrumbList","@id":"https:\/\/bogatic.rs\/en\/local-government\/bogatic-municipality-assembly\/list-of-councilors-of-the-bogatic-municipal-assembly\/#breadcrumb","itemListElement":[{"@type":"ListItem","position":1,"name":"Home","item":"https:\/\/bogatic.rs\/"},{"@type":"ListItem","position":2,"name":"Local government","item":"https:\/\/bogatic.rs\/lokalna-samouprava\/"},{"@type":"ListItem","position":3,"name":"Bogati\u0107 Municipality Assembly","item":"https:\/\/bogatic.rs\/en\/local-government\/bogatic-municipality-assembly\/"},{"@type":"ListItem","position":4,"name":"List of Councilors of the Bogati\u0107 Municipal Assembly"}]},{"@type":"WebSite","@id":"https:\/\/bogatic.rs\/#website","url":"https:\/\/bogatic.rs\/","name":"Bogati\u0107","description":"Zvani\u010dni sajt Op\u0161tine Bogati\u0107","publisher":{"@id":"https:\/\/bogatic.rs\/#organization"},"potentialAction":[{"@type":"SearchAction","target":{"@type":"EntryPoint","urlTemplate":"https:\/\/bogatic.rs\/?s={search_term_string}"},"query-input":{"@type":"PropertyValueSpecification","valueRequired":true,"valueName":"search_term_string"}}],"inLanguage":"en-US"},{"@type":"Organization","@id":"https:\/\/bogatic.rs\/#organization","name":"Bogati\u0107","url":"https:\/\/bogatic.rs\/","logo":{"@type":"ImageObject","inLanguage":"en-US","@id":"https:\/\/bogatic.rs\/#\/schema\/logo\/image\/","url":"https:\/\/bogatic.rs\/wp-content\/uploads\/2022\/12\/large-logo.png","contentUrl":"https:\/\/bogatic.rs\/wp-content\/uploads\/2022\/12\/large-logo.png","width":700,"height":520,"caption":"Bogati\u0107"},"image":{"@id":"https:\/\/bogatic.rs\/#\/schema\/logo\/image\/"}}]}},"_links":{"self":[{"href":"https:\/\/bogatic.rs\/en\/wp-json\/wp\/v2\/pages\/13291","targetHints":{"allow":["GET"]}}],"collection":[{"href":"https:\/\/bogatic.rs\/en\/wp-json\/wp\/v2\/pages"}],"about":[{"href":"https:\/\/bogatic.rs\/en\/wp-json\/wp\/v2\/types\/page"}],"author":[{"embeddable":true,"href":"https:\/\/bogatic.rs\/en\/wp-json\/wp\/v2\/users\/8"}],"replies":[{"embeddable":true,"href":"https:\/\/bogatic.rs\/en\/wp-json\/wp\/v2\/comments?post=13291"}],"version-history":[{"count":0,"href":"https:\/\/bogatic.rs\/en\/wp-json\/wp\/v2\/pages\/13291\/revisions"}],"up":[{"embeddable":true,"href":"https:\/\/bogatic.rs\/en\/wp-json\/wp\/v2\/pages\/13239"}],"wp:attachment":[{"href":"https:\/\/bogatic.rs\/en\/wp-json\/wp\/v2\/media?parent=13291"}],"curies":[{"name":"wp","href":"https:\/\/api.w.org\/{rel}","templated":true}]}}