{"id":13462,"date":"2023-02-03T14:27:55","date_gmt":"2023-02-03T14:27:55","guid":{"rendered":"https:\/\/harmonitydev.bogatic.rs\/guide\/public-institutions\/koc-bogatic\/cultural-and-educational-center\/"},"modified":"2023-02-20T10:54:28","modified_gmt":"2023-02-20T10:54:28","slug":"cultural-and-educational-center","status":"publish","type":"page","link":"https:\/\/bogatic.rs\/en\/guide\/public-institutions\/cultural-and-educational-center\/","title":{"rendered":"Cultural and educational center"},"content":{"rendered":"\t\t<div data-elementor-type=\"wp-page\" data-elementor-id=\"13462\" class=\"elementor elementor-13462\">\n\t\t\t\t<div class=\"elementor-element elementor-element-be83e51 e-flex e-con-boxed e-con e-parent\" data-id=\"be83e51\" data-element_type=\"container\" data-e-type=\"container\">\n\t\t\t\t\t<div class=\"e-con-inner\">\n\t\t<div class=\"elementor-element elementor-element-b6abcb1 e-con-full e-flex e-con e-parent\" data-id=\"b6abcb1\" data-element_type=\"container\" data-e-type=\"container\">\n\t\t\t\t<div class=\"elementor-element elementor-element-f755eff elementor-widget elementor-widget-shortcode\" data-id=\"f755eff\" data-element_type=\"widget\" data-e-type=\"widget\" data-widget_type=\"shortcode.default\">\n\t\t\t\t<div class=\"elementor-widget-container\">\n\t\t\t\t\t\t\t<div class=\"elementor-shortcode\">[bellows config_id=\"main\" menu=\"22\"]<\/div>\n\t\t\t\t\t\t<\/div>\n\t\t\t\t<\/div>\n\t\t\t\t<\/div>\n\t\t<div class=\"elementor-element elementor-element-9ad137b e-con-full e-flex e-con e-parent\" data-id=\"9ad137b\" data-element_type=\"container\" data-e-type=\"container\">\n\t\t<div class=\"elementor-element elementor-element-e1ed551 content-wrapper e-flex e-con-boxed e-con e-parent\" data-id=\"e1ed551\" data-element_type=\"container\" data-e-type=\"container\">\n\t\t\t\t\t<div class=\"e-con-inner\">\n\t\t<div class=\"elementor-element elementor-element-a3063fb e-flex e-con-boxed e-con e-parent\" data-id=\"a3063fb\" data-element_type=\"container\" data-e-type=\"container\">\n\t\t\t\t\t<div class=\"e-con-inner\">\n\t\t\t\t<div class=\"elementor-element elementor-element-7d79ea7 elementor-widget elementor-widget-heading\" data-id=\"7d79ea7\" data-element_type=\"widget\" data-e-type=\"widget\" data-widget_type=\"heading.default\">\n\t\t\t\t<div class=\"elementor-widget-container\">\n\t\t\t\t\t<h2 class=\"elementor-heading-title elementor-size-default\">Cultural and educational center<\/h2>\t\t\t\t<\/div>\n\t\t\t\t<\/div>\n\t\t\t\t\t<\/div>\n\t\t\t\t<\/div>\n\t\t<div class=\"elementor-element elementor-element-6d10bd6 e-flex e-con-boxed e-con e-parent\" data-id=\"6d10bd6\" data-element_type=\"container\" data-e-type=\"container\">\n\t\t\t\t\t<div class=\"e-con-inner\">\n\t\t<div class=\"elementor-element elementor-element-9ee6e31 e-flex e-con-boxed e-con e-parent\" data-id=\"9ee6e31\" data-element_type=\"container\" data-e-type=\"container\">\n\t\t\t\t\t<div class=\"e-con-inner\">\n\t\t<div class=\"elementor-element elementor-element-2df069b e-con-full e-flex e-con e-parent\" data-id=\"2df069b\" data-element_type=\"container\" data-e-type=\"container\">\n\t\t\t\t<div class=\"elementor-element elementor-element-80ace46 elementor-widget elementor-widget-image\" data-id=\"80ace46\" data-element_type=\"widget\" data-e-type=\"widget\" data-widget_type=\"image.default\">\n\t\t\t\t<div class=\"elementor-widget-container\">\n\t\t\t\t\t\t\t\t\t\t\t\t\t\t\t\t<a href=\"https:\/\/bogatic.rs\/wp-content\/uploads\/2023\/01\/Tri-sorele.jpg\" data-elementor-open-lightbox=\"yes\" data-elementor-lightbox-title=\"Tri sorele\" data-e-action-hash=\"#elementor-action%3Aaction%3Dlightbox%26settings%3DeyJpZCI6MTI3MDQsInVybCI6Imh0dHBzOlwvXC9ib2dhdGljLnJzXC93cC1jb250ZW50XC91cGxvYWRzXC8yMDIzXC8wMVwvVHJpLXNvcmVsZS5qcGcifQ%3D%3D\">\n\t\t\t\t\t\t\t<img fetchpriority=\"high\" decoding=\"async\" width=\"800\" height=\"640\" src=\"https:\/\/bogatic.rs\/wp-content\/uploads\/2023\/01\/Tri-sorele.jpg\" class=\"attachment-large size-large wp-image-12704\" alt=\"\" srcset=\"https:\/\/bogatic.rs\/wp-content\/uploads\/2023\/01\/Tri-sorele.jpg 800w, https:\/\/bogatic.rs\/wp-content\/uploads\/2023\/01\/Tri-sorele-300x240.jpg 300w, https:\/\/bogatic.rs\/wp-content\/uploads\/2023\/01\/Tri-sorele-768x614.jpg 768w\" sizes=\"(max-width: 800px) 100vw, 800px\" \/>\t\t\t\t\t\t\t\t<\/a>\n\t\t\t\t\t\t\t\t\t\t\t\t\t\t\t<\/div>\n\t\t\t\t<\/div>\n\t\t\t\t<div class=\"elementor-element elementor-element-48f26bc elementor-widget elementor-widget-text-editor\" data-id=\"48f26bc\" data-element_type=\"widget\" data-e-type=\"widget\" data-widget_type=\"text-editor.default\">\n\t\t\t\t<div class=\"elementor-widget-container\">\n\t\t\t\t\t\t\t\t\t<div class=\"imagetitle\">\n<div class=\"imagetitle\" style=\"text-align: center;\">Three Sorrels<\/div>\n<\/div>\n\t\t\t\t\t\t\t\t<\/div>\n\t\t\t\t<\/div>\n\t\t\t\t<div class=\"elementor-element elementor-element-7c58056 elementor-widget elementor-widget-image\" data-id=\"7c58056\" data-element_type=\"widget\" data-e-type=\"widget\" data-widget_type=\"image.default\">\n\t\t\t\t<div class=\"elementor-widget-container\">\n\t\t\t\t\t\t\t\t\t\t\t\t\t\t\t\t<a href=\"https:\/\/bogatic.rs\/wp-content\/uploads\/2023\/01\/Decja-pozorisna-scena.jpg\" data-elementor-open-lightbox=\"yes\" data-elementor-lightbox-title=\"De\u010dja pozori\u0161na scena\" data-e-action-hash=\"#elementor-action%3Aaction%3Dlightbox%26settings%3DeyJpZCI6MTI3MDUsInVybCI6Imh0dHBzOlwvXC9ib2dhdGljLnJzXC93cC1jb250ZW50XC91cGxvYWRzXC8yMDIzXC8wMVwvRGVjamEtcG96b3Jpc25hLXNjZW5hLmpwZyJ9\">\n\t\t\t\t\t\t\t<img decoding=\"async\" width=\"800\" height=\"640\" src=\"https:\/\/bogatic.rs\/wp-content\/uploads\/2023\/01\/Decja-pozorisna-scena.jpg\" class=\"attachment-large size-large wp-image-12705\" alt=\"\" srcset=\"https:\/\/bogatic.rs\/wp-content\/uploads\/2023\/01\/Decja-pozorisna-scena.jpg 800w, https:\/\/bogatic.rs\/wp-content\/uploads\/2023\/01\/Decja-pozorisna-scena-300x240.jpg 300w, https:\/\/bogatic.rs\/wp-content\/uploads\/2023\/01\/Decja-pozorisna-scena-768x614.jpg 768w\" sizes=\"(max-width: 800px) 100vw, 800px\" \/>\t\t\t\t\t\t\t\t<\/a>\n\t\t\t\t\t\t\t\t\t\t\t\t\t\t\t<\/div>\n\t\t\t\t<\/div>\n\t\t\t\t<div class=\"elementor-element elementor-element-0a8a907 elementor-widget elementor-widget-text-editor\" data-id=\"0a8a907\" data-element_type=\"widget\" data-e-type=\"widget\" data-widget_type=\"text-editor.default\">\n\t\t\t\t<div class=\"elementor-widget-container\">\n\t\t\t\t\t\t\t\t\t<div class=\"imagetitle\">\n<div class=\"imagetitle\" style=\"text-align: center;\">Children&#8217;s theater scene<\/div>\n<\/div>\n\t\t\t\t\t\t\t\t<\/div>\n\t\t\t\t<\/div>\n\t\t\t\t<div class=\"elementor-element elementor-element-8fd3e9f elementor-widget elementor-widget-image\" data-id=\"8fd3e9f\" data-element_type=\"widget\" data-e-type=\"widget\" data-widget_type=\"image.default\">\n\t\t\t\t<div class=\"elementor-widget-container\">\n\t\t\t\t\t\t\t\t\t\t\t\t\t\t\t\t<a href=\"https:\/\/bogatic.rs\/wp-content\/uploads\/2023\/01\/Folklorni-ansambl.jpg\" data-elementor-open-lightbox=\"yes\" data-elementor-lightbox-title=\"Folklorni ansambl\" data-e-action-hash=\"#elementor-action%3Aaction%3Dlightbox%26settings%3DeyJpZCI6MTI3MDYsInVybCI6Imh0dHBzOlwvXC9ib2dhdGljLnJzXC93cC1jb250ZW50XC91cGxvYWRzXC8yMDIzXC8wMVwvRm9sa2xvcm5pLWFuc2FtYmwuanBnIn0%3D\">\n\t\t\t\t\t\t\t<img decoding=\"async\" width=\"800\" height=\"640\" src=\"https:\/\/bogatic.rs\/wp-content\/uploads\/2023\/01\/Folklorni-ansambl.jpg\" class=\"attachment-large size-large wp-image-12706\" alt=\"\" srcset=\"https:\/\/bogatic.rs\/wp-content\/uploads\/2023\/01\/Folklorni-ansambl.jpg 800w, https:\/\/bogatic.rs\/wp-content\/uploads\/2023\/01\/Folklorni-ansambl-300x240.jpg 300w, https:\/\/bogatic.rs\/wp-content\/uploads\/2023\/01\/Folklorni-ansambl-768x614.jpg 768w\" sizes=\"(max-width: 800px) 100vw, 800px\" \/>\t\t\t\t\t\t\t\t<\/a>\n\t\t\t\t\t\t\t\t\t\t\t\t\t\t\t<\/div>\n\t\t\t\t<\/div>\n\t\t\t\t<div class=\"elementor-element elementor-element-33e8a56 elementor-widget elementor-widget-text-editor\" data-id=\"33e8a56\" data-element_type=\"widget\" data-e-type=\"widget\" data-widget_type=\"text-editor.default\">\n\t\t\t\t<div class=\"elementor-widget-container\">\n\t\t\t\t\t\t\t\t\t<div class=\"imagetitle\">\n<div class=\"imagetitle\" style=\"text-align: center;\">Folklore Ensemble<\/div>\n<\/div>\n\t\t\t\t\t\t\t\t<\/div>\n\t\t\t\t<\/div>\n\t\t\t\t<div class=\"elementor-element elementor-element-9f46fc4 elementor-widget elementor-widget-image\" data-id=\"9f46fc4\" data-element_type=\"widget\" data-e-type=\"widget\" data-widget_type=\"image.default\">\n\t\t\t\t<div class=\"elementor-widget-container\">\n\t\t\t\t\t\t\t\t\t\t\t\t\t\t\t\t<a href=\"https:\/\/bogatic.rs\/wp-content\/uploads\/2023\/01\/Narodni-orkestar.jpg\" data-elementor-open-lightbox=\"yes\" data-elementor-lightbox-title=\"Narodni orkestar\" data-e-action-hash=\"#elementor-action%3Aaction%3Dlightbox%26settings%3DeyJpZCI6MTI3MDcsInVybCI6Imh0dHBzOlwvXC9ib2dhdGljLnJzXC93cC1jb250ZW50XC91cGxvYWRzXC8yMDIzXC8wMVwvTmFyb2RuaS1vcmtlc3Rhci5qcGcifQ%3D%3D\">\n\t\t\t\t\t\t\t<img loading=\"lazy\" decoding=\"async\" width=\"800\" height=\"640\" src=\"https:\/\/bogatic.rs\/wp-content\/uploads\/2023\/01\/Narodni-orkestar.jpg\" class=\"attachment-large size-large wp-image-12707\" alt=\"\" srcset=\"https:\/\/bogatic.rs\/wp-content\/uploads\/2023\/01\/Narodni-orkestar.jpg 800w, https:\/\/bogatic.rs\/wp-content\/uploads\/2023\/01\/Narodni-orkestar-300x240.jpg 300w, https:\/\/bogatic.rs\/wp-content\/uploads\/2023\/01\/Narodni-orkestar-768x614.jpg 768w\" sizes=\"(max-width: 800px) 100vw, 800px\" \/>\t\t\t\t\t\t\t\t<\/a>\n\t\t\t\t\t\t\t\t\t\t\t\t\t\t\t<\/div>\n\t\t\t\t<\/div>\n\t\t\t\t<div class=\"elementor-element elementor-element-fee8b6a elementor-widget elementor-widget-text-editor\" data-id=\"fee8b6a\" data-element_type=\"widget\" data-e-type=\"widget\" data-widget_type=\"text-editor.default\">\n\t\t\t\t<div class=\"elementor-widget-container\">\n\t\t\t\t\t\t\t\t\t<div class=\"imagetitle\">\n<div class=\"imagetitle\" style=\"text-align: center;\">National orchestra<\/div>\n<\/div>\n\t\t\t\t\t\t\t\t<\/div>\n\t\t\t\t<\/div>\n\t\t\t\t<div class=\"elementor-element elementor-element-cb3bf95 elementor-widget elementor-widget-image\" data-id=\"cb3bf95\" data-element_type=\"widget\" data-e-type=\"widget\" data-widget_type=\"image.default\">\n\t\t\t\t<div class=\"elementor-widget-container\">\n\t\t\t\t\t\t\t\t\t\t\t\t\t\t\t\t<a href=\"https:\/\/bogatic.rs\/wp-content\/uploads\/2023\/01\/Dido.jpg\" data-elementor-open-lightbox=\"yes\" data-elementor-lightbox-title=\"\u0110ido\" data-e-action-hash=\"#elementor-action%3Aaction%3Dlightbox%26settings%3DeyJpZCI6MTI3MDksInVybCI6Imh0dHBzOlwvXC9ib2dhdGljLnJzXC93cC1jb250ZW50XC91cGxvYWRzXC8yMDIzXC8wMVwvRGlkby5qcGcifQ%3D%3D\">\n\t\t\t\t\t\t\t<img loading=\"lazy\" decoding=\"async\" width=\"450\" height=\"600\" src=\"https:\/\/bogatic.rs\/wp-content\/uploads\/2023\/01\/Dido.jpg\" class=\"attachment-large size-large wp-image-12709\" alt=\"\" srcset=\"https:\/\/bogatic.rs\/wp-content\/uploads\/2023\/01\/Dido.jpg 450w, https:\/\/bogatic.rs\/wp-content\/uploads\/2023\/01\/Dido-225x300.jpg 225w\" sizes=\"(max-width: 450px) 100vw, 450px\" \/>\t\t\t\t\t\t\t\t<\/a>\n\t\t\t\t\t\t\t\t\t\t\t\t\t\t\t<\/div>\n\t\t\t\t<\/div>\n\t\t\t\t<div class=\"elementor-element elementor-element-3daf9a1 elementor-widget elementor-widget-text-editor\" data-id=\"3daf9a1\" data-element_type=\"widget\" data-e-type=\"widget\" data-widget_type=\"text-editor.default\">\n\t\t\t\t<div class=\"elementor-widget-container\">\n\t\t\t\t\t\t\t\t\t<div class=\"imagetitle\">\n<div class=\"imagetitle\" style=\"text-align: center;\">Gido<\/div>\n<\/div>\n\t\t\t\t\t\t\t\t<\/div>\n\t\t\t\t<\/div>\n\t\t\t\t<div class=\"elementor-element elementor-element-739e670 elementor-widget elementor-widget-image\" data-id=\"739e670\" data-element_type=\"widget\" data-e-type=\"widget\" data-widget_type=\"image.default\">\n\t\t\t\t<div class=\"elementor-widget-container\">\n\t\t\t\t\t\t\t\t\t\t\t\t\t\t\t\t<a href=\"https:\/\/bogatic.rs\/wp-content\/uploads\/2023\/01\/Knjizevni-susreti.jpg\" data-elementor-open-lightbox=\"yes\" data-elementor-lightbox-title=\"Knji\u017eevni susreti\" data-e-action-hash=\"#elementor-action%3Aaction%3Dlightbox%26settings%3DeyJpZCI6MTI3MDgsInVybCI6Imh0dHBzOlwvXC9ib2dhdGljLnJzXC93cC1jb250ZW50XC91cGxvYWRzXC8yMDIzXC8wMVwvS25qaXpldm5pLXN1c3JldGkuanBnIn0%3D\">\n\t\t\t\t\t\t\t<img loading=\"lazy\" decoding=\"async\" width=\"800\" height=\"640\" src=\"https:\/\/bogatic.rs\/wp-content\/uploads\/2023\/01\/Knjizevni-susreti.jpg\" class=\"attachment-large size-large wp-image-12708\" alt=\"\" srcset=\"https:\/\/bogatic.rs\/wp-content\/uploads\/2023\/01\/Knjizevni-susreti.jpg 800w, https:\/\/bogatic.rs\/wp-content\/uploads\/2023\/01\/Knjizevni-susreti-300x240.jpg 300w, https:\/\/bogatic.rs\/wp-content\/uploads\/2023\/01\/Knjizevni-susreti-768x614.jpg 768w\" sizes=\"(max-width: 800px) 100vw, 800px\" \/>\t\t\t\t\t\t\t\t<\/a>\n\t\t\t\t\t\t\t\t\t\t\t\t\t\t\t<\/div>\n\t\t\t\t<\/div>\n\t\t\t\t<div class=\"elementor-element elementor-element-f550a17 elementor-widget elementor-widget-text-editor\" data-id=\"f550a17\" data-element_type=\"widget\" data-e-type=\"widget\" data-widget_type=\"text-editor.default\">\n\t\t\t\t<div class=\"elementor-widget-container\">\n\t\t\t\t\t\t\t\t\t<div class=\"imagetitle\">\n<div class=\"imagetitle\" style=\"text-align: center;\">Literary meetings<\/div>\n<\/div>\n\t\t\t\t\t\t\t\t<\/div>\n\t\t\t\t<\/div>\n\t\t\t\t<div class=\"elementor-element elementor-element-eb96dcd elementor-widget elementor-widget-image\" data-id=\"eb96dcd\" data-element_type=\"widget\" data-e-type=\"widget\" data-widget_type=\"image.default\">\n\t\t\t\t<div class=\"elementor-widget-container\">\n\t\t\t\t\t\t\t\t\t\t\t\t\t\t\t\t<a href=\"https:\/\/bogatic.rs\/wp-content\/uploads\/2023\/01\/Mirjana-Aleksic.jpg\" data-elementor-open-lightbox=\"yes\" data-elementor-lightbox-title=\"Mirjana Aleksi\u0107\" data-e-action-hash=\"#elementor-action%3Aaction%3Dlightbox%26settings%3DeyJpZCI6MTI3MTAsInVybCI6Imh0dHBzOlwvXC9ib2dhdGljLnJzXC93cC1jb250ZW50XC91cGxvYWRzXC8yMDIzXC8wMVwvTWlyamFuYS1BbGVrc2ljLmpwZyJ9\">\n\t\t\t\t\t\t\t<img loading=\"lazy\" decoding=\"async\" width=\"474\" height=\"600\" src=\"https:\/\/bogatic.rs\/wp-content\/uploads\/2023\/01\/Mirjana-Aleksic.jpg\" class=\"attachment-large size-large wp-image-12710\" alt=\"\" srcset=\"https:\/\/bogatic.rs\/wp-content\/uploads\/2023\/01\/Mirjana-Aleksic.jpg 474w, https:\/\/bogatic.rs\/wp-content\/uploads\/2023\/01\/Mirjana-Aleksic-237x300.jpg 237w\" sizes=\"(max-width: 474px) 100vw, 474px\" \/>\t\t\t\t\t\t\t\t<\/a>\n\t\t\t\t\t\t\t\t\t\t\t\t\t\t\t<\/div>\n\t\t\t\t<\/div>\n\t\t\t\t<div class=\"elementor-element elementor-element-5641b69 elementor-widget elementor-widget-text-editor\" data-id=\"5641b69\" data-element_type=\"widget\" data-e-type=\"widget\" data-widget_type=\"text-editor.default\">\n\t\t\t\t<div class=\"elementor-widget-container\">\n\t\t\t\t\t\t\t\t\t<div class=\"imagetitle\">\n<div class=\"imagetitle\" style=\"text-align: center;\">Mirjana Aleksic<\/div>\n<\/div>\n\t\t\t\t\t\t\t\t<\/div>\n\t\t\t\t<\/div>\n\t\t\t\t<\/div>\n\t\t<div class=\"elementor-element elementor-element-f4d4729 e-flex e-con-boxed e-con e-parent\" data-id=\"f4d4729\" data-element_type=\"container\" data-e-type=\"container\">\n\t\t\t\t\t<div class=\"e-con-inner\">\n\t\t\t\t<div class=\"elementor-element elementor-element-8e93845 elementor-widget elementor-widget-text-editor\" data-id=\"8e93845\" data-element_type=\"widget\" data-e-type=\"widget\" data-widget_type=\"text-editor.default\">\n\t\t\t\t<div class=\"elementor-widget-container\">\n\t\t\t\t\t\t\t\t\t<p>The cultural and educational center in the House of Culture organizes various manifestations &#8211; concerts, plays, poetry evenings, book promotions, art exhibitions. In addition to the Cultural Education Center, the work of cultural and artistic societies is organized in several villages of the municipality of Bogati\u0107, namely: KUD &#8220;\u017divan Arnautovi\u0107&#8221; &#8211; Badovinci, KUD &#8220;Stanimir Josipovi\u0107&#8221; &#8211; Beloti\u0107, KUD &#8220;Bisernica&#8221; &#8211; Dublje, KUD &#8220;Ma\u010devanka&#8221; &#8211; Klenje, KUD &#8220;Vez&#8221; &#8211; Glu\u0161ci. All cultural and artistic societies have the support of their local communities and the Municipality, which allocates funds from the budget for their functioning, concerts, and trips.<\/p>\n<p>In 2008 year, from the Municipality&#8217;s budget, with the Cultural Center&#8217;s own funds and with the help of the Ministry of Culture, the Culture Center in Bogati\u0107 was completely reconstructed and is now functional, modernly decorated and equipped. The hall where concerts and events are held, the stage and dressing rooms have been renovated.<\/p>\n<p>Lighting, cinema equipment and other modern technical equipment were purchased. The working conditions of the members of the Theatre, Folklore Ensemble and National Orchestra are now incomparably better than before. Also, the Cultural and Educational Center is now able to proudly host professional theaters, folklore ensembles and organize all events in the renovated space.<\/p>\n<p>Contact telephone: Cultural and educational center &#8220;Bogati\u0107&#8221; 015\/7786-148<br \/>Director: Tanja Juri\u0161i\u0107<br \/>Head of drama amateurism: Branislav Kovi\u0107<br \/>Head of the folklore ensemble: Milo\u0161 Simi\u0107<br \/>Leader of the national orchestra: Zoran Puzi\u0107<br \/>Head of the painting colony: Dragomir Ninkovi\u0107<br \/>E-mail: <a href=\"mailto:kocbogatic2016@gmail.com\">kocbogatic2016@gmail.com<\/a><\/p>\n\t\t\t\t\t\t\t\t<\/div>\n\t\t\t\t<\/div>\n\t\t\t\t\t<\/div>\n\t\t\t\t<\/div>\n\t\t\t\t\t<\/div>\n\t\t\t\t<\/div>\n\t\t<div class=\"elementor-element elementor-element-16331ed e-flex e-con-boxed e-con e-parent\" data-id=\"16331ed\" data-element_type=\"container\" data-e-type=\"container\">\n\t\t\t\t\t<div class=\"e-con-inner\">\n\t\t\t\t\t<\/div>\n\t\t\t\t<\/div>\n\t\t\t\t\t<\/div>\n\t\t\t\t<\/div>\n\t\t\t\t\t<\/div>\n\t\t\t\t<\/div>\n\t\t\t\t<\/div>\n\t\t\t\t\t<\/div>\n\t\t\t\t<\/div>\n\t\t\t\t<\/div>\n\t\t","protected":false},"excerpt":{"rendered":"<p>[bellows config_id=&#8221;main&#8221; menu=&#8221;22&#8243;] Cultural and educational center Three Sorrels Children&#8217;s theater scene Folklore Ensemble National orchestra Gido Literary meetings Mirjana Aleksic The cultural and educational center in the House of Culture organizes various manifestations &#8211; concerts, plays, poetry evenings, book promotions, art exhibitions. In addition to the Cultural Education Center, the work of cultural and [&hellip;]<\/p>\n","protected":false},"author":8,"featured_media":0,"parent":13086,"menu_order":0,"comment_status":"closed","ping_status":"closed","template":"","meta":{"footnotes":""},"class_list":["post-13462","page","type-page","status-publish","hentry"],"blocksy_meta":[],"yoast_head":"<!-- This site is optimized with the Yoast SEO plugin v27.1.1 - https:\/\/yoast.com\/product\/yoast-seo-wordpress\/ -->\n<title>Cultural and educational center - Bogati\u0107<\/title>\n<meta name=\"description\" content=\"Bogati\u0107 - Cultural and educational center\" \/>\n<meta name=\"robots\" content=\"index, follow, max-snippet:-1, max-image-preview:large, max-video-preview:-1\" \/>\n<link rel=\"canonical\" href=\"https:\/\/bogatic.rs\/en\/guide\/cultural-and-educational-center\/\" \/>\n<meta property=\"og:locale\" content=\"en_US\" \/>\n<meta property=\"og:type\" content=\"article\" \/>\n<meta property=\"og:title\" content=\"Cultural and educational center - Bogati\u0107\" \/>\n<meta property=\"og:description\" content=\"Bogati\u0107 - Cultural and educational center\" \/>\n<meta property=\"og:url\" content=\"https:\/\/bogatic.rs\/en\/guide\/cultural-and-educational-center\/\" \/>\n<meta property=\"og:site_name\" content=\"Bogati\u0107\" \/>\n<meta property=\"article:modified_time\" content=\"2023-02-20T10:54:28+00:00\" \/>\n<meta property=\"og:image\" content=\"https:\/\/bogatic.rs\/wp-content\/uploads\/2023\/01\/Tri-sorele.jpg\" \/>\n<meta name=\"twitter:card\" content=\"summary_large_image\" \/>\n<meta name=\"twitter:label1\" content=\"Est. reading time\" \/>\n\t<meta name=\"twitter:data1\" content=\"1 minute\" \/>\n<script type=\"application\/ld+json\" class=\"yoast-schema-graph\">{\"@context\":\"https:\/\/schema.org\",\"@graph\":[{\"@type\":\"WebPage\",\"@id\":\"https:\/\/bogatic.rs\/en\/guide\/cultural-and-educational-center\/\",\"url\":\"https:\/\/bogatic.rs\/en\/guide\/cultural-and-educational-center\/\",\"name\":\"Cultural and educational center - Bogati\u0107\",\"isPartOf\":{\"@id\":\"https:\/\/bogatic.rs\/#website\"},\"primaryImageOfPage\":{\"@id\":\"https:\/\/bogatic.rs\/en\/guide\/cultural-and-educational-center\/#primaryimage\"},\"image\":{\"@id\":\"https:\/\/bogatic.rs\/en\/guide\/cultural-and-educational-center\/#primaryimage\"},\"thumbnailUrl\":\"https:\/\/bogatic.rs\/wp-content\/uploads\/2023\/01\/Tri-sorele.jpg\",\"datePublished\":\"2023-02-03T14:27:55+00:00\",\"dateModified\":\"2023-02-20T10:54:28+00:00\",\"description\":\"Bogati\u0107 - Cultural and educational center\",\"breadcrumb\":{\"@id\":\"https:\/\/bogatic.rs\/en\/guide\/cultural-and-educational-center\/#breadcrumb\"},\"inLanguage\":\"en-US\",\"potentialAction\":[{\"@type\":\"ReadAction\",\"target\":[\"https:\/\/bogatic.rs\/en\/guide\/cultural-and-educational-center\/\"]}]},{\"@type\":\"ImageObject\",\"inLanguage\":\"en-US\",\"@id\":\"https:\/\/bogatic.rs\/en\/guide\/cultural-and-educational-center\/#primaryimage\",\"url\":\"https:\/\/bogatic.rs\/wp-content\/uploads\/2023\/01\/Tri-sorele.jpg\",\"contentUrl\":\"https:\/\/bogatic.rs\/wp-content\/uploads\/2023\/01\/Tri-sorele.jpg\"},{\"@type\":\"BreadcrumbList\",\"@id\":\"https:\/\/bogatic.rs\/en\/guide\/cultural-and-educational-center\/#breadcrumb\",\"itemListElement\":[{\"@type\":\"ListItem\",\"position\":1,\"name\":\"Home\",\"item\":\"https:\/\/bogatic.rs\/\"},{\"@type\":\"ListItem\",\"position\":2,\"name\":\"Guide\",\"item\":\"https:\/\/bogatic.rs\/vodic\/\"},{\"@type\":\"ListItem\",\"position\":3,\"name\":\"Cultural and educational center\"}]},{\"@type\":\"WebSite\",\"@id\":\"https:\/\/bogatic.rs\/#website\",\"url\":\"https:\/\/bogatic.rs\/\",\"name\":\"Bogati\u0107\",\"description\":\"Zvani\u010dni sajt Op\u0161tine Bogati\u0107\",\"publisher\":{\"@id\":\"https:\/\/bogatic.rs\/#organization\"},\"potentialAction\":[{\"@type\":\"SearchAction\",\"target\":{\"@type\":\"EntryPoint\",\"urlTemplate\":\"https:\/\/bogatic.rs\/?s={search_term_string}\"},\"query-input\":{\"@type\":\"PropertyValueSpecification\",\"valueRequired\":true,\"valueName\":\"search_term_string\"}}],\"inLanguage\":\"en-US\"},{\"@type\":\"Organization\",\"@id\":\"https:\/\/bogatic.rs\/#organization\",\"name\":\"Bogati\u0107\",\"url\":\"https:\/\/bogatic.rs\/\",\"logo\":{\"@type\":\"ImageObject\",\"inLanguage\":\"en-US\",\"@id\":\"https:\/\/bogatic.rs\/#\/schema\/logo\/image\/\",\"url\":\"https:\/\/bogatic.rs\/wp-content\/uploads\/2022\/12\/large-logo.png\",\"contentUrl\":\"https:\/\/bogatic.rs\/wp-content\/uploads\/2022\/12\/large-logo.png\",\"width\":700,\"height\":520,\"caption\":\"Bogati\u0107\"},\"image\":{\"@id\":\"https:\/\/bogatic.rs\/#\/schema\/logo\/image\/\"}}]}<\/script>\n<!-- \/ Yoast SEO plugin. -->","yoast_head_json":{"title":"Cultural and educational center - Bogati\u0107","description":"Bogati\u0107 - Cultural and educational center","robots":{"index":"index","follow":"follow","max-snippet":"max-snippet:-1","max-image-preview":"max-image-preview:large","max-video-preview":"max-video-preview:-1"},"canonical":"https:\/\/bogatic.rs\/en\/guide\/cultural-and-educational-center\/","og_locale":"en_US","og_type":"article","og_title":"Cultural and educational center - Bogati\u0107","og_description":"Bogati\u0107 - Cultural and educational center","og_url":"https:\/\/bogatic.rs\/en\/guide\/cultural-and-educational-center\/","og_site_name":"Bogati\u0107","article_modified_time":"2023-02-20T10:54:28+00:00","og_image":[{"url":"https:\/\/bogatic.rs\/wp-content\/uploads\/2023\/01\/Tri-sorele.jpg","type":"","width":"","height":""}],"twitter_card":"summary_large_image","twitter_misc":{"Est. reading time":"1 minute"},"schema":{"@context":"https:\/\/schema.org","@graph":[{"@type":"WebPage","@id":"https:\/\/bogatic.rs\/en\/guide\/cultural-and-educational-center\/","url":"https:\/\/bogatic.rs\/en\/guide\/cultural-and-educational-center\/","name":"Cultural and educational center - Bogati\u0107","isPartOf":{"@id":"https:\/\/bogatic.rs\/#website"},"primaryImageOfPage":{"@id":"https:\/\/bogatic.rs\/en\/guide\/cultural-and-educational-center\/#primaryimage"},"image":{"@id":"https:\/\/bogatic.rs\/en\/guide\/cultural-and-educational-center\/#primaryimage"},"thumbnailUrl":"https:\/\/bogatic.rs\/wp-content\/uploads\/2023\/01\/Tri-sorele.jpg","datePublished":"2023-02-03T14:27:55+00:00","dateModified":"2023-02-20T10:54:28+00:00","description":"Bogati\u0107 - Cultural and educational center","breadcrumb":{"@id":"https:\/\/bogatic.rs\/en\/guide\/cultural-and-educational-center\/#breadcrumb"},"inLanguage":"en-US","potentialAction":[{"@type":"ReadAction","target":["https:\/\/bogatic.rs\/en\/guide\/cultural-and-educational-center\/"]}]},{"@type":"ImageObject","inLanguage":"en-US","@id":"https:\/\/bogatic.rs\/en\/guide\/cultural-and-educational-center\/#primaryimage","url":"https:\/\/bogatic.rs\/wp-content\/uploads\/2023\/01\/Tri-sorele.jpg","contentUrl":"https:\/\/bogatic.rs\/wp-content\/uploads\/2023\/01\/Tri-sorele.jpg"},{"@type":"BreadcrumbList","@id":"https:\/\/bogatic.rs\/en\/guide\/cultural-and-educational-center\/#breadcrumb","itemListElement":[{"@type":"ListItem","position":1,"name":"Home","item":"https:\/\/bogatic.rs\/"},{"@type":"ListItem","position":2,"name":"Guide","item":"https:\/\/bogatic.rs\/vodic\/"},{"@type":"ListItem","position":3,"name":"Cultural and educational center"}]},{"@type":"WebSite","@id":"https:\/\/bogatic.rs\/#website","url":"https:\/\/bogatic.rs\/","name":"Bogati\u0107","description":"Zvani\u010dni sajt Op\u0161tine Bogati\u0107","publisher":{"@id":"https:\/\/bogatic.rs\/#organization"},"potentialAction":[{"@type":"SearchAction","target":{"@type":"EntryPoint","urlTemplate":"https:\/\/bogatic.rs\/?s={search_term_string}"},"query-input":{"@type":"PropertyValueSpecification","valueRequired":true,"valueName":"search_term_string"}}],"inLanguage":"en-US"},{"@type":"Organization","@id":"https:\/\/bogatic.rs\/#organization","name":"Bogati\u0107","url":"https:\/\/bogatic.rs\/","logo":{"@type":"ImageObject","inLanguage":"en-US","@id":"https:\/\/bogatic.rs\/#\/schema\/logo\/image\/","url":"https:\/\/bogatic.rs\/wp-content\/uploads\/2022\/12\/large-logo.png","contentUrl":"https:\/\/bogatic.rs\/wp-content\/uploads\/2022\/12\/large-logo.png","width":700,"height":520,"caption":"Bogati\u0107"},"image":{"@id":"https:\/\/bogatic.rs\/#\/schema\/logo\/image\/"}}]}},"_links":{"self":[{"href":"https:\/\/bogatic.rs\/en\/wp-json\/wp\/v2\/pages\/13462","targetHints":{"allow":["GET"]}}],"collection":[{"href":"https:\/\/bogatic.rs\/en\/wp-json\/wp\/v2\/pages"}],"about":[{"href":"https:\/\/bogatic.rs\/en\/wp-json\/wp\/v2\/types\/page"}],"author":[{"embeddable":true,"href":"https:\/\/bogatic.rs\/en\/wp-json\/wp\/v2\/users\/8"}],"replies":[{"embeddable":true,"href":"https:\/\/bogatic.rs\/en\/wp-json\/wp\/v2\/comments?post=13462"}],"version-history":[{"count":0,"href":"https:\/\/bogatic.rs\/en\/wp-json\/wp\/v2\/pages\/13462\/revisions"}],"up":[{"embeddable":true,"href":"https:\/\/bogatic.rs\/en\/wp-json\/wp\/v2\/pages\/13086"}],"wp:attachment":[{"href":"https:\/\/bogatic.rs\/en\/wp-json\/wp\/v2\/media?parent=13462"}],"curies":[{"name":"wp","href":"https:\/\/api.w.org\/{rel}","templated":true}]}}