{"id":13478,"date":"2023-02-01T08:02:34","date_gmt":"2023-02-01T08:02:34","guid":{"rendered":"https:\/\/harmonitydev.bogatic.rs\/meet-bogatic\/famous-swordsmen\/"},"modified":"2023-02-27T14:56:52","modified_gmt":"2023-02-27T14:56:52","slug":"famous-swordsmen","status":"publish","type":"page","link":"https:\/\/bogatic.rs\/en\/meet-bogatic\/famous-swordsmen\/","title":{"rendered":"The famous Ma\u010dvani"},"content":{"rendered":"\t\t<div data-elementor-type=\"wp-page\" data-elementor-id=\"13478\" class=\"elementor elementor-13478\">\n\t\t\t\t<div class=\"elementor-element elementor-element-e6b69cf e-flex e-con-boxed e-con e-parent\" data-id=\"e6b69cf\" data-element_type=\"container\" data-e-type=\"container\">\n\t\t\t\t\t<div class=\"e-con-inner\">\n\t\t<div class=\"elementor-element elementor-element-37afa26 e-con-full e-flex e-con e-parent\" data-id=\"37afa26\" data-element_type=\"container\" data-e-type=\"container\">\n\t\t\t\t<div class=\"elementor-element elementor-element-7d2e1b5 elementor-widget elementor-widget-shortcode\" data-id=\"7d2e1b5\" data-element_type=\"widget\" data-e-type=\"widget\" data-widget_type=\"shortcode.default\">\n\t\t\t\t<div class=\"elementor-widget-container\">\n\t\t\t\t\t\t\t<div class=\"elementor-shortcode\">[bellows config_id=\"main\" menu=\"21\"]<\/div>\n\t\t\t\t\t\t<\/div>\n\t\t\t\t<\/div>\n\t\t\t\t<\/div>\n\t\t<div class=\"elementor-element elementor-element-f7ca037 e-con-full e-flex e-con e-parent\" data-id=\"f7ca037\" data-element_type=\"container\" data-e-type=\"container\">\n\t\t<div class=\"elementor-element elementor-element-8528d41 e-con-full e-flex e-con e-parent\" data-id=\"8528d41\" data-element_type=\"container\" data-e-type=\"container\">\n\t\t\t\t<div class=\"elementor-element elementor-element-b9bbef9 elementor-view-default elementor-widget elementor-widget-icon\" data-id=\"b9bbef9\" data-element_type=\"widget\" data-e-type=\"widget\" data-widget_type=\"icon.default\">\n\t\t\t\t<div class=\"elementor-widget-container\">\n\t\t\t\t\t\t\t<div class=\"elementor-icon-wrapper\">\n\t\t\t<div class=\"elementor-icon\">\n\t\t\t<i aria-hidden=\"true\" class=\"fas fa-history\"><\/i>\t\t\t<\/div>\n\t\t<\/div>\n\t\t\t\t\t\t<\/div>\n\t\t\t\t<\/div>\n\t\t\t\t<div class=\"elementor-element elementor-element-80eeeb7 elementor-widget elementor-widget-heading\" data-id=\"80eeeb7\" data-element_type=\"widget\" data-e-type=\"widget\" data-widget_type=\"heading.default\">\n\t\t\t\t<div class=\"elementor-widget-container\">\n\t\t\t\t\t<h2 class=\"elementor-heading-title elementor-size-default\">The famous Ma\u010dvani<\/h2>\t\t\t\t<\/div>\n\t\t\t\t<\/div>\n\t\t\t\t<\/div>\n\t\t<div class=\"elementor-element elementor-element-89986a4 e-flex e-con-boxed e-con e-parent\" data-id=\"89986a4\" data-element_type=\"container\" data-e-type=\"container\">\n\t\t\t\t\t<div class=\"e-con-inner\">\n\t\t\t\t\t<\/div>\n\t\t\t\t<\/div>\n\t\t\t\t<\/div>\n\t\t\t\t\t<\/div>\n\t\t\t\t<\/div>\n\t\t\t\t<\/div>\n\t\t","protected":false},"excerpt":{"rendered":"<p>[bellows config_id=&#8221;main&#8221; menu=&#8221;21&#8243;] The famous Ma\u010dvani Janko Veselinovi\u0107, writer &#8220;He gave so much both with abundance and value that he can rightly be considered one of our best and most prolific writers, one of those who create a literature and give it a special character&#8221;, said the authoritative Jovan Skerli\u0107 for Janko Veselinovi\u0107, who is [&hellip;]<\/p>\n","protected":false},"author":8,"featured_media":12746,"parent":13022,"menu_order":0,"comment_status":"closed","ping_status":"closed","template":"","meta":{"footnotes":""},"class_list":["post-13478","page","type-page","status-publish","has-post-thumbnail","hentry"],"blocksy_meta":[],"yoast_head":"<!-- This site is optimized with the Yoast SEO plugin v27.1.1 - https:\/\/yoast.com\/product\/yoast-seo-wordpress\/ -->\n<title>The famous Ma\u010dvani - Bogati\u0107<\/title>\n<meta name=\"description\" content=\"Bogati\u0107 - The famous Ma\u010dvani - Information about the municipality of Bogati\u0107, history, sights, economic potential, famous Ma\u010dvani.\" \/>\n<meta name=\"robots\" content=\"index, follow, max-snippet:-1, max-image-preview:large, max-video-preview:-1\" \/>\n<link rel=\"canonical\" href=\"https:\/\/bogatic.rs\/upoznajte-bogatic\/znameniti-macvani\/\" \/>\n<meta property=\"og:locale\" content=\"en_US\" \/>\n<meta property=\"og:type\" content=\"article\" \/>\n<meta property=\"og:title\" content=\"The famous Ma\u010dvani - Bogati\u0107\" \/>\n<meta property=\"og:description\" content=\"Bogati\u0107 - The famous Ma\u010dvani - Information about the municipality of Bogati\u0107, history, sights, economic potential, famous Ma\u010dvani.\" \/>\n<meta property=\"og:url\" content=\"https:\/\/bogatic.rs\/upoznajte-bogatic\/znameniti-macvani\/\" \/>\n<meta property=\"og:site_name\" content=\"Bogati\u0107\" \/>\n<meta property=\"article:modified_time\" content=\"2023-02-27T14:56:52+00:00\" \/>\n<meta property=\"og:image\" content=\"https:\/\/bogatic.rs\/wp-content\/uploads\/2023\/01\/featured_image.jpg\" \/>\n\t<meta property=\"og:image:width\" content=\"1280\" \/>\n\t<meta property=\"og:image:height\" content=\"720\" \/>\n\t<meta property=\"og:image:type\" content=\"image\/jpeg\" \/>\n<meta name=\"twitter:card\" content=\"summary_large_image\" \/>\n<meta name=\"twitter:label1\" content=\"Est. reading time\" \/>\n\t<meta name=\"twitter:data1\" content=\"16 minutes\" \/>\n<script type=\"application\/ld+json\" class=\"yoast-schema-graph\">{\"@context\":\"https:\/\/schema.org\",\"@graph\":[{\"@type\":\"WebPage\",\"@id\":\"https:\/\/bogatic.rs\/upoznajte-bogatic\/znameniti-macvani\/\",\"url\":\"https:\/\/bogatic.rs\/upoznajte-bogatic\/znameniti-macvani\/\",\"name\":\"The famous Ma\u010dvani - Bogati\u0107\",\"isPartOf\":{\"@id\":\"https:\/\/bogatic.rs\/#website\"},\"primaryImageOfPage\":{\"@id\":\"https:\/\/bogatic.rs\/upoznajte-bogatic\/znameniti-macvani\/#primaryimage\"},\"image\":{\"@id\":\"https:\/\/bogatic.rs\/upoznajte-bogatic\/znameniti-macvani\/#primaryimage\"},\"thumbnailUrl\":\"https:\/\/bogatic.rs\/wp-content\/uploads\/2023\/01\/featured_image.jpg\",\"datePublished\":\"2023-02-01T08:02:34+00:00\",\"dateModified\":\"2023-02-27T14:56:52+00:00\",\"description\":\"Bogati\u0107 - The famous Ma\u010dvani - Information about the municipality of Bogati\u0107, history, sights, economic potential, famous Ma\u010dvani.\",\"breadcrumb\":{\"@id\":\"https:\/\/bogatic.rs\/upoznajte-bogatic\/znameniti-macvani\/#breadcrumb\"},\"inLanguage\":\"en-US\",\"potentialAction\":[{\"@type\":\"ReadAction\",\"target\":[\"https:\/\/bogatic.rs\/upoznajte-bogatic\/znameniti-macvani\/\"]}]},{\"@type\":\"ImageObject\",\"inLanguage\":\"en-US\",\"@id\":\"https:\/\/bogatic.rs\/upoznajte-bogatic\/znameniti-macvani\/#primaryimage\",\"url\":\"https:\/\/bogatic.rs\/wp-content\/uploads\/2023\/01\/featured_image.jpg\",\"contentUrl\":\"https:\/\/bogatic.rs\/wp-content\/uploads\/2023\/01\/featured_image.jpg\",\"width\":1280,\"height\":720,\"caption\":\"SONY DSC\"},{\"@type\":\"BreadcrumbList\",\"@id\":\"https:\/\/bogatic.rs\/upoznajte-bogatic\/znameniti-macvani\/#breadcrumb\",\"itemListElement\":[{\"@type\":\"ListItem\",\"position\":1,\"name\":\"Home\",\"item\":\"https:\/\/bogatic.rs\/\"},{\"@type\":\"ListItem\",\"position\":2,\"name\":\"Get to know Bogatic\",\"item\":\"https:\/\/bogatic.rs\/upoznajte-bogatic\/\"},{\"@type\":\"ListItem\",\"position\":3,\"name\":\"The famous Ma\u010dvani\"}]},{\"@type\":\"WebSite\",\"@id\":\"https:\/\/bogatic.rs\/#website\",\"url\":\"https:\/\/bogatic.rs\/\",\"name\":\"Bogati\u0107\",\"description\":\"Zvani\u010dni sajt Op\u0161tine Bogati\u0107\",\"publisher\":{\"@id\":\"https:\/\/bogatic.rs\/#organization\"},\"potentialAction\":[{\"@type\":\"SearchAction\",\"target\":{\"@type\":\"EntryPoint\",\"urlTemplate\":\"https:\/\/bogatic.rs\/?s={search_term_string}\"},\"query-input\":{\"@type\":\"PropertyValueSpecification\",\"valueRequired\":true,\"valueName\":\"search_term_string\"}}],\"inLanguage\":\"en-US\"},{\"@type\":\"Organization\",\"@id\":\"https:\/\/bogatic.rs\/#organization\",\"name\":\"Bogati\u0107\",\"url\":\"https:\/\/bogatic.rs\/\",\"logo\":{\"@type\":\"ImageObject\",\"inLanguage\":\"en-US\",\"@id\":\"https:\/\/bogatic.rs\/#\/schema\/logo\/image\/\",\"url\":\"https:\/\/bogatic.rs\/wp-content\/uploads\/2022\/12\/large-logo.png\",\"contentUrl\":\"https:\/\/bogatic.rs\/wp-content\/uploads\/2022\/12\/large-logo.png\",\"width\":700,\"height\":520,\"caption\":\"Bogati\u0107\"},\"image\":{\"@id\":\"https:\/\/bogatic.rs\/#\/schema\/logo\/image\/\"}}]}<\/script>\n<!-- \/ Yoast SEO plugin. -->","yoast_head_json":{"title":"The famous Ma\u010dvani - Bogati\u0107","description":"Bogati\u0107 - The famous Ma\u010dvani - Information about the municipality of Bogati\u0107, history, sights, economic potential, famous Ma\u010dvani.","robots":{"index":"index","follow":"follow","max-snippet":"max-snippet:-1","max-image-preview":"max-image-preview:large","max-video-preview":"max-video-preview:-1"},"canonical":"https:\/\/bogatic.rs\/upoznajte-bogatic\/znameniti-macvani\/","og_locale":"en_US","og_type":"article","og_title":"The famous Ma\u010dvani - Bogati\u0107","og_description":"Bogati\u0107 - The famous Ma\u010dvani - Information about the municipality of Bogati\u0107, history, sights, economic potential, famous Ma\u010dvani.","og_url":"https:\/\/bogatic.rs\/upoznajte-bogatic\/znameniti-macvani\/","og_site_name":"Bogati\u0107","article_modified_time":"2023-02-27T14:56:52+00:00","og_image":[{"width":1280,"height":720,"url":"https:\/\/bogatic.rs\/wp-content\/uploads\/2023\/01\/featured_image.jpg","type":"image\/jpeg"}],"twitter_card":"summary_large_image","twitter_misc":{"Est. reading time":"16 minutes"},"schema":{"@context":"https:\/\/schema.org","@graph":[{"@type":"WebPage","@id":"https:\/\/bogatic.rs\/upoznajte-bogatic\/znameniti-macvani\/","url":"https:\/\/bogatic.rs\/upoznajte-bogatic\/znameniti-macvani\/","name":"The famous Ma\u010dvani - Bogati\u0107","isPartOf":{"@id":"https:\/\/bogatic.rs\/#website"},"primaryImageOfPage":{"@id":"https:\/\/bogatic.rs\/upoznajte-bogatic\/znameniti-macvani\/#primaryimage"},"image":{"@id":"https:\/\/bogatic.rs\/upoznajte-bogatic\/znameniti-macvani\/#primaryimage"},"thumbnailUrl":"https:\/\/bogatic.rs\/wp-content\/uploads\/2023\/01\/featured_image.jpg","datePublished":"2023-02-01T08:02:34+00:00","dateModified":"2023-02-27T14:56:52+00:00","description":"Bogati\u0107 - The famous Ma\u010dvani - Information about the municipality of Bogati\u0107, history, sights, economic potential, famous Ma\u010dvani.","breadcrumb":{"@id":"https:\/\/bogatic.rs\/upoznajte-bogatic\/znameniti-macvani\/#breadcrumb"},"inLanguage":"en-US","potentialAction":[{"@type":"ReadAction","target":["https:\/\/bogatic.rs\/upoznajte-bogatic\/znameniti-macvani\/"]}]},{"@type":"ImageObject","inLanguage":"en-US","@id":"https:\/\/bogatic.rs\/upoznajte-bogatic\/znameniti-macvani\/#primaryimage","url":"https:\/\/bogatic.rs\/wp-content\/uploads\/2023\/01\/featured_image.jpg","contentUrl":"https:\/\/bogatic.rs\/wp-content\/uploads\/2023\/01\/featured_image.jpg","width":1280,"height":720,"caption":"SONY DSC"},{"@type":"BreadcrumbList","@id":"https:\/\/bogatic.rs\/upoznajte-bogatic\/znameniti-macvani\/#breadcrumb","itemListElement":[{"@type":"ListItem","position":1,"name":"Home","item":"https:\/\/bogatic.rs\/"},{"@type":"ListItem","position":2,"name":"Get to know Bogatic","item":"https:\/\/bogatic.rs\/upoznajte-bogatic\/"},{"@type":"ListItem","position":3,"name":"The famous Ma\u010dvani"}]},{"@type":"WebSite","@id":"https:\/\/bogatic.rs\/#website","url":"https:\/\/bogatic.rs\/","name":"Bogati\u0107","description":"Zvani\u010dni sajt Op\u0161tine Bogati\u0107","publisher":{"@id":"https:\/\/bogatic.rs\/#organization"},"potentialAction":[{"@type":"SearchAction","target":{"@type":"EntryPoint","urlTemplate":"https:\/\/bogatic.rs\/?s={search_term_string}"},"query-input":{"@type":"PropertyValueSpecification","valueRequired":true,"valueName":"search_term_string"}}],"inLanguage":"en-US"},{"@type":"Organization","@id":"https:\/\/bogatic.rs\/#organization","name":"Bogati\u0107","url":"https:\/\/bogatic.rs\/","logo":{"@type":"ImageObject","inLanguage":"en-US","@id":"https:\/\/bogatic.rs\/#\/schema\/logo\/image\/","url":"https:\/\/bogatic.rs\/wp-content\/uploads\/2022\/12\/large-logo.png","contentUrl":"https:\/\/bogatic.rs\/wp-content\/uploads\/2022\/12\/large-logo.png","width":700,"height":520,"caption":"Bogati\u0107"},"image":{"@id":"https:\/\/bogatic.rs\/#\/schema\/logo\/image\/"}}]}},"_links":{"self":[{"href":"https:\/\/bogatic.rs\/en\/wp-json\/wp\/v2\/pages\/13478","targetHints":{"allow":["GET"]}}],"collection":[{"href":"https:\/\/bogatic.rs\/en\/wp-json\/wp\/v2\/pages"}],"about":[{"href":"https:\/\/bogatic.rs\/en\/wp-json\/wp\/v2\/types\/page"}],"author":[{"embeddable":true,"href":"https:\/\/bogatic.rs\/en\/wp-json\/wp\/v2\/users\/8"}],"replies":[{"embeddable":true,"href":"https:\/\/bogatic.rs\/en\/wp-json\/wp\/v2\/comments?post=13478"}],"version-history":[{"count":0,"href":"https:\/\/bogatic.rs\/en\/wp-json\/wp\/v2\/pages\/13478\/revisions"}],"up":[{"embeddable":true,"href":"https:\/\/bogatic.rs\/en\/wp-json\/wp\/v2\/pages\/13022"}],"wp:featuredmedia":[{"embeddable":true,"href":"https:\/\/bogatic.rs\/en\/wp-json\/wp\/v2\/media\/12746"}],"wp:attachment":[{"href":"https:\/\/bogatic.rs\/en\/wp-json\/wp\/v2\/media?parent=13478"}],"curies":[{"name":"wp","href":"https:\/\/api.w.org\/{rel}","templated":true}]}}