{"id":13498,"date":"2023-02-01T10:13:35","date_gmt":"2023-02-01T10:13:35","guid":{"rendered":"https:\/\/harmonitydev.bogatic.rs\/meet-bogatic\/heritage\/"},"modified":"2023-02-27T14:57:39","modified_gmt":"2023-02-27T14:57:39","slug":"heritage","status":"publish","type":"page","link":"https:\/\/bogatic.rs\/en\/meet-bogatic\/heritage\/","title":{"rendered":"Heritage"},"content":{"rendered":"\t\t<div data-elementor-type=\"wp-page\" data-elementor-id=\"13498\" class=\"elementor elementor-13498\">\n\t\t\t\t<div class=\"elementor-element elementor-element-fde854d e-flex e-con-boxed e-con e-parent\" data-id=\"fde854d\" data-element_type=\"container\" data-e-type=\"container\">\n\t\t\t\t\t<div class=\"e-con-inner\">\n\t\t<div class=\"elementor-element elementor-element-bc3ce43 e-con-full e-flex e-con e-parent\" data-id=\"bc3ce43\" data-element_type=\"container\" data-e-type=\"container\">\n\t\t\t\t<div class=\"elementor-element elementor-element-0d48ec9 elementor-widget elementor-widget-shortcode\" data-id=\"0d48ec9\" data-element_type=\"widget\" data-e-type=\"widget\" data-widget_type=\"shortcode.default\">\n\t\t\t\t<div class=\"elementor-widget-container\">\n\t\t\t\t\t\t\t<div class=\"elementor-shortcode\">[bellows config_id=\"main\" menu=\"21\"]<\/div>\n\t\t\t\t\t\t<\/div>\n\t\t\t\t<\/div>\n\t\t\t\t<\/div>\n\t\t<div class=\"elementor-element elementor-element-2a4f893 e-con-full e-flex e-con e-parent\" data-id=\"2a4f893\" data-element_type=\"container\" data-e-type=\"container\">\n\t\t<div class=\"elementor-element elementor-element-a5266b0 e-con-full e-flex e-con e-parent\" data-id=\"a5266b0\" data-element_type=\"container\" data-e-type=\"container\">\n\t\t\t\t<div class=\"elementor-element elementor-element-19e1c72 elementor-view-default elementor-widget elementor-widget-icon\" data-id=\"19e1c72\" data-element_type=\"widget\" data-e-type=\"widget\" data-widget_type=\"icon.default\">\n\t\t\t\t<div class=\"elementor-widget-container\">\n\t\t\t\t\t\t\t<div class=\"elementor-icon-wrapper\">\n\t\t\t<div class=\"elementor-icon\">\n\t\t\t<i aria-hidden=\"true\" class=\"fab fa-old-republic\"><\/i>\t\t\t<\/div>\n\t\t<\/div>\n\t\t\t\t\t\t<\/div>\n\t\t\t\t<\/div>\n\t\t\t\t<div class=\"elementor-element elementor-element-a247e63 elementor-widget elementor-widget-heading\" data-id=\"a247e63\" data-element_type=\"widget\" data-e-type=\"widget\" data-widget_type=\"heading.default\">\n\t\t\t\t<div class=\"elementor-widget-container\">\n\t\t\t\t\t<h2 class=\"elementor-heading-title elementor-size-default\">Heritage<\/h2>\t\t\t\t<\/div>\n\t\t\t\t<\/div>\n\t\t\t\t<\/div>\n\t\t<div class=\"elementor-element elementor-element-a3f30c3 e-flex e-con-boxed e-con e-parent\" data-id=\"a3f30c3\" data-element_type=\"container\" data-e-type=\"container\">\n\t\t\t\t\t<div class=\"e-con-inner\">\n\t\t\t\t\t<\/div>\n\t\t\t\t<\/div>\n\t\t\t\t<\/div>\n\t\t\t\t\t<\/div>\n\t\t\t\t<\/div>\n\t\t\t\t<\/div>\n\t\t","protected":false},"excerpt":{"rendered":"<p>[bellows config_id=&#8221;main&#8221; menu=&#8221;21&#8243;] Heritage Church of the Blessed Virgin Mary in Bogatic The old church in Bogati\u0107 was first described in detail by Joakim Vuji\u0107 in 1826: &#8220;In this village there is a large new church made of wood.&#8221; The founder of this church is His Royal Highness Mr. Milo\u0161, with his brother Mr. Ephraim. [&hellip;]<\/p>\n","protected":false},"author":8,"featured_media":0,"parent":13022,"menu_order":0,"comment_status":"closed","ping_status":"closed","template":"","meta":{"footnotes":""},"class_list":["post-13498","page","type-page","status-publish","hentry"],"blocksy_meta":[],"yoast_head":"<!-- This site is optimized with the Yoast SEO plugin v27.1.1 - https:\/\/yoast.com\/product\/yoast-seo-wordpress\/ -->\n<title>Heritage - Bogati\u0107<\/title>\n<meta name=\"description\" content=\"Bogati\u0107 - Heritage - Information about the municipality of Bogati\u0107, history, sights, economic potential, famous Ma\u010dvani, heritage\" \/>\n<meta name=\"robots\" content=\"index, follow, max-snippet:-1, max-image-preview:large, max-video-preview:-1\" \/>\n<link rel=\"canonical\" href=\"https:\/\/bogatic.rs\/upoznajte-bogatic\/nasledje\/\" \/>\n<meta property=\"og:locale\" content=\"en_US\" \/>\n<meta property=\"og:type\" content=\"article\" \/>\n<meta property=\"og:title\" content=\"Heritage - Bogati\u0107\" \/>\n<meta property=\"og:description\" content=\"Bogati\u0107 - Heritage - Information about the municipality of Bogati\u0107, history, sights, economic potential, famous Ma\u010dvani, heritage\" \/>\n<meta property=\"og:url\" content=\"https:\/\/bogatic.rs\/upoznajte-bogatic\/nasledje\/\" \/>\n<meta property=\"og:site_name\" content=\"Bogati\u0107\" \/>\n<meta property=\"article:modified_time\" content=\"2023-02-27T14:57:39+00:00\" \/>\n<meta property=\"og:image\" content=\"https:\/\/bogatic.rs\/wp-content\/uploads\/2023\/01\/crkva1-225x300.jpg\" \/>\n<meta name=\"twitter:card\" content=\"summary_large_image\" \/>\n<meta name=\"twitter:label1\" content=\"Est. reading time\" \/>\n\t<meta name=\"twitter:data1\" content=\"5 minutes\" \/>\n<script type=\"application\/ld+json\" class=\"yoast-schema-graph\">{\"@context\":\"https:\/\/schema.org\",\"@graph\":[{\"@type\":\"WebPage\",\"@id\":\"https:\/\/bogatic.rs\/upoznajte-bogatic\/nasledje\/\",\"url\":\"https:\/\/bogatic.rs\/upoznajte-bogatic\/nasledje\/\",\"name\":\"Heritage - Bogati\u0107\",\"isPartOf\":{\"@id\":\"https:\/\/bogatic.rs\/#website\"},\"primaryImageOfPage\":{\"@id\":\"https:\/\/bogatic.rs\/upoznajte-bogatic\/nasledje\/#primaryimage\"},\"image\":{\"@id\":\"https:\/\/bogatic.rs\/upoznajte-bogatic\/nasledje\/#primaryimage\"},\"thumbnailUrl\":\"https:\/\/bogatic.rs\/wp-content\/uploads\/2023\/01\/crkva1-225x300.jpg\",\"datePublished\":\"2023-02-01T10:13:35+00:00\",\"dateModified\":\"2023-02-27T14:57:39+00:00\",\"description\":\"Bogati\u0107 - Heritage - Information about the municipality of Bogati\u0107, history, sights, economic potential, famous Ma\u010dvani, heritage\",\"breadcrumb\":{\"@id\":\"https:\/\/bogatic.rs\/upoznajte-bogatic\/nasledje\/#breadcrumb\"},\"inLanguage\":\"en-US\",\"potentialAction\":[{\"@type\":\"ReadAction\",\"target\":[\"https:\/\/bogatic.rs\/upoznajte-bogatic\/nasledje\/\"]}]},{\"@type\":\"ImageObject\",\"inLanguage\":\"en-US\",\"@id\":\"https:\/\/bogatic.rs\/upoznajte-bogatic\/nasledje\/#primaryimage\",\"url\":\"https:\/\/bogatic.rs\/wp-content\/uploads\/2023\/01\/crkva1-225x300.jpg\",\"contentUrl\":\"https:\/\/bogatic.rs\/wp-content\/uploads\/2023\/01\/crkva1-225x300.jpg\"},{\"@type\":\"BreadcrumbList\",\"@id\":\"https:\/\/bogatic.rs\/upoznajte-bogatic\/nasledje\/#breadcrumb\",\"itemListElement\":[{\"@type\":\"ListItem\",\"position\":1,\"name\":\"Home\",\"item\":\"https:\/\/bogatic.rs\/\"},{\"@type\":\"ListItem\",\"position\":2,\"name\":\"Get to know Bogatic\",\"item\":\"https:\/\/bogatic.rs\/upoznajte-bogatic\/\"},{\"@type\":\"ListItem\",\"position\":3,\"name\":\"Heritage\"}]},{\"@type\":\"WebSite\",\"@id\":\"https:\/\/bogatic.rs\/#website\",\"url\":\"https:\/\/bogatic.rs\/\",\"name\":\"Bogati\u0107\",\"description\":\"Zvani\u010dni sajt Op\u0161tine Bogati\u0107\",\"publisher\":{\"@id\":\"https:\/\/bogatic.rs\/#organization\"},\"potentialAction\":[{\"@type\":\"SearchAction\",\"target\":{\"@type\":\"EntryPoint\",\"urlTemplate\":\"https:\/\/bogatic.rs\/?s={search_term_string}\"},\"query-input\":{\"@type\":\"PropertyValueSpecification\",\"valueRequired\":true,\"valueName\":\"search_term_string\"}}],\"inLanguage\":\"en-US\"},{\"@type\":\"Organization\",\"@id\":\"https:\/\/bogatic.rs\/#organization\",\"name\":\"Bogati\u0107\",\"url\":\"https:\/\/bogatic.rs\/\",\"logo\":{\"@type\":\"ImageObject\",\"inLanguage\":\"en-US\",\"@id\":\"https:\/\/bogatic.rs\/#\/schema\/logo\/image\/\",\"url\":\"https:\/\/bogatic.rs\/wp-content\/uploads\/2022\/12\/large-logo.png\",\"contentUrl\":\"https:\/\/bogatic.rs\/wp-content\/uploads\/2022\/12\/large-logo.png\",\"width\":700,\"height\":520,\"caption\":\"Bogati\u0107\"},\"image\":{\"@id\":\"https:\/\/bogatic.rs\/#\/schema\/logo\/image\/\"}}]}<\/script>\n<!-- \/ Yoast SEO plugin. -->","yoast_head_json":{"title":"Heritage - Bogati\u0107","description":"Bogati\u0107 - Heritage - Information about the municipality of Bogati\u0107, history, sights, economic potential, famous Ma\u010dvani, heritage","robots":{"index":"index","follow":"follow","max-snippet":"max-snippet:-1","max-image-preview":"max-image-preview:large","max-video-preview":"max-video-preview:-1"},"canonical":"https:\/\/bogatic.rs\/upoznajte-bogatic\/nasledje\/","og_locale":"en_US","og_type":"article","og_title":"Heritage - Bogati\u0107","og_description":"Bogati\u0107 - Heritage - Information about the municipality of Bogati\u0107, history, sights, economic potential, famous Ma\u010dvani, heritage","og_url":"https:\/\/bogatic.rs\/upoznajte-bogatic\/nasledje\/","og_site_name":"Bogati\u0107","article_modified_time":"2023-02-27T14:57:39+00:00","og_image":[{"url":"https:\/\/bogatic.rs\/wp-content\/uploads\/2023\/01\/crkva1-225x300.jpg","type":"","width":"","height":""}],"twitter_card":"summary_large_image","twitter_misc":{"Est. reading time":"5 minutes"},"schema":{"@context":"https:\/\/schema.org","@graph":[{"@type":"WebPage","@id":"https:\/\/bogatic.rs\/upoznajte-bogatic\/nasledje\/","url":"https:\/\/bogatic.rs\/upoznajte-bogatic\/nasledje\/","name":"Heritage - Bogati\u0107","isPartOf":{"@id":"https:\/\/bogatic.rs\/#website"},"primaryImageOfPage":{"@id":"https:\/\/bogatic.rs\/upoznajte-bogatic\/nasledje\/#primaryimage"},"image":{"@id":"https:\/\/bogatic.rs\/upoznajte-bogatic\/nasledje\/#primaryimage"},"thumbnailUrl":"https:\/\/bogatic.rs\/wp-content\/uploads\/2023\/01\/crkva1-225x300.jpg","datePublished":"2023-02-01T10:13:35+00:00","dateModified":"2023-02-27T14:57:39+00:00","description":"Bogati\u0107 - Heritage - Information about the municipality of Bogati\u0107, history, sights, economic potential, famous Ma\u010dvani, heritage","breadcrumb":{"@id":"https:\/\/bogatic.rs\/upoznajte-bogatic\/nasledje\/#breadcrumb"},"inLanguage":"en-US","potentialAction":[{"@type":"ReadAction","target":["https:\/\/bogatic.rs\/upoznajte-bogatic\/nasledje\/"]}]},{"@type":"ImageObject","inLanguage":"en-US","@id":"https:\/\/bogatic.rs\/upoznajte-bogatic\/nasledje\/#primaryimage","url":"https:\/\/bogatic.rs\/wp-content\/uploads\/2023\/01\/crkva1-225x300.jpg","contentUrl":"https:\/\/bogatic.rs\/wp-content\/uploads\/2023\/01\/crkva1-225x300.jpg"},{"@type":"BreadcrumbList","@id":"https:\/\/bogatic.rs\/upoznajte-bogatic\/nasledje\/#breadcrumb","itemListElement":[{"@type":"ListItem","position":1,"name":"Home","item":"https:\/\/bogatic.rs\/"},{"@type":"ListItem","position":2,"name":"Get to know Bogatic","item":"https:\/\/bogatic.rs\/upoznajte-bogatic\/"},{"@type":"ListItem","position":3,"name":"Heritage"}]},{"@type":"WebSite","@id":"https:\/\/bogatic.rs\/#website","url":"https:\/\/bogatic.rs\/","name":"Bogati\u0107","description":"Zvani\u010dni sajt Op\u0161tine Bogati\u0107","publisher":{"@id":"https:\/\/bogatic.rs\/#organization"},"potentialAction":[{"@type":"SearchAction","target":{"@type":"EntryPoint","urlTemplate":"https:\/\/bogatic.rs\/?s={search_term_string}"},"query-input":{"@type":"PropertyValueSpecification","valueRequired":true,"valueName":"search_term_string"}}],"inLanguage":"en-US"},{"@type":"Organization","@id":"https:\/\/bogatic.rs\/#organization","name":"Bogati\u0107","url":"https:\/\/bogatic.rs\/","logo":{"@type":"ImageObject","inLanguage":"en-US","@id":"https:\/\/bogatic.rs\/#\/schema\/logo\/image\/","url":"https:\/\/bogatic.rs\/wp-content\/uploads\/2022\/12\/large-logo.png","contentUrl":"https:\/\/bogatic.rs\/wp-content\/uploads\/2022\/12\/large-logo.png","width":700,"height":520,"caption":"Bogati\u0107"},"image":{"@id":"https:\/\/bogatic.rs\/#\/schema\/logo\/image\/"}}]}},"_links":{"self":[{"href":"https:\/\/bogatic.rs\/en\/wp-json\/wp\/v2\/pages\/13498","targetHints":{"allow":["GET"]}}],"collection":[{"href":"https:\/\/bogatic.rs\/en\/wp-json\/wp\/v2\/pages"}],"about":[{"href":"https:\/\/bogatic.rs\/en\/wp-json\/wp\/v2\/types\/page"}],"author":[{"embeddable":true,"href":"https:\/\/bogatic.rs\/en\/wp-json\/wp\/v2\/users\/8"}],"replies":[{"embeddable":true,"href":"https:\/\/bogatic.rs\/en\/wp-json\/wp\/v2\/comments?post=13498"}],"version-history":[{"count":0,"href":"https:\/\/bogatic.rs\/en\/wp-json\/wp\/v2\/pages\/13498\/revisions"}],"up":[{"embeddable":true,"href":"https:\/\/bogatic.rs\/en\/wp-json\/wp\/v2\/pages\/13022"}],"wp:attachment":[{"href":"https:\/\/bogatic.rs\/en\/wp-json\/wp\/v2\/media?parent=13498"}],"curies":[{"name":"wp","href":"https:\/\/api.w.org\/{rel}","templated":true}]}}